{"id":9269,"date":"2025-01-14T10:06:40","date_gmt":"2025-01-14T15:06:40","guid":{"rendered":"https:\/\/mitocanada.org\/2022-mitoscholars-nelson-currie\/"},"modified":"2025-05-19T11:23:35","modified_gmt":"2025-05-19T15:23:35","slug":"2022-mitoscholars-nelson-currie","status":"publish","type":"page","link":"https:\/\/mitocanada.org\/fr\/2022-mitoscholars-nelson-currie\/","title":{"rendered":"2022 mitoScholars : Nelson Currie"},"content":{"rendered":"<div class=\"fusion-fullwidth fullwidth-box fusion-builder-row-1 fusion-flex-container nonhundred-percent-fullwidth non-hundred-percent-height-scrolling\" style=\"--awb-border-radius-top-left:0px;--awb-border-radius-top-right:0px;--awb-border-radius-bottom-right:0px;--awb-border-radius-bottom-left:0px;--awb-flex-wrap:wrap;\" ><div class=\"fusion-builder-row fusion-row fusion-flex-align-items-flex-start fusion-flex-content-wrap\" style=\"max-width:1456px;margin-left: calc(-4% \/ 2 );margin-right: calc(-4% \/ 2 );\"><div class=\"fusion-layout-column fusion_builder_column fusion-builder-column-0 fusion_builder_column_1_1 1_1 fusion-flex-column\" style=\"--awb-bg-size:cover;--awb-width-large:100%;--awb-margin-top-large:0px;--awb-spacing-right-large:1.92%;--awb-margin-bottom-large:0px;--awb-spacing-left-large:1.92%;--awb-width-medium:100%;--awb-spacing-right-medium:1.92%;--awb-spacing-left-medium:1.92%;--awb-width-small:100%;--awb-spacing-right-small:1.92%;--awb-spacing-left-small:1.92%;\"><div class=\"fusion-column-wrapper fusion-flex-justify-content-flex-start fusion-content-layout-column\"><div class=\"fusion-text fusion-text-1\"><h1><\/h1>\n<h3 style=\"color: #7ac141;\"><b>2022 MitoScholars\/+ Donner aux jeunes vivant avec une maladie mitochondriale ou aux membres de leur famille vivant avec une telle maladie les moyens de se concentrer sur leur avenir.<\/b><\/h3>\n<p><em><img decoding=\"async\" class=\"alignright wp-image-9249\" src=\"https:\/\/mitocanada.org\/wp-content\/uploads\/2025\/01\/2022-mitoScholars-Nelson-Currie-e1737476443139.png\" alt=\"Portrait de Nelson dans un cadre circulaire rose  \" width=\"253\" height=\"252\" srcset=\"https:\/\/mitocanada.org\/wp-content\/uploads\/2025\/01\/2022-mitoScholars-Nelson-Currie-e1737476443139-66x66.png 66w, https:\/\/mitocanada.org\/wp-content\/uploads\/2025\/01\/2022-mitoScholars-Nelson-Currie-e1737476443139-150x150.png 150w, https:\/\/mitocanada.org\/wp-content\/uploads\/2025\/01\/2022-mitoScholars-Nelson-Currie-e1737476443139-200x200.png 200w, https:\/\/mitocanada.org\/wp-content\/uploads\/2025\/01\/2022-mitoScholars-Nelson-Currie-e1737476443139-300x300.png 300w, https:\/\/mitocanada.org\/wp-content\/uploads\/2025\/01\/2022-mitoScholars-Nelson-Currie-e1737476443139-400x399.png 400w, https:\/\/mitocanada.org\/wp-content\/uploads\/2025\/01\/2022-mitoScholars-Nelson-Currie-e1737476443139-600x599.png 600w, https:\/\/mitocanada.org\/wp-content\/uploads\/2025\/01\/2022-mitoScholars-Nelson-Currie-e1737476443139-768x766.png 768w, https:\/\/mitocanada.org\/wp-content\/uploads\/2025\/01\/2022-mitoScholars-Nelson-Currie-e1737476443139-800x798.png 800w, https:\/\/mitocanada.org\/wp-content\/uploads\/2025\/01\/2022-mitoScholars-Nelson-Currie-e1737476443139.png 947w\" sizes=\"(max-width: 253px) 100vw, 253px\" \/>Nelson Currie | Victoria, B.C. | Biologie-Psychologie (premi\u00e8re ann\u00e9e), Universit\u00e9 de Victoria<\/em><\/p>\n<p>Nelson Currie, un jeune homme dont l&rsquo;un des parents est atteint d&rsquo;enc\u00e9phalopathie neurogastro-intestinale mitochondriale (MNGIE), une maladie mitochondriale rare \u00e0 transmission autosomique r\u00e9cessive. Nelson vient de terminer ses \u00e9tudes secondaires. <\/p>\n<p>Il aime le sport, la chorale et les activit\u00e9s de plein air. Il pr\u00e9pare un dipl\u00f4me de premier cycle en biologie et en psychologie. \u00ab\u00a0Je suis int\u00e9ress\u00e9 par la m\u00e9decine, \u00e9ventuellement en milieu rural, bien que je sois encore en train d&rsquo;apprendre o\u00f9 je pourrais le mieux utiliser mes int\u00e9r\u00eats et mes talents\u00a0\u00bb, dit-il.  <\/p>\n<p>MitoCanada est ravie de soutenir Nelson dans ses \u00e9tudes. \u00ab\u00a0J&rsquo;appr\u00e9cie votre soutien et la confiance que vous m&rsquo;accordez alors que j&rsquo;entame mon parcours postsecondaire\u00a0\u00bb, d\u00e9clare Nelson. \u00ab\u00a0C&rsquo;est aussi un t\u00e9moignage de soutien \u00e0 ma famille, en particulier \u00e0 ma m\u00e8re, qui doit relever les d\u00e9fis quotidiens que pose une maladie mitochondriale rare. Je suis tr\u00e8s enthousiaste \u00e0 l&rsquo;id\u00e9e de poursuivre mes \u00e9tudes au cours de l&rsquo;ann\u00e9e \u00e0 venir. <\/p>\n<blockquote>\n<p>\u00ab\u00a0Peut-\u00eatre que, d&rsquo;une mani\u00e8re ou d&rsquo;une autre, j&rsquo;aurai l&rsquo;occasion de contribuer \u00e0 l&rsquo;ensemble des connaissances sur les maladies g\u00e9n\u00e9tiques\u00a0\u00bb.<\/p>\n<\/blockquote>\n<\/div><\/div><\/div><\/div><\/div>\n","protected":false},"excerpt":{"rendered":"","protected":false},"author":2,"featured_media":0,"parent":0,"menu_order":51,"comment_status":"closed","ping_status":"closed","template":"","meta":{"om_disable_all_campaigns":false,"_monsterinsights_skip_tracking":false,"_monsterinsights_sitenote_active":false,"_monsterinsights_sitenote_note":"","_monsterinsights_sitenote_category":0,"_uf_show_specific_survey":0,"_uf_disable_surveys":false,"footnotes":""},"class_list":["post-9269","page","type-page","status-publish","hentry"],"aioseo_notices":[],"_links":{"self":[{"href":"https:\/\/mitocanada.org\/fr\/wp-json\/wp\/v2\/pages\/9269","targetHints":{"allow":["GET"]}}],"collection":[{"href":"https:\/\/mitocanada.org\/fr\/wp-json\/wp\/v2\/pages"}],"about":[{"href":"https:\/\/mitocanada.org\/fr\/wp-json\/wp\/v2\/types\/page"}],"author":[{"embeddable":true,"href":"https:\/\/mitocanada.org\/fr\/wp-json\/wp\/v2\/users\/2"}],"replies":[{"embeddable":true,"href":"https:\/\/mitocanada.org\/fr\/wp-json\/wp\/v2\/comments?post=9269"}],"version-history":[{"count":4,"href":"https:\/\/mitocanada.org\/fr\/wp-json\/wp\/v2\/pages\/9269\/revisions"}],"predecessor-version":[{"id":11223,"href":"https:\/\/mitocanada.org\/fr\/wp-json\/wp\/v2\/pages\/9269\/revisions\/11223"}],"wp:attachment":[{"href":"https:\/\/mitocanada.org\/fr\/wp-json\/wp\/v2\/media?parent=9269"}],"curies":[{"name":"wp","href":"https:\/\/api.w.org\/{rel}","templated":true}]}}