{"id":9265,"date":"2025-01-14T10:05:43","date_gmt":"2025-01-14T15:05:43","guid":{"rendered":"https:\/\/mitocanada.org\/2022-mitoscholars-mathusa-inthirarasa\/"},"modified":"2025-05-19T11:21:11","modified_gmt":"2025-05-19T15:21:11","slug":"2022-mitoscholars-mathusa-inthirarasa","status":"publish","type":"page","link":"https:\/\/mitocanada.org\/fr\/2022-mitoscholars-mathusa-inthirarasa\/","title":{"rendered":"2022 mitoScholars : Mathusa Inthirarasa"},"content":{"rendered":"<div class=\"fusion-fullwidth fullwidth-box fusion-builder-row-1 fusion-flex-container nonhundred-percent-fullwidth non-hundred-percent-height-scrolling\" style=\"--awb-border-radius-top-left:0px;--awb-border-radius-top-right:0px;--awb-border-radius-bottom-right:0px;--awb-border-radius-bottom-left:0px;--awb-flex-wrap:wrap;\" ><div class=\"fusion-builder-row fusion-row fusion-flex-align-items-flex-start fusion-flex-content-wrap\" style=\"max-width:1456px;margin-left: calc(-4% \/ 2 );margin-right: calc(-4% \/ 2 );\"><div class=\"fusion-layout-column fusion_builder_column fusion-builder-column-0 fusion_builder_column_1_1 1_1 fusion-flex-column\" style=\"--awb-bg-size:cover;--awb-width-large:100%;--awb-margin-top-large:0px;--awb-spacing-right-large:1.92%;--awb-margin-bottom-large:0px;--awb-spacing-left-large:1.92%;--awb-width-medium:100%;--awb-spacing-right-medium:1.92%;--awb-spacing-left-medium:1.92%;--awb-width-small:100%;--awb-spacing-right-small:1.92%;--awb-spacing-left-small:1.92%;\"><div class=\"fusion-column-wrapper fusion-flex-justify-content-flex-start fusion-content-layout-column\"><div class=\"fusion-text fusion-text-1\"><h1><\/h1>\n<h3 style=\"color: #7ac141;\"><b>2022 MitoScholars\/+ Donner aux jeunes vivant avec une maladie mitochondriale ou aux membres de leur famille vivant avec une telle maladie les moyens de se concentrer sur leur avenir.<\/b><\/h3>\n<p><em><img decoding=\"async\" class=\"alignright wp-image-9247\" src=\"https:\/\/mitocanada.org\/wp-content\/uploads\/2025\/01\/2022-mitoScholars-Mathusa-Inthirarasa-e1737476362684.png\" alt=\"T\u00eate de Mathusa dans un cadre bleu circulaire\" width=\"255\" height=\"255\" srcset=\"https:\/\/mitocanada.org\/wp-content\/uploads\/2025\/01\/2022-mitoScholars-Mathusa-Inthirarasa-e1737476362684-66x66.png 66w, https:\/\/mitocanada.org\/wp-content\/uploads\/2025\/01\/2022-mitoScholars-Mathusa-Inthirarasa-e1737476362684-150x150.png 150w, https:\/\/mitocanada.org\/wp-content\/uploads\/2025\/01\/2022-mitoScholars-Mathusa-Inthirarasa-e1737476362684-200x200.png 200w, https:\/\/mitocanada.org\/wp-content\/uploads\/2025\/01\/2022-mitoScholars-Mathusa-Inthirarasa-e1737476362684-300x300.png 300w, https:\/\/mitocanada.org\/wp-content\/uploads\/2025\/01\/2022-mitoScholars-Mathusa-Inthirarasa-e1737476362684-400x400.png 400w, https:\/\/mitocanada.org\/wp-content\/uploads\/2025\/01\/2022-mitoScholars-Mathusa-Inthirarasa-e1737476362684-600x600.png 600w, https:\/\/mitocanada.org\/wp-content\/uploads\/2025\/01\/2022-mitoScholars-Mathusa-Inthirarasa-e1737476362684-768x768.png 768w, https:\/\/mitocanada.org\/wp-content\/uploads\/2025\/01\/2022-mitoScholars-Mathusa-Inthirarasa-e1737476362684-800x800.png 800w, https:\/\/mitocanada.org\/wp-content\/uploads\/2025\/01\/2022-mitoScholars-Mathusa-Inthirarasa-e1737476362684.png 940w\" sizes=\"(max-width: 255px) 100vw, 255px\" \/>Mathusa Inthirarasa | Scarborough, ON | Travail social (premi\u00e8re ann\u00e9e), Toronto Metropolitan University (anciennement Ryerson University)<\/em><\/p>\n<p>Mathusa Inthirarasa, une jeune femme atteinte d&rsquo;une d\u00e9ficience du complexe mitochondrial III. Mathusa a r\u00e9cemment obtenu un dipl\u00f4me d&rsquo;assistante sociale et poursuit actuellement ses \u00e9tudes en vue d&rsquo;obtenir une licence en travail social, apr\u00e8s quoi elle esp\u00e8re obtenir une ma\u00eetrise en travail social. <\/p>\n<blockquote>\n<p>\u00ab\u00a0En ce qui concerne mon ambition professionnelle, j&rsquo;aimerais vraiment travailler avec des patients dans un h\u00f4pital en devenant assistante sociale clinique\u00a0\u00bb, d\u00e9clare Mathusa. \u00ab\u00a0J&rsquo;imagine que ma carri\u00e8re consistera un jour \u00e0 apporter un soutien en mati\u00e8re de sant\u00e9 mentale aux communaut\u00e9s marginalis\u00e9es et mal desservies. <\/p>\n<\/blockquote>\n<p>MitoCanada est ravi de soutenir Mathusa dans ses objectifs \u00e9ducatifs. \u00ab\u00a0Je tiens \u00e0 vous exprimer ma sinc\u00e8re gratitude pour avoir rendu possible l&rsquo;attribution de la bourse d&rsquo;\u00e9tudes MitoScholars\u00a0\u00bb, d\u00e9clare Mme Mathusa. \u00ab\u00a0J&rsquo;ai \u00e9t\u00e9 tr\u00e8s heureuse et reconnaissante d&rsquo;apprendre que j&rsquo;avais \u00e9t\u00e9 choisie comme r\u00e9cipiendaire de cette bourse. L&rsquo;aide financi\u00e8re que vous m&rsquo;avez apport\u00e9e me sera d&rsquo;un grand secours pour payer mes frais d&rsquo;\u00e9tudes. J&rsquo;esp\u00e8re qu&rsquo;un jour je pourrai aider les \u00e9tudiants \u00e0 atteindre leurs objectifs comme vous m&rsquo;avez aid\u00e9e. Merci encore pour votre g\u00e9n\u00e9rosit\u00e9 et votre soutien.\u00a0\u00bb<\/p>\n<\/div><\/div><\/div><\/div><\/div>\n","protected":false},"excerpt":{"rendered":"","protected":false},"author":2,"featured_media":0,"parent":0,"menu_order":51,"comment_status":"closed","ping_status":"closed","template":"","meta":{"om_disable_all_campaigns":false,"_monsterinsights_skip_tracking":false,"_monsterinsights_sitenote_active":false,"_monsterinsights_sitenote_note":"","_monsterinsights_sitenote_category":0,"_uf_show_specific_survey":0,"_uf_disable_surveys":false,"footnotes":""},"class_list":["post-9265","page","type-page","status-publish","hentry"],"aioseo_notices":[],"_links":{"self":[{"href":"https:\/\/mitocanada.org\/fr\/wp-json\/wp\/v2\/pages\/9265","targetHints":{"allow":["GET"]}}],"collection":[{"href":"https:\/\/mitocanada.org\/fr\/wp-json\/wp\/v2\/pages"}],"about":[{"href":"https:\/\/mitocanada.org\/fr\/wp-json\/wp\/v2\/types\/page"}],"author":[{"embeddable":true,"href":"https:\/\/mitocanada.org\/fr\/wp-json\/wp\/v2\/users\/2"}],"replies":[{"embeddable":true,"href":"https:\/\/mitocanada.org\/fr\/wp-json\/wp\/v2\/comments?post=9265"}],"version-history":[{"count":4,"href":"https:\/\/mitocanada.org\/fr\/wp-json\/wp\/v2\/pages\/9265\/revisions"}],"predecessor-version":[{"id":11220,"href":"https:\/\/mitocanada.org\/fr\/wp-json\/wp\/v2\/pages\/9265\/revisions\/11220"}],"wp:attachment":[{"href":"https:\/\/mitocanada.org\/fr\/wp-json\/wp\/v2\/media?parent=9265"}],"curies":[{"name":"wp","href":"https:\/\/api.w.org\/{rel}","templated":true}]}}