{"id":9261,"date":"2025-01-14T10:04:38","date_gmt":"2025-01-14T15:04:38","guid":{"rendered":"https:\/\/mitocanada.org\/2022-mitoscholars-jodi-young\/"},"modified":"2025-05-19T11:15:56","modified_gmt":"2025-05-19T15:15:56","slug":"2022-mitoscholars-jodi-young","status":"publish","type":"page","link":"https:\/\/mitocanada.org\/fr\/2022-mitoscholars-jodi-young\/","title":{"rendered":"2022 mitoScholars : Jodi Young"},"content":{"rendered":"<div class=\"fusion-fullwidth fullwidth-box fusion-builder-row-1 fusion-flex-container nonhundred-percent-fullwidth non-hundred-percent-height-scrolling\" style=\"--awb-border-radius-top-left:0px;--awb-border-radius-top-right:0px;--awb-border-radius-bottom-right:0px;--awb-border-radius-bottom-left:0px;--awb-flex-wrap:wrap;\" ><div class=\"fusion-builder-row fusion-row fusion-flex-align-items-flex-start fusion-flex-content-wrap\" style=\"max-width:1456px;margin-left: calc(-4% \/ 2 );margin-right: calc(-4% \/ 2 );\"><div class=\"fusion-layout-column fusion_builder_column fusion-builder-column-0 fusion_builder_column_1_1 1_1 fusion-flex-column\" style=\"--awb-bg-size:cover;--awb-width-large:100%;--awb-margin-top-large:0px;--awb-spacing-right-large:1.92%;--awb-margin-bottom-large:0px;--awb-spacing-left-large:1.92%;--awb-width-medium:100%;--awb-spacing-right-medium:1.92%;--awb-spacing-left-medium:1.92%;--awb-width-small:100%;--awb-spacing-right-small:1.92%;--awb-spacing-left-small:1.92%;\"><div class=\"fusion-column-wrapper fusion-flex-justify-content-flex-start fusion-content-layout-column\"><div class=\"fusion-text fusion-text-1\"><h1><\/h1>\n<h3 style=\"color: #7ac141;\"><b>2022 MitoScholars\/+ Donner aux jeunes vivant avec une maladie mitochondriale ou aux membres de leur famille vivant avec une telle maladie les moyens de se concentrer sur leur avenir.<\/b><\/h3>\n<p><em><img decoding=\"async\" class=\"alignright wp-image-9245\" src=\"https:\/\/mitocanada.org\/wp-content\/uploads\/2025\/01\/2022-mitoScholars-Jodi-Young-e1737476284232.png\" alt=\"Photo de Jodi dans un cadre bleu circulaire\" width=\"258\" height=\"259\" srcset=\"https:\/\/mitocanada.org\/wp-content\/uploads\/2025\/01\/2022-mitoScholars-Jodi-Young-e1737476284232-66x66.png 66w, https:\/\/mitocanada.org\/wp-content\/uploads\/2025\/01\/2022-mitoScholars-Jodi-Young-e1737476284232-150x150.png 150w, https:\/\/mitocanada.org\/wp-content\/uploads\/2025\/01\/2022-mitoScholars-Jodi-Young-e1737476284232-200x201.png 200w, https:\/\/mitocanada.org\/wp-content\/uploads\/2025\/01\/2022-mitoScholars-Jodi-Young-e1737476284232-300x300.png 300w, https:\/\/mitocanada.org\/wp-content\/uploads\/2025\/01\/2022-mitoScholars-Jodi-Young-e1737476284232-400x402.png 400w, https:\/\/mitocanada.org\/wp-content\/uploads\/2025\/01\/2022-mitoScholars-Jodi-Young-e1737476284232-600x603.png 600w, https:\/\/mitocanada.org\/wp-content\/uploads\/2025\/01\/2022-mitoScholars-Jodi-Young-e1737476284232-768x771.png 768w, https:\/\/mitocanada.org\/wp-content\/uploads\/2025\/01\/2022-mitoScholars-Jodi-Young-e1737476284232-800x803.png 800w, https:\/\/mitocanada.org\/wp-content\/uploads\/2025\/01\/2022-mitoScholars-Jodi-Young-e1737476284232.png 936w\" sizes=\"(max-width: 258px) 100vw, 258px\" \/>Jodi Young | Corner Brook, Newfoundland | Masters Boreal Ecosystem &amp; Agricultural Sciences (deuxi\u00e8me ann\u00e9e), Memorial University<\/em><\/p>\n<p>Jodi Young, une jeune femme qui, comme sa s\u0153ur et sa m\u00e8re, est atteinte de MELAS (enc\u00e9phalopathie mitochondriale, acidose lactique et accidents vasculaires c\u00e9r\u00e9braux), une maladie mitochondriale rare qui affecte principalement le syst\u00e8me nerveux et les muscles.<\/p>\n<p>MELAS a rapidement appris \u00e0 Jodi que l&rsquo;avenir n&rsquo;est jamais promis, et elle a donc commenc\u00e9 \u00e0 se lancer dans ce qu&rsquo;elle aime, quoi qu&rsquo;en pensent les gens. C&rsquo;est ainsi qu&rsquo;elle a obtenu une licence en sciences (elle est sortie major de sa promotion en 2021) et qu&rsquo;elle est actuellement en train de terminer un master en \u00e9cosyst\u00e8mes bor\u00e9aux et sciences agricoles. <\/p>\n<blockquote>\n<p>\u00ab\u00a0Apr\u00e8s avoir obtenu ma ma\u00eetrise, j&rsquo;esp\u00e8re pouvoir passer un doctorat en entomologie (l&rsquo;\u00e9tude des insectes)\u00a0\u00bb, explique Jodi. \u00ab\u00a0On m&rsquo;a souvent dit que ma passion pour les insectes \u00e9tait \u00e9trange ou d\u00e9go\u00fbtante, mais c&rsquo;est quelque chose que j&rsquo;aime vraiment apprendre, alors je balaie rapidement ces commentaires. Mes objectifs personnels et acad\u00e9miques vont de pair : je veux pousser les gens \u00e0 s&rsquo;int\u00e9resser \u00e0 des choses bizarres et inhabituelles qu&rsquo;ils n&rsquo;osent peut-\u00eatre pas aborder.  <\/p>\n<\/blockquote>\n<p>MitoCanada est ravi de soutenir Jodi dans ses \u00e9tudes. \u00ab\u00a0Je ne peux m\u00eame pas vous dire \u00e0 quel point je suis honor\u00e9e d&rsquo;avoir \u00e9t\u00e9 choisie comme r\u00e9cipiendaire de votre bourse d&rsquo;\u00e9tudes 2022\u00a0\u00bb, dit Jodi. \u00ab\u00a0L&rsquo;\u00e9ducation est une chose qui me passionne et gr\u00e2ce \u00e0 vous, je peux terminer ma ma\u00eetrise sans fardeau financier suppl\u00e9mentaire. Je tiens \u00e0 remercier chacun d&rsquo;entre vous pour ce qu&rsquo;il fait. Vous faites vraiment la diff\u00e9rence dans la vie des gens.<\/p>\n<\/div><\/div><\/div><\/div><\/div>\n","protected":false},"excerpt":{"rendered":"","protected":false},"author":2,"featured_media":0,"parent":0,"menu_order":51,"comment_status":"closed","ping_status":"closed","template":"","meta":{"om_disable_all_campaigns":false,"_monsterinsights_skip_tracking":false,"_monsterinsights_sitenote_active":false,"_monsterinsights_sitenote_note":"","_monsterinsights_sitenote_category":0,"_uf_show_specific_survey":0,"_uf_disable_surveys":false,"footnotes":""},"class_list":["post-9261","page","type-page","status-publish","hentry"],"aioseo_notices":[],"_links":{"self":[{"href":"https:\/\/mitocanada.org\/fr\/wp-json\/wp\/v2\/pages\/9261","targetHints":{"allow":["GET"]}}],"collection":[{"href":"https:\/\/mitocanada.org\/fr\/wp-json\/wp\/v2\/pages"}],"about":[{"href":"https:\/\/mitocanada.org\/fr\/wp-json\/wp\/v2\/types\/page"}],"author":[{"embeddable":true,"href":"https:\/\/mitocanada.org\/fr\/wp-json\/wp\/v2\/users\/2"}],"replies":[{"embeddable":true,"href":"https:\/\/mitocanada.org\/fr\/wp-json\/wp\/v2\/comments?post=9261"}],"version-history":[{"count":4,"href":"https:\/\/mitocanada.org\/fr\/wp-json\/wp\/v2\/pages\/9261\/revisions"}],"predecessor-version":[{"id":11217,"href":"https:\/\/mitocanada.org\/fr\/wp-json\/wp\/v2\/pages\/9261\/revisions\/11217"}],"wp:attachment":[{"href":"https:\/\/mitocanada.org\/fr\/wp-json\/wp\/v2\/media?parent=9261"}],"curies":[{"name":"wp","href":"https:\/\/api.w.org\/{rel}","templated":true}]}}