{"id":9257,"date":"2025-01-14T10:03:29","date_gmt":"2025-01-14T15:03:29","guid":{"rendered":"https:\/\/mitocanada.org\/2022-mitoscholars-andrew-ouellete\/"},"modified":"2025-05-19T11:13:47","modified_gmt":"2025-05-19T15:13:47","slug":"2022-mitoscholars-andrew-ouellete","status":"publish","type":"page","link":"https:\/\/mitocanada.org\/fr\/2022-mitoscholars-andrew-ouellete\/","title":{"rendered":"2022 mitoScholars : Andrew Ouellete"},"content":{"rendered":"<div class=\"fusion-fullwidth fullwidth-box fusion-builder-row-1 fusion-flex-container nonhundred-percent-fullwidth non-hundred-percent-height-scrolling\" style=\"--awb-border-radius-top-left:0px;--awb-border-radius-top-right:0px;--awb-border-radius-bottom-right:0px;--awb-border-radius-bottom-left:0px;--awb-flex-wrap:wrap;\" ><div class=\"fusion-builder-row fusion-row fusion-flex-align-items-flex-start fusion-flex-content-wrap\" style=\"max-width:1456px;margin-left: calc(-4% \/ 2 );margin-right: calc(-4% \/ 2 );\"><div class=\"fusion-layout-column fusion_builder_column fusion-builder-column-0 fusion_builder_column_1_1 1_1 fusion-flex-column\" style=\"--awb-bg-size:cover;--awb-width-large:100%;--awb-margin-top-large:0px;--awb-spacing-right-large:1.92%;--awb-margin-bottom-large:0px;--awb-spacing-left-large:1.92%;--awb-width-medium:100%;--awb-spacing-right-medium:1.92%;--awb-spacing-left-medium:1.92%;--awb-width-small:100%;--awb-spacing-right-small:1.92%;--awb-spacing-left-small:1.92%;\"><div class=\"fusion-column-wrapper fusion-flex-justify-content-flex-start fusion-content-layout-column\"><div class=\"fusion-text fusion-text-1\"><h1><\/h1>\n<h3 style=\"color: #7ac141;\"><b>2022 MitoScholars\/+ Donner aux jeunes vivant avec une maladie mitochondriale ou aux membres de leur famille vivant avec une telle maladie les moyens de se concentrer sur leur avenir.<\/b><\/h3>\n<p><em><img decoding=\"async\" class=\"alignright wp-image-9243\" src=\"https:\/\/mitocanada.org\/wp-content\/uploads\/2025\/01\/2022-mitoScholars-Andrew-Ouellette-e1737476173869.png\" alt=\"Photo d'Andrew dans un cadre circulaire bleu  \" width=\"263\" height=\"262\" srcset=\"https:\/\/mitocanada.org\/wp-content\/uploads\/2025\/01\/2022-mitoScholars-Andrew-Ouellette-e1737476173869-66x66.png 66w, https:\/\/mitocanada.org\/wp-content\/uploads\/2025\/01\/2022-mitoScholars-Andrew-Ouellette-e1737476173869-150x150.png 150w, https:\/\/mitocanada.org\/wp-content\/uploads\/2025\/01\/2022-mitoScholars-Andrew-Ouellette-e1737476173869-200x199.png 200w, https:\/\/mitocanada.org\/wp-content\/uploads\/2025\/01\/2022-mitoScholars-Andrew-Ouellette-e1737476173869-300x298.png 300w, https:\/\/mitocanada.org\/wp-content\/uploads\/2025\/01\/2022-mitoScholars-Andrew-Ouellette-e1737476173869-400x398.png 400w, https:\/\/mitocanada.org\/wp-content\/uploads\/2025\/01\/2022-mitoScholars-Andrew-Ouellette-e1737476173869-600x597.png 600w, https:\/\/mitocanada.org\/wp-content\/uploads\/2025\/01\/2022-mitoScholars-Andrew-Ouellette-e1737476173869-768x764.png 768w, https:\/\/mitocanada.org\/wp-content\/uploads\/2025\/01\/2022-mitoScholars-Andrew-Ouellette-e1737476173869-800x796.png 800w, https:\/\/mitocanada.org\/wp-content\/uploads\/2025\/01\/2022-mitoScholars-Andrew-Ouellette-e1737476173869.png 950w\" sizes=\"(max-width: 263px) 100vw, 263px\" \/>Andrew Ouellette | Newmarket, Ontario | Psychologie du sport (quatri\u00e8me ann\u00e9e), Universit\u00e9 Laurentienne<\/em><\/p>\n<p>Andrew Ouellette, un jeune homme atteint de la 3-hydroxyacyl-CoA d\u00e9shydrog\u00e9nase \u00e0 longue cha\u00eene (LCHAD), une maladie rare qui emp\u00eache l&rsquo;organisme de convertir certaines graisses en \u00e9nergie, en particulier pendant les p\u00e9riodes sans nourriture (je\u00fbne).<\/p>\n<p>Bien qu&rsquo;on ait d\u00e9conseill\u00e9 aux parents d&rsquo;Andrew de faire faire du sport \u00e0 leur enfant, car le surmenage provoquerait une crise de son corps s&rsquo;il n&rsquo;\u00e9tait pas trait\u00e9 ou g\u00e9r\u00e9 correctement, Andrew a d\u00e9velopp\u00e9 une grande passion pour le base-ball d\u00e8s son plus jeune \u00e2ge.<\/p>\n<p>Aujourd&rsquo;hui, le baseball occupe toujours une place importante dans la vie d&rsquo;Andrew. Il joue, entra\u00eene, arbitre, travaille et fait du b\u00e9n\u00e9volat dans le domaine du baseball, ce qui a fait en sorte que sa d\u00e9cision de poursuivre des \u00e9tudes en psychologie du sport n&rsquo;a pas \u00e9t\u00e9 prise \u00e0 la l\u00e9g\u00e8re. MitoCanada est ravie de soutenir Andrew dans ses \u00e9tudes.  <\/p>\n<blockquote>\n<p>\u00ab\u00a0Merci \u00e0 MitoCanada d&rsquo;avoir cr\u00e9\u00e9 cette opportunit\u00e9 pour moi et d&rsquo;autres \u00e9tudiants comme moi qui ne correspondent pas aux crit\u00e8res de certains handicaps, car notre maladie est si rare que nous ne sommes pas \u00e9ligibles pour d&rsquo;autres bourses ou subventions\u00a0\u00bb, d\u00e9clare Andrew. \u00ab\u00a0La reconnaissance de nos maladies rares signifie beaucoup pour nous qui avons tant surmont\u00e9 pour poursuivre des \u00e9tudes postsecondaires, mais qui avons tant d&rsquo;autres d\u00e9penses en raison de nos besoins alimentaires et d&rsquo;autres accommodements. Le fait que nous puissions respirer un peu mieux financi\u00e8rement cette ann\u00e9e gr\u00e2ce \u00e0 cette g\u00e9n\u00e9reuse bourse est vraiment tr\u00e8s important pour moi et ma famille. <\/p>\n<\/blockquote>\n<\/div><\/div><\/div><\/div><\/div>\n","protected":false},"excerpt":{"rendered":"","protected":false},"author":2,"featured_media":0,"parent":0,"menu_order":51,"comment_status":"closed","ping_status":"closed","template":"","meta":{"om_disable_all_campaigns":false,"_monsterinsights_skip_tracking":false,"_monsterinsights_sitenote_active":false,"_monsterinsights_sitenote_note":"","_monsterinsights_sitenote_category":0,"_uf_show_specific_survey":0,"_uf_disable_surveys":false,"footnotes":""},"class_list":["post-9257","page","type-page","status-publish","hentry"],"aioseo_notices":[],"_links":{"self":[{"href":"https:\/\/mitocanada.org\/fr\/wp-json\/wp\/v2\/pages\/9257","targetHints":{"allow":["GET"]}}],"collection":[{"href":"https:\/\/mitocanada.org\/fr\/wp-json\/wp\/v2\/pages"}],"about":[{"href":"https:\/\/mitocanada.org\/fr\/wp-json\/wp\/v2\/types\/page"}],"author":[{"embeddable":true,"href":"https:\/\/mitocanada.org\/fr\/wp-json\/wp\/v2\/users\/2"}],"replies":[{"embeddable":true,"href":"https:\/\/mitocanada.org\/fr\/wp-json\/wp\/v2\/comments?post=9257"}],"version-history":[{"count":4,"href":"https:\/\/mitocanada.org\/fr\/wp-json\/wp\/v2\/pages\/9257\/revisions"}],"predecessor-version":[{"id":11214,"href":"https:\/\/mitocanada.org\/fr\/wp-json\/wp\/v2\/pages\/9257\/revisions\/11214"}],"wp:attachment":[{"href":"https:\/\/mitocanada.org\/fr\/wp-json\/wp\/v2\/media?parent=9257"}],"curies":[{"name":"wp","href":"https:\/\/api.w.org\/{rel}","templated":true}]}}