{"id":9239,"date":"2025-01-14T10:45:29","date_gmt":"2025-01-14T15:45:29","guid":{"rendered":"https:\/\/mitocanada.org\/2023-mitoscholars-ryleigh-hill\/"},"modified":"2025-05-19T11:04:33","modified_gmt":"2025-05-19T15:04:33","slug":"2023-mitoscholars-ryleigh-hill","status":"publish","type":"page","link":"https:\/\/mitocanada.org\/fr\/2023-mitoscholars-ryleigh-hill\/","title":{"rendered":"2023 mitoScholars : Ryleigh Hill"},"content":{"rendered":"<div class=\"fusion-fullwidth fullwidth-box fusion-builder-row-1 fusion-flex-container nonhundred-percent-fullwidth non-hundred-percent-height-scrolling\" style=\"--awb-border-radius-top-left:0px;--awb-border-radius-top-right:0px;--awb-border-radius-bottom-right:0px;--awb-border-radius-bottom-left:0px;--awb-flex-wrap:wrap;\" ><div class=\"fusion-builder-row fusion-row fusion-flex-align-items-flex-start fusion-flex-content-wrap\" style=\"max-width:1456px;margin-left: calc(-4% \/ 2 );margin-right: calc(-4% \/ 2 );\"><div class=\"fusion-layout-column fusion_builder_column fusion-builder-column-0 fusion_builder_column_1_1 1_1 fusion-flex-column\" style=\"--awb-bg-size:cover;--awb-width-large:100%;--awb-margin-top-large:0px;--awb-spacing-right-large:1.92%;--awb-margin-bottom-large:0px;--awb-spacing-left-large:1.92%;--awb-width-medium:100%;--awb-spacing-right-medium:1.92%;--awb-spacing-left-medium:1.92%;--awb-width-small:100%;--awb-spacing-right-small:1.92%;--awb-spacing-left-small:1.92%;\"><div class=\"fusion-column-wrapper fusion-flex-justify-content-flex-start fusion-content-layout-column\"><div class=\"fusion-text fusion-text-1\"><h1><\/h1>\n<h3 style=\"color: #7ac141;\"><b>2023 MitoScholars <\/b>Permettre aux jeunes vivant avec une maladie mitochondriale de se concentrer sur leur avenir<\/h3>\n<p><em><img decoding=\"async\" class=\"alignright wp-image-9205\" src=\"https:\/\/mitocanada.org\/wp-content\/uploads\/2025\/01\/2023-mitoScholars-Ryleigh-Hill-e1737473078676.png\" alt=\"Photo de Ryleigh dans un cadre circulaire avec un accent rose\" width=\"259\" height=\"251\" srcset=\"https:\/\/mitocanada.org\/wp-content\/uploads\/2025\/01\/2023-mitoScholars-Ryleigh-Hill-e1737473078676-200x194.png 200w, https:\/\/mitocanada.org\/wp-content\/uploads\/2025\/01\/2023-mitoScholars-Ryleigh-Hill-e1737473078676-300x291.png 300w, https:\/\/mitocanada.org\/wp-content\/uploads\/2025\/01\/2023-mitoScholars-Ryleigh-Hill-e1737473078676-400x388.png 400w, https:\/\/mitocanada.org\/wp-content\/uploads\/2025\/01\/2023-mitoScholars-Ryleigh-Hill-e1737473078676-600x583.png 600w, https:\/\/mitocanada.org\/wp-content\/uploads\/2025\/01\/2023-mitoScholars-Ryleigh-Hill-e1737473078676-768x746.png 768w, https:\/\/mitocanada.org\/wp-content\/uploads\/2025\/01\/2023-mitoScholars-Ryleigh-Hill-e1737473078676-800x777.png 800w, https:\/\/mitocanada.org\/wp-content\/uploads\/2025\/01\/2023-mitoScholars-Ryleigh-Hill-e1737473078676.png 830w\" sizes=\"(max-width: 259px) 100vw, 259px\" \/>Ryleigh Hill | Halifax, Nouvelle-\u00c9cosse | BA Fine Arts (4\u00e8me ann\u00e9e) | Nova Scotia College of Art and Design (NSCAD)<\/em><\/p>\n<p>Rencontrez Ryleigh Hill, l&rsquo;une de nos incroyables MitoScholars+ 2023 ! Ryleigh entame la derni\u00e8re ann\u00e9e de son programme de beaux-arts. <\/p>\n<p>Deux des fr\u00e8res et s\u0153urs de Ryleigh sont atteints d&rsquo;une forme rare de maladie mitochondriale appel\u00e9e d\u00e9ficit en complexe 1, et Ryleigh a donc grandi au sein de la communaut\u00e9 MitoCommunity.<\/p>\n<blockquote>\n<p>\u00ab\u00a0Grandir avec deux s\u0153urs atteintes d&rsquo;une maladie mitochondriale m&rsquo;a appris l&rsquo;incroyable valeur de la gentillesse, de la patience et de l&rsquo;adaptation aux personnes qui m&rsquo;entourent\u00a0\u00bb, dit-elle. \u00ab\u00a0La maladie mitochondriale a touch\u00e9 tous les aspects de ma vie et son impact est incommensurable.\u00a0\u00bb <\/p>\n<\/blockquote>\n<p>Ryleigh a une grande passion pour les arts et esp\u00e8re devenir un jour professeur d&rsquo;art. \u00ab\u00a0Cette d\u00e9cision m&rsquo;a \u00e9t\u00e9 inspir\u00e9e par mes fr\u00e8res et s\u0153urs\u00a0\u00bb, explique-t-elle. \u00ab\u00a0J&rsquo;ai choisi l&rsquo;enseignement parce que je ne voulais pas que quelqu&rsquo;un se sente aussi vaincu que mes s\u0153urs lorsque quelqu&rsquo;un leur disait qu&rsquo;elles ne pouvaient pas faire quelque chose.  <\/p>\n<p>Ryleigh remercie MitoCanada et la communaut\u00e9 mito : \u00a0\u00bb C&rsquo;est vraiment un r\u00eave devenu r\u00e9alit\u00e9 que d&rsquo;avoir \u00e9t\u00e9 choisie comme laur\u00e9ate de ce prix incroyable. Gr\u00e2ce \u00e0 votre g\u00e9n\u00e9rosit\u00e9, je peux continuer \u00e0 m&rsquo;\u00e9panouir dans mon parcours scolaire.\u00a0\u00bb<\/p>\n<p>Nous sommes tr\u00e8s fiers de soutenir Ryleigh dans ses \u00e9tudes. Le monde a besoin de plus de futurs enseignants comme eux !<\/p>\n<\/div><\/div><\/div><\/div><\/div>\n","protected":false},"excerpt":{"rendered":"","protected":false},"author":2,"featured_media":0,"parent":0,"menu_order":51,"comment_status":"closed","ping_status":"closed","template":"","meta":{"om_disable_all_campaigns":false,"_monsterinsights_skip_tracking":false,"_monsterinsights_sitenote_active":false,"_monsterinsights_sitenote_note":"","_monsterinsights_sitenote_category":0,"_uf_show_specific_survey":0,"_uf_disable_surveys":false,"footnotes":""},"class_list":["post-9239","page","type-page","status-publish","hentry"],"aioseo_notices":[],"_links":{"self":[{"href":"https:\/\/mitocanada.org\/fr\/wp-json\/wp\/v2\/pages\/9239","targetHints":{"allow":["GET"]}}],"collection":[{"href":"https:\/\/mitocanada.org\/fr\/wp-json\/wp\/v2\/pages"}],"about":[{"href":"https:\/\/mitocanada.org\/fr\/wp-json\/wp\/v2\/types\/page"}],"author":[{"embeddable":true,"href":"https:\/\/mitocanada.org\/fr\/wp-json\/wp\/v2\/users\/2"}],"replies":[{"embeddable":true,"href":"https:\/\/mitocanada.org\/fr\/wp-json\/wp\/v2\/comments?post=9239"}],"version-history":[{"count":4,"href":"https:\/\/mitocanada.org\/fr\/wp-json\/wp\/v2\/pages\/9239\/revisions"}],"predecessor-version":[{"id":11205,"href":"https:\/\/mitocanada.org\/fr\/wp-json\/wp\/v2\/pages\/9239\/revisions\/11205"}],"wp:attachment":[{"href":"https:\/\/mitocanada.org\/fr\/wp-json\/wp\/v2\/media?parent=9239"}],"curies":[{"name":"wp","href":"https:\/\/api.w.org\/{rel}","templated":true}]}}