{"id":9235,"date":"2025-01-14T10:43:15","date_gmt":"2025-01-14T15:43:15","guid":{"rendered":"https:\/\/mitocanada.org\/2023-mitoscholars-jessalyn-paradowski\/"},"modified":"2025-05-19T11:01:22","modified_gmt":"2025-05-19T15:01:22","slug":"2023-mitoscholars-jessalyn-paradowski","status":"publish","type":"page","link":"https:\/\/mitocanada.org\/fr\/2023-mitoscholars-jessalyn-paradowski\/","title":{"rendered":"2023 mitoScholars : Jessalyn Paradowski"},"content":{"rendered":"<div class=\"fusion-fullwidth fullwidth-box fusion-builder-row-1 fusion-flex-container nonhundred-percent-fullwidth non-hundred-percent-height-scrolling\" style=\"--awb-border-radius-top-left:0px;--awb-border-radius-top-right:0px;--awb-border-radius-bottom-right:0px;--awb-border-radius-bottom-left:0px;--awb-flex-wrap:wrap;\" ><div class=\"fusion-builder-row fusion-row fusion-flex-align-items-flex-start fusion-flex-content-wrap\" style=\"max-width:1456px;margin-left: calc(-4% \/ 2 );margin-right: calc(-4% \/ 2 );\"><div class=\"fusion-layout-column fusion_builder_column fusion-builder-column-0 fusion_builder_column_1_1 1_1 fusion-flex-column\" style=\"--awb-bg-size:cover;--awb-width-large:100%;--awb-margin-top-large:0px;--awb-spacing-right-large:1.92%;--awb-margin-bottom-large:0px;--awb-spacing-left-large:1.92%;--awb-width-medium:100%;--awb-spacing-right-medium:1.92%;--awb-spacing-left-medium:1.92%;--awb-width-small:100%;--awb-spacing-right-small:1.92%;--awb-spacing-left-small:1.92%;\"><div class=\"fusion-column-wrapper fusion-flex-justify-content-flex-start fusion-content-layout-column\"><div class=\"fusion-text fusion-text-1\"><h1><\/h1>\n<h3 style=\"color: #7ac141;\"><b>2023 MitoScholars <\/b>Permettre aux jeunes vivant avec une maladie mitochondriale de se concentrer sur leur avenir<\/h3>\n<p><em><img decoding=\"async\" class=\"alignright wp-image-9199\" src=\"https:\/\/mitocanada.org\/wp-content\/uploads\/2025\/01\/2023-mitoScholars-Jessalyn-Paradowski-e1737472989441.png\" alt=\"Photo de Jessalyn dans un cadre circulaire avec accent rose\" width=\"271\" height=\"268\" srcset=\"https:\/\/mitocanada.org\/wp-content\/uploads\/2025\/01\/2023-mitoScholars-Jessalyn-Paradowski-e1737472989441-66x66.png 66w, https:\/\/mitocanada.org\/wp-content\/uploads\/2025\/01\/2023-mitoScholars-Jessalyn-Paradowski-e1737472989441-200x198.png 200w, https:\/\/mitocanada.org\/wp-content\/uploads\/2025\/01\/2023-mitoScholars-Jessalyn-Paradowski-e1737472989441-300x296.png 300w, https:\/\/mitocanada.org\/wp-content\/uploads\/2025\/01\/2023-mitoScholars-Jessalyn-Paradowski-e1737472989441-400x395.png 400w, https:\/\/mitocanada.org\/wp-content\/uploads\/2025\/01\/2023-mitoScholars-Jessalyn-Paradowski-e1737472989441-600x593.png 600w, https:\/\/mitocanada.org\/wp-content\/uploads\/2025\/01\/2023-mitoScholars-Jessalyn-Paradowski-e1737472989441-768x759.png 768w, https:\/\/mitocanada.org\/wp-content\/uploads\/2025\/01\/2023-mitoScholars-Jessalyn-Paradowski-e1737472989441-800x790.png 800w, https:\/\/mitocanada.org\/wp-content\/uploads\/2025\/01\/2023-mitoScholars-Jessalyn-Paradowski-e1737472989441.png 833w\" sizes=\"(max-width: 271px) 100vw, 271px\" \/>Jessalyn Paradowski | Emerald Park, Saskatchewan | BSc Biochemistry and Pre- Pharmacy (2nd year) University of Regina<\/em><\/p>\n<p>Rencontrez Jessalyn Paradowski, l&rsquo;une de nos incroyables MitoScholars+. Cet automne, Jessalyn entame sa deuxi\u00e8me ann\u00e9e \u00e0 l&rsquo;Universit\u00e9 de Regina, o\u00f9 elle \u00e9tudie la biochimie et la pr\u00e9-pharmacie. <\/p>\n<p>Jessalyn aspire \u00e0 \u00e9tudier les sciences et \u00e0 poursuivre une carri\u00e8re en m\u00e9decine en raison de son exp\u00e9rience personnelle des maladies chroniques dans sa famille. Ma belle-m\u00e8re Marsha, atteinte de la maladie de McArdle, m&rsquo;a montr\u00e9 ce que signifie vivre sa vie avec optimisme, malgr\u00e9 ses limites. Cette exp\u00e9rience a contribu\u00e9 \u00e0 fa\u00e7onner mon point de vue sur la vie et a renforc\u00e9 ma d\u00e9termination \u00e0 travailler dur pour \u00eatre un jour en mesure de traiter et d&rsquo;am\u00e9liorer la vie de ceux qui vivent avec des limitations. Marsha a \u00e9t\u00e9 un mod\u00e8le de soutien tout au long de ma vie\u00a0\u00bb. <\/p>\n<p>Gr\u00e2ce \u00e0 ses \u00e9tudes, Jessalyn esp\u00e8re acqu\u00e9rir les connaissances et les comp\u00e9tences qui l&rsquo;aideront \u00e0 atteindre ses objectifs de recherche sur le corps humain et \u00e0 contribuer au bien-\u00eatre des autres. Elle est impatiente de voir o\u00f9 ses \u00e9tudes la m\u00e8neront et sait pertinemment que si elle fait quelque chose dans cette vie, elle cherchera \u00e0 avoir un impact positif sur ce monde. <\/p>\n<p>Jessalyn d\u00e9clare : \u00ab\u00a0Merci beaucoup de m&rsquo;avoir choisie comme l&rsquo;une des laur\u00e9ates du programme MitoScholars+ de cette ann\u00e9e. Je suis tr\u00e8s reconnaissante du soutien que cette bourse va m&rsquo;apporter et je vais m&rsquo;investir \u00e0 fond dans mes \u00e9tudes cette ann\u00e9e\u00a0\u00bb.<\/p>\n<p>Nous sommes fiers de la soutenir dans son parcours \u00e9ducatif. Allez, Jessalyn, allez !<\/p>\n<\/div><\/div><\/div><\/div><\/div>\n","protected":false},"excerpt":{"rendered":"","protected":false},"author":2,"featured_media":0,"parent":0,"menu_order":51,"comment_status":"closed","ping_status":"closed","template":"","meta":{"om_disable_all_campaigns":false,"_monsterinsights_skip_tracking":false,"_monsterinsights_sitenote_active":false,"_monsterinsights_sitenote_note":"","_monsterinsights_sitenote_category":0,"_uf_show_specific_survey":0,"_uf_disable_surveys":false,"footnotes":""},"class_list":["post-9235","page","type-page","status-publish","hentry"],"aioseo_notices":[],"_links":{"self":[{"href":"https:\/\/mitocanada.org\/fr\/wp-json\/wp\/v2\/pages\/9235","targetHints":{"allow":["GET"]}}],"collection":[{"href":"https:\/\/mitocanada.org\/fr\/wp-json\/wp\/v2\/pages"}],"about":[{"href":"https:\/\/mitocanada.org\/fr\/wp-json\/wp\/v2\/types\/page"}],"author":[{"embeddable":true,"href":"https:\/\/mitocanada.org\/fr\/wp-json\/wp\/v2\/users\/2"}],"replies":[{"embeddable":true,"href":"https:\/\/mitocanada.org\/fr\/wp-json\/wp\/v2\/comments?post=9235"}],"version-history":[{"count":4,"href":"https:\/\/mitocanada.org\/fr\/wp-json\/wp\/v2\/pages\/9235\/revisions"}],"predecessor-version":[{"id":11202,"href":"https:\/\/mitocanada.org\/fr\/wp-json\/wp\/v2\/pages\/9235\/revisions\/11202"}],"wp:attachment":[{"href":"https:\/\/mitocanada.org\/fr\/wp-json\/wp\/v2\/media?parent=9235"}],"curies":[{"name":"wp","href":"https:\/\/api.w.org\/{rel}","templated":true}]}}