{"id":9231,"date":"2025-01-14T10:40:30","date_gmt":"2025-01-14T15:40:30","guid":{"rendered":"https:\/\/mitocanada.org\/2023-mitoscholars-ainsley-eerkes\/"},"modified":"2025-05-19T10:58:46","modified_gmt":"2025-05-19T14:58:46","slug":"2023-mitoscholars-ainsley-eerkes","status":"publish","type":"page","link":"https:\/\/mitocanada.org\/fr\/2023-mitoscholars-ainsley-eerkes\/","title":{"rendered":"2023 mitoScholars : Ainsley Eerkes"},"content":{"rendered":"<div class=\"fusion-fullwidth fullwidth-box fusion-builder-row-1 fusion-flex-container nonhundred-percent-fullwidth non-hundred-percent-height-scrolling\" style=\"--awb-border-radius-top-left:0px;--awb-border-radius-top-right:0px;--awb-border-radius-bottom-right:0px;--awb-border-radius-bottom-left:0px;--awb-flex-wrap:wrap;\" ><div class=\"fusion-builder-row fusion-row fusion-flex-align-items-flex-start fusion-flex-content-wrap\" style=\"max-width:1456px;margin-left: calc(-4% \/ 2 );margin-right: calc(-4% \/ 2 );\"><div class=\"fusion-layout-column fusion_builder_column fusion-builder-column-0 fusion_builder_column_1_1 1_1 fusion-flex-column\" style=\"--awb-bg-size:cover;--awb-width-large:100%;--awb-margin-top-large:0px;--awb-spacing-right-large:1.92%;--awb-margin-bottom-large:0px;--awb-spacing-left-large:1.92%;--awb-width-medium:100%;--awb-spacing-right-medium:1.92%;--awb-spacing-left-medium:1.92%;--awb-width-small:100%;--awb-spacing-right-small:1.92%;--awb-spacing-left-small:1.92%;\"><div class=\"fusion-column-wrapper fusion-flex-justify-content-flex-start fusion-content-layout-column\"><div class=\"fusion-text fusion-text-1\"><h1><\/h1>\n<h3 style=\"color: #7ac141;\"><b>2023 MitoScholars <\/b>Permettre aux jeunes vivant avec une maladie mitochondriale de se concentrer sur leur avenir<\/h3>\n<p><em><img decoding=\"async\" class=\"alignright wp-image-9195\" src=\"https:\/\/mitocanada.org\/wp-content\/uploads\/2025\/01\/2023-mitoScholars-Ainsley-Eerkes-e1737472903423.png\" alt=\"Photo d'Ainsley dans un cadre circulaire avec accent rose\" width=\"262\" height=\"261\" srcset=\"https:\/\/mitocanada.org\/wp-content\/uploads\/2025\/01\/2023-mitoScholars-Ainsley-Eerkes-e1737472903423-66x66.png 66w, https:\/\/mitocanada.org\/wp-content\/uploads\/2025\/01\/2023-mitoScholars-Ainsley-Eerkes-e1737472903423-150x150.png 150w, https:\/\/mitocanada.org\/wp-content\/uploads\/2025\/01\/2023-mitoScholars-Ainsley-Eerkes-e1737472903423-200x199.png 200w, https:\/\/mitocanada.org\/wp-content\/uploads\/2025\/01\/2023-mitoScholars-Ainsley-Eerkes-e1737472903423-300x298.png 300w, https:\/\/mitocanada.org\/wp-content\/uploads\/2025\/01\/2023-mitoScholars-Ainsley-Eerkes-e1737472903423-400x397.png 400w, https:\/\/mitocanada.org\/wp-content\/uploads\/2025\/01\/2023-mitoScholars-Ainsley-Eerkes-e1737472903423-600x596.png 600w, https:\/\/mitocanada.org\/wp-content\/uploads\/2025\/01\/2023-mitoScholars-Ainsley-Eerkes-e1737472903423-768x763.png 768w, https:\/\/mitocanada.org\/wp-content\/uploads\/2025\/01\/2023-mitoScholars-Ainsley-Eerkes-e1737472903423.png 797w\" sizes=\"(max-width: 262px) 100vw, 262px\" \/>Ainsley Eerkes | Edmonton, Alberta | Licence en sciences biologiques et mineure en design artistique (1\u00e8re ann\u00e9e) Universit\u00e9 de l&rsquo;Alberta<\/em><\/p>\n<p>Rencontrez Ainsley Eerkes, l&rsquo;une de nos incroyables MitoScholars+. Cet automne, ils entrent \u00e0 la Facult\u00e9 des sciences de l&rsquo;Universit\u00e9 de l&rsquo;Alberta, avec une sp\u00e9cialisation en sciences biologiques et une mineure en art et design. <\/p>\n<p>La m\u00e8re d&rsquo;Ainsley est atteinte d&rsquo;une maladie mitochondriale connue sous le nom d&rsquo;ophtalmopl\u00e9gie externe progressive chronique (OEPC), ce qui fait d&rsquo;Ainsley l&rsquo;une de nos MitoScholars+. La CPEO est une maladie qui entra\u00eene la perte des fonctions musculaires des yeux et des paupi\u00e8res et qui tend \u00e0 se manifester au d\u00e9but de l&rsquo;\u00e2ge adulte. <\/p>\n<blockquote>\n<p>\u00ab\u00a0Vivre avec elle m&rsquo;a permis de mieux comprendre comment ces types de handicaps peuvent affecter les gens dans leur vie quotidienne et la n\u00e9cessit\u00e9 des syst\u00e8mes m\u00e9dicaux lorsque vous vivez avec l&rsquo;un de ces handicaps, ce qui est l&rsquo;une des raisons pour lesquelles je souhaite \u00e9tudier les soins de sant\u00e9 ou un domaine connexe\u00a0\u00bb, d\u00e9clare Ainsley. \u00ab\u00a0J&rsquo;esp\u00e8re que cette bourse me permettra de continuer \u00e0 mieux comprendre le corps humain et son fonctionnement afin de pouvoir aider des personnes comme ma m\u00e8re ou des personnes souffrant d&rsquo;autres handicaps \u00e0 s&rsquo;\u00e9panouir dans leur vie. <\/p>\n<\/blockquote>\n<p>Ainsley d\u00e9clare : \u00a0\u00bb Je suis honor\u00e9e d&rsquo;avoir \u00e9t\u00e9 choisie et je suis tr\u00e8s reconnaissante \u00e0 Mitocanada de m&rsquo;avoir aid\u00e9e au cours de l&rsquo;ann\u00e9e \u00e0 venir. Cela soulage ma famille, en particulier ma m\u00e8re.\u00a0\u00bb<\/p>\n<p>Nous sommes ravis de soutenir Ainsley dans ses \u00e9tudes cette ann\u00e9e !<\/p>\n<\/div><div class=\"fusion-separator fusion-full-width-sep\" style=\"align-self: center;margin-left: auto;margin-right: auto;margin-top:25px;margin-bottom:25px;width:100%;\"><div class=\"fusion-separator-border sep-single sep-solid\" style=\"--awb-height:20px;--awb-amount:20px;border-color:var(--awb-color3);border-top-width:1px;\"><\/div><\/div><\/div><\/div><\/div><\/div>\n","protected":false},"excerpt":{"rendered":"","protected":false},"author":2,"featured_media":0,"parent":0,"menu_order":51,"comment_status":"closed","ping_status":"closed","template":"","meta":{"om_disable_all_campaigns":false,"_monsterinsights_skip_tracking":false,"_monsterinsights_sitenote_active":false,"_monsterinsights_sitenote_note":"","_monsterinsights_sitenote_category":0,"_uf_show_specific_survey":0,"_uf_disable_surveys":false,"footnotes":""},"class_list":["post-9231","page","type-page","status-publish","hentry"],"aioseo_notices":[],"_links":{"self":[{"href":"https:\/\/mitocanada.org\/fr\/wp-json\/wp\/v2\/pages\/9231","targetHints":{"allow":["GET"]}}],"collection":[{"href":"https:\/\/mitocanada.org\/fr\/wp-json\/wp\/v2\/pages"}],"about":[{"href":"https:\/\/mitocanada.org\/fr\/wp-json\/wp\/v2\/types\/page"}],"author":[{"embeddable":true,"href":"https:\/\/mitocanada.org\/fr\/wp-json\/wp\/v2\/users\/2"}],"replies":[{"embeddable":true,"href":"https:\/\/mitocanada.org\/fr\/wp-json\/wp\/v2\/comments?post=9231"}],"version-history":[{"count":4,"href":"https:\/\/mitocanada.org\/fr\/wp-json\/wp\/v2\/pages\/9231\/revisions"}],"predecessor-version":[{"id":11199,"href":"https:\/\/mitocanada.org\/fr\/wp-json\/wp\/v2\/pages\/9231\/revisions\/11199"}],"wp:attachment":[{"href":"https:\/\/mitocanada.org\/fr\/wp-json\/wp\/v2\/media?parent=9231"}],"curies":[{"name":"wp","href":"https:\/\/api.w.org\/{rel}","templated":true}]}}