{"id":9227,"date":"2025-01-14T10:37:54","date_gmt":"2025-01-14T15:37:54","guid":{"rendered":"https:\/\/mitocanada.org\/2023-mitoscholars-miriam-chatterton-taylor\/"},"modified":"2025-05-19T10:55:28","modified_gmt":"2025-05-19T14:55:28","slug":"2023-mitoscholars-miriam-chatterton-taylor","status":"publish","type":"page","link":"https:\/\/mitocanada.org\/fr\/2023-mitoscholars-miriam-chatterton-taylor\/","title":{"rendered":"2023 mitoScholars : Miriam Chatterton-Taylor"},"content":{"rendered":"<div class=\"fusion-fullwidth fullwidth-box fusion-builder-row-1 fusion-flex-container nonhundred-percent-fullwidth non-hundred-percent-height-scrolling\" style=\"--awb-border-radius-top-left:0px;--awb-border-radius-top-right:0px;--awb-border-radius-bottom-right:0px;--awb-border-radius-bottom-left:0px;--awb-flex-wrap:wrap;\" ><div class=\"fusion-builder-row fusion-row fusion-flex-align-items-flex-start fusion-flex-content-wrap\" style=\"max-width:1456px;margin-left: calc(-4% \/ 2 );margin-right: calc(-4% \/ 2 );\"><div class=\"fusion-layout-column fusion_builder_column fusion-builder-column-0 fusion_builder_column_1_1 1_1 fusion-flex-column\" style=\"--awb-bg-size:cover;--awb-width-large:100%;--awb-margin-top-large:0px;--awb-spacing-right-large:1.92%;--awb-margin-bottom-large:0px;--awb-spacing-left-large:1.92%;--awb-width-medium:100%;--awb-spacing-right-medium:1.92%;--awb-spacing-left-medium:1.92%;--awb-width-small:100%;--awb-spacing-right-small:1.92%;--awb-spacing-left-small:1.92%;\"><div class=\"fusion-column-wrapper fusion-flex-justify-content-flex-start fusion-content-layout-column\"><div class=\"fusion-text fusion-text-1\"><h1><\/h1>\n<h3 style=\"color: #7ac141;\"><b>2023 MitoScholars <\/b>Permettre aux jeunes vivant avec une maladie mitochondriale de se concentrer sur leur avenir<\/h3>\n<p><em><img decoding=\"async\" class=\"alignright wp-image-9203\" src=\"https:\/\/mitocanada.org\/wp-content\/uploads\/2025\/01\/2023-mitoScholars-Miriam-Chatterton-Taylor-e1737472803269.png\" alt=\"Photo de Miriam dans un cadre circulaire aux accents bleus\" width=\"288\" height=\"284\" srcset=\"https:\/\/mitocanada.org\/wp-content\/uploads\/2025\/01\/2023-mitoScholars-Miriam-Chatterton-Taylor-e1737472803269-66x66.png 66w, https:\/\/mitocanada.org\/wp-content\/uploads\/2025\/01\/2023-mitoScholars-Miriam-Chatterton-Taylor-e1737472803269-200x197.png 200w, https:\/\/mitocanada.org\/wp-content\/uploads\/2025\/01\/2023-mitoScholars-Miriam-Chatterton-Taylor-e1737472803269-300x296.png 300w, https:\/\/mitocanada.org\/wp-content\/uploads\/2025\/01\/2023-mitoScholars-Miriam-Chatterton-Taylor-e1737472803269-400x394.png 400w, https:\/\/mitocanada.org\/wp-content\/uploads\/2025\/01\/2023-mitoScholars-Miriam-Chatterton-Taylor-e1737472803269-600x591.png 600w, https:\/\/mitocanada.org\/wp-content\/uploads\/2025\/01\/2023-mitoScholars-Miriam-Chatterton-Taylor-e1737472803269-768x757.png 768w, https:\/\/mitocanada.org\/wp-content\/uploads\/2025\/01\/2023-mitoScholars-Miriam-Chatterton-Taylor-e1737472803269-800x788.png 800w, https:\/\/mitocanada.org\/wp-content\/uploads\/2025\/01\/2023-mitoScholars-Miriam-Chatterton-Taylor-e1737472803269.png 820w\" sizes=\"(max-width: 288px) 100vw, 288px\" \/>Miriam Chatterton-Taylor | Lethbridge, Alberta | BA Anthropologie (3\u00e8me ann\u00e9e) Universit\u00e9 de Lethbridge<\/em><\/p>\n<p>Rencontrez Miriam Chatterton-Taylor, \u00e9tudiante de troisi\u00e8me ann\u00e9e \u00e0 l&rsquo;universit\u00e9 d&rsquo;Alberta. Miriam est atteinte de MELAS, une maladie neurod\u00e9g\u00e9n\u00e9rative multisyst\u00e9mique rare et progressive. Cette maladie mitochondriale affecte principalement de nombreuses parties du corps, en particulier le cerveau, le syst\u00e8me nerveux et les muscles. Miriam d\u00e9clare : \u00ab\u00a0Ma pers\u00e9v\u00e9rance, mon travail acharn\u00e9, ma passion et ma famille m&rsquo;ont permis de vivre pleinement ma vie malgr\u00e9 cette maladie qui m&#8217;emp\u00eache d&rsquo;avancer.\u00a0\u00bb   <\/p>\n<p>Miriam \u00e9tudie cette ann\u00e9e \u00e0 l&rsquo;universit\u00e9 de Lethbridge, en Alberta, et vient d&rsquo;entamer sa quatri\u00e8me ann\u00e9e d&rsquo;\u00e9tudes. Apr\u00e8s avoir obtenu son dipl\u00f4me de premier cycle, elle envisage de faire un master en anthropologie. Elle aime explorer de nouvelles cultures et a particip\u00e9 \u00e0 un bref \u00e9change d&rsquo;\u00e9tudiants \u00e0 Budapest.  <\/p>\n<blockquote>\n<p>\u00ab\u00a0J&rsquo;aimerais remercier chaleureusement le comit\u00e9 des bourses et MitoCanada d&rsquo;avoir \u00e9t\u00e9 choisie pour la bourse MitoScholarship de cette ann\u00e9e\u00a0\u00bb, d\u00e9clare Miriam. \u00ab\u00a0Le diagnostic de MELAS a boulevers\u00e9 ma vie. Certains jours, ma maladie me rend la vie vraiment difficile, mais je pers\u00e9v\u00e8re et je travaille tr\u00e8s dur dans mes \u00e9tudes pour me prouver que je suis capable.\u00a0\u00bb <\/p>\n<\/blockquote>\n<p>Nous sommes tr\u00e8s fiers de soutenir cette jeune universitaire dans la poursuite de ses r\u00eaves.<\/p>\n<\/div><\/div><\/div><\/div><\/div>\n","protected":false},"excerpt":{"rendered":"","protected":false},"author":2,"featured_media":0,"parent":0,"menu_order":51,"comment_status":"closed","ping_status":"closed","template":"","meta":{"om_disable_all_campaigns":false,"_monsterinsights_skip_tracking":false,"_monsterinsights_sitenote_active":false,"_monsterinsights_sitenote_note":"","_monsterinsights_sitenote_category":0,"_uf_show_specific_survey":0,"_uf_disable_surveys":false,"footnotes":""},"class_list":["post-9227","page","type-page","status-publish","hentry"],"aioseo_notices":[],"_links":{"self":[{"href":"https:\/\/mitocanada.org\/fr\/wp-json\/wp\/v2\/pages\/9227","targetHints":{"allow":["GET"]}}],"collection":[{"href":"https:\/\/mitocanada.org\/fr\/wp-json\/wp\/v2\/pages"}],"about":[{"href":"https:\/\/mitocanada.org\/fr\/wp-json\/wp\/v2\/types\/page"}],"author":[{"embeddable":true,"href":"https:\/\/mitocanada.org\/fr\/wp-json\/wp\/v2\/users\/2"}],"replies":[{"embeddable":true,"href":"https:\/\/mitocanada.org\/fr\/wp-json\/wp\/v2\/comments?post=9227"}],"version-history":[{"count":4,"href":"https:\/\/mitocanada.org\/fr\/wp-json\/wp\/v2\/pages\/9227\/revisions"}],"predecessor-version":[{"id":11195,"href":"https:\/\/mitocanada.org\/fr\/wp-json\/wp\/v2\/pages\/9227\/revisions\/11195"}],"wp:attachment":[{"href":"https:\/\/mitocanada.org\/fr\/wp-json\/wp\/v2\/media?parent=9227"}],"curies":[{"name":"wp","href":"https:\/\/api.w.org\/{rel}","templated":true}]}}