{"id":9220,"date":"2025-01-14T10:32:13","date_gmt":"2025-01-14T15:32:13","guid":{"rendered":"https:\/\/mitocanada.org\/2023-mitoscholars-kerrianne-kozack\/"},"modified":"2025-05-19T10:52:50","modified_gmt":"2025-05-19T14:52:50","slug":"2023-mitoscholars-kerrianne-kozack","status":"publish","type":"page","link":"https:\/\/mitocanada.org\/fr\/2023-mitoscholars-kerrianne-kozack\/","title":{"rendered":"2023 mitoScholars : Kerrianne Kozack"},"content":{"rendered":"<div class=\"fusion-fullwidth fullwidth-box fusion-builder-row-1 fusion-flex-container nonhundred-percent-fullwidth non-hundred-percent-height-scrolling\" style=\"--awb-border-radius-top-left:0px;--awb-border-radius-top-right:0px;--awb-border-radius-bottom-right:0px;--awb-border-radius-bottom-left:0px;--awb-flex-wrap:wrap;\" ><div class=\"fusion-builder-row fusion-row fusion-flex-align-items-flex-start fusion-flex-content-wrap\" style=\"max-width:1456px;margin-left: calc(-4% \/ 2 );margin-right: calc(-4% \/ 2 );\"><div class=\"fusion-layout-column fusion_builder_column fusion-builder-column-0 fusion_builder_column_1_1 1_1 fusion-flex-column\" style=\"--awb-bg-size:cover;--awb-width-large:100%;--awb-margin-top-large:0px;--awb-spacing-right-large:1.92%;--awb-margin-bottom-large:0px;--awb-spacing-left-large:1.92%;--awb-width-medium:100%;--awb-spacing-right-medium:1.92%;--awb-spacing-left-medium:1.92%;--awb-width-small:100%;--awb-spacing-right-small:1.92%;--awb-spacing-left-small:1.92%;\"><div class=\"fusion-column-wrapper fusion-flex-justify-content-flex-start fusion-content-layout-column\"><div class=\"fusion-text fusion-text-1\"><h1><\/h1>\n<h3 style=\"color: #7ac141;\"><b>2023 MitoScholars <\/b>Permettre aux jeunes vivant avec une maladie mitochondriale de se concentrer sur leur avenir<\/h3>\n<p><em>Kerrianne Kozack | Tsawwassen, British Columbia | BAH Psychologie (2\u00e8me ann\u00e9e) Queen&rsquo;s University &#8211; Kingston, Ontario<img decoding=\"async\" class=\"alignright wp-image-9201\" src=\"https:\/\/mitocanada.org\/wp-content\/uploads\/2025\/01\/2023-mitoScholars-Kerrianne-Kozack-e1737472706465.png\" alt=\"Photo de Kerrianne dans un cadre circulaire aux accents bleus\" width=\"282\" height=\"280\" srcset=\"https:\/\/mitocanada.org\/wp-content\/uploads\/2025\/01\/2023-mitoScholars-Kerrianne-Kozack-e1737472706465-66x66.png 66w, https:\/\/mitocanada.org\/wp-content\/uploads\/2025\/01\/2023-mitoScholars-Kerrianne-Kozack-e1737472706465-150x150.png 150w, https:\/\/mitocanada.org\/wp-content\/uploads\/2025\/01\/2023-mitoScholars-Kerrianne-Kozack-e1737472706465-200x198.png 200w, https:\/\/mitocanada.org\/wp-content\/uploads\/2025\/01\/2023-mitoScholars-Kerrianne-Kozack-e1737472706465-300x297.png 300w, https:\/\/mitocanada.org\/wp-content\/uploads\/2025\/01\/2023-mitoScholars-Kerrianne-Kozack-e1737472706465-400x397.png 400w, https:\/\/mitocanada.org\/wp-content\/uploads\/2025\/01\/2023-mitoScholars-Kerrianne-Kozack-e1737472706465-600x595.png 600w, https:\/\/mitocanada.org\/wp-content\/uploads\/2025\/01\/2023-mitoScholars-Kerrianne-Kozack-e1737472706465-768x762.png 768w, https:\/\/mitocanada.org\/wp-content\/uploads\/2025\/01\/2023-mitoScholars-Kerrianne-Kozack-e1737472706465-800x793.png 800w, https:\/\/mitocanada.org\/wp-content\/uploads\/2025\/01\/2023-mitoScholars-Kerrianne-Kozack-e1737472706465.png 830w\" sizes=\"(max-width: 282px) 100vw, 282px\" \/><\/em><\/p>\n<p>Faites la connaissance de Kerrianne Kozack, une \u00e9tudiante universitaire de Colombie-Britannique qui vit avec la maladie de LHON. Le LHON est une maladie mitochondriale \u00e0 organes multiples, h\u00e9rit\u00e9e de la m\u00e8re, qui appara\u00eet \u00e0 l&rsquo;adolescence ou dans la vingtaine. <\/p>\n<p>Apr\u00e8s avoir lutt\u00e9 pendant des ann\u00e9es contre des sympt\u00f4mes inexpliqu\u00e9s, Kerrianne a finalement re\u00e7u le diagnostic de neuropathie optique h\u00e9r\u00e9ditaire de Leber (LHON). Cette maladie limite les activit\u00e9s physiques auxquelles elle peut participer en raison de son intol\u00e9rance \u00e0 l&rsquo;exercice, de sa fatigue et de ses migraines, et elle doit faire attention \u00e0 la fa\u00e7on dont elle s&rsquo;organise. \u00ab\u00a0Comme mes \u00e9tudes sont extr\u00eamement importantes pour moi, je dois souvent renoncer \u00e0 des activit\u00e9s sociales et avec mes pairs pour donner la priorit\u00e9 \u00e0 ma sant\u00e9 et \u00e0 mes \u00e9tudes\u00a0\u00bb, explique-t-elle.  <\/p>\n<p>Kerrianne partage : \u00a0\u00bb Merci beaucoup de m&rsquo;avoir s\u00e9lectionn\u00e9e pour la bourse MitoScholars 2023. Cela aura un impact \u00e9norme sur mon \u00e9ducation cette ann\u00e9e.\u00a0\u00bb<\/p>\n<p>Nous sommes ravis de soutenir Kerrianne dans ses \u00e9tudes et lui souhaitons le meilleur pour l&rsquo;ann\u00e9e \u00e0 venir !<\/p>\n<\/div><\/div><\/div><\/div><\/div>\n","protected":false},"excerpt":{"rendered":"","protected":false},"author":2,"featured_media":0,"parent":0,"menu_order":51,"comment_status":"closed","ping_status":"closed","template":"","meta":{"om_disable_all_campaigns":false,"_monsterinsights_skip_tracking":false,"_monsterinsights_sitenote_active":false,"_monsterinsights_sitenote_note":"","_monsterinsights_sitenote_category":0,"_uf_show_specific_survey":0,"_uf_disable_surveys":false,"footnotes":""},"class_list":["post-9220","page","type-page","status-publish","hentry"],"aioseo_notices":[],"_links":{"self":[{"href":"https:\/\/mitocanada.org\/fr\/wp-json\/wp\/v2\/pages\/9220","targetHints":{"allow":["GET"]}}],"collection":[{"href":"https:\/\/mitocanada.org\/fr\/wp-json\/wp\/v2\/pages"}],"about":[{"href":"https:\/\/mitocanada.org\/fr\/wp-json\/wp\/v2\/types\/page"}],"author":[{"embeddable":true,"href":"https:\/\/mitocanada.org\/fr\/wp-json\/wp\/v2\/users\/2"}],"replies":[{"embeddable":true,"href":"https:\/\/mitocanada.org\/fr\/wp-json\/wp\/v2\/comments?post=9220"}],"version-history":[{"count":6,"href":"https:\/\/mitocanada.org\/fr\/wp-json\/wp\/v2\/pages\/9220\/revisions"}],"predecessor-version":[{"id":11192,"href":"https:\/\/mitocanada.org\/fr\/wp-json\/wp\/v2\/pages\/9220\/revisions\/11192"}],"wp:attachment":[{"href":"https:\/\/mitocanada.org\/fr\/wp-json\/wp\/v2\/media?parent=9220"}],"curies":[{"name":"wp","href":"https:\/\/api.w.org\/{rel}","templated":true}]}}