{"id":9213,"date":"2025-01-14T10:28:26","date_gmt":"2025-01-14T15:28:26","guid":{"rendered":"https:\/\/mitocanada.org\/2023-mitoscholars-alessia-commisso\/"},"modified":"2025-05-19T10:46:00","modified_gmt":"2025-05-19T14:46:00","slug":"2023-mitoscholars-alessia-commisso","status":"publish","type":"page","link":"https:\/\/mitocanada.org\/fr\/2023-mitoscholars-alessia-commisso\/","title":{"rendered":"2023 mitoScholars : Alessia Commisso"},"content":{"rendered":"<div class=\"fusion-fullwidth fullwidth-box fusion-builder-row-1 fusion-flex-container nonhundred-percent-fullwidth non-hundred-percent-height-scrolling\" style=\"--awb-border-radius-top-left:0px;--awb-border-radius-top-right:0px;--awb-border-radius-bottom-right:0px;--awb-border-radius-bottom-left:0px;--awb-flex-wrap:wrap;\" ><div class=\"fusion-builder-row fusion-row fusion-flex-align-items-flex-start fusion-flex-content-wrap\" style=\"max-width:1456px;margin-left: calc(-4% \/ 2 );margin-right: calc(-4% \/ 2 );\"><div class=\"fusion-layout-column fusion_builder_column fusion-builder-column-0 fusion_builder_column_1_1 1_1 fusion-flex-column\" style=\"--awb-bg-size:cover;--awb-width-large:100%;--awb-margin-top-large:0px;--awb-spacing-right-large:1.92%;--awb-margin-bottom-large:0px;--awb-spacing-left-large:1.92%;--awb-width-medium:100%;--awb-spacing-right-medium:1.92%;--awb-spacing-left-medium:1.92%;--awb-width-small:100%;--awb-spacing-right-small:1.92%;--awb-spacing-left-small:1.92%;\"><div class=\"fusion-column-wrapper fusion-flex-justify-content-flex-start fusion-content-layout-column\"><div class=\"fusion-text fusion-text-1\"><h1><\/h1>\n<h3 style=\"color: #7ac141;\"><b>2023 MitoScholars <\/b>Permettre aux jeunes vivant avec une maladie mitochondriale de se concentrer sur leur avenir<\/h3>\n<p><em>Alessia Commisso | Mississauga, Ontario | Travail social (1\u00e8re ann\u00e9e) Humber College &#8211; Toronto, Ontario  <img decoding=\"async\" class=\"alignright wp-image-9197\" src=\"https:\/\/mitocanada.org\/wp-content\/uploads\/2025\/01\/2023-mitoScholars-Alessia-Commisso-e1737472561840.png\" alt=\"Photo d'Alessia dans un cadre circulaire aux accents bleus\" width=\"273\" height=\"274\" srcset=\"https:\/\/mitocanada.org\/wp-content\/uploads\/2025\/01\/2023-mitoScholars-Alessia-Commisso-e1737472561840-66x66.png 66w, https:\/\/mitocanada.org\/wp-content\/uploads\/2025\/01\/2023-mitoScholars-Alessia-Commisso-e1737472561840-150x150.png 150w, https:\/\/mitocanada.org\/wp-content\/uploads\/2025\/01\/2023-mitoScholars-Alessia-Commisso-e1737472561840-200x201.png 200w, https:\/\/mitocanada.org\/wp-content\/uploads\/2025\/01\/2023-mitoScholars-Alessia-Commisso-e1737472561840-300x300.png 300w, https:\/\/mitocanada.org\/wp-content\/uploads\/2025\/01\/2023-mitoScholars-Alessia-Commisso-e1737472561840-400x401.png 400w, https:\/\/mitocanada.org\/wp-content\/uploads\/2025\/01\/2023-mitoScholars-Alessia-Commisso-e1737472561840-600x602.png 600w, https:\/\/mitocanada.org\/wp-content\/uploads\/2025\/01\/2023-mitoScholars-Alessia-Commisso-e1737472561840-768x771.png 768w, https:\/\/mitocanada.org\/wp-content\/uploads\/2025\/01\/2023-mitoScholars-Alessia-Commisso-e1737472561840-800x803.png 800w, https:\/\/mitocanada.org\/wp-content\/uploads\/2025\/01\/2023-mitoScholars-Alessia-Commisso-e1737472561840.png 832w\" sizes=\"(max-width: 273px) 100vw, 273px\" \/>   <\/em><\/p>\n<p>Alessia Commisso est une jeune femme atteinte du syndrome de Leigh et du d\u00e9ficit en complexe 1, une maladie neurom\u00e9tabolique h\u00e9r\u00e9ditaire rare qui affecte le syst\u00e8me nerveux central et le complexe 1, caus\u00e9e par un d\u00e9faut enzymatique de phosphorylation oxydative qui provoque un faible tonus musculaire, des douleurs et une fatigue extr\u00eame.<\/p>\n<p>Malgr\u00e9 les obstacles que la maladie mitochondriale a pr\u00e9sent\u00e9s, Alessia est d\u00e9termin\u00e9e \u00e0 ce que cela ne l&#8217;emp\u00eache pas de vivre la vie qu&rsquo;elle envisage. Elle veut notamment aller \u00e0 l&rsquo;universit\u00e9 pour obtenir un dipl\u00f4me d&rsquo;assistante sociale et se diriger vers une vie ind\u00e9pendante. <\/p>\n<p>Alessia est convaincue que tout est possible si l&rsquo;on travaille dur pour r\u00e9aliser son r\u00eave. Son r\u00eave est d&rsquo;aller \u00e0 l&rsquo;universit\u00e9, de vivre de fa\u00e7on ind\u00e9pendante et d&rsquo;\u00eatre un mod\u00e8le pour les autres, et la bourse MitoScholarship l&rsquo;aide \u00e0 r\u00e9aliser ce r\u00eave. Alessia partage son point de vue,  <\/p>\n<blockquote>\n<p>\u00ab\u00a0Je vous remercie de m&rsquo;avoir choisie comme b\u00e9n\u00e9ficiaire d&rsquo;une bourse. Je suis impatiente de commencer mon parcours universitaire et je vous remercie profond\u00e9ment d&rsquo;avoir fait de ce projet une r\u00e9alit\u00e9. Gr\u00e2ce \u00e0 cette bourse, je peux payer mon transport jusqu&rsquo;\u00e0 l&rsquo;\u00e9cole, les aides-soignants dont j&rsquo;ai besoin, les livres et les autres exigences acad\u00e9miques, et rien de tout cela ne serait possible sans votre g\u00e9n\u00e9rosit\u00e9\u00a0\u00bb.<\/p>\n<\/blockquote>\n<\/div><\/div><\/div><\/div><\/div>\n","protected":false},"excerpt":{"rendered":"","protected":false},"author":2,"featured_media":0,"parent":0,"menu_order":51,"comment_status":"closed","ping_status":"closed","template":"","meta":{"om_disable_all_campaigns":false,"_monsterinsights_skip_tracking":false,"_monsterinsights_sitenote_active":false,"_monsterinsights_sitenote_note":"","_monsterinsights_sitenote_category":0,"_uf_show_specific_survey":0,"_uf_disable_surveys":false,"footnotes":""},"class_list":["post-9213","page","type-page","status-publish","hentry"],"aioseo_notices":[],"_links":{"self":[{"href":"https:\/\/mitocanada.org\/fr\/wp-json\/wp\/v2\/pages\/9213","targetHints":{"allow":["GET"]}}],"collection":[{"href":"https:\/\/mitocanada.org\/fr\/wp-json\/wp\/v2\/pages"}],"about":[{"href":"https:\/\/mitocanada.org\/fr\/wp-json\/wp\/v2\/types\/page"}],"author":[{"embeddable":true,"href":"https:\/\/mitocanada.org\/fr\/wp-json\/wp\/v2\/users\/2"}],"replies":[{"embeddable":true,"href":"https:\/\/mitocanada.org\/fr\/wp-json\/wp\/v2\/comments?post=9213"}],"version-history":[{"count":6,"href":"https:\/\/mitocanada.org\/fr\/wp-json\/wp\/v2\/pages\/9213\/revisions"}],"predecessor-version":[{"id":11189,"href":"https:\/\/mitocanada.org\/fr\/wp-json\/wp\/v2\/pages\/9213\/revisions\/11189"}],"wp:attachment":[{"href":"https:\/\/mitocanada.org\/fr\/wp-json\/wp\/v2\/media?parent=9213"}],"curies":[{"name":"wp","href":"https:\/\/api.w.org\/{rel}","templated":true}]}}