{"id":9190,"date":"2025-01-14T10:21:36","date_gmt":"2025-01-14T15:21:36","guid":{"rendered":"https:\/\/mitocanada.org\/2024-mitoscholars-veronica-jenkins\/"},"modified":"2025-05-19T10:32:44","modified_gmt":"2025-05-19T14:32:44","slug":"2024-mitoscholars-veronica-jenkins","status":"publish","type":"page","link":"https:\/\/mitocanada.org\/fr\/2024-mitoscholars-veronica-jenkins\/","title":{"rendered":"2024 mitoScholars : Veronica Jenkins"},"content":{"rendered":"<div class=\"fusion-fullwidth fullwidth-box fusion-builder-row-1 fusion-flex-container nonhundred-percent-fullwidth non-hundred-percent-height-scrolling\" style=\"--awb-border-radius-top-left:0px;--awb-border-radius-top-right:0px;--awb-border-radius-bottom-right:0px;--awb-border-radius-bottom-left:0px;--awb-flex-wrap:wrap;\" ><div class=\"fusion-builder-row fusion-row fusion-flex-align-items-flex-start fusion-flex-content-wrap\" style=\"max-width:1456px;margin-left: calc(-4% \/ 2 );margin-right: calc(-4% \/ 2 );\"><div class=\"fusion-layout-column fusion_builder_column fusion-builder-column-0 fusion_builder_column_1_1 1_1 fusion-flex-column\" style=\"--awb-bg-size:cover;--awb-width-large:100%;--awb-margin-top-large:0px;--awb-spacing-right-large:1.92%;--awb-margin-bottom-large:0px;--awb-spacing-left-large:1.92%;--awb-width-medium:100%;--awb-spacing-right-medium:1.92%;--awb-spacing-left-medium:1.92%;--awb-width-small:100%;--awb-spacing-right-small:1.92%;--awb-spacing-left-small:1.92%;\"><div class=\"fusion-column-wrapper fusion-flex-justify-content-flex-start fusion-content-layout-column\"><div class=\"fusion-text fusion-text-1\"><h1><\/h1>\n<h3 style=\"color: #7ac141;\"><b>2024 MitoScholars <\/b>Aider les jeunes adultes vivant avec une maladie mitochondriale \u00e0 poursuivre leurs r\u00eaves acad\u00e9miques<\/h3>\n<p><em>Veronica Jenkins | Calgary, Alberta | Licence en design (premi\u00e8re ann\u00e9e), Alberta University of the Arts<img decoding=\"async\" class=\"alignright wp-image-9165\" src=\"https:\/\/mitocanada.org\/wp-content\/uploads\/2025\/01\/2024-mitoScholars-Veronika-Jenkins-e1737471365153.png\" alt=\"Photo de Veronica dans un cadre circulaire avec un contour rose\" width=\"272\" height=\"272\" srcset=\"https:\/\/mitocanada.org\/wp-content\/uploads\/2025\/01\/2024-mitoScholars-Veronika-Jenkins-e1737471365153-66x66.png 66w, https:\/\/mitocanada.org\/wp-content\/uploads\/2025\/01\/2024-mitoScholars-Veronika-Jenkins-e1737471365153-150x150.png 150w, https:\/\/mitocanada.org\/wp-content\/uploads\/2025\/01\/2024-mitoScholars-Veronika-Jenkins-e1737471365153-200x200.png 200w, https:\/\/mitocanada.org\/wp-content\/uploads\/2025\/01\/2024-mitoScholars-Veronika-Jenkins-e1737471365153-300x300.png 300w, https:\/\/mitocanada.org\/wp-content\/uploads\/2025\/01\/2024-mitoScholars-Veronika-Jenkins-e1737471365153-400x400.png 400w, https:\/\/mitocanada.org\/wp-content\/uploads\/2025\/01\/2024-mitoScholars-Veronika-Jenkins-e1737471365153-600x600.png 600w, https:\/\/mitocanada.org\/wp-content\/uploads\/2025\/01\/2024-mitoScholars-Veronika-Jenkins-e1737471365153-768x768.png 768w, https:\/\/mitocanada.org\/wp-content\/uploads\/2025\/01\/2024-mitoScholars-Veronika-Jenkins-e1737471365153-800x800.png 800w, https:\/\/mitocanada.org\/wp-content\/uploads\/2025\/01\/2024-mitoScholars-Veronika-Jenkins-e1737471365153.png 980w\" sizes=\"(max-width: 272px) 100vw, 272px\" \/><\/em><\/p>\n<p>Veronica Jenkins est une artiste en herbe et une s\u0153ur mito qui poursuit des \u00e9tudes de design \u00e0 l&rsquo;Universit\u00e9 des arts de l&rsquo;Alberta. Elle explique que son objectif est \u00ab\u00a0d&rsquo;acqu\u00e9rir des comp\u00e9tences pour am\u00e9liorer mon art afin de cr\u00e9er une s\u00e9rie d&rsquo;\u0153uvres qui illustreront les d\u00e9fis auxquels les personnes handicap\u00e9es sont confront\u00e9es dans la soci\u00e9t\u00e9 d&rsquo;aujourd&rsquo;hui\u00a0\u00bb. <\/p>\n<p>Vivre avec une s\u0153ur cadette atteinte d&rsquo;une maladie mitochondriale a eu un impact profond sur sa vie. Veronica a appris \u00e0 administrer des aliments par sonde, \u00e0 transf\u00e9rer correctement des personnes vers et depuis des appareils de mobilit\u00e9, et la vie avec la maladie mitochondriale l&rsquo;a mise en contact avec un incroyable r\u00e9seau de personnes et d&rsquo;organisations qui mettent en relation les familles d&rsquo;enfants ayant des besoins sp\u00e9ciaux. La s\u0153ur de Veronica lui a appris \u00e0 \u00eatre patiente, \u00e0 prendre soin d&rsquo;autrui, \u00e0 rire et \u00e0 cr\u00e9er et, surtout, \u00e0 aimer inconditionnellement.  <\/p>\n<p>Veronica partage son point de vue,<\/p>\n<blockquote>\n<p>\u00ab\u00a0Ma s\u0153ur est ma meilleure amie et je ne sais vraiment pas o\u00f9 j&rsquo;en serais aujourd&rsquo;hui sans elle et son soutien constant. Je suis honor\u00e9e d&rsquo;avoir \u00e9t\u00e9 choisie comme b\u00e9n\u00e9ficiaire d&rsquo;une bourse d&rsquo;\u00e9tudes ; merci beaucoup.\u00a0\u00bb Veronica poursuit : \u00a0\u00bb Je suis tr\u00e8s enthousiaste \u00e0 l&rsquo;id\u00e9e de commencer mon parcours universitaire et je vous remercie profond\u00e9ment d&rsquo;avoir fait en sorte que cela devienne une r\u00e9alit\u00e9. MitoCanada a aid\u00e9 tant de gens \u00e0 atteindre leurs objectifs, et je leur suis \u00e9ternellement reconnaissante de vouloir m&rsquo;aider \u00e0 atteindre les miens. Encore une fois, merci beaucoup.   <\/p>\n<\/blockquote>\n<\/div><\/div><\/div><\/div><\/div>\n","protected":false},"excerpt":{"rendered":"","protected":false},"author":2,"featured_media":0,"parent":0,"menu_order":51,"comment_status":"closed","ping_status":"closed","template":"","meta":{"om_disable_all_campaigns":false,"_monsterinsights_skip_tracking":false,"_monsterinsights_sitenote_active":false,"_monsterinsights_sitenote_note":"","_monsterinsights_sitenote_category":0,"_uf_show_specific_survey":0,"_uf_disable_surveys":false,"footnotes":""},"class_list":["post-9190","page","type-page","status-publish","hentry"],"aioseo_notices":[],"_links":{"self":[{"href":"https:\/\/mitocanada.org\/fr\/wp-json\/wp\/v2\/pages\/9190","targetHints":{"allow":["GET"]}}],"collection":[{"href":"https:\/\/mitocanada.org\/fr\/wp-json\/wp\/v2\/pages"}],"about":[{"href":"https:\/\/mitocanada.org\/fr\/wp-json\/wp\/v2\/types\/page"}],"author":[{"embeddable":true,"href":"https:\/\/mitocanada.org\/fr\/wp-json\/wp\/v2\/users\/2"}],"replies":[{"embeddable":true,"href":"https:\/\/mitocanada.org\/fr\/wp-json\/wp\/v2\/comments?post=9190"}],"version-history":[{"count":4,"href":"https:\/\/mitocanada.org\/fr\/wp-json\/wp\/v2\/pages\/9190\/revisions"}],"predecessor-version":[{"id":11181,"href":"https:\/\/mitocanada.org\/fr\/wp-json\/wp\/v2\/pages\/9190\/revisions\/11181"}],"wp:attachment":[{"href":"https:\/\/mitocanada.org\/fr\/wp-json\/wp\/v2\/media?parent=9190"}],"curies":[{"name":"wp","href":"https:\/\/api.w.org\/{rel}","templated":true}]}}