{"id":9186,"date":"2025-01-14T10:18:56","date_gmt":"2025-01-14T15:18:56","guid":{"rendered":"https:\/\/mitocanada.org\/2024-mitoscholars-ethan-pruchnicki\/"},"modified":"2025-05-19T10:28:07","modified_gmt":"2025-05-19T14:28:07","slug":"2024-mitoscholars-ethan-pruchnicki","status":"publish","type":"page","link":"https:\/\/mitocanada.org\/fr\/2024-mitoscholars-ethan-pruchnicki\/","title":{"rendered":"2024 mitoScholars : Ethan Pruchnicki"},"content":{"rendered":"<div class=\"fusion-fullwidth fullwidth-box fusion-builder-row-1 fusion-flex-container nonhundred-percent-fullwidth non-hundred-percent-height-scrolling\" style=\"--awb-border-radius-top-left:0px;--awb-border-radius-top-right:0px;--awb-border-radius-bottom-right:0px;--awb-border-radius-bottom-left:0px;--awb-flex-wrap:wrap;\" ><div class=\"fusion-builder-row fusion-row fusion-flex-align-items-flex-start fusion-flex-content-wrap\" style=\"max-width:1456px;margin-left: calc(-4% \/ 2 );margin-right: calc(-4% \/ 2 );\"><div class=\"fusion-layout-column fusion_builder_column fusion-builder-column-0 fusion_builder_column_1_1 1_1 fusion-flex-column\" style=\"--awb-bg-size:cover;--awb-width-large:100%;--awb-margin-top-large:0px;--awb-spacing-right-large:1.92%;--awb-margin-bottom-large:0px;--awb-spacing-left-large:1.92%;--awb-width-medium:100%;--awb-spacing-right-medium:1.92%;--awb-spacing-left-medium:1.92%;--awb-width-small:100%;--awb-spacing-right-small:1.92%;--awb-spacing-left-small:1.92%;\"><div class=\"fusion-column-wrapper fusion-flex-justify-content-flex-start fusion-content-layout-column\"><div class=\"fusion-text fusion-text-1\"><h1><\/h1>\n<h3 style=\"color: #7ac141;\"><b>2024 MitoScholars <\/b>Aider les jeunes adultes vivant avec une maladie mitochondriale \u00e0 poursuivre leurs r\u00eaves acad\u00e9miques<\/h3>\n<p><em>Ethan Pruchnicki | Innisfil, Ontario | Sciences et affaires (premi\u00e8re ann\u00e9e), Universit\u00e9 de Waterloo<img decoding=\"async\" class=\"alignright wp-image-9159\" src=\"https:\/\/mitocanada.org\/wp-content\/uploads\/2025\/01\/2024-mitoScholars-Ethan-Pruchnicki-e1737471250744.png\" alt=\"Ethan et Cole tenant un ballon de basket dans un cadre circulaire avec un contour rose\" width=\"267\" height=\"269\" srcset=\"https:\/\/mitocanada.org\/wp-content\/uploads\/2025\/01\/2024-mitoScholars-Ethan-Pruchnicki-e1737471250744-66x66.png 66w, https:\/\/mitocanada.org\/wp-content\/uploads\/2025\/01\/2024-mitoScholars-Ethan-Pruchnicki-e1737471250744-150x150.png 150w, https:\/\/mitocanada.org\/wp-content\/uploads\/2025\/01\/2024-mitoScholars-Ethan-Pruchnicki-e1737471250744-200x201.png 200w, https:\/\/mitocanada.org\/wp-content\/uploads\/2025\/01\/2024-mitoScholars-Ethan-Pruchnicki-e1737471250744-298x300.png 298w, https:\/\/mitocanada.org\/wp-content\/uploads\/2025\/01\/2024-mitoScholars-Ethan-Pruchnicki-e1737471250744-400x403.png 400w, https:\/\/mitocanada.org\/wp-content\/uploads\/2025\/01\/2024-mitoScholars-Ethan-Pruchnicki-e1737471250744-600x604.png 600w, https:\/\/mitocanada.org\/wp-content\/uploads\/2025\/01\/2024-mitoScholars-Ethan-Pruchnicki-e1737471250744-768x774.png 768w, https:\/\/mitocanada.org\/wp-content\/uploads\/2025\/01\/2024-mitoScholars-Ethan-Pruchnicki-e1737471250744-800x806.png 800w, https:\/\/mitocanada.org\/wp-content\/uploads\/2025\/01\/2024-mitoScholars-Ethan-Pruchnicki-e1737471250744.png 976w\" sizes=\"(max-width: 267px) 100vw, 267px\" \/><\/em><\/p>\n<p>Rencontrez Ethan, un fr\u00e8re mito et athl\u00e8te. Le fr\u00e8re d&rsquo;Ethan a \u00e9t\u00e9 diagnostiqu\u00e9 avec un d\u00e9ficit du complexe pyruvate d\u00e9shydrog\u00e9nase (PDCD), une maladie neurod\u00e9g\u00e9n\u00e9rative rare qui affecte la capacit\u00e9 de l&rsquo;organisme \u00e0 convertir les hydrates de carbone en \u00e9nergie. Les sympt\u00f4mes peuvent inclure une perte intermittente d&rsquo;\u00e9quilibre ou de coordination (ataxie), un faible tonus musculaire, des mouvements oculaires anormaux et parfois des crises d&rsquo;\u00e9pilepsie.  <\/p>\n<p>Ces deux fr\u00e8res forment un duo dynamique ; qu&rsquo;il s&rsquo;agisse de faire du b\u00e9n\u00e9volat, de s&rsquo;entra\u00eener \u00e0 la salle de sport ou de regarder leurs \u00e9missions pr\u00e9f\u00e9r\u00e9es ensemble, ils aiment passer du temps de qualit\u00e9 ensemble. Ethan partage, <\/p>\n<blockquote>\n<p>\u00ab\u00a0Mon fr\u00e8re a consid\u00e9rablement am\u00e9lior\u00e9 ma vie. Il m&rsquo;a toujours incit\u00e9 \u00e0 d\u00e9passer mes limites ; chaque fois que je fais du sport, il m&rsquo;encourage et me dit de travailler plus dur. L&rsquo;un de mes passe-temps favoris est de jouer au basket avec mon fr\u00e8re dans l&rsquo;all\u00e9e. De plus, le fait d&rsquo;aider mon fr\u00e8re \u00e0 faire ses devoirs me rappelle de faire les miens aussi. MitoCanada a \u00e9t\u00e9 d&rsquo;un grand soutien pour ma famille. Je suis honor\u00e9 de recevoir cette bourse qui m&rsquo;aidera \u00e0 entamer ma carri\u00e8re universitaire, et je suis extr\u00eamement reconnaissant \u00e0 MitoCanada et \u00e0 la communaut\u00e9 Mito pour leur soutien\u00a0\u00bb.<\/p>\n<\/blockquote>\n<\/div><\/div><\/div><\/div><\/div>\n","protected":false},"excerpt":{"rendered":"","protected":false},"author":2,"featured_media":0,"parent":0,"menu_order":51,"comment_status":"closed","ping_status":"closed","template":"","meta":{"om_disable_all_campaigns":false,"_monsterinsights_skip_tracking":false,"_monsterinsights_sitenote_active":false,"_monsterinsights_sitenote_note":"","_monsterinsights_sitenote_category":0,"_uf_show_specific_survey":0,"_uf_disable_surveys":false,"footnotes":""},"class_list":["post-9186","page","type-page","status-publish","hentry"],"aioseo_notices":[],"_links":{"self":[{"href":"https:\/\/mitocanada.org\/fr\/wp-json\/wp\/v2\/pages\/9186","targetHints":{"allow":["GET"]}}],"collection":[{"href":"https:\/\/mitocanada.org\/fr\/wp-json\/wp\/v2\/pages"}],"about":[{"href":"https:\/\/mitocanada.org\/fr\/wp-json\/wp\/v2\/types\/page"}],"author":[{"embeddable":true,"href":"https:\/\/mitocanada.org\/fr\/wp-json\/wp\/v2\/users\/2"}],"replies":[{"embeddable":true,"href":"https:\/\/mitocanada.org\/fr\/wp-json\/wp\/v2\/comments?post=9186"}],"version-history":[{"count":4,"href":"https:\/\/mitocanada.org\/fr\/wp-json\/wp\/v2\/pages\/9186\/revisions"}],"predecessor-version":[{"id":11178,"href":"https:\/\/mitocanada.org\/fr\/wp-json\/wp\/v2\/pages\/9186\/revisions\/11178"}],"wp:attachment":[{"href":"https:\/\/mitocanada.org\/fr\/wp-json\/wp\/v2\/media?parent=9186"}],"curies":[{"name":"wp","href":"https:\/\/api.w.org\/{rel}","templated":true}]}}