{"id":9179,"date":"2025-01-14T10:15:44","date_gmt":"2025-01-14T15:15:44","guid":{"rendered":"https:\/\/mitocanada.org\/2024-mitoscholars-jillian-grace-railton\/"},"modified":"2025-05-19T10:24:17","modified_gmt":"2025-05-19T14:24:17","slug":"2024-mitoscholars-jillian-grace-railton","status":"publish","type":"page","link":"https:\/\/mitocanada.org\/fr\/2024-mitoscholars-jillian-grace-railton\/","title":{"rendered":"2024 mitoScholars : Jillian Grace Railton"},"content":{"rendered":"<div class=\"fusion-fullwidth fullwidth-box fusion-builder-row-1 fusion-flex-container nonhundred-percent-fullwidth non-hundred-percent-height-scrolling\" style=\"--awb-border-radius-top-left:0px;--awb-border-radius-top-right:0px;--awb-border-radius-bottom-right:0px;--awb-border-radius-bottom-left:0px;--awb-flex-wrap:wrap;\" ><div class=\"fusion-builder-row fusion-row fusion-flex-align-items-flex-start fusion-flex-content-wrap\" style=\"max-width:1456px;margin-left: calc(-4% \/ 2 );margin-right: calc(-4% \/ 2 );\"><div class=\"fusion-layout-column fusion_builder_column fusion-builder-column-0 fusion_builder_column_1_1 1_1 fusion-flex-column\" style=\"--awb-bg-size:cover;--awb-width-large:100%;--awb-margin-top-large:0px;--awb-spacing-right-large:1.92%;--awb-margin-bottom-large:0px;--awb-spacing-left-large:1.92%;--awb-width-medium:100%;--awb-spacing-right-medium:1.92%;--awb-spacing-left-medium:1.92%;--awb-width-small:100%;--awb-spacing-right-small:1.92%;--awb-spacing-left-small:1.92%;\"><div class=\"fusion-column-wrapper fusion-flex-justify-content-flex-start fusion-content-layout-column\"><div class=\"fusion-text fusion-text-1\"><h1><\/h1>\n<h3 style=\"color: #7ac141;\"><b>2024 MitoScholars <\/b>Aider les jeunes adultes vivant avec une maladie mitochondriale \u00e0 poursuivre leurs r\u00eaves acad\u00e9miques<\/h3>\n<p><em><img decoding=\"async\" class=\"alignright wp-image-9161\" src=\"https:\/\/mitocanada.org\/wp-content\/uploads\/2025\/01\/2024-mitoScholars-Jillian-Grace-Railton-e1737471152672.png\" alt=\"Photo de Jilian dans un cadre circulaire avec un contour vert\" width=\"268\" height=\"269\" srcset=\"https:\/\/mitocanada.org\/wp-content\/uploads\/2025\/01\/2024-mitoScholars-Jillian-Grace-Railton-e1737471152672-66x66.png 66w, https:\/\/mitocanada.org\/wp-content\/uploads\/2025\/01\/2024-mitoScholars-Jillian-Grace-Railton-e1737471152672-150x150.png 150w, https:\/\/mitocanada.org\/wp-content\/uploads\/2025\/01\/2024-mitoScholars-Jillian-Grace-Railton-e1737471152672-200x201.png 200w, https:\/\/mitocanada.org\/wp-content\/uploads\/2025\/01\/2024-mitoScholars-Jillian-Grace-Railton-e1737471152672-300x300.png 300w, https:\/\/mitocanada.org\/wp-content\/uploads\/2025\/01\/2024-mitoScholars-Jillian-Grace-Railton-e1737471152672-400x401.png 400w, https:\/\/mitocanada.org\/wp-content\/uploads\/2025\/01\/2024-mitoScholars-Jillian-Grace-Railton-e1737471152672-600x602.png 600w, https:\/\/mitocanada.org\/wp-content\/uploads\/2025\/01\/2024-mitoScholars-Jillian-Grace-Railton-e1737471152672-768x770.png 768w, https:\/\/mitocanada.org\/wp-content\/uploads\/2025\/01\/2024-mitoScholars-Jillian-Grace-Railton-e1737471152672-800x802.png 800w, https:\/\/mitocanada.org\/wp-content\/uploads\/2025\/01\/2024-mitoScholars-Jillian-Grace-Railton-e1737471152672.png 983w\" sizes=\"(max-width: 268px) 100vw, 268px\" \/>Jillian Grace Railton | Moose Jaw, Saskatchewan | Psychologie (premi\u00e8re ann\u00e9e), Universit\u00e9 de Regina<\/em><\/p>\n<p>Jillian Railton vit avec le syndrome de Kearns-Sayre (KSS), une maladie neuromusculaire rare qui affecte plusieurs syst\u00e8mes corporels ; les sympt\u00f4mes les plus courants sont la paralysie des muscles oculaires, la faiblesse musculaire des membres et la perte d&rsquo;\u00e9quilibre ou de coordination (ataxie).<\/p>\n<p>Malgr\u00e9 le diagnostic de Jillian, elle n&rsquo;a jamais laiss\u00e9 KSS la d\u00e9finir. Elle a re\u00e7u son diagnostic au d\u00e9but de l&rsquo;ann\u00e9e 2020, quelques jours avant que le monde ne s&rsquo;arr\u00eate \u00e0 cause de Covid, et a acc\u00e9d\u00e9 aux soins en ligne. Jillian a toujours fait de son mieux pour mener une vie \u00ab\u00a0normale\u00a0\u00bb, en connaissant ses forces et ses limites.  <\/p>\n<p>Danseuse de comp\u00e9tition depuis l&rsquo;\u00e2ge de 4 ans, Jillian a parfois d\u00fb travailler tr\u00e8s dur pour suivre ses camarades de classe en raison d&rsquo;une faiblesse musculaire, mais elle n&rsquo;a jamais abandonn\u00e9. Elle a relev\u00e9 tous les d\u00e9fis avec d\u00e9termination et un \u00e9tat d&rsquo;esprit de croissance. <\/p>\n<blockquote>\n<p>Jillian raconte : \u00ab\u00a0Obtenir un dipl\u00f4me universitaire est tr\u00e8s important pour moi, et j&rsquo;ai l&rsquo;intention de travailler dur et de r\u00e9ussir ! Apr\u00e8s avoir obtenu mon dipl\u00f4me en psychologie, je veux pouvoir aider les gens ! Certains diront que je n&rsquo;ai pas eu de chance, mais j&rsquo;ai vraiment appris \u00e0 voir le bon c\u00f4t\u00e9 de la vie, et je veux aider d&rsquo;autres personnes qui ont des difficult\u00e9s \u00e0 faire de m\u00eame. Merci beaucoup de m&rsquo;avoir choisie comme laur\u00e9ate de la bourse mitoScholarship. Je m&rsquo;efforcerai de tirer le meilleur parti de cette incroyable opportunit\u00e9 !\u00a0\u00bb<\/p>\n<\/blockquote>\n<\/div><div class=\"fusion-separator fusion-full-width-sep\" style=\"align-self: center;margin-left: auto;margin-right: auto;margin-top:25px;margin-bottom:25px;width:100%;\"><div class=\"fusion-separator-border sep-single sep-solid\" style=\"--awb-height:20px;--awb-amount:20px;border-color:var(--awb-color3);border-top-width:1px;\"><\/div><\/div><\/div><\/div><\/div><\/div>\n","protected":false},"excerpt":{"rendered":"","protected":false},"author":2,"featured_media":0,"parent":0,"menu_order":51,"comment_status":"closed","ping_status":"closed","template":"","meta":{"om_disable_all_campaigns":false,"_monsterinsights_skip_tracking":false,"_monsterinsights_sitenote_active":false,"_monsterinsights_sitenote_note":"","_monsterinsights_sitenote_category":0,"_uf_show_specific_survey":0,"_uf_disable_surveys":false,"footnotes":""},"class_list":["post-9179","page","type-page","status-publish","hentry"],"aioseo_notices":[],"_links":{"self":[{"href":"https:\/\/mitocanada.org\/fr\/wp-json\/wp\/v2\/pages\/9179","targetHints":{"allow":["GET"]}}],"collection":[{"href":"https:\/\/mitocanada.org\/fr\/wp-json\/wp\/v2\/pages"}],"about":[{"href":"https:\/\/mitocanada.org\/fr\/wp-json\/wp\/v2\/types\/page"}],"author":[{"embeddable":true,"href":"https:\/\/mitocanada.org\/fr\/wp-json\/wp\/v2\/users\/2"}],"replies":[{"embeddable":true,"href":"https:\/\/mitocanada.org\/fr\/wp-json\/wp\/v2\/comments?post=9179"}],"version-history":[{"count":7,"href":"https:\/\/mitocanada.org\/fr\/wp-json\/wp\/v2\/pages\/9179\/revisions"}],"predecessor-version":[{"id":11174,"href":"https:\/\/mitocanada.org\/fr\/wp-json\/wp\/v2\/pages\/9179\/revisions\/11174"}],"wp:attachment":[{"href":"https:\/\/mitocanada.org\/fr\/wp-json\/wp\/v2\/media?parent=9179"}],"curies":[{"name":"wp","href":"https:\/\/api.w.org\/{rel}","templated":true}]}}