{"id":9172,"date":"2025-01-14T10:12:53","date_gmt":"2025-01-14T15:12:53","guid":{"rendered":"https:\/\/mitocanada.org\/2024-mitoscholars-jodi-young\/"},"modified":"2025-05-19T10:21:58","modified_gmt":"2025-05-19T14:21:58","slug":"2024-mitoscholars-jodi-young","status":"publish","type":"page","link":"https:\/\/mitocanada.org\/fr\/2024-mitoscholars-jodi-young\/","title":{"rendered":"2024 mitoScholars : Jodi Young"},"content":{"rendered":"<div class=\"fusion-fullwidth fullwidth-box fusion-builder-row-1 fusion-flex-container nonhundred-percent-fullwidth non-hundred-percent-height-scrolling\" style=\"--awb-border-radius-top-left:0px;--awb-border-radius-top-right:0px;--awb-border-radius-bottom-right:0px;--awb-border-radius-bottom-left:0px;--awb-flex-wrap:wrap;\" ><div class=\"fusion-builder-row fusion-row fusion-flex-align-items-flex-start fusion-flex-content-wrap\" style=\"max-width:1456px;margin-left: calc(-4% \/ 2 );margin-right: calc(-4% \/ 2 );\"><div class=\"fusion-layout-column fusion_builder_column fusion-builder-column-0 fusion_builder_column_1_1 1_1 fusion-flex-column\" style=\"--awb-bg-size:cover;--awb-width-large:100%;--awb-margin-top-large:0px;--awb-spacing-right-large:1.92%;--awb-margin-bottom-large:0px;--awb-spacing-left-large:1.92%;--awb-width-medium:100%;--awb-spacing-right-medium:1.92%;--awb-spacing-left-medium:1.92%;--awb-width-small:100%;--awb-spacing-right-small:1.92%;--awb-spacing-left-small:1.92%;\"><div class=\"fusion-column-wrapper fusion-flex-justify-content-flex-start fusion-content-layout-column\"><div class=\"fusion-text fusion-text-1\"><h1><\/h1>\n<h3 style=\"color: #7ac141;\"><b>2024 MitoScholars <\/b>Aider les jeunes adultes vivant avec une maladie mitochondriale \u00e0 poursuivre leurs r\u00eaves acad\u00e9miques<\/h3>\n<p><em>Jodi Young | Corner Brook, Newfoundland | PhD Boreal Ecosystem &amp; Agricultural Sciences, Memorial University<\/em><\/p>\n<p><img decoding=\"async\" class=\"alignright wp-image-9163\" src=\"https:\/\/mitocanada.org\/wp-content\/uploads\/2025\/01\/2024-mitoScholars-Jodi-Young.png\" alt=\"Photo de Jodi Young dans un cadre circulaire avec un contour vert\" width=\"266\" height=\"266\">Jodi Young est une jeune femme qui, comme sa s\u0153ur et sa m\u00e8re, est atteinte du syndrome MELAS (enc\u00e9phalomyopathie mitochondriale, acidose lactique et accidents vasculaires c\u00e9r\u00e9braux), une maladie mitochondriale rare qui affecte principalement le syst\u00e8me nerveux et les muscles.<\/p>\n<p>MELAS a rapidement appris \u00e0 Jodi que l&rsquo;avenir n&rsquo;est jamais promis, et elle a donc commenc\u00e9 \u00e0 se lancer dans ce qu&rsquo;elle aime, quoi qu&rsquo;en pensent les gens. C&rsquo;est ainsi qu&rsquo;elle a obtenu une licence en sciences (elle est sortie major de sa promotion en 2021) et une ma\u00eetrise en \u00e9cosyst\u00e8mes bor\u00e9aux et sciences agricoles. Aujourd&rsquo;hui, Jodi va poursuivre son doctorat en menant des recherches sur les pollinisateurs des landes calcaires de Terre-Neuve. Ce point chaud de la biodiversit\u00e9 et cet habitat rare abritent de nombreuses plantes menac\u00e9es, mais on sait peu de choses sur les pollinisateurs de cette r\u00e9gion. Jodi souhaite changer cette situation.    <\/p>\n<blockquote>\n<p>\u00ab\u00a0Depuis mon plus jeune \u00e2ge, je suis captiv\u00e9e par le monde des insectes, des cr\u00e9atures souvent n\u00e9glig\u00e9es ou mal comprises\u00a0\u00bb, explique Jodi. Aujourd&rsquo;hui, ma passion pour ces \u00ab\u00a0cr\u00e9atures rampantes\u00a0\u00bb n&rsquo;a pas seulement fa\u00e7onn\u00e9 mes objectifs personnels et acad\u00e9miques, mais a \u00e9galement aliment\u00e9 mon d\u00e9sir d&rsquo;\u00e9duquer les autres sur leur beaut\u00e9 unique et leur importance \u00e9cologique.\u00a0\u00bb <\/p>\n<\/blockquote>\n<p>MitoCanada est ravi de soutenir Jodi dans ses \u00e9tudes. \u00ab\u00a0Je suis extr\u00eamement reconnaissante \u00e0 MitoCanada de m&rsquo;avoir choisie comme r\u00e9cipiendaire de la bourse mitoScholars. Merci de croire en mon travail et de m&rsquo;aider \u00e0 toujours poursuivre ma passion. Je vous serai toujours reconnaissante de votre gentillesse et de votre soutien continus \u00e0 mon \u00e9gard et \u00e0 l&rsquo;\u00e9gard de toute la communaut\u00e9 Mito\u00a0\u00bb, d\u00e9clare Jodi.<\/p>\n<\/div><\/div><\/div><\/div><\/div>\n","protected":false},"excerpt":{"rendered":"","protected":false},"author":2,"featured_media":0,"parent":0,"menu_order":51,"comment_status":"closed","ping_status":"closed","template":"","meta":{"om_disable_all_campaigns":false,"_monsterinsights_skip_tracking":false,"_monsterinsights_sitenote_active":false,"_monsterinsights_sitenote_note":"","_monsterinsights_sitenote_category":0,"_uf_show_specific_survey":0,"_uf_disable_surveys":false,"footnotes":""},"class_list":["post-9172","page","type-page","status-publish","hentry"],"aioseo_notices":[],"_links":{"self":[{"href":"https:\/\/mitocanada.org\/fr\/wp-json\/wp\/v2\/pages\/9172","targetHints":{"allow":["GET"]}}],"collection":[{"href":"https:\/\/mitocanada.org\/fr\/wp-json\/wp\/v2\/pages"}],"about":[{"href":"https:\/\/mitocanada.org\/fr\/wp-json\/wp\/v2\/types\/page"}],"author":[{"embeddable":true,"href":"https:\/\/mitocanada.org\/fr\/wp-json\/wp\/v2\/users\/2"}],"replies":[{"embeddable":true,"href":"https:\/\/mitocanada.org\/fr\/wp-json\/wp\/v2\/comments?post=9172"}],"version-history":[{"count":8,"href":"https:\/\/mitocanada.org\/fr\/wp-json\/wp\/v2\/pages\/9172\/revisions"}],"predecessor-version":[{"id":11171,"href":"https:\/\/mitocanada.org\/fr\/wp-json\/wp\/v2\/pages\/9172\/revisions\/11171"}],"wp:attachment":[{"href":"https:\/\/mitocanada.org\/fr\/wp-json\/wp\/v2\/media?parent=9172"}],"curies":[{"name":"wp","href":"https:\/\/api.w.org\/{rel}","templated":true}]}}