{"id":9126,"date":"2022-05-06T10:15:30","date_gmt":"2022-05-06T14:15:30","guid":{"rendered":"https:\/\/mitocanada.org\/serie-de-courses-be-there-ab\/"},"modified":"2026-01-11T14:31:58","modified_gmt":"2026-01-11T19:31:58","slug":"serie-de-courses-be-there-ab","status":"publish","type":"page","link":"https:\/\/mitocanada.org\/fr\/serie-de-courses-be-there-ab\/","title":{"rendered":"S\u00e9rie de courses Be There (AB)"},"content":{"rendered":"<p><div class=\"fusion-fullwidth fullwidth-box fusion-builder-row-1 fusion-flex-container nonhundred-percent-fullwidth non-hundred-percent-height-scrolling\" style=\"--awb-border-radius-top-left:0px;--awb-border-radius-top-right:0px;--awb-border-radius-bottom-right:0px;--awb-border-radius-bottom-left:0px;--awb-flex-wrap:wrap;\" ><div class=\"fusion-builder-row fusion-row fusion-flex-align-items-flex-start fusion-flex-content-wrap\" style=\"max-width:1456px;margin-left: calc(-4% \/ 2 );margin-right: calc(-4% \/ 2 );\"><div class=\"fusion-layout-column fusion_builder_column fusion-builder-column-0 fusion_builder_column_1_1 1_1 fusion-flex-column\" style=\"--awb-bg-size:cover;--awb-width-large:100%;--awb-margin-top-large:0px;--awb-spacing-right-large:1.92%;--awb-margin-bottom-large:0px;--awb-spacing-left-large:1.92%;--awb-width-medium:100%;--awb-spacing-right-medium:1.92%;--awb-spacing-left-medium:1.92%;--awb-width-small:100%;--awb-spacing-right-small:1.92%;--awb-spacing-left-small:1.92%;\"><div class=\"fusion-column-wrapper fusion-flex-justify-content-flex-start fusion-content-layout-column\"><div class=\"fusion-image-element \" style=\"text-align:center;--awb-caption-title-font-family:var(--h2_typography-font-family);--awb-caption-title-font-weight:var(--h2_typography-font-weight);--awb-caption-title-font-style:var(--h2_typography-font-style);--awb-caption-title-size:var(--h2_typography-font-size);--awb-caption-title-transform:var(--h2_typography-text-transform);--awb-caption-title-line-height:var(--h2_typography-line-height);--awb-caption-title-letter-spacing:var(--h2_typography-letter-spacing);\"><span class=\" fusion-imageframe imageframe-none imageframe-1 hover-type-none\"><a class=\"fusion-no-lightbox\" href=\"http:\/\/bethereraces.com\/\" target=\"_blank\" aria-label=\"Untitled (5000 \u00d7 3456 px) (1025 \u00d7 375 px)\" rel=\"noopener noreferrer\"><img decoding=\"async\" width=\"1025\" height=\"375\" alt=\"Be There Races logo\" src=\"https:\/\/mitocanada.org\/wp-content\/uploads\/2022\/06\/Untitled-5000-\u00d7-3456-px-1025-\u00d7-375-px-2.png\" class=\"img-responsive wp-image-7000\" srcset=\"https:\/\/mitocanada.org\/wp-content\/uploads\/2022\/06\/Untitled-5000-\u00d7-3456-px-1025-\u00d7-375-px-2-200x73.png 200w, https:\/\/mitocanada.org\/wp-content\/uploads\/2022\/06\/Untitled-5000-\u00d7-3456-px-1025-\u00d7-375-px-2-400x146.png 400w, https:\/\/mitocanada.org\/wp-content\/uploads\/2022\/06\/Untitled-5000-\u00d7-3456-px-1025-\u00d7-375-px-2-600x220.png 600w, https:\/\/mitocanada.org\/wp-content\/uploads\/2022\/06\/Untitled-5000-\u00d7-3456-px-1025-\u00d7-375-px-2-800x293.png 800w, https:\/\/mitocanada.org\/wp-content\/uploads\/2022\/06\/Untitled-5000-\u00d7-3456-px-1025-\u00d7-375-px-2.png 1025w\" sizes=\"(max-width: 640px) 100vw, 1025px\" \/><\/a><\/span><\/div><div class=\"fusion-text fusion-text-1\"><p>Be There Races est une entreprise familiale. Fi\u00e8re de proposer six courses distinctes, l&rsquo;objectif de Be There Races est d&rsquo;offrir une atmosph\u00e8re d\u00e9tendue et amusante o\u00f9 les athl\u00e8tes peuvent se rapprocher de notre communaut\u00e9. Les \u00e9v\u00e9nements phares sont les suivants :  <\/p>\n<ul>\n<li>Trio de printemps 5\/10\/15km<\/li>\n<li>Sentier du Trio de Printemps<\/li>\n<li>Tri for Evan (triathlon sprint et enfants)<\/li>\n<li>Course de relais Kananaskis 100 mile<\/li>\n<li>Wintergreen Ekiden (relais et solo)<\/li>\n<li>Semi-marathon et 10 km de la derni\u00e8re chance<\/li>\n<\/ul>\n<p><strong>Merci \u00e0 Be There Races qui a collect\u00e9 3 358 dollars.<\/strong><b> <\/b><strong>en 2024 pour soutenir MitoCanada !<\/strong><\/p>\n<\/div><\/div><\/div><\/div><\/div><div class=\"fusion-fullwidth fullwidth-box fusion-builder-row-2 fusion-flex-container has-pattern-background has-mask-background nonhundred-percent-fullwidth non-hundred-percent-height-scrolling\" style=\"--awb-border-radius-top-left:0px;--awb-border-radius-top-right:0px;--awb-border-radius-bottom-right:0px;--awb-border-radius-bottom-left:0px;--awb-flex-wrap:wrap;\" ><div class=\"fusion-builder-row fusion-row fusion-flex-align-items-center fusion-flex-justify-content-center fusion-flex-content-wrap\" style=\"max-width:1456px;margin-left: calc(-4% \/ 2 );margin-right: calc(-4% \/ 2 );\"><div class=\"fusion-layout-column fusion_builder_column fusion-builder-column-1 fusion_builder_column_1_2 1_2 fusion-flex-column\" style=\"--awb-bg-size:cover;--awb-width-large:50%;--awb-margin-top-large:0px;--awb-spacing-right-large:3.84%;--awb-margin-bottom-large:20px;--awb-spacing-left-large:3.84%;--awb-width-medium:50%;--awb-order-medium:0;--awb-spacing-right-medium:3.84%;--awb-spacing-left-medium:3.84%;--awb-width-small:100%;--awb-order-small:0;--awb-spacing-right-small:1.92%;--awb-spacing-left-small:1.92%;\"><div class=\"fusion-column-wrapper fusion-column-has-shadow fusion-flex-justify-content-flex-start fusion-content-layout-column\"><div class=\"fusion-separator fusion-full-width-sep\" style=\"align-self: center;margin-left: auto;margin-right: auto;margin-top:10px;margin-bottom:10px;width:100%;\"><\/div><div ><a class=\"fusion-button button-flat fusion-button-default-size button-default fusion-button-default button-1 fusion-button-default-span fusion-button-default-type\" target=\"_blank\" rel=\"noopener noreferrer\" href=\"http:\/\/bethereraces.com\"><span class=\"fusion-button-text\">Bougez avec Be There Races<\/span><\/a><\/div><\/div><\/div><div class=\"fusion-layout-column fusion_builder_column fusion-builder-column-2 fusion_builder_column_1_2 1_2 fusion-flex-column\" style=\"--awb-bg-size:cover;--awb-width-large:50%;--awb-margin-top-large:0px;--awb-spacing-right-large:3.84%;--awb-margin-bottom-large:20px;--awb-spacing-left-large:3.84%;--awb-width-medium:50%;--awb-order-medium:0;--awb-spacing-right-medium:3.84%;--awb-spacing-left-medium:3.84%;--awb-width-small:100%;--awb-order-small:0;--awb-spacing-right-small:1.92%;--awb-spacing-left-small:1.92%;\"><div class=\"fusion-column-wrapper fusion-column-has-shadow fusion-flex-justify-content-flex-start fusion-content-layout-column\"><div class=\"fusion-separator fusion-full-width-sep\" style=\"align-self: center;margin-left: auto;margin-right: auto;margin-top:10px;margin-bottom:10px;width:100%;\"><\/div><div ><a class=\"fusion-button button-flat fusion-button-default-size button-default fusion-button-default button-2 fusion-button-default-span fusion-button-default-type\" target=\"_blank\" rel=\"noopener noreferrer\" href=\"https:\/\/mitocanada.org\/fr\/15-histoires-pour-15-ans-rencontrez-cheryl-lowery\/\"><span class=\"fusion-button-text\">Rencontrez Cheryl Lowery, fondatrice de Be There Races<\/span><\/a><\/div><\/div><\/div><\/div><\/div><\/p>\n","protected":false},"excerpt":{"rendered":"","protected":false},"author":1,"featured_media":0,"parent":0,"menu_order":1,"comment_status":"closed","ping_status":"closed","template":"","meta":{"om_disable_all_campaigns":false,"_monsterinsights_skip_tracking":false,"_monsterinsights_sitenote_active":false,"_monsterinsights_sitenote_note":"","_monsterinsights_sitenote_category":0,"_uf_show_specific_survey":0,"_uf_disable_surveys":false,"footnotes":""},"class_list":["post-9126","page","type-page","status-publish","hentry"],"aioseo_notices":[],"_links":{"self":[{"href":"https:\/\/mitocanada.org\/fr\/wp-json\/wp\/v2\/pages\/9126","targetHints":{"allow":["GET"]}}],"collection":[{"href":"https:\/\/mitocanada.org\/fr\/wp-json\/wp\/v2\/pages"}],"about":[{"href":"https:\/\/mitocanada.org\/fr\/wp-json\/wp\/v2\/types\/page"}],"author":[{"embeddable":true,"href":"https:\/\/mitocanada.org\/fr\/wp-json\/wp\/v2\/users\/1"}],"replies":[{"embeddable":true,"href":"https:\/\/mitocanada.org\/fr\/wp-json\/wp\/v2\/comments?post=9126"}],"version-history":[{"count":22,"href":"https:\/\/mitocanada.org\/fr\/wp-json\/wp\/v2\/pages\/9126\/revisions"}],"predecessor-version":[{"id":13720,"href":"https:\/\/mitocanada.org\/fr\/wp-json\/wp\/v2\/pages\/9126\/revisions\/13720"}],"wp:attachment":[{"href":"https:\/\/mitocanada.org\/fr\/wp-json\/wp\/v2\/media?parent=9126"}],"curies":[{"name":"wp","href":"https:\/\/api.w.org\/{rel}","templated":true}]}}