{"id":8772,"date":"2023-11-11T09:19:57","date_gmt":"2023-11-11T14:19:57","guid":{"rendered":"https:\/\/mitocanada.org\/semaine-mondiale-de-la-maladie-mitochondriale-2023\/"},"modified":"2025-05-16T11:49:03","modified_gmt":"2025-05-16T15:49:03","slug":"semaine-mondiale-de-la-maladie-mitochondriale-2023","status":"publish","type":"page","link":"https:\/\/mitocanada.org\/fr\/semaine-mondiale-de-la-maladie-mitochondriale-2023\/","title":{"rendered":"Semaine mondiale de la maladie mitochondriale 2023"},"content":{"rendered":"<p><div class=\"fusion-fullwidth fullwidth-box fusion-builder-row-1 fusion-flex-container nonhundred-percent-fullwidth non-hundred-percent-height-scrolling\" style=\"--awb-border-radius-top-left:0px;--awb-border-radius-top-right:0px;--awb-border-radius-bottom-right:0px;--awb-border-radius-bottom-left:0px;--awb-flex-wrap:wrap;\" ><div class=\"fusion-builder-row fusion-row fusion-flex-align-items-flex-start fusion-flex-content-wrap\" style=\"max-width:1456px;margin-left: calc(-4% \/ 2 );margin-right: calc(-4% \/ 2 );\"><div class=\"fusion-layout-column fusion_builder_column fusion-builder-column-0 fusion_builder_column_1_1 1_1 fusion-flex-column\" style=\"--awb-bg-size:cover;--awb-width-large:100%;--awb-margin-top-large:0px;--awb-spacing-right-large:1.92%;--awb-margin-bottom-large:0px;--awb-spacing-left-large:1.92%;--awb-width-medium:100%;--awb-spacing-right-medium:1.92%;--awb-spacing-left-medium:1.92%;--awb-width-small:100%;--awb-spacing-right-small:1.92%;--awb-spacing-left-small:1.92%;\"><div class=\"fusion-column-wrapper fusion-flex-justify-content-flex-start fusion-content-layout-column\"><div class=\"fusion-image-element \" style=\"--awb-caption-title-font-family:var(--h2_typography-font-family);--awb-caption-title-font-weight:var(--h2_typography-font-weight);--awb-caption-title-font-style:var(--h2_typography-font-style);--awb-caption-title-size:var(--h2_typography-font-size);--awb-caption-title-transform:var(--h2_typography-text-transform);--awb-caption-title-line-height:var(--h2_typography-line-height);--awb-caption-title-letter-spacing:var(--h2_typography-letter-spacing);\"><span class=\" fusion-imageframe imageframe-none imageframe-1 hover-type-none\"><a class=\"fusion-no-lightbox\" href=\"https:\/\/www.mitochondrialdiseaseweek.org\" target=\"_blank\" aria-label=\"WMDW2023\" rel=\"noopener noreferrer\"><img decoding=\"async\" width=\"1025\" height=\"375\" alt=\"2023 Banni\u00e8re de la Semaine mondiale de la maladie mitochondriale\" src=\"https:\/\/mitocanada.org\/wp-content\/uploads\/2023\/04\/WMDW2023.png\" class=\"img-responsive wp-image-7182\" srcset=\"https:\/\/mitocanada.org\/wp-content\/uploads\/2023\/04\/WMDW2023-200x73.png 200w, https:\/\/mitocanada.org\/wp-content\/uploads\/2023\/04\/WMDW2023-400x146.png 400w, https:\/\/mitocanada.org\/wp-content\/uploads\/2023\/04\/WMDW2023-600x220.png 600w, https:\/\/mitocanada.org\/wp-content\/uploads\/2023\/04\/WMDW2023-800x293.png 800w, https:\/\/mitocanada.org\/wp-content\/uploads\/2023\/04\/WMDW2023.png 1025w\" sizes=\"(max-width: 640px) 100vw, 1025px\" \/><\/a><\/span><\/div><div class=\"fusion-separator fusion-full-width-sep\" style=\"align-self: center;margin-left: auto;margin-right: auto;margin-top:25px;width:100%;\"><\/div><div class=\"fusion-text fusion-text-1\" style=\"--awb-text-transform:none;\"><p><strong>Semaine mondiale de la maladie mitochondriale 2023  <\/strong><\/p>\n<p>Du <strong>18 au 24 septembre 2023<\/strong>, la communaut\u00e9 mondiale de la maladie mitochondriale s&rsquo;est r\u00e9unie pour sensibiliser, \u00e9duquer et d\u00e9fendre les personnes vivant avec une maladie mitochondriale.<\/p>\n<p>Nous avions pr\u00e9vu un certain nombre d&rsquo;activit\u00e9s pour soutenir la communaut\u00e9 mitochondriale canadienne et contribuer aux efforts de sensibilisation \u00e0 l&rsquo;\u00e9chelle mondiale. Jetez un coup d&rsquo;\u0153il ci-dessous !<\/p>\n<p>Merci \u00e0 tous ceux qui ont particip\u00e9 et soutenu la sensibilisation \u00e0 la maladie mitochondriale et qui ont aliment\u00e9 nos efforts pour dynamiser la vie des personnes touch\u00e9es.<\/p>\n<\/div><\/div><\/div><\/div><\/div><div class=\"fusion-fullwidth fullwidth-box fusion-builder-row-2 fusion-flex-container has-pattern-background has-mask-background nonhundred-percent-fullwidth non-hundred-percent-height-scrolling\" style=\"--awb-border-radius-top-left:0px;--awb-border-radius-top-right:0px;--awb-border-radius-bottom-right:0px;--awb-border-radius-bottom-left:0px;--awb-flex-wrap:wrap;\" ><div class=\"fusion-builder-row fusion-row fusion-flex-align-items-flex-start fusion-flex-content-wrap\" style=\"max-width:1456px;margin-left: calc(-4% \/ 2 );margin-right: calc(-4% \/ 2 );\"><div class=\"fusion-layout-column fusion_builder_column fusion-builder-column-1 fusion_builder_column_1_3 1_3 fusion-flex-column\" style=\"--awb-bg-size:cover;--awb-width-large:33.333333333333%;--awb-margin-top-large:0px;--awb-spacing-right-large:5.76%;--awb-margin-bottom-large:20px;--awb-spacing-left-large:5.76%;--awb-width-medium:33.333333333333%;--awb-order-medium:0;--awb-spacing-right-medium:5.76%;--awb-spacing-left-medium:5.76%;--awb-width-small:100%;--awb-order-small:0;--awb-spacing-right-small:1.92%;--awb-spacing-left-small:1.92%;\"><div class=\"fusion-column-wrapper fusion-column-has-shadow fusion-flex-justify-content-flex-start fusion-content-layout-column\"><div class=\"fusion-image-element \" style=\"text-align:center;--awb-caption-title-font-family:var(--h2_typography-font-family);--awb-caption-title-font-weight:var(--h2_typography-font-weight);--awb-caption-title-font-style:var(--h2_typography-font-style);--awb-caption-title-size:var(--h2_typography-font-size);--awb-caption-title-transform:var(--h2_typography-text-transform);--awb-caption-title-line-height:var(--h2_typography-line-height);--awb-caption-title-letter-spacing:var(--h2_typography-letter-spacing);\"><span class=\" fusion-imageframe imageframe-none imageframe-2 hover-type-none\"><a class=\"fusion-no-lightbox\" href=\"https:\/\/mitocanada.org\/fr\/2023-walk-n-roll-pour-mito\/\" target=\"_self\" aria-label=\"LightUpforMito\"><img decoding=\"async\" width=\"500\" height=\"500\" alt=\"2023 Walk N&#039; Roll 4 Mito icon\" src=\"https:\/\/mitocanada.org\/wp-content\/uploads\/2023\/09\/LightUpforMito.png\" class=\"img-responsive wp-image-7268\" srcset=\"https:\/\/mitocanada.org\/wp-content\/uploads\/2023\/09\/LightUpforMito-200x200.png 200w, https:\/\/mitocanada.org\/wp-content\/uploads\/2023\/09\/LightUpforMito-400x400.png 400w, https:\/\/mitocanada.org\/wp-content\/uploads\/2023\/09\/LightUpforMito.png 500w\" sizes=\"(max-width: 640px) 100vw, 500px\" \/><\/a><\/span><\/div><div class=\"fusion-separator fusion-full-width-sep\" style=\"align-self: center;margin-left: auto;margin-right: auto;margin-top:25px;margin-bottom:25px;width:100%;\"><\/div><div style=\"text-align:center;\"><a class=\"fusion-button button-flat fusion-button-default-size button-default fusion-button-default button-1 fusion-button-default-span fusion-button-default-type\" target=\"_self\" href=\"https:\/\/mitocanada.org\/fr\/2023-walk-n-roll-pour-mito\/\"><span class=\"fusion-button-text\">EN SAVOIR PLUS<\/span><\/a><\/div><div class=\"fusion-separator fusion-full-width-sep\" style=\"align-self: center;margin-left: auto;margin-right: auto;margin-top:10px;margin-bottom:10px;width:100%;\"><\/div><div style=\"text-align:center;\"><a class=\"fusion-button button-flat fusion-button-default-size button-default fusion-button-default button-2 fusion-button-default-span fusion-button-default-type\" target=\"_self\" href=\"https:\/\/www.32auctions.com\/WalkNRoll2023\"><span class=\"fusion-button-text\">VENTE AUX ENCH\u00c8RES EN LIGNE<\/span><\/a><\/div><\/div><\/div><div class=\"fusion-layout-column fusion_builder_column fusion-builder-column-2 fusion_builder_column_1_3 1_3 fusion-flex-column\" style=\"--awb-bg-size:cover;--awb-width-large:33.333333333333%;--awb-margin-top-large:0px;--awb-spacing-right-large:5.76%;--awb-margin-bottom-large:20px;--awb-spacing-left-large:5.76%;--awb-width-medium:33.333333333333%;--awb-order-medium:0;--awb-spacing-right-medium:5.76%;--awb-spacing-left-medium:5.76%;--awb-width-small:100%;--awb-order-small:0;--awb-spacing-right-small:1.92%;--awb-spacing-left-small:1.92%;\"><div class=\"fusion-column-wrapper fusion-column-has-shadow fusion-flex-justify-content-flex-start fusion-content-layout-column\"><div class=\"fusion-image-element \" style=\"text-align:center;--awb-caption-title-font-family:var(--h2_typography-font-family);--awb-caption-title-font-weight:var(--h2_typography-font-weight);--awb-caption-title-font-style:var(--h2_typography-font-style);--awb-caption-title-size:var(--h2_typography-font-size);--awb-caption-title-transform:var(--h2_typography-text-transform);--awb-caption-title-line-height:var(--h2_typography-line-height);--awb-caption-title-letter-spacing:var(--h2_typography-letter-spacing);\"><span class=\" fusion-imageframe imageframe-none imageframe-3 hover-type-none\"><a class=\"fusion-no-lightbox\" href=\"https:\/\/mitocanada.org\/lightupformito2023\/\" target=\"_self\" aria-label=\"LightUp2\"><img decoding=\"async\" width=\"500\" height=\"500\" alt=\"2023 L&#039;ic\u00f4ne Light Up For Mito\" src=\"https:\/\/mitocanada.org\/wp-content\/uploads\/2023\/09\/LightUp2.png\" class=\"img-responsive wp-image-7261\" srcset=\"https:\/\/mitocanada.org\/wp-content\/uploads\/2023\/09\/LightUp2-200x200.png 200w, https:\/\/mitocanada.org\/wp-content\/uploads\/2023\/09\/LightUp2-400x400.png 400w, https:\/\/mitocanada.org\/wp-content\/uploads\/2023\/09\/LightUp2.png 500w\" sizes=\"(max-width: 640px) 100vw, 500px\" \/><\/a><\/span><\/div><div class=\"fusion-separator fusion-full-width-sep\" style=\"align-self: center;margin-left: auto;margin-right: auto;margin-top:25px;margin-bottom:25px;width:100%;\"><\/div><div style=\"text-align:center;\"><a class=\"fusion-button button-flat fusion-button-default-size button-default fusion-button-default button-3 fusion-button-default-span fusion-button-default-type\" target=\"_self\" href=\"https:\/\/mitocanada.org\/lightupformito2023\/\"><span class=\"fusion-button-text\">EN SAVOIR PLUS<\/span><\/a><\/div><div class=\"fusion-separator fusion-full-width-sep\" style=\"align-self: center;margin-left: auto;margin-right: auto;margin-top:25px;margin-bottom:25px;width:100%;\"><\/div><\/div><\/div><div class=\"fusion-layout-column fusion_builder_column fusion-builder-column-3 fusion_builder_column_1_3 1_3 fusion-flex-column\" style=\"--awb-bg-size:cover;--awb-width-large:33.333333333333%;--awb-margin-top-large:0px;--awb-spacing-right-large:5.76%;--awb-margin-bottom-large:20px;--awb-spacing-left-large:5.76%;--awb-width-medium:33.333333333333%;--awb-order-medium:0;--awb-spacing-right-medium:5.76%;--awb-spacing-left-medium:5.76%;--awb-width-small:100%;--awb-order-small:0;--awb-spacing-right-small:1.92%;--awb-spacing-left-small:1.92%;\"><div class=\"fusion-column-wrapper fusion-column-has-shadow fusion-flex-justify-content-flex-start fusion-content-layout-column\"><div class=\"fusion-image-element \" style=\"text-align:center;--awb-caption-title-font-family:var(--h2_typography-font-family);--awb-caption-title-font-weight:var(--h2_typography-font-weight);--awb-caption-title-font-style:var(--h2_typography-font-style);--awb-caption-title-size:var(--h2_typography-font-size);--awb-caption-title-transform:var(--h2_typography-text-transform);--awb-caption-title-line-height:var(--h2_typography-line-height);--awb-caption-title-letter-spacing:var(--h2_typography-letter-spacing);\"><span class=\" fusion-imageframe imageframe-none imageframe-4 hover-type-none\"><a class=\"fusion-no-lightbox\" href=\"https:\/\/mitocanadastore.myshopify.com\" target=\"_blank\" aria-label=\"MitoStore\" rel=\"noopener noreferrer\"><img decoding=\"async\" width=\"500\" height=\"500\" alt=\"Ic\u00f4ne MitoStore\" src=\"https:\/\/mitocanada.org\/wp-content\/uploads\/2023\/09\/MitoStore-1.png\" class=\"img-responsive wp-image-7262\" srcset=\"https:\/\/mitocanada.org\/wp-content\/uploads\/2023\/09\/MitoStore-1-200x200.png 200w, https:\/\/mitocanada.org\/wp-content\/uploads\/2023\/09\/MitoStore-1-400x400.png 400w, https:\/\/mitocanada.org\/wp-content\/uploads\/2023\/09\/MitoStore-1.png 500w\" sizes=\"(max-width: 640px) 100vw, 500px\" \/><\/a><\/span><\/div><div class=\"fusion-separator fusion-full-width-sep\" style=\"align-self: center;margin-left: auto;margin-right: auto;margin-top:25px;margin-bottom:25px;width:100%;\"><\/div><div style=\"text-align:center;\"><a class=\"fusion-button button-flat fusion-button-default-size button-default fusion-button-default button-4 fusion-button-default-span fusion-button-default-type\" target=\"_blank\" rel=\"noopener noreferrer\" href=\"https:\/\/mitocanadastore.myshopify.com\"><span class=\"fusion-button-text\">SHOP NOW<\/span><\/a><\/div><div class=\"fusion-separator fusion-full-width-sep\" style=\"align-self: center;margin-left: auto;margin-right: auto;margin-top:25px;margin-bottom:25px;width:100%;\"><\/div><\/div><\/div><\/div><\/div><div class=\"fusion-fullwidth fullwidth-box fusion-builder-row-3 fusion-flex-container has-pattern-background has-mask-background nonhundred-percent-fullwidth non-hundred-percent-height-scrolling\" style=\"--awb-border-radius-top-left:0px;--awb-border-radius-top-right:0px;--awb-border-radius-bottom-right:0px;--awb-border-radius-bottom-left:0px;--awb-flex-wrap:wrap;\" ><div class=\"fusion-builder-row fusion-row fusion-flex-align-items-flex-start fusion-flex-content-wrap\" style=\"max-width:1456px;margin-left: calc(-4% \/ 2 );margin-right: calc(-4% \/ 2 );\"><div class=\"fusion-layout-column fusion_builder_column fusion-builder-column-4 fusion_builder_column_1_1 1_1 fusion-flex-column\" style=\"--awb-bg-size:cover;--awb-width-large:100%;--awb-margin-top-large:0px;--awb-spacing-right-large:1.92%;--awb-margin-bottom-large:0px;--awb-spacing-left-large:1.92%;--awb-width-medium:100%;--awb-spacing-right-medium:1.92%;--awb-spacing-left-medium:1.92%;--awb-width-small:100%;--awb-spacing-right-small:1.92%;--awb-spacing-left-small:1.92%;\"><div class=\"fusion-column-wrapper fusion-flex-justify-content-flex-start fusion-content-layout-column\"><div class=\"fusion-separator fusion-full-width-sep\" style=\"align-self: center;margin-left: auto;margin-right: auto;margin-top:35px;width:100%;\"><\/div><\/div><\/div><div class=\"fusion-layout-column fusion_builder_column fusion-builder-column-5 fusion_builder_column_1_3 1_3 fusion-flex-column\" style=\"--awb-bg-size:cover;--awb-width-large:33.333333333333%;--awb-margin-top-large:0px;--awb-spacing-right-large:5.76%;--awb-margin-bottom-large:20px;--awb-spacing-left-large:5.76%;--awb-width-medium:33.333333333333%;--awb-order-medium:0;--awb-spacing-right-medium:5.76%;--awb-spacing-left-medium:5.76%;--awb-width-small:100%;--awb-order-small:0;--awb-spacing-right-small:1.92%;--awb-spacing-left-small:1.92%;\"><div class=\"fusion-column-wrapper fusion-column-has-shadow fusion-flex-justify-content-flex-start fusion-content-layout-column\"><div class=\"fusion-image-element \" style=\"text-align:center;--awb-caption-title-font-family:var(--h2_typography-font-family);--awb-caption-title-font-weight:var(--h2_typography-font-weight);--awb-caption-title-font-style:var(--h2_typography-font-style);--awb-caption-title-size:var(--h2_typography-font-size);--awb-caption-title-transform:var(--h2_typography-text-transform);--awb-caption-title-line-height:var(--h2_typography-line-height);--awb-caption-title-letter-spacing:var(--h2_typography-letter-spacing);\"><span class=\" fusion-imageframe imageframe-none imageframe-5 hover-type-none\"><a class=\"fusion-no-lightbox\" href=\"https:\/\/mitocanada.org\/fr\/angela-tomasone\/\" target=\"_self\" aria-label=\"FacesofMito MDAW\"><img decoding=\"async\" width=\"500\" height=\"500\" alt=\"Semaine mondiale de la maladie mitochondriale Les visages de l&#039;ic\u00f4ne Mito\" src=\"https:\/\/mitocanada.org\/wp-content\/uploads\/2023\/09\/FacesofMito-MDAW.png\" class=\"img-responsive wp-image-7274\" srcset=\"https:\/\/mitocanada.org\/wp-content\/uploads\/2023\/09\/FacesofMito-MDAW-200x200.png 200w, https:\/\/mitocanada.org\/wp-content\/uploads\/2023\/09\/FacesofMito-MDAW-400x400.png 400w, https:\/\/mitocanada.org\/wp-content\/uploads\/2023\/09\/FacesofMito-MDAW.png 500w\" sizes=\"(max-width: 640px) 100vw, 500px\" \/><\/a><\/span><\/div><div class=\"fusion-separator fusion-full-width-sep\" style=\"align-self: center;margin-left: auto;margin-right: auto;margin-top:25px;margin-bottom:25px;width:100%;\"><\/div><div style=\"text-align:center;\"><a class=\"fusion-button button-flat fusion-button-default-size button-default fusion-button-default button-5 fusion-button-default-span fusion-button-default-type\" target=\"_self\" href=\"https:\/\/mitocanada.org\/understanding-mito\/faces-of-mito\/\"><span class=\"fusion-button-text\">EN SAVOIR PLUS<\/span><\/a><\/div><\/div><\/div><div class=\"fusion-layout-column fusion_builder_column fusion-builder-column-6 fusion_builder_column_1_3 1_3 fusion-flex-column\" style=\"--awb-bg-size:cover;--awb-width-large:33.333333333333%;--awb-margin-top-large:0px;--awb-spacing-right-large:5.76%;--awb-margin-bottom-large:20px;--awb-spacing-left-large:5.76%;--awb-width-medium:33.333333333333%;--awb-order-medium:0;--awb-spacing-right-medium:5.76%;--awb-spacing-left-medium:5.76%;--awb-width-small:100%;--awb-order-small:0;--awb-spacing-right-small:1.92%;--awb-spacing-left-small:1.92%;\"><div class=\"fusion-column-wrapper fusion-column-has-shadow fusion-flex-justify-content-flex-start fusion-content-layout-column\"><div class=\"fusion-image-element \" style=\"text-align:center;--awb-caption-title-font-family:var(--h2_typography-font-family);--awb-caption-title-font-weight:var(--h2_typography-font-weight);--awb-caption-title-font-style:var(--h2_typography-font-style);--awb-caption-title-size:var(--h2_typography-font-size);--awb-caption-title-transform:var(--h2_typography-text-transform);--awb-caption-title-line-height:var(--h2_typography-line-height);--awb-caption-title-letter-spacing:var(--h2_typography-letter-spacing);\"><span class=\" fusion-imageframe imageframe-none imageframe-6 hover-type-none\"><a class=\"fusion-no-lightbox\" href=\"https:\/\/missionohana.ca\" target=\"_blank\" aria-label=\"MitoBook\" rel=\"noopener noreferrer\"><img decoding=\"async\" width=\"500\" height=\"500\" alt=\"Ic\u00f4ne Mission Ohana\" src=\"https:\/\/mitocanada.org\/wp-content\/uploads\/2023\/09\/MitoBook-3.png\" class=\"img-responsive wp-image-7275\" srcset=\"https:\/\/mitocanada.org\/wp-content\/uploads\/2023\/09\/MitoBook-3-200x200.png 200w, https:\/\/mitocanada.org\/wp-content\/uploads\/2023\/09\/MitoBook-3-400x400.png 400w, https:\/\/mitocanada.org\/wp-content\/uploads\/2023\/09\/MitoBook-3.png 500w\" sizes=\"(max-width: 640px) 100vw, 500px\" \/><\/a><\/span><\/div><div class=\"fusion-separator fusion-full-width-sep\" style=\"align-self: center;margin-left: auto;margin-right: auto;margin-top:25px;margin-bottom:25px;width:100%;\"><\/div><div style=\"text-align:center;\"><a class=\"fusion-button button-flat fusion-button-default-size button-default fusion-button-default button-6 fusion-button-default-span fusion-button-default-type\" target=\"_blank\" rel=\"noopener noreferrer\" href=\"https:\/\/missionohana.ca\"><span class=\"fusion-button-text\">EN SAVOIR PLUS<\/span><\/a><\/div><\/div><\/div><div class=\"fusion-layout-column fusion_builder_column fusion-builder-column-7 fusion_builder_column_1_3 1_3 fusion-flex-column\" style=\"--awb-bg-size:cover;--awb-width-large:33.333333333333%;--awb-margin-top-large:0px;--awb-spacing-right-large:5.76%;--awb-margin-bottom-large:20px;--awb-spacing-left-large:5.76%;--awb-width-medium:33.333333333333%;--awb-order-medium:0;--awb-spacing-right-medium:5.76%;--awb-spacing-left-medium:5.76%;--awb-width-small:100%;--awb-order-small:0;--awb-spacing-right-small:1.92%;--awb-spacing-left-small:1.92%;\"><div class=\"fusion-column-wrapper fusion-column-has-shadow fusion-flex-justify-content-flex-start fusion-content-layout-column\"><div class=\"fusion-image-element \" style=\"text-align:center;--awb-caption-title-font-family:var(--h2_typography-font-family);--awb-caption-title-font-weight:var(--h2_typography-font-weight);--awb-caption-title-font-style:var(--h2_typography-font-style);--awb-caption-title-size:var(--h2_typography-font-size);--awb-caption-title-transform:var(--h2_typography-text-transform);--awb-caption-title-line-height:var(--h2_typography-line-height);--awb-caption-title-letter-spacing:var(--h2_typography-letter-spacing);\"><span class=\" fusion-imageframe imageframe-none imageframe-7 hover-type-none\"><a class=\"fusion-no-lightbox\" href=\"https:\/\/mitocanada.org\/get-involved\/mitocanada-events\/mitocanada-patient-contact-registry\/\" target=\"_self\" aria-label=\"334672925_1962282460775793_1358568382935761314_n\"><img decoding=\"async\" width=\"1080\" height=\"1080\" alt=\"Rejoignez notre registre de contacts avec les patients ic\u00f4ne\" src=\"https:\/\/mitocanada.org\/wp-content\/uploads\/2023\/09\/334672925_1962282460775793_1358568382935761314_n.jpg\" class=\"img-responsive wp-image-7257\" srcset=\"https:\/\/mitocanada.org\/wp-content\/uploads\/2023\/09\/334672925_1962282460775793_1358568382935761314_n-200x200.jpg 200w, https:\/\/mitocanada.org\/wp-content\/uploads\/2023\/09\/334672925_1962282460775793_1358568382935761314_n-400x400.jpg 400w, https:\/\/mitocanada.org\/wp-content\/uploads\/2023\/09\/334672925_1962282460775793_1358568382935761314_n-600x600.jpg 600w, https:\/\/mitocanada.org\/wp-content\/uploads\/2023\/09\/334672925_1962282460775793_1358568382935761314_n-800x800.jpg 800w, https:\/\/mitocanada.org\/wp-content\/uploads\/2023\/09\/334672925_1962282460775793_1358568382935761314_n.jpg 1080w\" sizes=\"(max-width: 640px) 100vw, 600px\" \/><\/a><\/span><\/div><div class=\"fusion-separator fusion-full-width-sep\" style=\"align-self: center;margin-left: auto;margin-right: auto;margin-top:25px;margin-bottom:25px;width:100%;\"><\/div><div style=\"text-align:center;\"><a class=\"fusion-button button-flat fusion-button-default-size button-default fusion-button-default button-7 fusion-button-default-span fusion-button-default-type\" target=\"_self\" href=\"https:\/\/mitocanada.org\/get-involved\/mitocanada-events\/mitocanada-patient-contact-registry\/\"><span class=\"fusion-button-text\">EN SAVOIR PLUS<\/span><\/a><\/div><\/div><\/div><\/div><\/div><\/p>\n","protected":false},"excerpt":{"rendered":"","protected":false},"author":2,"featured_media":0,"parent":0,"menu_order":35,"comment_status":"closed","ping_status":"closed","template":"","meta":{"om_disable_all_campaigns":false,"_monsterinsights_skip_tracking":false,"_monsterinsights_sitenote_active":false,"_monsterinsights_sitenote_note":"","_monsterinsights_sitenote_category":0,"_uf_show_specific_survey":0,"_uf_disable_surveys":false,"footnotes":""},"class_list":["post-8772","page","type-page","status-publish","hentry"],"aioseo_notices":[],"_links":{"self":[{"href":"https:\/\/mitocanada.org\/fr\/wp-json\/wp\/v2\/pages\/8772","targetHints":{"allow":["GET"]}}],"collection":[{"href":"https:\/\/mitocanada.org\/fr\/wp-json\/wp\/v2\/pages"}],"about":[{"href":"https:\/\/mitocanada.org\/fr\/wp-json\/wp\/v2\/types\/page"}],"author":[{"embeddable":true,"href":"https:\/\/mitocanada.org\/fr\/wp-json\/wp\/v2\/users\/2"}],"replies":[{"embeddable":true,"href":"https:\/\/mitocanada.org\/fr\/wp-json\/wp\/v2\/comments?post=8772"}],"version-history":[{"count":6,"href":"https:\/\/mitocanada.org\/fr\/wp-json\/wp\/v2\/pages\/8772\/revisions"}],"predecessor-version":[{"id":10863,"href":"https:\/\/mitocanada.org\/fr\/wp-json\/wp\/v2\/pages\/8772\/revisions\/10863"}],"wp:attachment":[{"href":"https:\/\/mitocanada.org\/fr\/wp-json\/wp\/v2\/media?parent=8772"}],"curies":[{"name":"wp","href":"https:\/\/api.w.org\/{rel}","templated":true}]}}