{"id":8768,"date":"2022-05-06T10:14:37","date_gmt":"2022-05-06T14:14:37","guid":{"rendered":"https:\/\/mitocanada.org\/puissance-de-8-mtb-sk\/"},"modified":"2025-05-15T23:47:53","modified_gmt":"2025-05-16T03:47:53","slug":"puissance-de-8-mtb-sk","status":"publish","type":"page","link":"https:\/\/mitocanada.org\/fr\/puissance-de-8-mtb-sk\/","title":{"rendered":"Puissance de 8 MTB (SK)"},"content":{"rendered":"<div class=\"fusion-fullwidth fullwidth-box fusion-builder-row-1 fusion-flex-container nonhundred-percent-fullwidth non-hundred-percent-height-scrolling\" style=\"--awb-border-radius-top-left:0px;--awb-border-radius-top-right:0px;--awb-border-radius-bottom-right:0px;--awb-border-radius-bottom-left:0px;--awb-flex-wrap:wrap;\" ><div class=\"fusion-builder-row fusion-row fusion-flex-align-items-flex-start fusion-flex-content-wrap\" style=\"max-width:1456px;margin-left: calc(-4% \/ 2 );margin-right: calc(-4% \/ 2 );\"><div class=\"fusion-layout-column fusion_builder_column fusion-builder-column-0 fusion_builder_column_1_1 1_1 fusion-flex-column\" style=\"--awb-bg-size:cover;--awb-width-large:100%;--awb-margin-top-large:0px;--awb-spacing-right-large:1.92%;--awb-margin-bottom-large:0px;--awb-spacing-left-large:1.92%;--awb-width-medium:100%;--awb-spacing-right-medium:1.92%;--awb-spacing-left-medium:1.92%;--awb-width-small:100%;--awb-spacing-right-small:1.92%;--awb-spacing-left-small:1.92%;\"><div class=\"fusion-column-wrapper fusion-flex-justify-content-flex-start fusion-content-layout-column\"><div class=\"fusion-image-element \" style=\"--awb-caption-title-font-family:var(--h2_typography-font-family);--awb-caption-title-font-weight:var(--h2_typography-font-weight);--awb-caption-title-font-style:var(--h2_typography-font-style);--awb-caption-title-size:var(--h2_typography-font-size);--awb-caption-title-transform:var(--h2_typography-text-transform);--awb-caption-title-line-height:var(--h2_typography-line-height);--awb-caption-title-letter-spacing:var(--h2_typography-letter-spacing);\"><span class=\" fusion-imageframe imageframe-none imageframe-1 hover-type-none\"><a class=\"fusion-no-lightbox\" href=\"https:\/\/powerof8events.wordpress.com\" target=\"_blank\" aria-label=\"Power of 8 2023 Banner\" rel=\"noopener noreferrer\"><img decoding=\"async\" width=\"1025\" height=\"375\" alt=\"2023 Banni\u00e8re Power of 8 MTB\" src=\"https:\/\/mitocanada.org\/wp-content\/uploads\/2023\/04\/Power-of-8-2023-Banner.png\" class=\"img-responsive wp-image-7193\" srcset=\"https:\/\/mitocanada.org\/wp-content\/uploads\/2023\/04\/Power-of-8-2023-Banner-200x73.png 200w, https:\/\/mitocanada.org\/wp-content\/uploads\/2023\/04\/Power-of-8-2023-Banner-400x146.png 400w, https:\/\/mitocanada.org\/wp-content\/uploads\/2023\/04\/Power-of-8-2023-Banner-600x220.png 600w, https:\/\/mitocanada.org\/wp-content\/uploads\/2023\/04\/Power-of-8-2023-Banner-800x293.png 800w, https:\/\/mitocanada.org\/wp-content\/uploads\/2023\/04\/Power-of-8-2023-Banner.png 1025w\" sizes=\"(max-width: 640px) 100vw, 1025px\" \/><\/a><\/span><\/div><div class=\"fusion-separator fusion-full-width-sep\" style=\"align-self: center;margin-left: auto;margin-right: auto;margin-top:25px;width:100%;\"><\/div><div class=\"fusion-text fusion-text-1\"><p>Apr\u00e8s dix ans de sensibilisation et de collecte de fonds pour MitoCanada, Power of 8 a tenu son dernier \u00e9v\u00e9nement de v\u00e9lo de montagne en Saskatchewan le <strong>9 septembre 2023<\/strong>.<\/p>\n<p>C&rsquo;est un \u00e9v\u00e9nement \u00e9nergisant qui a \u00e9t\u00e9 accueilli :<\/p>\n<ul>\n<li>Randonn\u00e9es en solitaire de 4 et 8 heures<\/li>\n<li>des relais de 8 heures par \u00e9quipes de 2 \u00e0 5 amis, et<\/li>\n<li>un parcours de VTT adapt\u00e9<\/li>\n<\/ul>\n<p>Les coureurs sont venus affronter le terrain accident\u00e9, et leurs \u00e9quipes de soutien sont venues les encourager ! C&rsquo;\u00e9tait un \u00e9v\u00e9nement amusant auquel beaucoup ont pris plaisir \u00e0 participer au fil des ans. Nous remercions tous les participants pour leur incroyable soutien. Nous remercions chaleureusement Adriana et son \u00e9quipe d&rsquo;avoir consacr\u00e9 leur temps et leur \u00e9nergie \u00e0 MitoCanada afin que toutes les vies soient aliment\u00e9es par des mitochondries saines.   <\/p>\n<p><strong>Merci \u00e0 Power of 8 MTB, qui a recueilli plus de 19 000 $ \u00e0 l&rsquo;appui de MitoCanada !<\/strong><\/p>\n<\/div><div class=\"fusion-separator fusion-full-width-sep\" style=\"align-self: center;margin-left: auto;margin-right: auto;margin-top:25px;width:100%;\"><\/div><\/div><\/div><div class=\"fusion-layout-column fusion_builder_column fusion-builder-column-1 fusion_builder_column_1_3 1_3 fusion-flex-column\" style=\"--awb-bg-size:cover;--awb-width-large:33.333333333333%;--awb-margin-top-large:0px;--awb-spacing-right-large:5.76%;--awb-margin-bottom-large:20px;--awb-spacing-left-large:5.76%;--awb-width-medium:33.333333333333%;--awb-order-medium:0;--awb-spacing-right-medium:5.76%;--awb-spacing-left-medium:5.76%;--awb-width-small:100%;--awb-order-small:0;--awb-spacing-right-small:1.92%;--awb-spacing-left-small:1.92%;\"><div class=\"fusion-column-wrapper fusion-column-has-shadow fusion-flex-justify-content-flex-start fusion-content-layout-column\"><div class=\"fusion-image-element \" style=\"--awb-caption-title-font-family:var(--h2_typography-font-family);--awb-caption-title-font-weight:var(--h2_typography-font-weight);--awb-caption-title-font-style:var(--h2_typography-font-style);--awb-caption-title-size:var(--h2_typography-font-size);--awb-caption-title-transform:var(--h2_typography-text-transform);--awb-caption-title-line-height:var(--h2_typography-line-height);--awb-caption-title-letter-spacing:var(--h2_typography-letter-spacing);\"><span class=\" fusion-imageframe imageframe-none imageframe-2 hover-type-none\"><a class=\"fusion-no-lightbox\" href=\"https:\/\/powerof8events.wordpress.com\" target=\"_blank\" aria-label=\"Power of 8 2022\" rel=\"noopener noreferrer\"><img decoding=\"async\" width=\"1024\" height=\"682\" alt=\"Adriana, fondatrice de Power of 8 MTB, et son chien sourient pour une photo. \" src=\"https:\/\/mitocanada.org\/wp-content\/uploads\/2023\/04\/Power-of-8-2022.jpg\" class=\"img-responsive wp-image-7192\" srcset=\"https:\/\/mitocanada.org\/wp-content\/uploads\/2023\/04\/Power-of-8-2022-200x133.jpg 200w, https:\/\/mitocanada.org\/wp-content\/uploads\/2023\/04\/Power-of-8-2022-400x266.jpg 400w, https:\/\/mitocanada.org\/wp-content\/uploads\/2023\/04\/Power-of-8-2022-600x400.jpg 600w, https:\/\/mitocanada.org\/wp-content\/uploads\/2023\/04\/Power-of-8-2022-800x533.jpg 800w, https:\/\/mitocanada.org\/wp-content\/uploads\/2023\/04\/Power-of-8-2022.jpg 1024w\" sizes=\"(max-width: 640px) 100vw, 600px\" \/><\/a><\/span><\/div><\/div><\/div><div class=\"fusion-layout-column fusion_builder_column fusion-builder-column-2 fusion_builder_column_1_3 1_3 fusion-flex-column\" style=\"--awb-bg-size:cover;--awb-width-large:33.333333333333%;--awb-margin-top-large:0px;--awb-spacing-right-large:5.76%;--awb-margin-bottom-large:20px;--awb-spacing-left-large:5.76%;--awb-width-medium:33.333333333333%;--awb-order-medium:0;--awb-spacing-right-medium:5.76%;--awb-spacing-left-medium:5.76%;--awb-width-small:100%;--awb-order-small:0;--awb-spacing-right-small:1.92%;--awb-spacing-left-small:1.92%;\"><div class=\"fusion-column-wrapper fusion-column-has-shadow fusion-flex-justify-content-flex-start fusion-content-layout-column\"><div class=\"fusion-image-element \" style=\"--awb-caption-title-font-family:var(--h2_typography-font-family);--awb-caption-title-font-weight:var(--h2_typography-font-weight);--awb-caption-title-font-style:var(--h2_typography-font-style);--awb-caption-title-size:var(--h2_typography-font-size);--awb-caption-title-transform:var(--h2_typography-text-transform);--awb-caption-title-line-height:var(--h2_typography-line-height);--awb-caption-title-letter-spacing:var(--h2_typography-letter-spacing);\"><span class=\" fusion-imageframe imageframe-none imageframe-3 hover-type-none\"><a class=\"fusion-no-lightbox\" href=\"https:\/\/powerof8events.wordpress.com\" target=\"_blank\" aria-label=\"Fountain Tire Mountain Bike\" rel=\"noopener noreferrer\"><img decoding=\"async\" alt=\"Logo de Fountain Tire Moose Jaw, Saskatchewan\" src=\"https:\/\/mitocanada.org\/wp-content\/uploads\/2023\/07\/Fountain-Tire-Mountain-Bike.pdf\" class=\"img-responsive wp-image-7224\"\/><\/a><\/span><\/div><div class=\"fusion-text fusion-text-2\"><p style=\"text-align: center;\">Commanditaire en titre pour 2023 &#8211; Fountain Tire Moose Jaw<\/p>\n<\/div><\/div><\/div><div class=\"fusion-layout-column fusion_builder_column fusion-builder-column-3 fusion_builder_column_1_3 1_3 fusion-flex-column\" style=\"--awb-bg-size:cover;--awb-width-large:33.333333333333%;--awb-margin-top-large:0px;--awb-spacing-right-large:5.76%;--awb-margin-bottom-large:20px;--awb-spacing-left-large:5.76%;--awb-width-medium:33.333333333333%;--awb-order-medium:0;--awb-spacing-right-medium:5.76%;--awb-spacing-left-medium:5.76%;--awb-width-small:100%;--awb-order-small:0;--awb-spacing-right-small:1.92%;--awb-spacing-left-small:1.92%;\"><div class=\"fusion-column-wrapper fusion-column-has-shadow fusion-flex-justify-content-flex-start fusion-content-layout-column\"><div class=\"fusion-image-element \" style=\"--awb-caption-title-font-family:var(--h2_typography-font-family);--awb-caption-title-font-weight:var(--h2_typography-font-weight);--awb-caption-title-font-style:var(--h2_typography-font-style);--awb-caption-title-size:var(--h2_typography-font-size);--awb-caption-title-transform:var(--h2_typography-text-transform);--awb-caption-title-line-height:var(--h2_typography-line-height);--awb-caption-title-letter-spacing:var(--h2_typography-letter-spacing);\"><span class=\" fusion-imageframe imageframe-none imageframe-4 hover-type-none\"><a class=\"fusion-no-lightbox\" href=\"https:\/\/powerof8events.wordpress.com\" target=\"_blank\" aria-label=\"Power of 8 2023 2\" rel=\"noopener noreferrer\"><img decoding=\"async\" width=\"539\" height=\"369\" alt=\"Une personne sur un v\u00e9lo de montagne pose \u00e0 c\u00f4t\u00e9 d&#039;une banni\u00e8re de MitoCanada.\" src=\"https:\/\/mitocanada.org\/wp-content\/uploads\/2023\/04\/Power-of-8-2023-2-e1681850802246.jpg\" class=\"img-responsive wp-image-7191\" srcset=\"https:\/\/mitocanada.org\/wp-content\/uploads\/2023\/04\/Power-of-8-2023-2-e1681850802246-200x137.jpg 200w, https:\/\/mitocanada.org\/wp-content\/uploads\/2023\/04\/Power-of-8-2023-2-e1681850802246-400x274.jpg 400w, https:\/\/mitocanada.org\/wp-content\/uploads\/2023\/04\/Power-of-8-2023-2-e1681850802246.jpg 539w\" sizes=\"(max-width: 640px) 100vw, 539px\" \/><\/a><\/span><\/div><\/div><\/div><\/div><\/div>\n","protected":false},"excerpt":{"rendered":"","protected":false},"author":1,"featured_media":0,"parent":0,"menu_order":0,"comment_status":"closed","ping_status":"closed","template":"","meta":{"om_disable_all_campaigns":false,"_monsterinsights_skip_tracking":false,"_monsterinsights_sitenote_active":false,"_monsterinsights_sitenote_note":"","_monsterinsights_sitenote_category":0,"_uf_show_specific_survey":0,"_uf_disable_surveys":false,"footnotes":""},"class_list":["post-8768","page","type-page","status-publish","hentry"],"aioseo_notices":[],"_links":{"self":[{"href":"https:\/\/mitocanada.org\/fr\/wp-json\/wp\/v2\/pages\/8768","targetHints":{"allow":["GET"]}}],"collection":[{"href":"https:\/\/mitocanada.org\/fr\/wp-json\/wp\/v2\/pages"}],"about":[{"href":"https:\/\/mitocanada.org\/fr\/wp-json\/wp\/v2\/types\/page"}],"author":[{"embeddable":true,"href":"https:\/\/mitocanada.org\/fr\/wp-json\/wp\/v2\/users\/1"}],"replies":[{"embeddable":true,"href":"https:\/\/mitocanada.org\/fr\/wp-json\/wp\/v2\/comments?post=8768"}],"version-history":[{"count":6,"href":"https:\/\/mitocanada.org\/fr\/wp-json\/wp\/v2\/pages\/8768\/revisions"}],"predecessor-version":[{"id":10828,"href":"https:\/\/mitocanada.org\/fr\/wp-json\/wp\/v2\/pages\/8768\/revisions\/10828"}],"wp:attachment":[{"href":"https:\/\/mitocanada.org\/fr\/wp-json\/wp\/v2\/media?parent=8768"}],"curies":[{"name":"wp","href":"https:\/\/api.w.org\/{rel}","templated":true}]}}