{"id":8608,"date":"2024-12-18T09:59:35","date_gmt":"2024-12-18T14:59:35","guid":{"rendered":"https:\/\/mitocanada.org\/collecte-de-fonds-virtuelle-zwift-defi-power-of-15\/"},"modified":"2025-05-16T15:50:07","modified_gmt":"2025-05-16T19:50:07","slug":"collecte-de-fonds-virtuelle-zwift-defi-power-of-15","status":"publish","type":"page","link":"https:\/\/mitocanada.org\/fr\/collecte-de-fonds-virtuelle-zwift-defi-power-of-15\/","title":{"rendered":"Collecte de fonds virtuelle Zwift &#8211; D\u00e9fi Power of 15"},"content":{"rendered":"<p><div class=\"fusion-fullwidth fullwidth-box fusion-builder-row-1 fusion-flex-container nonhundred-percent-fullwidth non-hundred-percent-height-scrolling\" style=\"--awb-border-radius-top-left:0px;--awb-border-radius-top-right:0px;--awb-border-radius-bottom-right:0px;--awb-border-radius-bottom-left:0px;--awb-flex-wrap:wrap;\" ><div class=\"fusion-builder-row fusion-row fusion-flex-align-items-flex-start fusion-flex-content-wrap\" style=\"max-width:1456px;margin-left: calc(-4% \/ 2 );margin-right: calc(-4% \/ 2 );\"><div class=\"fusion-layout-column fusion_builder_column fusion-builder-column-0 fusion_builder_column_1_1 1_1 fusion-flex-column\" style=\"--awb-bg-size:cover;--awb-width-large:100%;--awb-margin-top-large:0px;--awb-spacing-right-large:1.92%;--awb-margin-bottom-large:0px;--awb-spacing-left-large:1.92%;--awb-width-medium:100%;--awb-spacing-right-medium:1.92%;--awb-spacing-left-medium:1.92%;--awb-width-small:100%;--awb-spacing-right-small:1.92%;--awb-spacing-left-small:1.92%;\"><div class=\"fusion-column-wrapper fusion-flex-justify-content-flex-start fusion-content-layout-column\"><div class=\"fusion-text fusion-text-1\"><h2 data-pm-slice=\"1 1 &#091;&#093;\">Participez \u00e0 notre collecte de fonds virtuelle Zwift &#8211; D\u00e9fi Power of 15 : C\u00e9l\u00e9brons les 15 ans de MitoCanada !<\/h2>\n<p>Pr\u00e9parez-vous \u00e0 rouler dans un but pr\u00e9cis et \u00e0 c\u00e9l\u00e9brer une \u00e9tape remarquable ! Joignez-vous \u00e0 Dave Mosher, membre du conseil d&rsquo;administration de MitoCanada, et \u00e0 Kate Murray, chef de la direction, pour un \u00e9v\u00e9nement de spinning virtuel tr\u00e8s \u00e9nergique sur Zwift et comm\u00e9morez le 15e anniversaire de MitoCanada &#8211; c&rsquo;est une c\u00e9l\u00e9bration de l&rsquo;impact que MitoCanada a eu au cours des 15 derni\u00e8res ann\u00e9es. En participant, vous nous aidez \u00e0 cr\u00e9er un avenir meilleur pour les personnes touch\u00e9es par la maladie mitochondriale.  <\/p>\n<p>P\u00e9dalons avec d\u00e9termination !<br \/>\nChaque boucle que vous parcourez dans le cadre du d\u00e9fi \u00ab\u00a0Power of 15\u00a0\u00bb alimente l&rsquo;espoir, pousse \u00e0 l&rsquo;action et nous rapproche de la r\u00e9alisation de nos objectifs.<\/p>\n<div>\n<hr>\n<\/div>\n<h4 data-pm-slice=\"1 1 &#091;&#093;\">D\u00e9tails de l&rsquo;\u00e9v\u00e9nement cl\u00e9 :<img decoding=\"async\" class=\"alignright wp-image-8513\" src=\"https:\/\/mitocanada.org\/wp-content\/uploads\/2024\/12\/Black-and-White-Minimalist-Photography-Photo-Collage.png\" alt=\"Trois photos : Dave souriant et levant le pouce, Kate souriant, et une t\u00e9l\u00e9vision montrant un parcours Zwift.\" width=\"328\" height=\"492\" srcset=\"https:\/\/mitocanada.org\/wp-content\/uploads\/2024\/12\/Black-and-White-Minimalist-Photography-Photo-Collage-200x300.png 200w, https:\/\/mitocanada.org\/wp-content\/uploads\/2024\/12\/Black-and-White-Minimalist-Photography-Photo-Collage-400x600.png 400w, https:\/\/mitocanada.org\/wp-content\/uploads\/2024\/12\/Black-and-White-Minimalist-Photography-Photo-Collage-600x900.png 600w, https:\/\/mitocanada.org\/wp-content\/uploads\/2024\/12\/Black-and-White-Minimalist-Photography-Photo-Collage-682x1024.png 682w, https:\/\/mitocanada.org\/wp-content\/uploads\/2024\/12\/Black-and-White-Minimalist-Photography-Photo-Collage-768x1152.png 768w, https:\/\/mitocanada.org\/wp-content\/uploads\/2024\/12\/Black-and-White-Minimalist-Photography-Photo-Collage-800x1200.png 800w, https:\/\/mitocanada.org\/wp-content\/uploads\/2024\/12\/Black-and-White-Minimalist-Photography-Photo-Collage-1024x1536.png 1024w, https:\/\/mitocanada.org\/wp-content\/uploads\/2024\/12\/Black-and-White-Minimalist-Photography-Photo-Collage-1200x1800.png 1200w, https:\/\/mitocanada.org\/wp-content\/uploads\/2024\/12\/Black-and-White-Minimalist-Photography-Photo-Collage.png 1333w\" sizes=\"(max-width: 328px) 100vw, 328px\" \/><\/h4>\n<p><strong>Dates de l&rsquo;\u00e9v\u00e9nement :<\/strong><\/p>\n<ul>\n<li><strong>COURSE :<\/strong> samedi 8 mars<\/li>\n<\/ul>\n<p><strong>Heure :<\/strong> 9h00 PST | 10h00 MST | 12h00 EST<\/p>\n<p><strong>Plate-forme :<\/strong> Zwift<\/p>\n<p><strong>D\u00e9tails de l&rsquo;\u00e9v\u00e9nement :<\/strong><\/p>\n<ul>\n<li><strong>Course virtuelle en 15 boucles :<\/strong> participez en solo ou en \u00e9quipe \u00e0 15 boucles difficiles.<\/li>\n<\/ul>\n<p><strong>Questions ?<\/strong><br \/>\nSi vous avez des questions sur l&rsquo;\u00e9v\u00e9nement Zwift de Dave et Kate, envoyez-nous un e-mail \u00e0 l&rsquo;adresse suivante : <a href=\"mailto:Zwift4Mito@gmail.com\" target=\"_blank\" rel=\"noopener\">Zwift4Mito@gmail.com<\/a><\/p>\n<p><strong>Inscription : <\/strong><br \/>\nest maintenant termin\u00e9e<\/p>\n<\/div><div class=\"fusion-separator fusion-full-width-sep\" style=\"align-self: center;margin-left: auto;margin-right: auto;margin-bottom:20px;width:100%;\"><\/div><div class=\"fusion-text fusion-text-2\"><div><\/div>\n<h4 data-pm-slice=\"1 1 &#091;&#093;\"><strong>Faites un don !<\/strong><\/h4>\n<p>Vous ne pouvez pas participer \u00e0 la randonn\u00e9e ? Montrez votre soutien en faisant un don sur les pages de nos cyclistes !<\/p>\n<\/div><div ><a class=\"fusion-button button-flat fusion-button-default-size button-default fusion-button-default button-1 fusion-button-default-span fusion-button-default-type\" target=\"_blank\" rel=\"noopener noreferrer\" href=\"&lt;br \/&gt;\nhttps:\/\/www.canadahelps.org\/en\/charities\/mitocanada-foundation\/p2p\/2025-zwift-virtual-fundraiser\/\"><span class=\"fusion-button-text\">Faire un don<\/span><\/a><\/div><div class=\"fusion-separator fusion-full-width-sep\" style=\"align-self: center;margin-left: auto;margin-right: auto;margin-bottom:20px;width:100%;\"><\/div><div class=\"fusion-separator fusion-full-width-sep\" style=\"align-self: center;margin-left: auto;margin-right: auto;margin-bottom:20px;width:100%;\"><\/div><div class=\"fusion-text fusion-text-3\"><div><\/div>\n<h2 data-pm-slice=\"1 1 &#091;&#093;\">\u00c0 propos du d\u00e9fi \u00ab\u00a0Le pouvoir des 15<\/h2>\n<p>En mars, nous c\u00e9l\u00e9brons 15 ann\u00e9es incroyables d&rsquo;impact et de r\u00e9silience ! Que vous soyez un coureur Zwift chevronn\u00e9 ou que vous cherchiez simplement une fa\u00e7on amusante de donner en retour, cet \u00e9v\u00e9nement est pour vous. Roulez ou courez aux c\u00f4t\u00e9s de Dave Mosher et de Kate Murray pour sensibiliser le public et recueillir des fonds afin de soutenir les Canadiens atteints d&rsquo;une maladie mitochondriale.  <\/p>\n<p>Nous mettons les participants au d\u00e9fi d&rsquo;adopter le <strong>pouvoir des 15<\/strong>: demandez \u00e0 15 amis de faire un don de 15 $ ou plus pour alimenter les 15 prochaines ann\u00e9es de progr\u00e8s pour la communaut\u00e9 mito. Ensemble, nous pouvons faire en sorte que chaque boucle et chaque kilom\u00e8tre comptent ! <\/p>\n<h4 data-pm-slice=\"1 1 &#091;&#093;\">Objectifs de la collecte de fonds<\/h4>\n<ul>\n<li><strong>Objectif global :<\/strong> 5 000<\/li>\n<li><strong>Objectif individuel :<\/strong> 225 $ par participant (15 amis x 15 $ de don minimum)<\/li>\n<\/ul>\n<p>Vos efforts soutiendront directement la mission de MitoCanada qui consiste \u00e0 transformer l&rsquo;avenir des Canadiens vivant avec une maladie mitochondriale.<\/p>\n<\/div><\/div><\/div><\/div><\/div><div class=\"fusion-fullwidth fullwidth-box fusion-builder-row-2 fusion-flex-container nonhundred-percent-fullwidth non-hundred-percent-height-scrolling\" style=\"--awb-border-radius-top-left:0px;--awb-border-radius-top-right:0px;--awb-border-radius-bottom-right:0px;--awb-border-radius-bottom-left:0px;--awb-flex-wrap:wrap;\" ><div class=\"fusion-builder-row fusion-row fusion-flex-align-items-flex-start fusion-flex-content-wrap\" style=\"max-width:1456px;margin-left: calc(-4% \/ 2 );margin-right: calc(-4% \/ 2 );\"><div class=\"fusion-layout-column fusion_builder_column fusion-builder-column-1 fusion_builder_column_1_1 1_1 fusion-flex-column\" style=\"--awb-bg-size:cover;--awb-width-large:100%;--awb-margin-top-large:0px;--awb-spacing-right-large:1.92%;--awb-margin-bottom-large:20px;--awb-spacing-left-large:1.92%;--awb-width-medium:100%;--awb-order-medium:0;--awb-spacing-right-medium:1.92%;--awb-spacing-left-medium:1.92%;--awb-width-small:100%;--awb-order-small:0;--awb-spacing-right-small:1.92%;--awb-spacing-left-small:1.92%;\"><div class=\"fusion-column-wrapper fusion-column-has-shadow fusion-flex-justify-content-flex-start fusion-content-layout-column\"><\/div><\/div><\/div><\/div><\/p>\n","protected":false},"excerpt":{"rendered":"","protected":false},"author":3,"featured_media":0,"parent":0,"menu_order":1,"comment_status":"closed","ping_status":"closed","template":"","meta":{"om_disable_all_campaigns":false,"_monsterinsights_skip_tracking":false,"_monsterinsights_sitenote_active":false,"_monsterinsights_sitenote_note":"","_monsterinsights_sitenote_category":0,"_uf_show_specific_survey":0,"_uf_disable_surveys":false,"footnotes":""},"class_list":["post-8608","page","type-page","status-publish","hentry"],"aioseo_notices":[],"_links":{"self":[{"href":"https:\/\/mitocanada.org\/fr\/wp-json\/wp\/v2\/pages\/8608","targetHints":{"allow":["GET"]}}],"collection":[{"href":"https:\/\/mitocanada.org\/fr\/wp-json\/wp\/v2\/pages"}],"about":[{"href":"https:\/\/mitocanada.org\/fr\/wp-json\/wp\/v2\/types\/page"}],"author":[{"embeddable":true,"href":"https:\/\/mitocanada.org\/fr\/wp-json\/wp\/v2\/users\/3"}],"replies":[{"embeddable":true,"href":"https:\/\/mitocanada.org\/fr\/wp-json\/wp\/v2\/comments?post=8608"}],"version-history":[{"count":4,"href":"https:\/\/mitocanada.org\/fr\/wp-json\/wp\/v2\/pages\/8608\/revisions"}],"predecessor-version":[{"id":10912,"href":"https:\/\/mitocanada.org\/fr\/wp-json\/wp\/v2\/pages\/8608\/revisions\/10912"}],"wp:attachment":[{"href":"https:\/\/mitocanada.org\/fr\/wp-json\/wp\/v2\/media?parent=8608"}],"curies":[{"name":"wp","href":"https:\/\/api.w.org\/{rel}","templated":true}]}}