{"id":8286,"date":"2023-10-24T20:06:00","date_gmt":"2023-10-25T00:06:00","guid":{"rendered":"https:\/\/mitocanada.org\/plans-durgence-et-soins-chirurgicaux\/"},"modified":"2025-05-17T08:44:02","modified_gmt":"2025-05-17T12:44:02","slug":"plans-durgence-et-soins-chirurgicaux","status":"publish","type":"page","link":"https:\/\/mitocanada.org\/fr\/plans-durgence-et-soins-chirurgicaux\/","title":{"rendered":"Plans d&rsquo;urgence et soins chirurgicaux"},"content":{"rendered":"<div class=\"fusion-fullwidth fullwidth-box fusion-builder-row-1 fusion-flex-container nonhundred-percent-fullwidth non-hundred-percent-height-scrolling\" style=\"--awb-border-radius-top-left:0px;--awb-border-radius-top-right:0px;--awb-border-radius-bottom-right:0px;--awb-border-radius-bottom-left:0px;--awb-flex-wrap:wrap;\" ><div class=\"fusion-builder-row fusion-row fusion-flex-align-items-flex-start fusion-flex-content-wrap\" style=\"max-width:1456px;margin-left: calc(-4% \/ 2 );margin-right: calc(-4% \/ 2 );\"><div class=\"fusion-layout-column fusion_builder_column fusion-builder-column-0 fusion_builder_column_1_1 1_1 fusion-flex-column\" style=\"--awb-bg-size:cover;--awb-width-large:100%;--awb-margin-top-large:0px;--awb-spacing-right-large:1.92%;--awb-margin-bottom-large:0px;--awb-spacing-left-large:1.92%;--awb-width-medium:100%;--awb-spacing-right-medium:1.92%;--awb-spacing-left-medium:1.92%;--awb-width-small:100%;--awb-spacing-right-small:1.92%;--awb-spacing-left-small:1.92%;\"><div class=\"fusion-column-wrapper fusion-flex-justify-content-flex-start fusion-content-layout-column\"><div class=\"fusion-text fusion-text-1\" style=\"--awb-text-transform:none;\"><h2>Plans d&rsquo;urgence<\/h2>\n<div class=\"page\" title=\"Page 12\">\n<div class=\"layoutArea\">\n<div class=\"column\">\n<p>Un plan de soins d&rsquo;urgence doit \u00eatre \u00e9tabli pour garantir que vous receviez les meilleurs soins m\u00e9dicaux pour vos besoins en mitochondrie, lorsque votre \u00e9quipe m\u00e9dicale n&rsquo;est pas pr\u00e9sente. Ce plan peut pr\u00e9voir des visites aux urgences ou des admissions \u00e0 l&rsquo;h\u00f4pital. Le plan d&rsquo;urgence fournit au personnel hospitalier vos ant\u00e9c\u00e9dents m\u00e9dicaux et les protocoles d&rsquo;urgence \u00e0 suivre, tels que la liste des traitements \u00e0 recevoir pendant votre s\u00e9jour \u00e0 l&rsquo;h\u00f4pital, les examens de laboratoire \u00e0 effectuer et les m\u00e9dicaments \u00e0 \u00e9viter. Comme chaque patient mito pr\u00e9sente sa maladie diff\u00e9remment, vos protocoles d&rsquo;urgence seront diff\u00e9rents et personnalis\u00e9s pour r\u00e9pondre \u00e0 vos besoins uniques.   <\/p>\n<div class=\"page\" title=\"Page 12\">\n<div class=\"layoutArea\">\n<div class=\"column\">\n<p>Il est recommand\u00e9 de conserver votre plan de soins d&rsquo;urgence dans les dossiers de votre h\u00f4pital local. Apportez toujours une copie de votre plan de soins d&rsquo;urgence lorsque vous vous rendez \u00e0 l&rsquo;h\u00f4pital. <\/p>\n<\/div>\n<\/div>\n<\/div>\n<\/div>\n<\/div>\n<\/div>\n<h2>Proc\u00e9dures chirurgicales<\/h2>\n<p><span style=\"font-weight: 400;\">Lorsqu&rsquo;il s&rsquo;agit d&rsquo;interventions chirurgicales, des pr\u00e9cautions suppl\u00e9mentaires doivent souvent \u00eatre prises pour les patients atteints de maladies mentales.  <\/span><span style=\"font-weight: 400;\">La pr\u00e9paration pr\u00e9-chirurgicale doit \u00eatre revue et \u00e9ventuellement adapt\u00e9e. Certains actes m\u00e9dicaux n\u00e9cessitent de ne pas manger ni boire 12 \u00e0 24 heures avant l&rsquo;intervention, ce que l&rsquo;on appelle \u00e9galement la NPO (abr\u00e9viation latine de \u00ab\u00a0rien par la bouche\u00a0\u00bb). Le je\u00fbne avant une intervention m\u00e9dicale peut \u00eatre dangereux pour les personnes atteintes de certains types de mitoses. En outre, certains plans chirurgicaux peuvent conseiller aux patients atteints de mitose d&rsquo;\u00eatre hospitalis\u00e9s la veille d&rsquo;une intervention chirurgicale afin de leur administrer des fluides par voie intraveineuse. N&rsquo;h\u00e9sitez pas \u00e0 consulter votre m\u00e9decin pour en savoir plus.      <\/span><\/p>\n<p><span style=\"font-weight: 400;\"><img decoding=\"async\" class=\"alignright wp-image-5488\" src=\"https:\/\/mitocanada.org\/wp-content\/uploads\/2024\/06\/Mitochondrial-Disease-Emergency-Plans-e1717435692762.png\" alt=\"Trois adultes et un enfant, dont une femme avec un b\u00e9b\u00e9 sur les genoux, assis ensemble dans une clinique.\" width=\"382\" height=\"296\" srcset=\"https:\/\/mitocanada.org\/wp-content\/uploads\/2024\/06\/Mitochondrial-Disease-Emergency-Plans-e1717435692762-200x155.png 200w, https:\/\/mitocanada.org\/wp-content\/uploads\/2024\/06\/Mitochondrial-Disease-Emergency-Plans-e1717435692762-300x233.png 300w, https:\/\/mitocanada.org\/wp-content\/uploads\/2024\/06\/Mitochondrial-Disease-Emergency-Plans-e1717435692762-400x310.png 400w, https:\/\/mitocanada.org\/wp-content\/uploads\/2024\/06\/Mitochondrial-Disease-Emergency-Plans-e1717435692762.png 538w\" sizes=\"(max-width: 382px) 100vw, 382px\" \/>Il peut \u00eatre n\u00e9cessaire d&rsquo;\u00e9viter certains anesth\u00e9siques, car certains patients mito sont souvent vuln\u00e9rables au \u00ab\u00a0stress m\u00e9tabolique\u00a0\u00bb lors de l&rsquo;utilisation de certains anesth\u00e9siques. Pour \u00e9viter toute sensibilit\u00e9 \u00e0 l&rsquo;anesth\u00e9sie, les patients en phase pr\u00e9op\u00e9ratoire doivent \u00eatre le moins possible \u00e0 jeun et du glucose doit \u00eatre ajout\u00e9 aux fluides IV pr\u00e9op\u00e9ratoires, \u00e0 moins que le patient ne pr\u00e9sente des r\u00e9actions ind\u00e9sirables \u00e0 un apport \u00e9lev\u00e9 de glucose. Les options anesth\u00e9siques doivent \u00eatre discut\u00e9es avec le patient par l&rsquo;\u00e9quipe m\u00e9dicale, y compris l&rsquo;anesth\u00e9siste, afin de garantir le choix d&rsquo;un anesth\u00e9sique s\u00fbr et bien tol\u00e9r\u00e9.  <\/span><\/p>\n<p><br style=\"font-weight: 400;\"><br style=\"font-weight: 400;\"><\/p>\n<\/div><div class=\"fusion-text fusion-text-2\" style=\"--awb-text-transform:none;\"><h2><b>Soyez votre meilleur d\u00e9fenseur<\/b><\/h2>\n<p><span style=\"font-weight: 400;\">Au fil du temps, la maladie mitochondriale peut \u00e9voluer. Elle peut entra\u00eener l&rsquo;apparition de nouveaux sympt\u00f4mes et affecter de nouvelles parties du corps. Il est essentiel de surveiller votre \u00e9tat de sant\u00e9 et de signaler tout changement \u00e0 votre m\u00e9decin afin d&rsquo;aider \u00e0 traiter la progression de la maladie \u00e0 un stade pr\u00e9coce. Veillez \u00e0 vous soumettre \u00e0 des \u00e9valuations annuelles, \u00e0 vous tenir au courant des analyses de laboratoire et des scanners demand\u00e9s, \u00e0 tenir un journal des sympt\u00f4mes pour noter tout changement de sympt\u00f4me que vous pourriez ressentir et \u00e0 vous soumettre \u00e0 des examens de routine.   <\/span><\/p>\n<p><span style=\"font-weight: 400;\">Vos sp\u00e9cialistes de la sant\u00e9 peuvent vous aider \u00e0 r\u00e9pondre \u00e0 toute question sp\u00e9cifique que vous pourriez avoir concernant la chirurgie en tant que patient atteint de la maladie de Mito.<\/span><\/p>\n<\/div><\/div><\/div><\/div><\/div>\n","protected":false},"excerpt":{"rendered":"","protected":false},"author":2,"featured_media":0,"parent":0,"menu_order":68,"comment_status":"closed","ping_status":"closed","template":"","meta":{"om_disable_all_campaigns":false,"_monsterinsights_skip_tracking":false,"_monsterinsights_sitenote_active":false,"_monsterinsights_sitenote_note":"","_monsterinsights_sitenote_category":0,"_uf_show_specific_survey":0,"_uf_disable_surveys":false,"footnotes":""},"class_list":["post-8286","page","type-page","status-publish","hentry"],"aioseo_notices":[],"_links":{"self":[{"href":"https:\/\/mitocanada.org\/fr\/wp-json\/wp\/v2\/pages\/8286","targetHints":{"allow":["GET"]}}],"collection":[{"href":"https:\/\/mitocanada.org\/fr\/wp-json\/wp\/v2\/pages"}],"about":[{"href":"https:\/\/mitocanada.org\/fr\/wp-json\/wp\/v2\/types\/page"}],"author":[{"embeddable":true,"href":"https:\/\/mitocanada.org\/fr\/wp-json\/wp\/v2\/users\/2"}],"replies":[{"embeddable":true,"href":"https:\/\/mitocanada.org\/fr\/wp-json\/wp\/v2\/comments?post=8286"}],"version-history":[{"count":4,"href":"https:\/\/mitocanada.org\/fr\/wp-json\/wp\/v2\/pages\/8286\/revisions"}],"predecessor-version":[{"id":10963,"href":"https:\/\/mitocanada.org\/fr\/wp-json\/wp\/v2\/pages\/8286\/revisions\/10963"}],"wp:attachment":[{"href":"https:\/\/mitocanada.org\/fr\/wp-json\/wp\/v2\/media?parent=8286"}],"curies":[{"name":"wp","href":"https:\/\/api.w.org\/{rel}","templated":true}]}}