{"id":8283,"date":"2023-10-24T20:02:46","date_gmt":"2023-10-25T00:02:46","guid":{"rendered":"https:\/\/mitocanada.org\/conseil-genetique\/"},"modified":"2025-05-17T09:07:49","modified_gmt":"2025-05-17T13:07:49","slug":"conseil-genetique","status":"publish","type":"page","link":"https:\/\/mitocanada.org\/fr\/conseil-genetique\/","title":{"rendered":"Conseil g\u00e9n\u00e9tique"},"content":{"rendered":"<div class=\"fusion-fullwidth fullwidth-box fusion-builder-row-1 fusion-flex-container nonhundred-percent-fullwidth non-hundred-percent-height-scrolling\" style=\"--awb-border-radius-top-left:0px;--awb-border-radius-top-right:0px;--awb-border-radius-bottom-right:0px;--awb-border-radius-bottom-left:0px;--awb-flex-wrap:wrap;\" ><div class=\"fusion-builder-row fusion-row fusion-flex-align-items-flex-start fusion-flex-content-wrap\" style=\"max-width:1456px;margin-left: calc(-4% \/ 2 );margin-right: calc(-4% \/ 2 );\"><div class=\"fusion-layout-column fusion_builder_column fusion-builder-column-0 fusion_builder_column_1_1 1_1 fusion-flex-column\" style=\"--awb-bg-size:cover;--awb-width-large:100%;--awb-margin-top-large:0px;--awb-spacing-right-large:1.92%;--awb-margin-bottom-large:0px;--awb-spacing-left-large:1.92%;--awb-width-medium:100%;--awb-spacing-right-medium:1.92%;--awb-spacing-left-medium:1.92%;--awb-width-small:100%;--awb-spacing-right-small:1.92%;--awb-spacing-left-small:1.92%;\"><div class=\"fusion-column-wrapper fusion-flex-justify-content-flex-start fusion-content-layout-column\"><div class=\"fusion-text fusion-text-1\" style=\"--awb-text-transform:none;\"><h2><span style=\"font-weight: 400;\">La technologie des tests g\u00e9n\u00e9tiques progresse rapidement et les options de test continuent de s&rsquo;am\u00e9liorer.<\/span><\/h2>\n<p><span style=\"font-weight: 400;\">Si vous ou les membres de votre famille ne disposez pas d&rsquo;un diagnostic g\u00e9n\u00e9tique, parlez-en \u00e0 votre \u00e9quipe soignante ou \u00e0 un m\u00e9decin exp\u00e9riment\u00e9 dans les soins mito. Ils peuvent vous aider dans le processus de diagnostic en utilisant des tests cliniques, des \u00e9valuations de laboratoire, des \u00e9tudes d&rsquo;images et\/ou des biopsies de tissus. Comme c&rsquo;est souvent le cas, d&rsquo;autres types de tests doivent d&rsquo;abord \u00eatre effectu\u00e9s avant qu&rsquo;une demande de test g\u00e9n\u00e9tique ne soit formul\u00e9e.  <\/span><\/p>\n<p><span style=\"font-weight: 400;\"><img decoding=\"async\" class=\"alignleft wp-image-5484\" src=\"https:\/\/mitocanada.org\/wp-content\/uploads\/2024\/06\/Mitochondrial-Disease-Genetic-Counselling-e1717435479317.png\" alt=\"Une jeune fille pose la cloche d'un st\u00e9thoscope sur son c\u0153ur sous l'observation d'un m\u00e9decin.  \" width=\"341\" height=\"266\" srcset=\"https:\/\/mitocanada.org\/wp-content\/uploads\/2024\/06\/Mitochondrial-Disease-Genetic-Counselling-e1717435479317-200x156.png 200w, https:\/\/mitocanada.org\/wp-content\/uploads\/2024\/06\/Mitochondrial-Disease-Genetic-Counselling-e1717435479317-300x234.png 300w, https:\/\/mitocanada.org\/wp-content\/uploads\/2024\/06\/Mitochondrial-Disease-Genetic-Counselling-e1717435479317-400x311.png 400w, https:\/\/mitocanada.org\/wp-content\/uploads\/2024\/06\/Mitochondrial-Disease-Genetic-Counselling-e1717435479317.png 537w\" sizes=\"(max-width: 341px) 100vw, 341px\" \/>Les tests g\u00e9n\u00e9tiques sont co\u00fbteux. Dans certains cas, les tests sont exp\u00e9di\u00e9s hors de la province ou du pays pour \u00eatre trait\u00e9s. Dans certaines provinces, les tests g\u00e9n\u00e9tiques doivent d&rsquo;abord \u00eatre approuv\u00e9s par le gouvernement provincial pour \u00eatre couverts. Si les r\u00e9sultats des tests g\u00e9n\u00e9tiques sont n\u00e9gatifs, il se peut que vous soyez toujours atteint d&rsquo;une maladie mitochondriale. Envisagez de demander un autre panel de tests g\u00e9n\u00e9tiques \u00e0 l&rsquo;avenir. Les tests g\u00e9n\u00e9tiques peuvent \u00eatre n\u00e9gatifs ou non concluants aujourd&rsquo;hui, mais dans 3 \u00e0 5 ans, ils pourraient permettre de poser un diagnostic.     <\/span><\/p>\n<p><span style=\"font-weight: 400;\">Selon le type de maladie mitochondriale dont vous \u00eates atteint, vos fr\u00e8res et s\u0153urs ou vos futurs enfants peuvent courir le risque de d\u00e9velopper une maladie mitochondriale. La transmission d&rsquo;une maladie mitochondriale d&rsquo;un parent \u00e0 un enfant d\u00e9pend de nombreux facteurs, notamment du fait que la maladie est caus\u00e9e par des mutations g\u00e9n\u00e9tiques dans l&rsquo;ADN nucl\u00e9aire ou mitochondrial.   <\/span><\/p>\n<p><span style=\"font-weight: 400;\">Lorsqu&rsquo;un diagnostic g\u00e9n\u00e9tique est pos\u00e9, les \u00e9quipes soignantes et les conseillers en g\u00e9n\u00e9tique vous aideront \u00e0 d\u00e9terminer si d&rsquo;autres membres de la famille sont \u00e0 risque et si ce type particulier de mitose peut \u00eatre transmis aux futurs enfants. Vous et votre famille pouvez envisager un test g\u00e9n\u00e9tique et conseiller aux autres membres de la famille de faire de m\u00eame.   <\/span><\/p>\n<p><span style=\"font-weight: 400;\">MitoCanada est l\u00e0 pour vous fournir toutes les ressources dont vous avez besoin. Si vous avez des questions sur le conseil g\u00e9n\u00e9tique, n&rsquo;h\u00e9sitez pas \u00e0 nous contacter \u00e0 l&rsquo;adresse suivante   <\/span><a href=\"mailto:info@mitocanada.org\"><span style=\"font-weight: 400;\">info@mitocanada.org<\/span><\/a><span style=\"font-weight: 400;\"> . <\/span><\/p>\n<\/div><\/div><\/div><\/div><\/div>\n","protected":false},"excerpt":{"rendered":"","protected":false},"author":2,"featured_media":0,"parent":0,"menu_order":67,"comment_status":"closed","ping_status":"closed","template":"","meta":{"om_disable_all_campaigns":false,"_monsterinsights_skip_tracking":false,"_monsterinsights_sitenote_active":false,"_monsterinsights_sitenote_note":"","_monsterinsights_sitenote_category":0,"_uf_show_specific_survey":0,"_uf_disable_surveys":false,"footnotes":""},"class_list":["post-8283","page","type-page","status-publish","hentry"],"aioseo_notices":[],"_links":{"self":[{"href":"https:\/\/mitocanada.org\/fr\/wp-json\/wp\/v2\/pages\/8283","targetHints":{"allow":["GET"]}}],"collection":[{"href":"https:\/\/mitocanada.org\/fr\/wp-json\/wp\/v2\/pages"}],"about":[{"href":"https:\/\/mitocanada.org\/fr\/wp-json\/wp\/v2\/types\/page"}],"author":[{"embeddable":true,"href":"https:\/\/mitocanada.org\/fr\/wp-json\/wp\/v2\/users\/2"}],"replies":[{"embeddable":true,"href":"https:\/\/mitocanada.org\/fr\/wp-json\/wp\/v2\/comments?post=8283"}],"version-history":[{"count":4,"href":"https:\/\/mitocanada.org\/fr\/wp-json\/wp\/v2\/pages\/8283\/revisions"}],"predecessor-version":[{"id":10985,"href":"https:\/\/mitocanada.org\/fr\/wp-json\/wp\/v2\/pages\/8283\/revisions\/10985"}],"wp:attachment":[{"href":"https:\/\/mitocanada.org\/fr\/wp-json\/wp\/v2\/media?parent=8283"}],"curies":[{"name":"wp","href":"https:\/\/api.w.org\/{rel}","templated":true}]}}