{"id":8276,"date":"2023-10-24T20:05:43","date_gmt":"2023-10-25T00:05:43","guid":{"rendered":"https:\/\/mitocanada.org\/gerer-le-stress\/"},"modified":"2025-05-17T08:58:47","modified_gmt":"2025-05-17T12:58:47","slug":"gerer-le-stress","status":"publish","type":"page","link":"https:\/\/mitocanada.org\/fr\/gerer-le-stress\/","title":{"rendered":"G\u00e9rer le stress"},"content":{"rendered":"<div class=\"fusion-fullwidth fullwidth-box fusion-builder-row-1 fusion-flex-container nonhundred-percent-fullwidth non-hundred-percent-height-scrolling\" style=\"--awb-border-radius-top-left:0px;--awb-border-radius-top-right:0px;--awb-border-radius-bottom-right:0px;--awb-border-radius-bottom-left:0px;--awb-flex-wrap:wrap;\" ><div class=\"fusion-builder-row fusion-row fusion-flex-align-items-flex-start fusion-flex-content-wrap\" style=\"max-width:1456px;margin-left: calc(-4% \/ 2 );margin-right: calc(-4% \/ 2 );\"><div class=\"fusion-layout-column fusion_builder_column fusion-builder-column-0 fusion_builder_column_1_1 1_1 fusion-flex-column\" style=\"--awb-bg-size:cover;--awb-width-large:100%;--awb-margin-top-large:0px;--awb-spacing-right-large:1.92%;--awb-margin-bottom-large:0px;--awb-spacing-left-large:1.92%;--awb-width-medium:100%;--awb-spacing-right-medium:1.92%;--awb-spacing-left-medium:1.92%;--awb-width-small:100%;--awb-spacing-right-small:1.92%;--awb-spacing-left-small:1.92%;\"><div class=\"fusion-column-wrapper fusion-flex-justify-content-flex-start fusion-content-layout-column\"><div class=\"fusion-text fusion-text-1\" style=\"--awb-text-transform:none;\"><h2><span style=\"font-weight: 400;\">Apr\u00e8s avoir re\u00e7u un diagnostic de maladie mitotique, de nombreuses personnes peuvent \u00eatre confront\u00e9es aux m\u00eames d\u00e9fis et incertitudes que d&rsquo;autres patients nouvellement diagnostiqu\u00e9s.  <\/span><\/h2>\n<p><span style=\"font-weight: 400;\">Avec des tests pour \u00e9carter d&rsquo;autres pathologies et des tests pour rassembler des preuves que la mitose pourrait \u00eatre en cause, le processus d&rsquo;investigation peut accro\u00eetre l&rsquo;anxi\u00e9t\u00e9. Pour les patients nouvellement diagnostiqu\u00e9s, le diagnostic peut \u00eatre un soulagement car les tests ne sont plus n\u00e9cessaires et l&rsquo;accent est d\u00e9sormais mis sur les options de traitement pour g\u00e9rer les sympt\u00f4mes.  <\/span><\/p>\n<p><span style=\"font-weight: 400;\"><img decoding=\"async\" class=\"alignright wp-image-5480\" src=\"https:\/\/mitocanada.org\/wp-content\/uploads\/2024\/06\/Louise-Gibson-Swim-Therapy-e1717435285293.png\" alt=\"Louise Gibson sourit en faisant de l'aquagym\" width=\"373\" height=\"252\" srcset=\"https:\/\/mitocanada.org\/wp-content\/uploads\/2024\/06\/Louise-Gibson-Swim-Therapy-e1717435285293-200x135.png 200w, https:\/\/mitocanada.org\/wp-content\/uploads\/2024\/06\/Louise-Gibson-Swim-Therapy-e1717435285293-300x203.png 300w, https:\/\/mitocanada.org\/wp-content\/uploads\/2024\/06\/Louise-Gibson-Swim-Therapy-e1717435285293-400x271.png 400w, https:\/\/mitocanada.org\/wp-content\/uploads\/2024\/06\/Louise-Gibson-Swim-Therapy-e1717435285293-600x406.png 600w, https:\/\/mitocanada.org\/wp-content\/uploads\/2024\/06\/Louise-Gibson-Swim-Therapy-e1717435285293.png 618w\" sizes=\"(max-width: 373px) 100vw, 373px\" \/>Cependant, les patients et leurs familles se sentent souvent d\u00e9pass\u00e9s et pr\u00e9occup\u00e9s par les soins continus, la progression de la maladie (<br \/>\n), l&rsquo;impact sur la vie familiale et les difficult\u00e9s financi\u00e8res. Bien qu&rsquo;il soit important de se renseigner sur votre nouveau diagnostic, vous ne pouvez pas tout apprendre du jour au lendemain. Vos sp\u00e9cialistes et les infirmi\u00e8res de la clinique sont l\u00e0 pour renforcer vos connaissances et votre confiance dans la vie avec la mitose, ainsi que pour vous guider dans les strat\u00e9gies de prise en charge.    <\/span><\/p>\n<p><span style=\"font-weight: 400;\">MitoCanada est l\u00e0 pour vous fournir des ressources, des outils et des conseils qui vous aideront \u00e0 entrer dans une communaut\u00e9 canadienne de soutien pour les personnes atteintes de la maladie de Mito. De nombreuses personnes et familles font appel \u00e0 des services de conseil professionnels avant et apr\u00e8s le diagnostic pour les aider \u00e0 faire face aux d\u00e9fis auxquels elles sont confront\u00e9es et au stress, \u00e0 la col\u00e8re et \u00e0 la tristesse qu&rsquo;elles \u00e9prouvent. Il peut \u00eatre utile de parler \u00e0 quelqu&rsquo;un qui peut vous soutenir pendant cette p\u00e9riode d&rsquo;incertitude. Si vous ou votre famille vous sentez d\u00e9pass\u00e9s, envisagez de demander l&rsquo;aide d&rsquo;un conseiller professionnel.     <\/span><\/p>\n<p><span style=\"font-weight: 400;\">Consultez la liste des ressources provinciales et nationales de MitoCanada pour obtenir un soutien \u00e9motionnel.  <\/span><\/p>\n<\/div><div class=\"fusion-separator fusion-full-width-sep\" style=\"align-self: center;margin-left: auto;margin-right: auto;margin-top:10px;width:100%;\"><\/div><div style=\"text-align:center;\"><a class=\"fusion-button button-flat fusion-button-default-size button-default fusion-button-default button-1 fusion-button-default-span fusion-button-default-type\" target=\"_self\" href=\"https:\/\/mitocanada.org\/fr\/soutien\/ressources-provinciales-et-nationales-pour-les-patients\/\"><span class=\"fusion-button-text\">RESSOURCES POUR LES PATIENTS<\/span><\/a><\/div><\/div><\/div><\/div><\/div>\n","protected":false},"excerpt":{"rendered":"","protected":false},"author":2,"featured_media":0,"parent":0,"menu_order":65,"comment_status":"closed","ping_status":"closed","template":"","meta":{"om_disable_all_campaigns":false,"_monsterinsights_skip_tracking":false,"_monsterinsights_sitenote_active":false,"_monsterinsights_sitenote_note":"","_monsterinsights_sitenote_category":0,"_uf_show_specific_survey":0,"_uf_disable_surveys":false,"footnotes":""},"class_list":["post-8276","page","type-page","status-publish","hentry"],"aioseo_notices":[],"_links":{"self":[{"href":"https:\/\/mitocanada.org\/fr\/wp-json\/wp\/v2\/pages\/8276","targetHints":{"allow":["GET"]}}],"collection":[{"href":"https:\/\/mitocanada.org\/fr\/wp-json\/wp\/v2\/pages"}],"about":[{"href":"https:\/\/mitocanada.org\/fr\/wp-json\/wp\/v2\/types\/page"}],"author":[{"embeddable":true,"href":"https:\/\/mitocanada.org\/fr\/wp-json\/wp\/v2\/users\/2"}],"replies":[{"embeddable":true,"href":"https:\/\/mitocanada.org\/fr\/wp-json\/wp\/v2\/comments?post=8276"}],"version-history":[{"count":4,"href":"https:\/\/mitocanada.org\/fr\/wp-json\/wp\/v2\/pages\/8276\/revisions"}],"predecessor-version":[{"id":10974,"href":"https:\/\/mitocanada.org\/fr\/wp-json\/wp\/v2\/pages\/8276\/revisions\/10974"}],"wp:attachment":[{"href":"https:\/\/mitocanada.org\/fr\/wp-json\/wp\/v2\/media?parent=8276"}],"curies":[{"name":"wp","href":"https:\/\/api.w.org\/{rel}","templated":true}]}}