{"id":8273,"date":"2024-04-26T15:47:02","date_gmt":"2024-04-26T19:47:02","guid":{"rendered":"https:\/\/mitocanada.org\/explorer-le-transfert-mitochondrial\/"},"modified":"2026-01-11T11:43:50","modified_gmt":"2026-01-11T16:43:50","slug":"explorer-le-transfert-mitochondrial","status":"publish","type":"page","link":"https:\/\/mitocanada.org\/fr\/explorer-le-transfert-mitochondrial\/","title":{"rendered":"Explorer la transplantation mitochondriale"},"content":{"rendered":"<div class=\"fusion-fullwidth fullwidth-box fusion-builder-row-1 fusion-flex-container nonhundred-percent-fullwidth non-hundred-percent-height-scrolling\" style=\"--awb-border-radius-top-left:0px;--awb-border-radius-top-right:0px;--awb-border-radius-bottom-right:0px;--awb-border-radius-bottom-left:0px;--awb-flex-wrap:wrap;\" ><div class=\"fusion-builder-row fusion-row fusion-flex-align-items-flex-start fusion-flex-content-wrap\" style=\"max-width:1456px;margin-left: calc(-4% \/ 2 );margin-right: calc(-4% \/ 2 );\"><div class=\"fusion-layout-column fusion_builder_column fusion-builder-column-0 fusion_builder_column_1_1 1_1 fusion-flex-column\" style=\"--awb-bg-size:cover;--awb-width-large:100%;--awb-margin-top-large:0px;--awb-spacing-right-large:1.92%;--awb-margin-bottom-large:0px;--awb-spacing-left-large:1.92%;--awb-width-medium:100%;--awb-spacing-right-medium:1.92%;--awb-spacing-left-medium:1.92%;--awb-width-small:100%;--awb-spacing-right-small:1.92%;--awb-spacing-left-small:1.92%;\"><div class=\"fusion-column-wrapper fusion-flex-justify-content-flex-start fusion-content-layout-column\"><div class=\"fusion-text fusion-text-1\" style=\"--awb-text-transform:none;\"><h2 style=\"font-weight: 400;\"><strong>Explorer la transplantation mitochondriale : Promesses et engagement communautaire au Canada<\/strong><\/h2>\n<p style=\"font-weight: 400;\">La transplantation mitochondriale, \u00e9galement appel\u00e9e transfert ou transfusion mitochondriale, se situe \u00e0 l&rsquo;avant-garde des traitements innovants des maladies mitochondriales. Cette technique, qui implique le transfert de mitochondries d&rsquo;une cellule, d&rsquo;un tissu ou m\u00eame d&rsquo;un animal \u00e0 un autre, a d\u00e9montr\u00e9 son potentiel dans divers contextes de recherche au cours de la derni\u00e8re d\u00e9cennie. Malgr\u00e9 ses promesses, l&rsquo;application de cette technologie au traitement des maladies mitochondriales primaires n&rsquo;en est encore qu&rsquo;\u00e0 ses d\u00e9buts et n\u00e9cessite des recherches et des essais importants.  <\/p>\n<\/div><div class=\"accordian fusion-accordian\" style=\"--awb-border-size:1px;--awb-icon-size:16px;--awb-content-font-size:var(--awb-typography4-font-size);--awb-icon-alignment:left;--awb-hover-color:var(--awb-color2);--awb-border-color:var(--awb-color3);--awb-background-color:var(--awb-color1);--awb-divider-color:var(--awb-color3);--awb-divider-hover-color:var(--awb-color3);--awb-icon-color:#ffffff;--awb-title-color:#000000;--awb-content-color:#000000;--awb-icon-box-color:#119bb5;--awb-toggle-hover-accent-color:#119bb5;--awb-title-font-family:var(--awb-typography1-font-family);--awb-title-font-weight:var(--awb-typography1-font-weight);--awb-title-font-style:var(--awb-typography1-font-style);--awb-title-font-size:20px;--awb-title-letter-spacing:-0.015em;--awb-title-line-height:1.2;--awb-content-font-family:&quot;Montserrat&quot;;--awb-content-font-style:normal;--awb-content-font-weight:400;\"><div class=\"panel-group fusion-toggle-icon-boxed\" id=\"accordion-8273-1\"><div class=\"fusion-panel panel-default panel-80f2148eef15747b2 fusion-toggle-has-divider\" style=\"--awb-title-color:#000000;\"><div class=\"panel-heading\"><h4 class=\"panel-title toggle\" id=\"toggle_80f2148eef15747b2\"><a class=\"active\" aria-expanded=\"true\" aria-controls=\"80f2148eef15747b2\" role=\"button\" data-toggle=\"collapse\" data-parent=\"#accordion-8273-1\" data-target=\"#80f2148eef15747b2\" href=\"#80f2148eef15747b2\"><span class=\"fusion-toggle-icon-wrapper\" aria-hidden=\"true\"><i class=\"fa-fusion-box active-icon awb-icon-minus\" aria-hidden=\"true\"><\/i><i class=\"fa-fusion-box inactive-icon awb-icon-plus\" aria-hidden=\"true\"><\/i><\/span><span class=\"fusion-toggle-heading\">Le r\u00f4le de MitoCanada dans l&#039;\u00e9ducation et la sensibilisation<\/span><\/a><\/h4><\/div><div id=\"80f2148eef15747b2\" class=\"panel-collapse collapse in\" aria-labelledby=\"toggle_80f2148eef15747b2\"><div class=\"panel-body toggle-content fusion-clearfix\">\n<p style=\"font-weight: 400;\">MitoCanada, en collaboration avec des experts des maladies mitochondriales, a r\u00e9dig\u00e9 un <a href=\"https:\/\/mitocanada.org\/fr\/quest-ce-que-le-transfert-mitochondrial\/\">article d\u00e9taill\u00e9<\/a> visant \u00e0 informer et \u00e0 sensibiliser la communaut\u00e9 canadienne des maladies mitochondriales. Les efforts d\u00e9ploy\u00e9s visent \u00e9galement \u00e0 encourager la participation de la communaut\u00e9 afin de recueillir des id\u00e9es et des commentaires sur cette th\u00e9rapie \u00e9mergente. <\/p>\n<p style=\"font-weight: 400;\">R\u00e9cemment, MitoCanada a men\u00e9 une consultation communautaire par le biais d&rsquo;une enqu\u00eate diffus\u00e9e dans les m\u00e9dias sociaux, les bulletins d&rsquo;information \u00e9lectroniques et sur son site web, qui a recueilli les commentaires de 126 participants. \u00c9tonnamment, 68 % des r\u00e9pondants ont \u00e9t\u00e9 sensibilis\u00e9s au concept de la transplantation mitochondriale dans le cadre de cette initiative. La majorit\u00e9 des participants ont trouv\u00e9 le sujet \u00e0 la fois int\u00e9ressant et prometteur, 96 % d&rsquo;entre eux souhaitant en savoir plus sur la transplantation mitochondriale et 90 % se d\u00e9clarant int\u00e9ress\u00e9s par d&rsquo;\u00e9ventuelles possibilit\u00e9s d&rsquo;essais cliniques.  <\/p>\n<p style=\"font-weight: 400;\">Cet engagement proactif met en \u00e9vidence un int\u00e9r\u00eat marqu\u00e9 et une perspective positive \u00e0 l&rsquo;\u00e9gard de la transplantation mitochondriale, 80 % des personnes interrog\u00e9es ayant indiqu\u00e9 qu&rsquo;elles discuteraient de cette option th\u00e9rapeutique avec leurs prestataires de soins de sant\u00e9 sp\u00e9cialis\u00e9s dans les maladies mitochondriales.<\/p>\n<\/div><\/div><\/div><div class=\"fusion-panel panel-default panel-7aaa2578036213868 fusion-toggle-has-divider\" style=\"--awb-title-color:#000000;\"><div class=\"panel-heading\"><h4 class=\"panel-title toggle\" id=\"toggle_7aaa2578036213868\"><a aria-expanded=\"false\" aria-controls=\"7aaa2578036213868\" role=\"button\" data-toggle=\"collapse\" data-parent=\"#accordion-8273-1\" data-target=\"#7aaa2578036213868\" href=\"#7aaa2578036213868\"><span class=\"fusion-toggle-icon-wrapper\" aria-hidden=\"true\"><i class=\"fa-fusion-box active-icon awb-icon-minus\" aria-hidden=\"true\"><\/i><i class=\"fa-fusion-box inactive-icon awb-icon-plus\" aria-hidden=\"true\"><\/i><\/span><span class=\"fusion-toggle-heading\">La science derri\u00e8re la transplantation de mitochondries<\/span><\/a><\/h4><\/div><div id=\"7aaa2578036213868\" class=\"panel-collapse collapse \" aria-labelledby=\"toggle_7aaa2578036213868\"><div class=\"panel-body toggle-content fusion-clearfix\">\n<p style=\"font-weight: 400;\">Le processus de transplantation mitochondriale commence par l&rsquo;extraction d&rsquo;un \u00e9chantillon de tissu, g\u00e9n\u00e9ralement du tissu musculaire, d&rsquo;un donneur sain ou d&rsquo;une zone du corps non affect\u00e9e. Les mitochondries sont ensuite isol\u00e9es de l&rsquo;\u00e9chantillon, un processus qui doit \u00eatre r\u00e9alis\u00e9 rapidement pour pr\u00e9server leur viabilit\u00e9, g\u00e9n\u00e9ralement dans un d\u00e9lai de 1 \u00e0 2 heures. Une fois isol\u00e9es, les mitochondries sont \u00e9valu\u00e9es par des techniques telles que la coloration par colorant fluorescent et le dosage de l&rsquo;ATP.  <\/p>\n<p style=\"font-weight: 400;\">Bien que cette th\u00e9rapie n&rsquo;ait pas encore \u00e9t\u00e9 utilis\u00e9e pour traiter les patients atteints d&rsquo;une maladie mitochondriale primaire, elle a \u00e9t\u00e9 explor\u00e9e dans des mod\u00e8les animaux et dans des \u00e9tudes humaines pour des conditions telles que l&rsquo;isch\u00e9mie myocardique et les l\u00e9sions de reperfusion. Dans ces \u00e9tudes, le transfert de mitochondries a montr\u00e9 un potentiel d&rsquo;att\u00e9nuation des l\u00e9sions du muscle cardiaque et d&rsquo;am\u00e9lioration de la fonction cardiaque, en particulier dans un essai clinique impliquant des patients p\u00e9diatriques. <\/p>\n<\/div><\/div><\/div><div class=\"fusion-panel panel-default panel-cae1b74cf04cc4428 fusion-toggle-has-divider\" style=\"--awb-title-color:#000000;\"><div class=\"panel-heading\"><h4 class=\"panel-title toggle\" id=\"toggle_cae1b74cf04cc4428\"><a aria-expanded=\"false\" aria-controls=\"cae1b74cf04cc4428\" role=\"button\" data-toggle=\"collapse\" data-parent=\"#accordion-8273-1\" data-target=\"#cae1b74cf04cc4428\" href=\"#cae1b74cf04cc4428\"><span class=\"fusion-toggle-icon-wrapper\" aria-hidden=\"true\"><i class=\"fa-fusion-box active-icon awb-icon-minus\" aria-hidden=\"true\"><\/i><i class=\"fa-fusion-box inactive-icon awb-icon-plus\" aria-hidden=\"true\"><\/i><\/span><span class=\"fusion-toggle-heading\">D\u00e9fis et orientations futures<\/span><\/a><\/h4><\/div><div id=\"cae1b74cf04cc4428\" class=\"panel-collapse collapse \" aria-labelledby=\"toggle_cae1b74cf04cc4428\"><div class=\"panel-body toggle-content fusion-clearfix\">\n<p style=\"font-weight: 400;\">Les d\u00e9fis de la transplantation de mitochondries comprennent la n\u00e9cessit\u00e9 de disposer de mitochondries provenant d&rsquo;un donneur dans les cas de maladie mitochondriale primaire, o\u00f9 tous les tissus du patient peuvent \u00eatre affect\u00e9s. En outre, la r\u00e9ponse \u00e0 la transplantation de mitochondries peut varier, certaines \u00e9tudes faisant \u00e9tat de r\u00e9actions inflammatoires, en particulier lorsque les mitochondries proviennent de donneurs non apparent\u00e9s. Toutefois, d&rsquo;autres \u00e9tudes n&rsquo;ont pas observ\u00e9 de r\u00e9actions immunitaires, auto-immunes ou inflammatoires significatives, ce qui montre la n\u00e9cessit\u00e9 de poursuivre les recherches pour mieux comprendre et att\u00e9nuer les risques.  <\/p>\n<\/div><\/div><\/div><div class=\"fusion-panel panel-default panel-40a6ba33c67f32e50 fusion-toggle-has-divider\" style=\"--awb-title-color:#000000;\"><div class=\"panel-heading\"><h4 class=\"panel-title toggle\" id=\"toggle_40a6ba33c67f32e50\"><a aria-expanded=\"false\" aria-controls=\"40a6ba33c67f32e50\" role=\"button\" data-toggle=\"collapse\" data-parent=\"#accordion-8273-1\" data-target=\"#40a6ba33c67f32e50\" href=\"#40a6ba33c67f32e50\"><span class=\"fusion-toggle-icon-wrapper\" aria-hidden=\"true\"><i class=\"fa-fusion-box active-icon awb-icon-minus\" aria-hidden=\"true\"><\/i><i class=\"fa-fusion-box inactive-icon awb-icon-plus\" aria-hidden=\"true\"><\/i><\/span><span class=\"fusion-toggle-heading\">Conclusion<\/span><\/a><\/h4><\/div><div id=\"40a6ba33c67f32e50\" class=\"panel-collapse collapse \" aria-labelledby=\"toggle_40a6ba33c67f32e50\"><div class=\"panel-body toggle-content fusion-clearfix\">\n<p style=\"font-weight: 400;\">L&rsquo;int\u00e9gration des r\u00e9actions de la communaut\u00e9 \u00e0 la recherche scientifique en cours souligne l&rsquo;importance de poursuivre l&rsquo;exploration et la discussion autour de la transplantation mitochondriale. \u00c0 mesure que la recherche progresse, elle promet d&rsquo;ouvrir de nouvelles voies pour le traitement des maladies mitochondriales et d&rsquo;autres maladies li\u00e9es \u00e0 l&rsquo;\u00e2ge, ce qui pourrait transformer la vie des patients atteints de ces affections difficiles. <\/p>\n<\/div><\/div><\/div><\/div><\/div><div class=\"fusion-separator fusion-full-width-sep\" style=\"align-self: center;margin-left: auto;margin-right: auto;margin-top:15px;margin-bottom:15px;width:100%;\"><\/div><div style=\"text-align:left;\"><a class=\"fusion-button button-flat fusion-button-default-size button-default fusion-button-default button-1 fusion-button-default-span fusion-button-default-type\" target=\"_blank\" rel=\"noopener noreferrer\" href=\"https:\/\/mitocanada.org\/wp-content\/uploads\/2025\/01\/Exploring-Mitochondrial-Transfer.pdf\"><span class=\"fusion-button-text\">T\u00e9l\u00e9charger l&rsquo;article<\/span><\/a><\/div><div class=\"fusion-separator fusion-full-width-sep\" style=\"align-self: center;margin-left: auto;margin-right: auto;margin-top:5px;margin-bottom:5px;width:100%;\"><\/div><\/div><\/div><\/div><\/div>\n","protected":false},"excerpt":{"rendered":"","protected":false},"author":3,"featured_media":0,"parent":0,"menu_order":63,"comment_status":"closed","ping_status":"closed","template":"","meta":{"om_disable_all_campaigns":false,"_monsterinsights_skip_tracking":false,"_monsterinsights_sitenote_active":false,"_monsterinsights_sitenote_note":"","_monsterinsights_sitenote_category":0,"_uf_show_specific_survey":0,"_uf_disable_surveys":false,"footnotes":""},"class_list":["post-8273","page","type-page","status-publish","hentry"],"aioseo_notices":[],"_links":{"self":[{"href":"https:\/\/mitocanada.org\/fr\/wp-json\/wp\/v2\/pages\/8273","targetHints":{"allow":["GET"]}}],"collection":[{"href":"https:\/\/mitocanada.org\/fr\/wp-json\/wp\/v2\/pages"}],"about":[{"href":"https:\/\/mitocanada.org\/fr\/wp-json\/wp\/v2\/types\/page"}],"author":[{"embeddable":true,"href":"https:\/\/mitocanada.org\/fr\/wp-json\/wp\/v2\/users\/3"}],"replies":[{"embeddable":true,"href":"https:\/\/mitocanada.org\/fr\/wp-json\/wp\/v2\/comments?post=8273"}],"version-history":[{"count":9,"href":"https:\/\/mitocanada.org\/fr\/wp-json\/wp\/v2\/pages\/8273\/revisions"}],"predecessor-version":[{"id":13644,"href":"https:\/\/mitocanada.org\/fr\/wp-json\/wp\/v2\/pages\/8273\/revisions\/13644"}],"wp:attachment":[{"href":"https:\/\/mitocanada.org\/fr\/wp-json\/wp\/v2\/media?parent=8273"}],"curies":[{"name":"wp","href":"https:\/\/api.w.org\/{rel}","templated":true}]}}