{"id":8270,"date":"2022-08-24T14:41:47","date_gmt":"2022-08-24T18:41:47","guid":{"rendered":"https:\/\/mitocanada.org\/mitotest\/"},"modified":"2025-03-05T13:44:48","modified_gmt":"2025-03-05T18:44:48","slug":"mitoquiz","status":"publish","type":"page","link":"https:\/\/mitocanada.org\/fr\/mitoquiz\/","title":{"rendered":"mitoQuiz"},"content":{"rendered":"<div class=\"fusion-fullwidth fullwidth-box fusion-builder-row-1 fusion-flex-container nonhundred-percent-fullwidth non-hundred-percent-height-scrolling\" style=\"--awb-border-radius-top-left:0px;--awb-border-radius-top-right:0px;--awb-border-radius-bottom-right:0px;--awb-border-radius-bottom-left:0px;--awb-flex-wrap:wrap;\" ><div class=\"fusion-builder-row fusion-row fusion-flex-align-items-flex-start fusion-flex-content-wrap\" style=\"max-width:1456px;margin-left: calc(-4% \/ 2 );margin-right: calc(-4% \/ 2 );\"><div class=\"fusion-layout-column fusion_builder_column fusion-builder-column-0 fusion_builder_column_1_1 1_1 fusion-flex-column\" style=\"--awb-bg-size:cover;--awb-width-large:100%;--awb-margin-top-large:0px;--awb-spacing-right-large:1.92%;--awb-margin-bottom-large:0px;--awb-spacing-left-large:1.92%;--awb-width-medium:100%;--awb-spacing-right-medium:1.92%;--awb-spacing-left-medium:1.92%;--awb-width-small:100%;--awb-spacing-right-small:1.92%;--awb-spacing-left-small:1.92%;\"><div class=\"fusion-column-wrapper fusion-flex-justify-content-flex-start fusion-content-layout-column\"><div class=\"fusion-text fusion-text-1\" style=\"--awb-text-transform:none;\"><h2>Comment savoir si je suis atteint d&rsquo;une maladie mitochondriale ?<\/h2>\n<p>Les mitochondries sont responsables de la cr\u00e9ation de plus de 90 % de l&rsquo;\u00e9nergie n\u00e9cessaire \u00e0 la vie et au fonctionnement des organes. Elles sont comme de minuscules usines dans chacune de nos cellules qui transforment la nourriture que nous mangeons et l&rsquo;oxyg\u00e8ne que nous respirons en la principale source d&rsquo;\u00e9nergie de notre corps. <\/p>\n<p>Les mitochondries fournissent \u00e0 nos cellules l&rsquo;\u00e9nergie dont elles ont besoin pour fonctionner. Le probl\u00e8me est que les mitochondries sont tr\u00e8s sensibles aux dommages qui provoquent les maladies mitochondriales. Cette maladie est d\u00e9clench\u00e9e par des mutations g\u00e9n\u00e9tiques, c&rsquo;est-\u00e0-dire des changements sp\u00e9cifiques dans le mat\u00e9riel g\u00e9n\u00e9tique.  <\/p>\n<p>Au moins 1 personne sur 200 est porteuse d&rsquo;une mutation mitochondriale. Toutes les 30 minutes, un enfant na\u00eet avec une maladie mitochondriale. Au Canada, nous estimons que plus de 5,5 millions d&rsquo;adultes souffrent de maladies dans lesquelles le dysfonctionnement mitochondrial est impliqu\u00e9, notamment le diab\u00e8te, les maladies r\u00e9nales, h\u00e9patiques et cardiaques, la maladie d&rsquo;Alzheimer, la SLA, la maladie de Parkinson, les accidents vasculaires c\u00e9r\u00e9braux, l&rsquo;autisme, le cancer, la c\u00e9cit\u00e9, l&rsquo;infertilit\u00e9, la surdit\u00e9, le syndrome de fatigue chronique et bien d&rsquo;autres encore.  <\/p>\n<p><strong>Qui est expos\u00e9 au risque de maladie mitochondriale ?<\/strong><\/p>\n<p>MitoCanada existe pour aider \u00e0 transformer les perspectives des personnes atteintes d&rsquo;une maladie mitochondriale. Nous nous engageons \u00e0 aider les personnes qui vivent avec la maladie \u00e0 b\u00e9n\u00e9ficier de la meilleure qualit\u00e9 de vie possible. <\/p>\n<p>MitoCanada estime que plus de 220 000 Canadiens souffrent d&rsquo;une maladie mitochondriale &#8211; la plupart d&rsquo;entre eux l&rsquo;ignorent. Les soins ne peuvent commencer que lorsque vous avez des r\u00e9ponses, ce qui n\u00e9cessite un diagnostic appropri\u00e9. Si vous ou l&rsquo;un de vos proches souffrez de sympt\u00f4mes inexpliqu\u00e9s qui pourraient \u00eatre li\u00e9s \u00e0 une maladie mitochondriale, r\u00e9pondez d\u00e8s maintenant au mitoQuiz de MitoCanada.<\/p>\n<\/div><div class=\"fusion-separator fusion-full-width-sep\" style=\"align-self: center;margin-left: auto;margin-right: auto;margin-top:5px;margin-bottom:5px;width:100%;\"><\/div><div ><a class=\"fusion-button button-flat fusion-button-default-size button-default fusion-button-default button-1 fusion-button-default-span fusion-button-default-type\" target=\"_blank\" rel=\"noopener noreferrer\" href=\"https:\/\/mitocanada.org\/wp-content\/uploads\/2025\/03\/MC-mitoQuiz-FR.pdf\"><span class=\"fusion-button-text\">R\u00c9PONDEZ AU MITOQUIZ<\/span><\/a><\/div><\/div><\/div><\/div><\/div>\n","protected":false},"excerpt":{"rendered":"","protected":false},"author":2,"featured_media":0,"parent":0,"menu_order":61,"comment_status":"closed","ping_status":"closed","template":"","meta":{"om_disable_all_campaigns":false,"_monsterinsights_skip_tracking":false,"_monsterinsights_sitenote_active":false,"_monsterinsights_sitenote_note":"","_monsterinsights_sitenote_category":0,"_uf_show_specific_survey":0,"_uf_disable_surveys":false,"footnotes":""},"class_list":["post-8270","page","type-page","status-publish","hentry"],"aioseo_notices":[],"_links":{"self":[{"href":"https:\/\/mitocanada.org\/fr\/wp-json\/wp\/v2\/pages\/8270","targetHints":{"allow":["GET"]}}],"collection":[{"href":"https:\/\/mitocanada.org\/fr\/wp-json\/wp\/v2\/pages"}],"about":[{"href":"https:\/\/mitocanada.org\/fr\/wp-json\/wp\/v2\/types\/page"}],"author":[{"embeddable":true,"href":"https:\/\/mitocanada.org\/fr\/wp-json\/wp\/v2\/users\/2"}],"replies":[{"embeddable":true,"href":"https:\/\/mitocanada.org\/fr\/wp-json\/wp\/v2\/comments?post=8270"}],"version-history":[{"count":7,"href":"https:\/\/mitocanada.org\/fr\/wp-json\/wp\/v2\/pages\/8270\/revisions"}],"predecessor-version":[{"id":9728,"href":"https:\/\/mitocanada.org\/fr\/wp-json\/wp\/v2\/pages\/8270\/revisions\/9728"}],"wp:attachment":[{"href":"https:\/\/mitocanada.org\/fr\/wp-json\/wp\/v2\/media?parent=8270"}],"curies":[{"name":"wp","href":"https:\/\/api.w.org\/{rel}","templated":true}]}}