{"id":8255,"date":"2022-03-10T16:42:03","date_gmt":"2022-03-10T21:42:03","guid":{"rendered":"https:\/\/mitocanada.org\/volontaires\/"},"modified":"2025-06-16T22:22:02","modified_gmt":"2025-06-17T02:22:02","slug":"volontaires","status":"publish","type":"page","link":"https:\/\/mitocanada.org\/fr\/volontaires\/","title":{"rendered":"Volontaires"},"content":{"rendered":"<p><div class=\"fusion-fullwidth fullwidth-box fusion-builder-row-1 fusion-flex-container nonhundred-percent-fullwidth non-hundred-percent-height-scrolling\" style=\"--awb-border-radius-top-left:0px;--awb-border-radius-top-right:0px;--awb-border-radius-bottom-right:0px;--awb-border-radius-bottom-left:0px;--awb-flex-wrap:wrap;\" ><div class=\"fusion-builder-row fusion-row fusion-flex-align-items-flex-start fusion-flex-content-wrap\" style=\"max-width:1456px;margin-left: calc(-4% \/ 2 );margin-right: calc(-4% \/ 2 );\"><div class=\"fusion-layout-column fusion_builder_column fusion-builder-column-0 fusion_builder_column_1_1 1_1 fusion-flex-column\" style=\"--awb-bg-size:cover;--awb-width-large:100%;--awb-margin-top-large:0px;--awb-spacing-right-large:1.92%;--awb-margin-bottom-large:0px;--awb-spacing-left-large:1.92%;--awb-width-medium:100%;--awb-spacing-right-medium:1.92%;--awb-spacing-left-medium:1.92%;--awb-width-small:100%;--awb-spacing-right-small:1.92%;--awb-spacing-left-small:1.92%;\"><div class=\"fusion-column-wrapper fusion-flex-justify-content-flex-start fusion-content-layout-column\"><div class=\"fusion-text fusion-text-1\"><h2>Joignez-vous \u00e0 l&rsquo;\u00e9quipe de b\u00e9n\u00e9voles de MitoCanada !<\/h2>\n<p><span style=\"font-weight: 400;\">\u00cates-vous pr\u00eat \u00e0 vous joindre \u00e0 MitoCanada pour dynamiser des vies et faire une diff\u00e9rence dans votre communaut\u00e9 ?  <\/span><\/p>\n<p><span style=\"font-weight: 400;\">Les b\u00e9n\u00e9voles sont au c\u0153ur de tout ce que nous faisons. MitoCanada a \u00e9t\u00e9 fond\u00e9e par des b\u00e9n\u00e9voles et, aujourd&rsquo;hui, leur passion, leur \u00e9nergie et leur d\u00e9vouement continuent d&rsquo;alimenter notre succ\u00e8s. Que vous encouragiez les athl\u00e8tes Mito lors d&rsquo;un marathon, que vous participiez \u00e0 une collecte de fonds, que vous sensibilisiez votre communaut\u00e9 ou que vous partagiez vos comp\u00e9tences uniques d&rsquo;une autre mani\u00e8re, votre soutien nous aide \u00e0 faire en sorte que toutes les vies soient aliment\u00e9es par des mitochondries saines.    <\/span><\/p>\n<p><span style=\"font-weight: 400;\">Il y a des possibilit\u00e9s de b\u00e9n\u00e9volat pour tous, et nous voulons que VOUS fassiez partie de l&rsquo;action !<\/span><\/p>\n<h3><strong>Pr\u00eat \u00e0 nous rejoindre ?<\/strong><\/h3>\n<p><span style=\"font-weight: 400;\">Vous voulez vous amuser, rencontrer de nouvelles personnes et avoir un impact ? Participez d\u00e8s aujourd&rsquo;hui en explorant les opportunit\u00e9s de b\u00e9n\u00e9volat ci-dessous ou en contactant notre directeur de l&rsquo;engagement des donateurs et de la communaut\u00e9 \u00e0 l&rsquo;<a href=\"mailto:%20emily@mitocanada.org\" target=\"_blank\" rel=\"noopener\">adresse suivante : emily@mitocanada.org.<\/a> Nous sommes impatients de vous accueillir dans notre formidable \u00e9quipe de b\u00e9n\u00e9voles !  <\/span><\/p>\n<\/div><div class=\"fusion-separator fusion-full-width-sep\" style=\"align-self: center;margin-left: auto;margin-right: auto;margin-top:20px;margin-bottom:20px;width:100%;\"><\/div><\/div><\/div><\/div><\/div><div class=\"fusion-fullwidth fullwidth-box fusion-builder-row-2 fusion-flex-container has-pattern-background has-mask-background nonhundred-percent-fullwidth non-hundred-percent-height-scrolling\" style=\"--link_color: #7ac141;--awb-border-radius-top-left:14px;--awb-border-radius-top-right:14px;--awb-border-radius-bottom-right:14px;--awb-border-radius-bottom-left:14px;--awb-overflow:hidden;--awb-padding-top:5px;--awb-padding-right:5px;--awb-padding-bottom:5px;--awb-padding-left:5px;--awb-background-color:#7ac141;--awb-flex-wrap:wrap;\" ><div class=\"fusion-builder-row fusion-row fusion-flex-align-items-center fusion-flex-content-wrap\" style=\"max-width:1456px;margin-left: calc(-4% \/ 2 );margin-right: calc(-4% \/ 2 );\"><div class=\"fusion-layout-column fusion_builder_column fusion-builder-column-1 fusion_builder_column_2_3 2_3 fusion-flex-column fusion-flex-align-self-center\" style=\"--awb-padding-top:10px;--awb-padding-right:25px;--awb-padding-bottom:25px;--awb-padding-left:25px;--awb-bg-size:cover;--awb-width-large:66.666666666667%;--awb-margin-top-large:0px;--awb-spacing-right-large:2.88%;--awb-margin-bottom-large:0px;--awb-spacing-left-large:2.88%;--awb-width-medium:66.666666666667%;--awb-order-medium:0;--awb-spacing-right-medium:2.88%;--awb-spacing-left-medium:2.88%;--awb-width-small:100%;--awb-order-small:0;--awb-spacing-right-small:1.92%;--awb-spacing-left-small:1.92%;\"><div class=\"fusion-column-wrapper fusion-column-has-shadow fusion-flex-justify-content-center fusion-content-layout-column\"><div class=\"fusion-text fusion-text-2\"><h3><strong>Pourquoi faire du b\u00e9n\u00e9volat avec MitoCanada ?<\/strong><\/h3>\n<p><span style=\"font-weight: 400;\">Le b\u00e9n\u00e9volat est bien plus qu&rsquo;un simple don de temps, c&rsquo;est un moyen efficace de faire du b\u00e9n\u00e9volat :<\/span><\/p>\n<ul>\n<li style=\"font-weight: 400;\" aria-level=\"1\"><span style=\"font-weight: 400;\">Faites un don \u00e0 la communaut\u00e9 mito et soutenez les personnes touch\u00e9es par la maladie mitochondriale.<\/span><\/li>\n<li style=\"font-weight: 400;\" aria-level=\"1\"><span style=\"font-weight: 400;\">Cr\u00e9ez des liens et d\u00e9veloppez votre r\u00e9seau social au sein de votre communaut\u00e9.<\/span><\/li>\n<li style=\"font-weight: 400;\" aria-level=\"1\"><span style=\"font-weight: 400;\">Stimulez votre bien-\u00eatre et faites travailler vos mitochondries, avec des b\u00e9n\u00e9fices prouv\u00e9s pour la sant\u00e9 mentale et la satisfaction de la vie.<\/span><\/li>\n<li style=\"font-weight: 400;\" aria-level=\"1\"><span style=\"font-weight: 400;\">Acqu\u00e9rir de l&rsquo;exp\u00e9rience et des comp\u00e9tences, en particulier pour les \u00e9tudiants qui souhaitent effectuer des heures de service communautaire.<\/span><\/li>\n<\/ul>\n<\/div><\/div><\/div><div class=\"fusion-layout-column fusion_builder_column fusion-builder-column-2 fusion_builder_column_1_3 1_3 fusion-flex-column fusion-flex-align-self-center\" style=\"--awb-bg-size:cover;--awb-width-large:33.333333333333%;--awb-margin-top-large:0px;--awb-spacing-right-large:5.76%;--awb-margin-bottom-large:20px;--awb-spacing-left-large:5.76%;--awb-width-medium:33.333333333333%;--awb-order-medium:0;--awb-spacing-right-medium:5.76%;--awb-spacing-left-medium:5.76%;--awb-width-small:100%;--awb-order-small:0;--awb-spacing-right-small:1.92%;--awb-spacing-left-small:1.92%;\" data-motion-effects=\"[{&quot;type&quot;:&quot;&quot;,&quot;scroll_type&quot;:&quot;transition&quot;,&quot;scroll_direction&quot;:&quot;up&quot;,&quot;transition_speed&quot;:&quot;1&quot;,&quot;fade_type&quot;:&quot;in&quot;,&quot;scale_type&quot;:&quot;up&quot;,&quot;initial_scale&quot;:&quot;1&quot;,&quot;max_scale&quot;:&quot;1.5&quot;,&quot;min_scale&quot;:&quot;0.5&quot;,&quot;initial_rotate&quot;:&quot;0&quot;,&quot;end_rotate&quot;:&quot;30&quot;,&quot;initial_blur&quot;:&quot;0&quot;,&quot;end_blur&quot;:&quot;3&quot;,&quot;start_element&quot;:&quot;top&quot;,&quot;start_viewport&quot;:&quot;bottom&quot;,&quot;end_element&quot;:&quot;bottom&quot;,&quot;end_viewport&quot;:&quot;top&quot;,&quot;mouse_effect&quot;:&quot;track&quot;,&quot;mouse_effect_direction&quot;:&quot;opposite&quot;,&quot;mouse_effect_speed&quot;:&quot;2&quot;,&quot;infinite_animation&quot;:&quot;float&quot;,&quot;infinite_animation_speed&quot;:&quot;2&quot;}]\" data-scroll-devices=\"small-visibility,medium-visibility,large-visibility\"><div class=\"fusion-column-wrapper fusion-column-has-shadow fusion-flex-justify-content-center fusion-content-layout-column\"><div class=\"fusion-image-element \" style=\"--awb-caption-title-font-family:var(--h2_typography-font-family);--awb-caption-title-font-weight:var(--h2_typography-font-weight);--awb-caption-title-font-style:var(--h2_typography-font-style);--awb-caption-title-size:var(--h2_typography-font-size);--awb-caption-title-transform:var(--h2_typography-text-transform);--awb-caption-title-line-height:var(--h2_typography-line-height);--awb-caption-title-letter-spacing:var(--h2_typography-letter-spacing);\"><span class=\" fusion-imageframe imageframe-none imageframe-1 hover-type-none\"><img decoding=\"async\" width=\"940\" height=\"788\" alt=\"La MitoChampionne Hazel Currie sourit lors d&#039;une randonn\u00e9e. \" title=\"MitoCanada Volunteers\" src=\"https:\/\/mitocanada.org\/wp-content\/uploads\/2025\/06\/MitoCanada-Volunteers.png\" class=\"img-responsive wp-image-12070\" srcset=\"https:\/\/mitocanada.org\/wp-content\/uploads\/2025\/06\/MitoCanada-Volunteers-200x168.png 200w, https:\/\/mitocanada.org\/wp-content\/uploads\/2025\/06\/MitoCanada-Volunteers-400x335.png 400w, https:\/\/mitocanada.org\/wp-content\/uploads\/2025\/06\/MitoCanada-Volunteers-600x503.png 600w, https:\/\/mitocanada.org\/wp-content\/uploads\/2025\/06\/MitoCanada-Volunteers-800x671.png 800w, https:\/\/mitocanada.org\/wp-content\/uploads\/2025\/06\/MitoCanada-Volunteers.png 940w\" sizes=\"(max-width: 640px) 100vw, 600px\" \/><\/span><\/div><\/div><\/div><\/div><\/div><div class=\"fusion-fullwidth fullwidth-box fusion-builder-row-3 fusion-flex-container nonhundred-percent-fullwidth non-hundred-percent-height-scrolling\" style=\"--awb-border-radius-top-left:0px;--awb-border-radius-top-right:0px;--awb-border-radius-bottom-right:0px;--awb-border-radius-bottom-left:0px;--awb-flex-wrap:wrap;\" ><div class=\"fusion-builder-row fusion-row fusion-flex-align-items-flex-start fusion-flex-content-wrap\" style=\"max-width:1456px;margin-left: calc(-4% \/ 2 );margin-right: calc(-4% \/ 2 );\"><div class=\"fusion-layout-column fusion_builder_column fusion-builder-column-3 fusion_builder_column_1_1 1_1 fusion-flex-column\" style=\"--awb-bg-size:cover;--awb-width-large:100%;--awb-margin-top-large:0px;--awb-spacing-right-large:1.92%;--awb-margin-bottom-large:0px;--awb-spacing-left-large:1.92%;--awb-width-medium:100%;--awb-spacing-right-medium:1.92%;--awb-spacing-left-medium:1.92%;--awb-width-small:100%;--awb-spacing-right-small:1.92%;--awb-spacing-left-small:1.92%;\"><div class=\"fusion-column-wrapper fusion-flex-justify-content-flex-start fusion-content-layout-column\"><div class=\"fusion-separator fusion-full-width-sep\" style=\"align-self: center;margin-left: auto;margin-right: auto;margin-top:20px;margin-bottom:20px;width:100%;\"><\/div><div class=\"fusion-text fusion-text-3\"><h2>Possibilit\u00e9s actuelles de b\u00e9n\u00e9volat<\/h2>\n<p><span style=\"font-weight: 400;\">Quel que soit votre lien, que vous soyez atteint de mitose, que vous ayez un ami ou un membre de votre famille qui l&rsquo;est, ou que vous soyez un \u00e9tudiant d\u00e9sireux de faire une diff\u00e9rence, le b\u00e9n\u00e9volat avec MitoCanada est une excellente fa\u00e7on d&rsquo;\u00e9tablir des liens, de contribuer et de c\u00e9l\u00e9brer l&rsquo;esprit communautaire tout en soutenant une grande cause.<\/span><\/p>\n<ul>\n<li style=\"font-weight: 400;\" aria-level=\"1\"><span style=\"font-weight: 400;\">MitoClubs &#8211; Menez des activit\u00e9s locales et sensibilisez votre communaut\u00e9.<\/span><\/li>\n<li style=\"font-weight: 400;\" aria-level=\"1\"><span style=\"font-weight: 400;\"><a href=\"https:\/\/mitocanada.org\/fr\/mitoambassadeurs\/\">mitoAmbassadors<\/a> &#8211; Soyez la voix de la maladie mitochondriale et partagez votre histoire.<\/span><\/li>\n<li style=\"font-weight: 400;\" aria-level=\"1\"><span style=\"font-weight: 400;\">B\u00e9n\u00e9voles pour les \u00e9v\u00e9nements &#8211; Soutenez l&rsquo;\u00e9nergie lors des courses, des collectes de fonds et des \u00e9v\u00e9nements de sensibilisation.<\/span><\/li>\n<li style=\"font-weight: 400;\" aria-level=\"1\"><span style=\"font-weight: 400;\">Possibilit\u00e9s de cr\u00e9ation &#8211; Vous avez une id\u00e9e de la mani\u00e8re dont vous aimeriez vous impliquer ? Nous serions ravis de l&rsquo;entendre ! <\/span><\/li>\n<\/ul>\n<\/div><\/div><\/div><\/div><\/div><div class=\"fusion-fullwidth fullwidth-box fusion-builder-row-4 fusion-flex-container has-pattern-background has-mask-background nonhundred-percent-fullwidth non-hundred-percent-height-scrolling\" style=\"--awb-border-radius-top-left:0px;--awb-border-radius-top-right:0px;--awb-border-radius-bottom-right:0px;--awb-border-radius-bottom-left:0px;--awb-flex-wrap:wrap;\" ><div class=\"fusion-builder-row fusion-row fusion-flex-align-items-flex-start fusion-flex-content-wrap\" style=\"max-width:1456px;margin-left: calc(-4% \/ 2 );margin-right: calc(-4% \/ 2 );\"><div class=\"fusion-layout-column fusion_builder_column fusion-builder-column-4 fusion_builder_column_1_1 1_1 fusion-flex-column\" style=\"--awb-bg-size:cover;--awb-width-large:100%;--awb-margin-top-large:0px;--awb-spacing-right-large:1.92%;--awb-margin-bottom-large:20px;--awb-spacing-left-large:1.92%;--awb-width-medium:100%;--awb-order-medium:0;--awb-spacing-right-medium:1.92%;--awb-spacing-left-medium:1.92%;--awb-width-small:100%;--awb-order-small:0;--awb-spacing-right-small:1.92%;--awb-spacing-left-small:1.92%;\"><div class=\"fusion-column-wrapper fusion-column-has-shadow fusion-flex-justify-content-flex-start fusion-content-layout-column\"><div class=\"fusion-separator fusion-full-width-sep\" style=\"align-self: center;margin-left: auto;margin-right: auto;margin-top:20px;margin-bottom:20px;width:100%;\"><\/div><div class=\"accordian fusion-accordian\" style=\"--awb-border-size:1px;--awb-icon-size:16px;--awb-content-font-size:var(--awb-typography4-font-size);--awb-icon-alignment:left;--awb-hover-color:var(--awb-color2);--awb-border-color:var(--awb-color3);--awb-background-color:var(--awb-color1);--awb-divider-color:var(--awb-color3);--awb-divider-hover-color:var(--awb-color3);--awb-icon-color:#ffffff;--awb-title-color:#000000;--awb-content-color:#000000;--awb-icon-box-color:#119bb5;--awb-toggle-hover-accent-color:#119bb5;--awb-title-font-family:var(--awb-typography1-font-family);--awb-title-font-weight:var(--awb-typography1-font-weight);--awb-title-font-style:var(--awb-typography1-font-style);--awb-title-font-size:20px;--awb-title-letter-spacing:-0.015em;--awb-title-line-height:1.2;--awb-content-font-family:&quot;Montserrat&quot;;--awb-content-font-style:normal;--awb-content-font-weight:400;\"><div class=\"panel-group fusion-toggle-icon-boxed\" id=\"accordion-8255-1\"><div class=\"fusion-panel panel-default panel-c3bb5db95751bcea1 fusion-toggle-has-divider\" style=\"--awb-title-color:#000000;\"><div class=\"panel-heading\"><h4 class=\"panel-title toggle\" id=\"toggle_c3bb5db95751bcea1\"><a class=\"active\" aria-expanded=\"true\" aria-controls=\"c3bb5db95751bcea1\" role=\"button\" data-toggle=\"collapse\" data-parent=\"#accordion-8255-1\" data-target=\"#c3bb5db95751bcea1\" href=\"#c3bb5db95751bcea1\"><span class=\"fusion-toggle-icon-wrapper\" aria-hidden=\"true\"><i class=\"fa-fusion-box active-icon awb-icon-minus\" aria-hidden=\"true\"><\/i><i class=\"fa-fusion-box inactive-icon awb-icon-plus\" aria-hidden=\"true\"><\/i><\/span><span class=\"fusion-toggle-heading\">Je veux faire du b\u00e9n\u00e9volat avec MitoCanada !<\/span><\/a><\/h4><\/div><div id=\"c3bb5db95751bcea1\" class=\"panel-collapse collapse in\" aria-labelledby=\"toggle_c3bb5db95751bcea1\"><div class=\"panel-body toggle-content fusion-clearfix\">\n<p>Nous vous remercions de l&rsquo;int\u00e9r\u00eat que vous portez au b\u00e9n\u00e9volat au sein de MitoCanada. Veuillez remplir le formulaire ci-dessous pour nous dire ce qui vous int\u00e9resse !<\/p>\n<div class=\"wpforms-container wpforms-container-full\" id=\"wpforms-12020\"><form id=\"wpforms-form-12020\" class=\"wpforms-validate wpforms-form wpforms-ajax-form\" data-formid=\"12020\" method=\"post\" enctype=\"multipart\/form-data\" action=\"\/fr\/wp-json\/wp\/v2\/pages\/8255\" data-token=\"057ffc784f8ca66177c17839caa2158f\" data-token-time=\"1775270407\"><noscript class=\"wpforms-error-noscript\">Please enable JavaScript in your browser to complete this form.<\/noscript><div class=\"wpforms-field-container\"><div id=\"wpforms-12020-field_1-container\" class=\"wpforms-field wpforms-field-name\" data-field-id=\"1\"><label class=\"wpforms-field-label\">Name | Nom <span class=\"wpforms-required-label\">*<\/span><\/label><div class=\"wpforms-field-row wpforms-field-medium\"><div class=\"wpforms-field-row-block wpforms-first wpforms-one-half\"><input type=\"text\" id=\"wpforms-12020-field_1\" class=\"wpforms-field-name-first wpforms-field-required\" name=\"wpforms[fields][1][first]\" required><label for=\"wpforms-12020-field_1\" class=\"wpforms-field-sublabel after\">First<\/label><\/div><div class=\"wpforms-field-row-block wpforms-one-half\"><input type=\"text\" id=\"wpforms-12020-field_1-last\" class=\"wpforms-field-name-last wpforms-field-required\" name=\"wpforms[fields][1][last]\" required><label for=\"wpforms-12020-field_1-last\" class=\"wpforms-field-sublabel after\">Last<\/label><\/div><\/div><\/div><div id=\"wpforms-12020-field_19-container\" class=\"wpforms-field wpforms-field-text\" data-field-id=\"19\"><label class=\"wpforms-field-label\" for=\"wpforms-12020-field_19\">What is your connection to MitoCanada \/ Mitochondrial Disease <span class=\"wpforms-required-label\">*<\/span><\/label><input type=\"text\" id=\"wpforms-12020-field_19\" class=\"wpforms-field-medium wpforms-field-required\" name=\"wpforms[fields][19]\" required><\/div><div id=\"wpforms-12020-field_2-container\" class=\"wpforms-field wpforms-field-email\" data-field-id=\"2\"><label class=\"wpforms-field-label\" for=\"wpforms-12020-field_2\">Email | Courriel <span class=\"wpforms-required-label\">*<\/span><\/label><input type=\"email\" id=\"wpforms-12020-field_2\" class=\"wpforms-field-medium wpforms-field-required\" name=\"wpforms[fields][2]\" spellcheck=\"false\" required><\/div>\t\t<div id=\"wpforms-12020-field_3-container\"\n\t\t\tclass=\"wpforms-field wpforms-field-text\"\n\t\t\tdata-field-type=\"text\"\n\t\t\tdata-field-id=\"3\"\n\t\t\t>\n\t\t\t<label class=\"wpforms-field-label\" for=\"wpforms-12020-field_3\" >Nom Email |<\/label>\n\t\t\t<input type=\"text\" id=\"wpforms-12020-field_3\" class=\"wpforms-field-medium\" name=\"wpforms[fields][3]\" >\n\t\t<\/div>\n\t\t<div id=\"wpforms-12020-field_20-container\" class=\"wpforms-field wpforms-field-text\" data-field-id=\"20\"><label class=\"wpforms-field-label\" for=\"wpforms-12020-field_20\">Phone Number | Num\u00e9ro de T\u00e9l\u00e9phone <span class=\"wpforms-required-label\">*<\/span><\/label><input type=\"text\" id=\"wpforms-12020-field_20\" class=\"wpforms-field-medium wpforms-field-required\" name=\"wpforms[fields][20]\" required><\/div><div id=\"wpforms-12020-field_16-container\" class=\"wpforms-field wpforms-field-text\" data-field-id=\"16\"><label class=\"wpforms-field-label\" for=\"wpforms-12020-field_16\">Town and Province | Ville et Province <span class=\"wpforms-required-label\">*<\/span><\/label><input type=\"text\" id=\"wpforms-12020-field_16\" class=\"wpforms-field-medium wpforms-field-required\" name=\"wpforms[fields][16]\" required><\/div><div id=\"wpforms-12020-field_4-container\" class=\"wpforms-field wpforms-field-checkbox\" data-field-id=\"4\"><label class=\"wpforms-field-label\">Please tell us what volunteer opportunities you are interested in: <span class=\"wpforms-required-label\">*<\/span><\/label><ul id=\"wpforms-12020-field_4\" class=\"wpforms-field-required\"><li class=\"choice-1 depth-1\"><input type=\"checkbox\" id=\"wpforms-12020-field_4_1\" name=\"wpforms[fields][4][]\" value=\"MitoClubs\" required ><label class=\"wpforms-field-label-inline\" for=\"wpforms-12020-field_4_1\">MitoClubs<\/label><\/li><li class=\"choice-3 depth-1\"><input type=\"checkbox\" id=\"wpforms-12020-field_4_3\" name=\"wpforms[fields][4][]\" value=\"mitoAmbassadors | mitoAmbassadeurs\" required ><label class=\"wpforms-field-label-inline\" for=\"wpforms-12020-field_4_3\">mitoAmbassadors | mitoAmbassadeurs<\/label><\/li><li class=\"choice-7 depth-1\"><input type=\"checkbox\" id=\"wpforms-12020-field_4_7\" name=\"wpforms[fields][4][]\" value=\"Event Volunteers | B\u00e9n\u00e9voles pour les \u00c9v\u00e9nements\" required ><label class=\"wpforms-field-label-inline\" for=\"wpforms-12020-field_4_7\">Event Volunteers | B\u00e9n\u00e9voles pour les \u00c9v\u00e9nements<\/label><\/li><li class=\"choice-4 depth-1\"><input type=\"checkbox\" id=\"wpforms-12020-field_4_4\" name=\"wpforms[fields][4][]\" value=\"Creative Opportunities | Possibilit\u00e9s de Cr\u00e9ation\" required ><label class=\"wpforms-field-label-inline\" for=\"wpforms-12020-field_4_4\">Creative Opportunities | Possibilit\u00e9s de Cr\u00e9ation<\/label><\/li><\/ul><\/div><div id=\"wpforms-12020-field_7-container\" class=\"wpforms-field wpforms-field-textarea\" data-field-id=\"7\"><label class=\"wpforms-field-label\" for=\"wpforms-12020-field_7\">Comments\/ Questions\/ Volunteer suggestions | Commentaires\/Questions\/Suggestions de B\u00e9n\u00e9voles<\/label><textarea id=\"wpforms-12020-field_7\" class=\"wpforms-field-medium\" name=\"wpforms[fields][7]\" ><\/textarea><\/div><script>\n\t\t\t\t( function() {\n\t\t\t\t\tconst style = document.createElement( 'style' );\n\t\t\t\t\tstyle.appendChild( document.createTextNode( '#wpforms-12020-field_3-container { position: absolute !important; overflow: hidden !important; display: inline !important; height: 1px !important; width: 1px !important; z-index: -1000 !important; padding: 0 !important; } #wpforms-12020-field_3-container input { visibility: hidden; } #wpforms-conversational-form-page #wpforms-12020-field_3-container label { counter-increment: none; }' ) );\n\t\t\t\t\tdocument.head.appendChild( style );\n\t\t\t\t\tdocument.currentScript?.remove();\n\t\t\t\t} )();\n\t\t\t<\/script><\/div><!-- .wpforms-field-container --><div class=\"wpforms-submit-container\" ><input type=\"hidden\" name=\"wpforms[id]\" value=\"12020\"><input type=\"hidden\" name=\"page_title\" value=\"\"><input type=\"hidden\" name=\"page_url\" value=\"https:\/\/mitocanada.org\/fr\/wp-json\/wp\/v2\/pages\/8255\"><input type=\"hidden\" name=\"url_referer\" value=\"\"><button type=\"submit\" name=\"wpforms[submit]\" id=\"wpforms-submit-12020\" class=\"wpforms-submit\" data-alt-text=\"Sending...\" data-submit-text=\"Submit | Soumettre\" aria-live=\"assertive\" value=\"wpforms-submit\">Submit | Soumettre<\/button><img decoding=\"async\" src=\"https:\/\/mitocanada.org\/wp-content\/plugins\/wpforms-lite\/assets\/images\/submit-spin.svg\" class=\"wpforms-submit-spinner\" style=\"display: none;\" width=\"26\" height=\"26\" alt=\"Loading\"><\/div><\/form><\/div>  <!-- .wpforms-container -->\n<\/div><\/div><\/div><\/div><\/div><\/div><\/div><\/div><\/div><\/p>\n","protected":false},"excerpt":{"rendered":"","protected":false},"author":1,"featured_media":0,"parent":0,"menu_order":55,"comment_status":"closed","ping_status":"closed","template":"","meta":{"om_disable_all_campaigns":false,"_monsterinsights_skip_tracking":false,"_monsterinsights_sitenote_active":false,"_monsterinsights_sitenote_note":"","_monsterinsights_sitenote_category":0,"_uf_show_specific_survey":0,"_uf_disable_surveys":false,"footnotes":""},"class_list":["post-8255","page","type-page","status-publish","hentry"],"aioseo_notices":[],"_links":{"self":[{"href":"https:\/\/mitocanada.org\/fr\/wp-json\/wp\/v2\/pages\/8255","targetHints":{"allow":["GET"]}}],"collection":[{"href":"https:\/\/mitocanada.org\/fr\/wp-json\/wp\/v2\/pages"}],"about":[{"href":"https:\/\/mitocanada.org\/fr\/wp-json\/wp\/v2\/types\/page"}],"author":[{"embeddable":true,"href":"https:\/\/mitocanada.org\/fr\/wp-json\/wp\/v2\/users\/1"}],"replies":[{"embeddable":true,"href":"https:\/\/mitocanada.org\/fr\/wp-json\/wp\/v2\/comments?post=8255"}],"version-history":[{"count":8,"href":"https:\/\/mitocanada.org\/fr\/wp-json\/wp\/v2\/pages\/8255\/revisions"}],"predecessor-version":[{"id":12079,"href":"https:\/\/mitocanada.org\/fr\/wp-json\/wp\/v2\/pages\/8255\/revisions\/12079"}],"wp:attachment":[{"href":"https:\/\/mitocanada.org\/fr\/wp-json\/wp\/v2\/media?parent=8255"}],"curies":[{"name":"wp","href":"https:\/\/api.w.org\/{rel}","templated":true}]}}