{"id":8252,"date":"2022-03-29T14:57:01","date_gmt":"2022-03-29T18:57:01","guid":{"rendered":"https:\/\/mitocanada.org\/mitolingo\/"},"modified":"2025-05-14T22:55:39","modified_gmt":"2025-05-15T02:55:39","slug":"mitolingo","status":"publish","type":"page","link":"https:\/\/mitocanada.org\/fr\/mitolingo\/","title":{"rendered":"mitoLingo"},"content":{"rendered":"<p><div class=\"fusion-fullwidth fullwidth-box fusion-builder-row-1 fusion-flex-container nonhundred-percent-fullwidth non-hundred-percent-height-scrolling\" style=\"--awb-border-radius-top-left:0px;--awb-border-radius-top-right:0px;--awb-border-radius-bottom-right:0px;--awb-border-radius-bottom-left:0px;--awb-flex-wrap:wrap;\" ><div class=\"fusion-builder-row fusion-row fusion-flex-align-items-flex-start fusion-flex-content-wrap\" style=\"max-width:1456px;margin-left: calc(-4% \/ 2 );margin-right: calc(-4% \/ 2 );\"><div class=\"fusion-layout-column fusion_builder_column fusion-builder-column-0 fusion_builder_column_1_1 1_1 fusion-flex-column\" style=\"--awb-bg-size:cover;--awb-width-large:100%;--awb-margin-top-large:0px;--awb-spacing-right-large:1.92%;--awb-margin-bottom-large:20px;--awb-spacing-left-large:1.92%;--awb-width-medium:100%;--awb-order-medium:0;--awb-spacing-right-medium:1.92%;--awb-spacing-left-medium:1.92%;--awb-width-small:100%;--awb-order-small:0;--awb-spacing-right-small:1.92%;--awb-spacing-left-small:1.92%;\"><div class=\"fusion-column-wrapper fusion-column-has-shadow fusion-flex-justify-content-flex-start fusion-content-layout-column\"><div class=\"fusion-text fusion-text-1\"><p>Recevoir un diagnostic et d\u00e9fendre les int\u00e9r\u00eats d&rsquo;une personne vivant avec une maladie mitochondriale peut \u00eatre accablant. Comprendre le langage utilis\u00e9 pour d\u00e9crire votre maladie et les tests que vous devrez peut-\u00eatre subir peut vous aider \u00e0 avoir des discussions inform\u00e9es et autonomes qui vous permettront de b\u00e9n\u00e9ficier des meilleurs soins et de la meilleure qualit\u00e9 de vie possible. Si votre \u00e9quipe m\u00e9dicale utilise une terminologie que vous ne comprenez pas, il est de votre responsabilit\u00e9 de demander des \u00e9claircissements. mitoLingo peut vous aider \u00e0 acqu\u00e9rir une compr\u00e9hension de base.<\/p>\n<\/div><\/div><\/div><\/div><\/div><div class=\"fusion-fullwidth fullwidth-box fusion-builder-row-2 fusion-flex-container nonhundred-percent-fullwidth non-hundred-percent-height-scrolling\" style=\"--awb-border-radius-top-left:0px;--awb-border-radius-top-right:0px;--awb-border-radius-bottom-right:0px;--awb-border-radius-bottom-left:0px;--awb-flex-wrap:wrap;\" ><div class=\"fusion-builder-row fusion-row fusion-flex-align-items-flex-start fusion-flex-content-wrap\" style=\"max-width:1456px;margin-left: calc(-4% \/ 2 );margin-right: calc(-4% \/ 2 );\"><div class=\"fusion-layout-column fusion_builder_column fusion-builder-column-1 fusion_builder_column_1_1 1_1 fusion-flex-column\" style=\"--awb-bg-size:cover;--awb-width-large:100%;--awb-margin-top-large:0px;--awb-spacing-right-large:1.92%;--awb-margin-bottom-large:0px;--awb-spacing-left-large:3.2%;--awb-width-medium:100%;--awb-spacing-right-medium:1.92%;--awb-spacing-left-medium:3.2%;--awb-width-small:100%;--awb-spacing-right-small:1.92%;--awb-spacing-left-small:1.92%;\"><div class=\"fusion-column-wrapper fusion-flex-justify-content-flex-start fusion-content-layout-column\">\n<div class=\"table-1\">\n<table width=\"100%\">\n<thead>\n<tr>\n<th align=\"left\"><strong>Les mitochondries<\/strong> fournissent aux muscles l&rsquo;\u00e9nergie dont ils ont besoin pour fonctionner.<\/th>\n<\/tr>\n<\/thead>\n<tbody>\n<tr>\n<td align=\"left\">L<b>&lsquo;ATP<\/b> est la principale source d&rsquo;\u00e9nergie de nos cellules. Elle est compos\u00e9e d&rsquo;ad\u00e9nine, d&rsquo;un sucre ribose et de trois groupes phosphates reli\u00e9s entre eux par deux liaisons \u00e0 haute \u00e9nergie. <\/td>\n<\/tr>\n<tr>\n<td align=\"left\">Les <b>acides amin\u00e9s<\/b> se combinent selon diff\u00e9rents sch\u00e9mas pour cr\u00e9er les prot\u00e9ines essentielles dont nous avons besoin pour vivre, grandir et se reproduire.<\/td>\n<\/tr>\n<tr>\n<td align=\"left\"><b>Les prot\u00e9ines<\/b> remplissent des fonctions sp\u00e9cifiques en fonction des acides amin\u00e9s utilis\u00e9s pour les construire et de l&rsquo;ordre dans lequel ils sont connect\u00e9s.<\/td>\n<\/tr>\n<tr>\n<td align=\"left\">L&rsquo;<b>ADN (acide d\u00e9soxyribonucl\u00e9ique)<\/b> est une longue mol\u00e9cule qui contient les g\u00e8nes. Des modifications de l&rsquo;ADN nucl\u00e9aire (ADNn) ou de l&rsquo;ADN mitochondrial (ADNmt) peuvent \u00eatre \u00e0 l&rsquo;origine de la myopathie mitochondriale primitive (DMM). <\/td>\n<\/tr>\n<tr>\n<td align=\"left\"><b>Les g\u00e8nes<\/b> contiennent des instructions sp\u00e9ciales pour cr\u00e9er des prot\u00e9ines sp\u00e9cifiques qui ont chacune une fonction unique. L&rsquo;homme poss\u00e8de plus de 22 000 g\u00e8nes. Certains g\u00e8nes sont li\u00e9s \u00e0 la production d&rsquo;\u00e9nergie.  <\/td>\n<\/tr>\n<tr>\n<td align=\"left\">Les <b>mutations g\u00e9n\u00e9tiques<\/b> sont des changements dans les g\u00e8nes qui peuvent alt\u00e9rer les instructions de fabrication des prot\u00e9ines. Il peut en r\u00e9sulter une production excessive ou insuffisante de prot\u00e9ines, ou un dysfonctionnement de celles-ci. <\/td>\n<\/tr>\n<\/tbody>\n<\/table>\n<\/div>\n<\/div><\/div><\/div><\/div><\/p>\n","protected":false},"excerpt":{"rendered":"","protected":false},"author":1,"featured_media":0,"parent":0,"menu_order":54,"comment_status":"closed","ping_status":"closed","template":"","meta":{"om_disable_all_campaigns":false,"_monsterinsights_skip_tracking":false,"_monsterinsights_sitenote_active":false,"_monsterinsights_sitenote_note":"","_monsterinsights_sitenote_category":0,"_uf_show_specific_survey":0,"_uf_disable_surveys":false,"footnotes":""},"class_list":["post-8252","page","type-page","status-publish","hentry"],"aioseo_notices":[],"_links":{"self":[{"href":"https:\/\/mitocanada.org\/fr\/wp-json\/wp\/v2\/pages\/8252","targetHints":{"allow":["GET"]}}],"collection":[{"href":"https:\/\/mitocanada.org\/fr\/wp-json\/wp\/v2\/pages"}],"about":[{"href":"https:\/\/mitocanada.org\/fr\/wp-json\/wp\/v2\/types\/page"}],"author":[{"embeddable":true,"href":"https:\/\/mitocanada.org\/fr\/wp-json\/wp\/v2\/users\/1"}],"replies":[{"embeddable":true,"href":"https:\/\/mitocanada.org\/fr\/wp-json\/wp\/v2\/comments?post=8252"}],"version-history":[{"count":10,"href":"https:\/\/mitocanada.org\/fr\/wp-json\/wp\/v2\/pages\/8252\/revisions"}],"predecessor-version":[{"id":10595,"href":"https:\/\/mitocanada.org\/fr\/wp-json\/wp\/v2\/pages\/8252\/revisions\/10595"}],"wp:attachment":[{"href":"https:\/\/mitocanada.org\/fr\/wp-json\/wp\/v2\/media?parent=8252"}],"curies":[{"name":"wp","href":"https:\/\/api.w.org\/{rel}","templated":true}]}}