{"id":8244,"date":"2024-04-01T18:03:30","date_gmt":"2024-04-01T22:03:30","guid":{"rendered":"https:\/\/mitocanada.org\/servus-marathon-de-calgary-2024\/"},"modified":"2024-12-06T14:17:13","modified_gmt":"2024-12-06T19:17:13","slug":"servus-marathon-de-calgary-2024","status":"publish","type":"page","link":"https:\/\/mitocanada.org\/fr\/servus-marathon-de-calgary-2024\/","title":{"rendered":"Servus Marathon de Calgary 2024"},"content":{"rendered":"<p><div class=\"fusion-fullwidth fullwidth-box fusion-builder-row-1 fusion-flex-container nonhundred-percent-fullwidth non-hundred-percent-height-scrolling\" style=\"--awb-border-radius-top-left:0px;--awb-border-radius-top-right:0px;--awb-border-radius-bottom-right:0px;--awb-border-radius-bottom-left:0px;--awb-flex-wrap:wrap;\" ><div class=\"fusion-builder-row fusion-row fusion-flex-align-items-flex-start fusion-flex-content-wrap\" style=\"max-width:1456px;margin-left: calc(-4% \/ 2 );margin-right: calc(-4% \/ 2 );\"><div class=\"fusion-layout-column fusion_builder_column fusion-builder-column-0 fusion_builder_column_1_1 1_1 fusion-flex-column\" style=\"--awb-bg-size:cover;--awb-width-large:100%;--awb-margin-top-large:0px;--awb-spacing-right-large:1.92%;--awb-margin-bottom-large:20px;--awb-spacing-left-large:1.92%;--awb-width-medium:100%;--awb-order-medium:0;--awb-spacing-right-medium:1.92%;--awb-spacing-left-medium:1.92%;--awb-width-small:100%;--awb-order-small:0;--awb-spacing-right-small:1.92%;--awb-spacing-left-small:1.92%;\"><div class=\"fusion-column-wrapper fusion-column-has-shadow fusion-flex-justify-content-flex-start fusion-content-layout-column\"><div class=\"fusion-image-element \" style=\"text-align:center;--awb-caption-title-font-family:var(--h2_typography-font-family);--awb-caption-title-font-weight:var(--h2_typography-font-weight);--awb-caption-title-font-style:var(--h2_typography-font-style);--awb-caption-title-size:var(--h2_typography-font-size);--awb-caption-title-transform:var(--h2_typography-text-transform);--awb-caption-title-line-height:var(--h2_typography-line-height);--awb-caption-title-letter-spacing:var(--h2_typography-letter-spacing);\"><span class=\" fusion-imageframe imageframe-none imageframe-1 hover-type-none\"><a class=\"fusion-no-lightbox\" href=\"https:\/\/raceroster.com\/74775?aff=FWKVB\" target=\"_blank\" aria-label=\"Marathon Race Series\" rel=\"noopener noreferrer\"><img decoding=\"async\" width=\"755\" height=\"290\" src=\"https:\/\/mitocanada.org\/wp-content\/uploads\/2022\/11\/Marathon-Race-Series.png\" alt class=\"img-responsive wp-image-7108\" srcset=\"https:\/\/mitocanada.org\/wp-content\/uploads\/2022\/11\/Marathon-Race-Series-200x77.png 200w, https:\/\/mitocanada.org\/wp-content\/uploads\/2022\/11\/Marathon-Race-Series-400x154.png 400w, https:\/\/mitocanada.org\/wp-content\/uploads\/2022\/11\/Marathon-Race-Series-600x230.png 600w, https:\/\/mitocanada.org\/wp-content\/uploads\/2022\/11\/Marathon-Race-Series.png 755w\" sizes=\"(max-width: 640px) 100vw, 755px\" \/><\/a><\/span><\/div><div class=\"fusion-separator fusion-full-width-sep\" style=\"align-self: center;margin-left: auto;margin-right: auto;flex-grow:6;margin-top:25px;width:100%;\"><\/div><div class=\"fusion-text fusion-text-1\"><p><strong>Joignez-vous \u00e0 MitoCanada pour dynamiser des vies en mai !<\/strong><\/p>\n<p>Tout au long de l&rsquo;ann\u00e9e, nos MitoRunners participent \u00e0 des marathons partout au Canada, sensibilisant les gens et dynamisant leur mitochondrie.<\/p>\n<p>MitoCanada est un partenaire caritatif officiel du <strong>Marathon Servus de Calgary 2024<\/strong>! Joignez-vous \u00e0 notre \u00e9quipe MitoCanada en vous inscrivant au d\u00e9fi du marathon virtuel ou rejoignez-nous en personne \u00e0 Calgary le <strong>dimanche 26 mai 2024<\/strong>!<\/p>\n<p>Utilisez le lien de r\u00e9f\u00e9rence unique de MitoCanada pour vous inscrire : <a href=\"https:\/\/raceroster.com\/74775?aff=FWKVB\" target=\"_blank\" rel=\"noopener\">MITOCANADA LINK<\/a>.<\/p>\n<p>Lorsque vous utilisez ce lien d&rsquo;inscription unique, MitoCanada recevra un don de 5 $ qui nous aidera \u00e0 continuer d&rsquo;\u00e9nergiser des vies !<\/p>\n<\/div><div class=\"fusion-separator fusion-full-width-sep\" style=\"align-self: center;margin-left: auto;margin-right: auto;flex-grow:6;margin-top:20px;width:100%;\"><\/div><div style=\"text-align:center;\"><a class=\"fusion-button button-flat fusion-button-default-size button-default fusion-button-default button-1 fusion-button-default-span fusion-button-default-type\" target=\"_blank\" rel=\"noopener noreferrer\" href=\"https:\/\/volunteersignup.org\/AAY4L&lt;br \/&gt;\n \"><span class=\"fusion-button-text\">S&rsquo;INSCRIRE<\/span><\/a><\/div><\/div><\/div><\/div><\/div><div class=\"fusion-fullwidth fullwidth-box fusion-builder-row-2 fusion-flex-container has-pattern-background has-mask-background nonhundred-percent-fullwidth non-hundred-percent-height-scrolling\" style=\"--awb-border-radius-top-left:0px;--awb-border-radius-top-right:0px;--awb-border-radius-bottom-right:0px;--awb-border-radius-bottom-left:0px;--awb-flex-wrap:wrap;\" ><div class=\"fusion-builder-row fusion-row fusion-flex-align-items-flex-start fusion-flex-content-wrap\" style=\"max-width:1456px;margin-left: calc(-4% \/ 2 );margin-right: calc(-4% \/ 2 );\"><div class=\"fusion-layout-column fusion_builder_column fusion-builder-column-1 fusion_builder_column_1_1 1_1 fusion-flex-column\" style=\"--awb-bg-size:cover;--awb-width-large:100%;--awb-margin-top-large:0px;--awb-spacing-right-large:1.92%;--awb-margin-bottom-large:20px;--awb-spacing-left-large:1.92%;--awb-width-medium:100%;--awb-order-medium:0;--awb-spacing-right-medium:1.92%;--awb-spacing-left-medium:1.92%;--awb-width-small:100%;--awb-order-small:0;--awb-spacing-right-small:1.92%;--awb-spacing-left-small:1.92%;\"><div class=\"fusion-column-wrapper fusion-column-has-shadow fusion-flex-justify-content-flex-start fusion-content-layout-column\"><div class=\"fusion-text fusion-text-2\"><h3>Vous n&rsquo;\u00eates pas coureur, mais vous souhaitez participer aux festivit\u00e9s du 60e anniversaire du Marathon de Calgary ? Joignez-vous \u00e0 nous ! <\/h3>\n<p style=\"font-weight: 400;\">Le marathon de Calgary joue un r\u00f4le important dans l&rsquo;histoire de MitoCanada. Premier \u00e9v\u00e9nement organis\u00e9 qui a rassembl\u00e9 un grand groupe de partisans de MitoCanada, le marathon de Calgary a accueilli nos ambassadeurs de la course \u00e0 pied et a ouvert la voie \u00e0 MitoCanada en \u00e9tablissant 13 tentatives et r\u00e9alisations de records du monde Guinness (GWR) en mati\u00e8re de course \u00e0 pied. MitoCanada a utilis\u00e9 les GWR pour attirer l&rsquo;attention du public, sensibiliser la population et faire conna\u00eetre la maladie mitochondriale. Cette ann\u00e9e ne fait pas exception \u00e0 la r\u00e8gle !   <\/p>\n<p style=\"font-weight: 400;\">Pour comm\u00e9morer le <sup>60e<\/sup> anniversaire du Marathon de Calgary, les ambassadeurs de la course de MitoCanada sont pr\u00eats \u00e0 \u00e9tablir un 14e PRM (course), sous la direction du cofondateur et superstar de MitoCanada, Blaine Penny. L&rsquo;objectif est de recueillir 60 000 $ pour MitoCanada et d&rsquo;\u00e9tablir le record du demi-marathon le plus rapide par une \u00e9quipe li\u00e9e. Le record actuel est de 1:26 heures, et l&rsquo;\u00e9quipe de MitoCanada tentera d&rsquo;atteindre 1:19 avec un groupe de plus de 15 coureurs reli\u00e9s entre eux.  <\/p>\n<p>Aidez \u00e0 alimenter la tentative de GWR de notre ambassadeur de course \u00e0 pied en faisant un don, en vous portant volontaire et en partageant la tentative sur vos m\u00e9dias sociaux !<\/p>\n<\/div><div class=\"fusion-separator fusion-full-width-sep\" style=\"align-self: center;margin-left: auto;margin-right: auto;width:100%;\"><\/div><\/div><\/div><\/div><\/div><div class=\"fusion-fullwidth fullwidth-box fusion-builder-row-3 fusion-flex-container has-pattern-background has-mask-background nonhundred-percent-fullwidth non-hundred-percent-height-scrolling\" style=\"--awb-border-radius-top-left:0px;--awb-border-radius-top-right:0px;--awb-border-radius-bottom-right:0px;--awb-border-radius-bottom-left:0px;--awb-flex-wrap:wrap;\" ><div class=\"fusion-builder-row fusion-row fusion-flex-align-items-flex-start fusion-flex-content-wrap\" style=\"max-width:1456px;margin-left: calc(-4% \/ 2 );margin-right: calc(-4% \/ 2 );\"><div class=\"fusion-layout-column fusion_builder_column fusion-builder-column-2 fusion_builder_column_1_2 1_2 fusion-flex-column\" style=\"--awb-bg-size:cover;--awb-width-large:50%;--awb-margin-top-large:0px;--awb-spacing-right-large:3.84%;--awb-margin-bottom-large:20px;--awb-spacing-left-large:3.84%;--awb-width-medium:50%;--awb-order-medium:0;--awb-spacing-right-medium:3.84%;--awb-spacing-left-medium:3.84%;--awb-width-small:100%;--awb-order-small:0;--awb-spacing-right-small:1.92%;--awb-spacing-left-small:1.92%;\"><div class=\"fusion-column-wrapper fusion-column-has-shadow fusion-flex-justify-content-flex-start fusion-content-layout-column\"><div style=\"text-align:center;\"><a class=\"fusion-button button-flat fusion-button-default-size button-default fusion-button-default button-2 fusion-button-default-span fusion-button-default-type\" target=\"_blank\" rel=\"noopener noreferrer\" href=\"https:\/\/raceroster.com\/events\/2024\/74775\/servus-calgary-marathon-2024\/fundraising-organization\/45428\"><span class=\"fusion-button-text\">FAITES UN DON AUJOURD&rsquo;HUI<\/span><\/a><\/div><\/div><\/div><div class=\"fusion-layout-column fusion_builder_column fusion-builder-column-3 fusion_builder_column_1_2 1_2 fusion-flex-column\" style=\"--awb-bg-size:cover;--awb-width-large:50%;--awb-margin-top-large:0px;--awb-spacing-right-large:3.84%;--awb-margin-bottom-large:20px;--awb-spacing-left-large:3.84%;--awb-width-medium:50%;--awb-order-medium:0;--awb-spacing-right-medium:3.84%;--awb-spacing-left-medium:3.84%;--awb-width-small:100%;--awb-order-small:0;--awb-spacing-right-small:1.92%;--awb-spacing-left-small:1.92%;\"><div class=\"fusion-column-wrapper fusion-column-has-shadow fusion-flex-justify-content-flex-start fusion-content-layout-column\"><div style=\"text-align:center;\"><a class=\"fusion-button button-flat fusion-button-default-size button-default fusion-button-default button-3 fusion-button-default-span fusion-button-default-type\" target=\"_blank\" rel=\"noopener noreferrer\" href=\"https:\/\/volunteersignup.org\/AAY4L\"><span class=\"fusion-button-text\">B\u00c9N\u00c9VOLAT<\/span><\/a><\/div><\/div><\/div><\/div><\/div><div class=\"fusion-fullwidth fullwidth-box fusion-builder-row-4 fusion-flex-container has-pattern-background has-mask-background nonhundred-percent-fullwidth non-hundred-percent-height-scrolling\" style=\"--awb-border-radius-top-left:0px;--awb-border-radius-top-right:0px;--awb-border-radius-bottom-right:0px;--awb-border-radius-bottom-left:0px;--awb-flex-wrap:wrap;\" ><div class=\"fusion-builder-row fusion-row fusion-flex-align-items-flex-start fusion-flex-content-wrap\" style=\"max-width:1456px;margin-left: calc(-4% \/ 2 );margin-right: calc(-4% \/ 2 );\"><div class=\"fusion-layout-column fusion_builder_column fusion-builder-column-4 fusion_builder_column_1_2 1_2 fusion-flex-column\" style=\"--awb-bg-size:cover;--awb-width-large:50%;--awb-margin-top-large:0px;--awb-spacing-right-large:3.84%;--awb-margin-bottom-large:20px;--awb-spacing-left-large:3.84%;--awb-width-medium:50%;--awb-order-medium:0;--awb-spacing-right-medium:3.84%;--awb-spacing-left-medium:3.84%;--awb-width-small:100%;--awb-order-small:0;--awb-spacing-right-small:1.92%;--awb-spacing-left-small:1.92%;\"><div class=\"fusion-column-wrapper fusion-column-has-shadow fusion-flex-justify-content-flex-start fusion-content-layout-column\"><div class=\"fusion-video fusion-youtube\" style=\"--awb-max-width:600px;--awb-max-height:360px;\"><div class=\"video-shortcode\"><div class=\"fluid-width-video-wrapper\" style=\"padding-top:60%;\" ><iframe title=\"YouTube video player 1\" src=\"https:\/\/www.youtube.com\/embed\/t-LYILD1p3Q?wmode=transparent&autoplay=0\" width=\"600\" height=\"360\" allowfullscreen allow=\"autoplay; fullscreen\"><\/iframe><\/div><\/div><\/div><\/div><\/div><div class=\"fusion-layout-column fusion_builder_column fusion-builder-column-5 fusion_builder_column_1_2 1_2 fusion-flex-column\" style=\"--awb-bg-size:cover;--awb-width-large:50%;--awb-margin-top-large:0px;--awb-spacing-right-large:3.84%;--awb-margin-bottom-large:20px;--awb-spacing-left-large:3.84%;--awb-width-medium:50%;--awb-order-medium:0;--awb-spacing-right-medium:3.84%;--awb-spacing-left-medium:3.84%;--awb-width-small:100%;--awb-order-small:0;--awb-spacing-right-small:1.92%;--awb-spacing-left-small:1.92%;\"><div class=\"fusion-column-wrapper fusion-column-has-shadow fusion-flex-justify-content-flex-start fusion-content-layout-column\"><div class=\"fusion-video fusion-youtube\" style=\"--awb-max-width:600px;--awb-max-height:360px;\"><div class=\"video-shortcode\"><div class=\"fluid-width-video-wrapper\" style=\"padding-top:60%;\" ><iframe title=\"YouTube video player 2\" src=\"https:\/\/www.youtube.com\/embed\/R1F7q7ZdU40?wmode=transparent&autoplay=0\" width=\"600\" height=\"360\" allowfullscreen allow=\"autoplay; fullscreen\"><\/iframe><\/div><\/div><\/div><\/div><\/div><\/div><\/div><div class=\"fusion-fullwidth fullwidth-box fusion-builder-row-5 fusion-flex-container has-pattern-background has-mask-background nonhundred-percent-fullwidth non-hundred-percent-height-scrolling\" style=\"--awb-border-radius-top-left:0px;--awb-border-radius-top-right:0px;--awb-border-radius-bottom-right:0px;--awb-border-radius-bottom-left:0px;--awb-flex-wrap:wrap;\" ><div class=\"fusion-builder-row fusion-row fusion-flex-align-items-flex-start fusion-flex-content-wrap\" style=\"max-width:1456px;margin-left: calc(-4% \/ 2 );margin-right: calc(-4% \/ 2 );\"><div class=\"fusion-layout-column fusion_builder_column fusion-builder-column-6 fusion_builder_column_1_1 1_1 fusion-flex-column\" style=\"--awb-bg-size:cover;--awb-width-large:100%;--awb-margin-top-large:0px;--awb-spacing-right-large:1.92%;--awb-margin-bottom-large:20px;--awb-spacing-left-large:1.92%;--awb-width-medium:100%;--awb-order-medium:0;--awb-spacing-right-medium:1.92%;--awb-spacing-left-medium:1.92%;--awb-width-small:100%;--awb-order-small:0;--awb-spacing-right-small:1.92%;--awb-spacing-left-small:1.92%;\"><div class=\"fusion-column-wrapper fusion-column-has-shadow fusion-flex-justify-content-flex-start fusion-content-layout-column\"><div class=\"fusion-text fusion-text-3\"><p><img decoding=\"async\" class=\"size-full wp-image-5396\" src=\"https:\/\/mitocanada.org\/wp-content\/uploads\/2024\/05\/Screenshot-2024-05-17-at-9.02.38-AM.jpeg\" alt=\"\" width=\"2291\" height=\"1296\" srcset=\"https:\/\/mitocanada.org\/wp-content\/uploads\/2024\/05\/Screenshot-2024-05-17-at-9.02.38-AM-200x113.jpeg 200w, https:\/\/mitocanada.org\/wp-content\/uploads\/2024\/05\/Screenshot-2024-05-17-at-9.02.38-AM-300x170.jpeg 300w, https:\/\/mitocanada.org\/wp-content\/uploads\/2024\/05\/Screenshot-2024-05-17-at-9.02.38-AM-400x226.jpeg 400w, https:\/\/mitocanada.org\/wp-content\/uploads\/2024\/05\/Screenshot-2024-05-17-at-9.02.38-AM-600x339.jpeg 600w, https:\/\/mitocanada.org\/wp-content\/uploads\/2024\/05\/Screenshot-2024-05-17-at-9.02.38-AM-768x434.jpeg 768w, https:\/\/mitocanada.org\/wp-content\/uploads\/2024\/05\/Screenshot-2024-05-17-at-9.02.38-AM-800x453.jpeg 800w, https:\/\/mitocanada.org\/wp-content\/uploads\/2024\/05\/Screenshot-2024-05-17-at-9.02.38-AM-1024x579.jpeg 1024w, https:\/\/mitocanada.org\/wp-content\/uploads\/2024\/05\/Screenshot-2024-05-17-at-9.02.38-AM-1200x679.jpeg 1200w, https:\/\/mitocanada.org\/wp-content\/uploads\/2024\/05\/Screenshot-2024-05-17-at-9.02.38-AM-1536x869.jpeg 1536w, https:\/\/mitocanada.org\/wp-content\/uploads\/2024\/05\/Screenshot-2024-05-17-at-9.02.38-AM.jpeg 2291w\" sizes=\"(max-width: 2291px) 100vw, 2291px\" \/><\/p>\n<p><img><\/p>\n<\/div><\/div><\/div><\/div><\/div><\/p>\n","protected":false},"excerpt":{"rendered":"","protected":false},"author":2,"featured_media":0,"parent":0,"menu_order":39,"comment_status":"closed","ping_status":"closed","template":"","meta":{"om_disable_all_campaigns":false,"_monsterinsights_skip_tracking":false,"_monsterinsights_sitenote_active":false,"_monsterinsights_sitenote_note":"","_monsterinsights_sitenote_category":0,"_uf_show_specific_survey":0,"_uf_disable_surveys":false,"footnotes":""},"class_list":["post-8244","page","type-page","status-publish","hentry"],"aioseo_notices":[],"_links":{"self":[{"href":"https:\/\/mitocanada.org\/fr\/wp-json\/wp\/v2\/pages\/8244","targetHints":{"allow":["GET"]}}],"collection":[{"href":"https:\/\/mitocanada.org\/fr\/wp-json\/wp\/v2\/pages"}],"about":[{"href":"https:\/\/mitocanada.org\/fr\/wp-json\/wp\/v2\/types\/page"}],"author":[{"embeddable":true,"href":"https:\/\/mitocanada.org\/fr\/wp-json\/wp\/v2\/users\/2"}],"replies":[{"embeddable":true,"href":"https:\/\/mitocanada.org\/fr\/wp-json\/wp\/v2\/comments?post=8244"}],"version-history":[{"count":3,"href":"https:\/\/mitocanada.org\/fr\/wp-json\/wp\/v2\/pages\/8244\/revisions"}],"predecessor-version":[{"id":8247,"href":"https:\/\/mitocanada.org\/fr\/wp-json\/wp\/v2\/pages\/8244\/revisions\/8247"}],"wp:attachment":[{"href":"https:\/\/mitocanada.org\/fr\/wp-json\/wp\/v2\/media?parent=8244"}],"curies":[{"name":"wp","href":"https:\/\/api.w.org\/{rel}","templated":true}]}}