{"id":8236,"date":"2022-05-06T10:16:12","date_gmt":"2022-05-06T14:16:12","guid":{"rendered":"https:\/\/mitocanada.org\/serie-transrockies-bc\/"},"modified":"2024-12-06T14:16:35","modified_gmt":"2024-12-06T19:16:35","slug":"serie-transrockies-bc","status":"publish","type":"page","link":"https:\/\/mitocanada.org\/fr\/serie-transrockies-bc\/","title":{"rendered":"S\u00e9rie TransRockies (BC)"},"content":{"rendered":"<p><div class=\"fusion-fullwidth fullwidth-box fusion-builder-row-1 fusion-flex-container nonhundred-percent-fullwidth non-hundred-percent-height-scrolling\" style=\"--awb-border-radius-top-left:0px;--awb-border-radius-top-right:0px;--awb-border-radius-bottom-right:0px;--awb-border-radius-bottom-left:0px;--awb-flex-wrap:wrap;\" ><div class=\"fusion-builder-row fusion-row fusion-flex-align-items-flex-start fusion-flex-content-wrap\" style=\"max-width:1456px;margin-left: calc(-4% \/ 2 );margin-right: calc(-4% \/ 2 );\"><div class=\"fusion-layout-column fusion_builder_column fusion-builder-column-0 fusion_builder_column_1_1 1_1 fusion-flex-column\" style=\"--awb-bg-size:cover;--awb-width-large:100%;--awb-margin-top-large:0px;--awb-spacing-right-large:1.92%;--awb-margin-bottom-large:0px;--awb-spacing-left-large:1.92%;--awb-width-medium:100%;--awb-spacing-right-medium:1.92%;--awb-spacing-left-medium:1.92%;--awb-width-small:100%;--awb-spacing-right-small:1.92%;--awb-spacing-left-small:1.92%;\"><div class=\"fusion-column-wrapper fusion-flex-justify-content-flex-start fusion-content-layout-column\"><div class=\"fusion-image-element \" style=\"--awb-caption-title-font-family:var(--h2_typography-font-family);--awb-caption-title-font-weight:var(--h2_typography-font-weight);--awb-caption-title-font-style:var(--h2_typography-font-style);--awb-caption-title-size:var(--h2_typography-font-size);--awb-caption-title-transform:var(--h2_typography-text-transform);--awb-caption-title-line-height:var(--h2_typography-line-height);--awb-caption-title-letter-spacing:var(--h2_typography-letter-spacing);\"><span class=\" fusion-imageframe imageframe-none imageframe-1 hover-type-none\"><a class=\"fusion-no-lightbox\" href=\"https:\/\/www.transrockies.com\" target=\"_blank\" aria-label=\"Untitled (5000 \u00d7 3456 px) (1025 \u00d7 375 px)\" rel=\"noopener noreferrer\"><img decoding=\"async\" width=\"1025\" height=\"375\" src=\"https:\/\/mitocanada.org\/wp-content\/uploads\/2022\/06\/Untitled-5000-\u00d7-3456-px-1025-\u00d7-375-px.png\" alt class=\"img-responsive wp-image-6998\" srcset=\"https:\/\/mitocanada.org\/wp-content\/uploads\/2022\/06\/Untitled-5000-\u00d7-3456-px-1025-\u00d7-375-px-200x73.png 200w, https:\/\/mitocanada.org\/wp-content\/uploads\/2022\/06\/Untitled-5000-\u00d7-3456-px-1025-\u00d7-375-px-400x146.png 400w, https:\/\/mitocanada.org\/wp-content\/uploads\/2022\/06\/Untitled-5000-\u00d7-3456-px-1025-\u00d7-375-px-600x220.png 600w, https:\/\/mitocanada.org\/wp-content\/uploads\/2022\/06\/Untitled-5000-\u00d7-3456-px-1025-\u00d7-375-px-800x293.png 800w, https:\/\/mitocanada.org\/wp-content\/uploads\/2022\/06\/Untitled-5000-\u00d7-3456-px-1025-\u00d7-375-px.png 1025w\" sizes=\"(max-width: 640px) 100vw, 1025px\" \/><\/a><\/span><\/div><div class=\"fusion-separator fusion-full-width-sep\" style=\"align-self: center;margin-left: auto;margin-right: auto;margin-top:30px;width:100%;\"><\/div><div class=\"fusion-text fusion-text-1\"><p>La TransRockies Race Series a nomm\u00e9 MitoCanada comme organisme de bienfaisance officiel de la TransRockies Race Series en 2024. Un nombre limit\u00e9 d&rsquo;inscriptions \u00e0 prix r\u00e9duit sera offert aux cyclistes et aux coureurs qui utiliseront leur participation pour recueillir des fonds pour MitoCanada ! La TransRockies Race Series organise des \u00e9preuves d&rsquo;endurance en plein air dans toute l&rsquo;Am\u00e9rique du Nord. Les \u00e9v\u00e9nements TransRockies se caract\u00e9risent par des courses amusantes et stimulantes, enti\u00e8rement soutenues, dans des destinations spectaculaires. D\u00e9couvrez ce qu&rsquo;il y a \u00e0 l&rsquo;int\u00e9rieur&#8230; <\/p>\n<p><strong>Merci \u00e0 la s\u00e9rie de courses TransRockies et \u00e0 nos \u00e9quipes de collecte de fonds MitoCanada qui ont recueilli 2 500 $ en 2023 \u00e0 l&rsquo;appui de MitoCanada !<\/strong><\/p>\n<\/div><div class=\"fusion-separator fusion-full-width-sep\" style=\"align-self: center;margin-left: auto;margin-right: auto;margin-top:25px;margin-bottom:10px;width:100%;\"><\/div><div ><a class=\"fusion-button button-flat fusion-button-default-size button-default fusion-button-default button-1 fusion-button-default-span fusion-button-default-type\" target=\"_blank\" rel=\"noopener noreferrer\" href=\"https:\/\/www.transrockies.com\/\"><span class=\"fusion-button-text\">EN SAVOIR PLUS<\/span><\/a><\/div><div class=\"fusion-separator fusion-full-width-sep\" style=\"align-self: center;margin-left: auto;margin-right: auto;margin-top:25px;margin-bottom:25px;width:100%;\"><\/div><\/div><\/div><\/div><\/div><\/p>\n","protected":false},"excerpt":{"rendered":"","protected":false},"author":1,"featured_media":0,"parent":0,"menu_order":31,"comment_status":"closed","ping_status":"closed","template":"","meta":{"om_disable_all_campaigns":false,"_monsterinsights_skip_tracking":false,"_monsterinsights_sitenote_active":false,"_monsterinsights_sitenote_note":"","_monsterinsights_sitenote_category":0,"_uf_show_specific_survey":0,"_uf_disable_surveys":false,"footnotes":""},"class_list":["post-8236","page","type-page","status-publish","hentry"],"aioseo_notices":[],"_links":{"self":[{"href":"https:\/\/mitocanada.org\/fr\/wp-json\/wp\/v2\/pages\/8236","targetHints":{"allow":["GET"]}}],"collection":[{"href":"https:\/\/mitocanada.org\/fr\/wp-json\/wp\/v2\/pages"}],"about":[{"href":"https:\/\/mitocanada.org\/fr\/wp-json\/wp\/v2\/types\/page"}],"author":[{"embeddable":true,"href":"https:\/\/mitocanada.org\/fr\/wp-json\/wp\/v2\/users\/1"}],"replies":[{"embeddable":true,"href":"https:\/\/mitocanada.org\/fr\/wp-json\/wp\/v2\/comments?post=8236"}],"version-history":[{"count":3,"href":"https:\/\/mitocanada.org\/fr\/wp-json\/wp\/v2\/pages\/8236\/revisions"}],"predecessor-version":[{"id":8239,"href":"https:\/\/mitocanada.org\/fr\/wp-json\/wp\/v2\/pages\/8236\/revisions\/8239"}],"wp:attachment":[{"href":"https:\/\/mitocanada.org\/fr\/wp-json\/wp\/v2\/media?parent=8236"}],"curies":[{"name":"wp","href":"https:\/\/api.w.org\/{rel}","templated":true}]}}