{"id":8232,"date":"2023-04-17T16:27:23","date_gmt":"2023-04-17T20:27:23","guid":{"rendered":"https:\/\/mitocanada.org\/5-peaks-national\/"},"modified":"2026-01-11T14:30:05","modified_gmt":"2026-01-11T19:30:05","slug":"5-peaks-national","status":"publish","type":"page","link":"https:\/\/mitocanada.org\/fr\/5-peaks-national\/","title":{"rendered":"5 Peaks (National)"},"content":{"rendered":"<div class=\"fusion-fullwidth fullwidth-box fusion-builder-row-1 fusion-flex-container nonhundred-percent-fullwidth non-hundred-percent-height-scrolling\" style=\"--awb-border-radius-top-left:0px;--awb-border-radius-top-right:0px;--awb-border-radius-bottom-right:0px;--awb-border-radius-bottom-left:0px;--awb-flex-wrap:wrap;\" ><div class=\"fusion-builder-row fusion-row fusion-flex-align-items-flex-start fusion-flex-content-wrap\" style=\"max-width:1456px;margin-left: calc(-4% \/ 2 );margin-right: calc(-4% \/ 2 );\"><div class=\"fusion-layout-column fusion_builder_column fusion-builder-column-0 fusion_builder_column_1_1 1_1 fusion-flex-column\" style=\"--awb-bg-size:cover;--awb-width-large:100%;--awb-margin-top-large:0px;--awb-spacing-right-large:1.92%;--awb-margin-bottom-large:0px;--awb-spacing-left-large:1.92%;--awb-width-medium:100%;--awb-spacing-right-medium:1.92%;--awb-spacing-left-medium:1.92%;--awb-width-small:100%;--awb-spacing-right-small:1.92%;--awb-spacing-left-small:1.92%;\"><div class=\"fusion-column-wrapper fusion-flex-justify-content-flex-start fusion-content-layout-column\"><div class=\"fusion-image-element \" style=\"text-align:center;--awb-caption-title-font-family:var(--h2_typography-font-family);--awb-caption-title-font-weight:var(--h2_typography-font-weight);--awb-caption-title-font-style:var(--h2_typography-font-style);--awb-caption-title-size:var(--h2_typography-font-size);--awb-caption-title-transform:var(--h2_typography-text-transform);--awb-caption-title-line-height:var(--h2_typography-line-height);--awb-caption-title-letter-spacing:var(--h2_typography-letter-spacing);\"><span class=\" fusion-imageframe imageframe-none imageframe-1 hover-type-none\"><a class=\"fusion-no-lightbox\" href=\"http:\/\/www.5peaks.com\" target=\"_blank\" aria-label=\"5Peaks2023\" rel=\"noopener noreferrer\"><img decoding=\"async\" width=\"1025\" height=\"375\" src=\"https:\/\/mitocanada.org\/wp-content\/uploads\/2023\/04\/5Peaks2023.png\" alt class=\"img-responsive wp-image-7183\" srcset=\"https:\/\/mitocanada.org\/wp-content\/uploads\/2023\/04\/5Peaks2023-200x73.png 200w, https:\/\/mitocanada.org\/wp-content\/uploads\/2023\/04\/5Peaks2023-400x146.png 400w, https:\/\/mitocanada.org\/wp-content\/uploads\/2023\/04\/5Peaks2023-600x220.png 600w, https:\/\/mitocanada.org\/wp-content\/uploads\/2023\/04\/5Peaks2023-800x293.png 800w, https:\/\/mitocanada.org\/wp-content\/uploads\/2023\/04\/5Peaks2023.png 1025w\" sizes=\"(max-width: 640px) 100vw, 1025px\" \/><\/a><\/span><\/div><div class=\"fusion-separator fusion-full-width-sep\" style=\"align-self: center;margin-left: auto;margin-right: auto;margin-top:30px;width:100%;\"><\/div><div class=\"fusion-text fusion-text-1\"><p>Sortez de la route et engagez-vous sur les sentiers. Les \u00e9v\u00e9nements 5 Peaks sont plus que de simples courses de trail, ce sont des c\u00e9l\u00e9brations sp\u00e9ciales de la nature, du travail acharn\u00e9 que nous mettons dans notre entra\u00eenement, de la force, de la famille et de la communaut\u00e9. Fond\u00e9 en 1998, 5 Peaks s&rsquo;est depuis r\u00e9pandu \u00e0 travers le Canada avec plus de 12 000 coureurs par an.<\/p>\n<p>Avec des courses de trail running \u00e0 travers le Canada, 5 Peaks propose certaines des meilleures courses de trail que le pays a \u00e0 offrir. La s\u00e9rie se d\u00e9roule de mai \u00e0 septembre chaque ann\u00e9e, chaque r\u00e9gion accueillant une course par mois. Avec environ 400 \u00e0 800 participants par course sur certains des terrains les plus spectaculaires du pays, tous les concurrents acqui\u00e8rent une nouvelle appr\u00e9ciation de la facilit\u00e9 et de la beaut\u00e9 de l&rsquo;arri\u00e8re-pays de leur r\u00e9gion. Ne vous laissez pas intimider. Ces courses s&rsquo;adressent \u00e0 tout le monde. Nous accueillons tous les concurrents, que vous souhaitiez devenir un champion de la course dans l&rsquo;arri\u00e8re-pays ou simplement relever un nouveau d\u00e9fi physique, la 5 Peaks est faite pour vous.<\/p>\n<p><strong>MitoCanada est fi\u00e8re d&rsquo;\u00eatre l&rsquo;un des partenaires caritatifs nationaux de 5Peaks !<\/strong><\/p>\n<\/div><div ><a class=\"fusion-button button-flat fusion-button-default-size button-default fusion-button-default button-1 fusion-button-default-span fusion-button-default-type\" target=\"_blank\" rel=\"noopener noreferrer\" href=\"http:\/\/www.5peaks.com\"><span class=\"fusion-button-text\">EN SAVOIR PLUS<\/span><\/a><\/div><div class=\"fusion-separator fusion-full-width-sep\" style=\"align-self: center;margin-left: auto;margin-right: auto;margin-top:25px;margin-bottom:10px;width:100%;\"><\/div><\/div><\/div><\/div><\/div>\n","protected":false},"excerpt":{"rendered":"","protected":false},"author":2,"featured_media":7503,"parent":0,"menu_order":31,"comment_status":"closed","ping_status":"closed","template":"","meta":{"om_disable_all_campaigns":false,"_monsterinsights_skip_tracking":false,"_monsterinsights_sitenote_active":false,"_monsterinsights_sitenote_note":"","_monsterinsights_sitenote_category":0,"_uf_show_specific_survey":0,"_uf_disable_surveys":false,"footnotes":""},"class_list":["post-8232","page","type-page","status-publish","has-post-thumbnail","hentry"],"aioseo_notices":[],"_links":{"self":[{"href":"https:\/\/mitocanada.org\/fr\/wp-json\/wp\/v2\/pages\/8232","targetHints":{"allow":["GET"]}}],"collection":[{"href":"https:\/\/mitocanada.org\/fr\/wp-json\/wp\/v2\/pages"}],"about":[{"href":"https:\/\/mitocanada.org\/fr\/wp-json\/wp\/v2\/types\/page"}],"author":[{"embeddable":true,"href":"https:\/\/mitocanada.org\/fr\/wp-json\/wp\/v2\/users\/2"}],"replies":[{"embeddable":true,"href":"https:\/\/mitocanada.org\/fr\/wp-json\/wp\/v2\/comments?post=8232"}],"version-history":[{"count":8,"href":"https:\/\/mitocanada.org\/fr\/wp-json\/wp\/v2\/pages\/8232\/revisions"}],"predecessor-version":[{"id":13714,"href":"https:\/\/mitocanada.org\/fr\/wp-json\/wp\/v2\/pages\/8232\/revisions\/13714"}],"wp:featuredmedia":[{"embeddable":true,"href":"https:\/\/mitocanada.org\/fr\/wp-json\/wp\/v2\/media\/7503"}],"wp:attachment":[{"href":"https:\/\/mitocanada.org\/fr\/wp-json\/wp\/v2\/media?parent=8232"}],"curies":[{"name":"wp","href":"https:\/\/api.w.org\/{rel}","templated":true}]}}