{"id":8229,"date":"2023-07-17T19:34:32","date_gmt":"2023-07-17T23:34:32","guid":{"rendered":"https:\/\/mitocanada.org\/comprendre-mito\/le-coin-des-communautes\/"},"modified":"2024-12-06T14:15:59","modified_gmt":"2024-12-06T19:15:59","slug":"le-coin-des-communautes","status":"publish","type":"page","link":"https:\/\/mitocanada.org\/fr\/comprendre-mito\/le-coin-des-communautes\/","title":{"rendered":"Le coin des communaut\u00e9s"},"content":{"rendered":"<p><div class=\"fusion-fullwidth fullwidth-box fusion-builder-row-1 fusion-flex-container nonhundred-percent-fullwidth non-hundred-percent-height-scrolling\" style=\"--awb-border-radius-top-left:0px;--awb-border-radius-top-right:0px;--awb-border-radius-bottom-right:0px;--awb-border-radius-bottom-left:0px;--awb-flex-wrap:wrap;\" ><div class=\"fusion-builder-row fusion-row fusion-flex-align-items-flex-start fusion-flex-content-wrap\" style=\"max-width:1456px;margin-left: calc(-4% \/ 2 );margin-right: calc(-4% \/ 2 );\"><div class=\"fusion-layout-column fusion_builder_column fusion-builder-column-0 fusion_builder_column_1_1 1_1 fusion-flex-column\" style=\"--awb-bg-size:cover;--awb-width-large:100%;--awb-margin-top-large:0px;--awb-spacing-right-large:1.92%;--awb-margin-bottom-large:0px;--awb-spacing-left-large:1.92%;--awb-width-medium:100%;--awb-spacing-right-medium:1.92%;--awb-spacing-left-medium:1.92%;--awb-width-small:100%;--awb-spacing-right-small:1.92%;--awb-spacing-left-small:1.92%;\"><div class=\"fusion-column-wrapper fusion-flex-justify-content-flex-start fusion-content-layout-column\"><div class=\"fusion-text fusion-text-1\"><p>Notre coin communautaire est un espace d\u00e9di\u00e9 qui pr\u00e9sente des articles \u00e9crits par des membres de la communaut\u00e9 Mito. Ces courts articles mettent en lumi\u00e8re des exp\u00e9riences v\u00e9cues, des conseils de gestion, des opinions et des points de vue personnels, de la r\u00e9silience et de l&rsquo;inspiration.<\/p>\n<\/div><div class=\"fusion-separator fusion-full-width-sep\" style=\"align-self: center;margin-left: auto;margin-right: auto;margin-top:25px;margin-bottom:25px;width:100%;\"><\/div><div class=\"fusion-text fusion-text-2\"><h2 style=\"text-align: center;\">Coins communautaires en vedette<\/h2>\n<\/div><\/div><\/div><\/div><\/div><div class=\"fusion-fullwidth fullwidth-box fusion-builder-row-2 fusion-flex-container has-pattern-background has-mask-background nonhundred-percent-fullwidth non-hundred-percent-height-scrolling\" style=\"--awb-border-radius-top-left:0px;--awb-border-radius-top-right:0px;--awb-border-radius-bottom-right:0px;--awb-border-radius-bottom-left:0px;--awb-flex-wrap:wrap;\" ><div class=\"fusion-builder-row fusion-row fusion-flex-align-items-flex-start fusion-flex-content-wrap\" style=\"max-width:1456px;margin-left: calc(-4% \/ 2 );margin-right: calc(-4% \/ 2 );\"><div class=\"fusion-layout-column fusion_builder_column fusion-builder-column-1 fusion_builder_column_1_6 1_6 fusion-flex-column\" style=\"--awb-bg-size:cover;--awb-width-large:16.666666666667%;--awb-margin-top-large:0px;--awb-spacing-right-large:11.52%;--awb-margin-bottom-large:20px;--awb-spacing-left-large:11.52%;--awb-width-medium:16.666666666667%;--awb-order-medium:0;--awb-spacing-right-medium:11.52%;--awb-spacing-left-medium:11.52%;--awb-width-small:100%;--awb-order-small:0;--awb-spacing-right-small:1.92%;--awb-spacing-left-small:1.92%;\"><div class=\"fusion-column-wrapper fusion-column-has-shadow fusion-flex-justify-content-flex-start fusion-content-layout-column\"><\/div><\/div><div class=\"fusion-layout-column fusion_builder_column fusion-builder-column-2 fusion_builder_column_2_3 2_3 fusion-flex-column\" style=\"--awb-bg-size:cover;--awb-width-large:66.666666666667%;--awb-margin-top-large:0px;--awb-spacing-right-large:2.88%;--awb-margin-bottom-large:20px;--awb-spacing-left-large:2.88%;--awb-width-medium:66.666666666667%;--awb-order-medium:0;--awb-spacing-right-medium:2.88%;--awb-spacing-left-medium:2.88%;--awb-width-small:100%;--awb-order-small:0;--awb-spacing-right-small:1.92%;--awb-spacing-left-small:1.92%;\"><div class=\"fusion-column-wrapper fusion-column-has-shadow fusion-flex-justify-content-flex-start fusion-content-layout-column\"><div class=\"fusion-blog-shortcode fusion-blog-shortcode-1 fusion-blog-archive fusion-blog-layout-grid-wrapper fusion-blog-pagination\"><style type=\"text\/css\">.fusion-blog-shortcode-1 .fusion-blog-layout-grid .fusion-post-grid{padding:20px;}.fusion-blog-shortcode-1 .fusion-posts-container{margin-left: -20px !important; margin-right:-20px !important;}<\/style><div class=\"fusion-posts-container fusion-posts-container-pagination fusion-blog-layout-grid fusion-blog-layout-grid-1 isotope fusion-blog-equal-heights\" data-pages=\"1\" data-grid-col-space=\"40\" style=\"margin: -20px -20px 0;min-height:500px;\"><article id=\"blog-1-post-9898\" class=\"fusion-post-grid post-9898 post type-post status-publish format-standard has-post-thumbnail hentry category-coin-des-communautes-en-vedette\">\n<div class=\"fusion-post-wrapper\" style=\"background-color:rgba(255,255,255,0);border:1px solid #119bb5;border-bottom-width:3px;\">\n\n\t\t\t<div class=\"fusion-flexslider flexslider fusion-flexslider-loading fusion-post-slideshow\" style=\"border-color:#119bb5;\">\n\t\t<ul class=\"slides\">\n\t\t\t\n\t\t\t\t\t\t\t\t\t\t\t\t\t\t<li><div  class=\"fusion-image-wrapper\" aria-haspopup=\"true\">\n\t\t\t\t\t\t\t<a href=\"https:\/\/mitocanada.org\/fr\/le-coin-des-communautes-avec-alison-et-adam\/\" aria-label=\"Le coin des communaut\u00e9s avec Alison et Adam\">\n\t\t\t\t\t\t\t<img decoding=\"async\" width=\"1025\" height=\"375\" src=\"https:\/\/mitocanada.org\/wp-content\/uploads\/2025\/03\/MitoCanada-Community-Corner-Alison-and-Adam.png\" class=\"attachment-full size-full wp-post-image\" alt=\"\" srcset=\"https:\/\/mitocanada.org\/wp-content\/uploads\/2025\/03\/MitoCanada-Community-Corner-Alison-and-Adam-200x73.png 200w, https:\/\/mitocanada.org\/wp-content\/uploads\/2025\/03\/MitoCanada-Community-Corner-Alison-and-Adam-400x146.png 400w, https:\/\/mitocanada.org\/wp-content\/uploads\/2025\/03\/MitoCanada-Community-Corner-Alison-and-Adam-600x220.png 600w, https:\/\/mitocanada.org\/wp-content\/uploads\/2025\/03\/MitoCanada-Community-Corner-Alison-and-Adam-800x293.png 800w, https:\/\/mitocanada.org\/wp-content\/uploads\/2025\/03\/MitoCanada-Community-Corner-Alison-and-Adam.png 1025w\" sizes=\"(min-width: 2200px) 100vw, (min-width: 640px) 1400px, \" \/>\t\t\t<\/a>\n\t\t\t\t\t\t\t<\/div>\n<\/li>\n\t\t\t\n\t\t\t\n\t\t\t\t\t\t\t\t\t\t\t\t\t\t\t\t\t\t\t\t\t\t\t\t\t\t\t\t\t\t\t\t\t\t\t\t\t\t\t\t\t\t\t\t\t\t\t\t\t\t\t\t\t\t\t\t\t\t\t\t\t\t\t\t\t\t\t\t<\/ul>\n\t<\/div>\n\t<div class=\"fusion-post-content-wrapper\" style=\"padding:30px 25px 25px 25px;\"><div class=\"fusion-post-content post-content\"><h2 class=\"blog-shortcode-post-title entry-title\">Le coin des communaut\u00e9s avec Alison et Adam<\/h2><div class=\"fusion-content-sep sep-none\"><\/div><div class=\"fusion-post-content-container\"><p> L'histoire d'Adam Cela fait maintenant 29 ans, et personne n'aurait pu pr\u00e9dire comment la vie allait se d\u00e9rouler. Nous [...]<\/p><\/div><\/div><div class=\"fusion-meta-info\"><div class=\"fusion-alignleft\"><a class=\"fusion-read-more\" href=\"https:\/\/mitocanada.org\/fr\/le-coin-des-communautes-avec-alison-et-adam\/\" aria-label=\"More on Le coin des communaut\u00e9s avec Alison et Adam\">Read More<\/a><\/div><\/div><\/div><div class=\"fusion-clearfix\"><\/div><\/div>\n<\/article>\n<div class=\"fusion-clearfix\"><\/div><\/div><\/div><\/div><\/div><div class=\"fusion-layout-column fusion_builder_column fusion-builder-column-3 fusion_builder_column_1_6 1_6 fusion-flex-column\" style=\"--awb-bg-size:cover;--awb-width-large:16.666666666667%;--awb-margin-top-large:0px;--awb-spacing-right-large:11.52%;--awb-margin-bottom-large:20px;--awb-spacing-left-large:11.52%;--awb-width-medium:16.666666666667%;--awb-order-medium:0;--awb-spacing-right-medium:11.52%;--awb-spacing-left-medium:11.52%;--awb-width-small:100%;--awb-order-small:0;--awb-spacing-right-small:1.92%;--awb-spacing-left-small:1.92%;\"><div class=\"fusion-column-wrapper fusion-column-has-shadow fusion-flex-justify-content-flex-start fusion-content-layout-column\"><\/div><\/div><\/div><\/div><div class=\"fusion-fullwidth fullwidth-box fusion-builder-row-3 fusion-flex-container nonhundred-percent-fullwidth non-hundred-percent-height-scrolling\" style=\"--awb-border-radius-top-left:0px;--awb-border-radius-top-right:0px;--awb-border-radius-bottom-right:0px;--awb-border-radius-bottom-left:0px;--awb-padding-top:25px;--awb-flex-wrap:wrap;\" ><div class=\"fusion-builder-row fusion-row fusion-flex-align-items-flex-start fusion-flex-content-wrap\" style=\"max-width:1456px;margin-left: calc(-4% \/ 2 );margin-right: calc(-4% \/ 2 );\"><div class=\"fusion-layout-column fusion_builder_column fusion-builder-column-4 fusion_builder_column_1_1 1_1 fusion-flex-column\" style=\"--awb-bg-size:cover;--awb-width-large:100%;--awb-margin-top-large:0px;--awb-spacing-right-large:1.92%;--awb-margin-bottom-large:20px;--awb-spacing-left-large:1.92%;--awb-width-medium:100%;--awb-order-medium:0;--awb-spacing-right-medium:1.92%;--awb-spacing-left-medium:1.92%;--awb-width-small:100%;--awb-order-small:0;--awb-spacing-right-small:1.92%;--awb-spacing-left-small:1.92%;\"><div class=\"fusion-column-wrapper fusion-column-has-shadow fusion-flex-justify-content-flex-start fusion-content-layout-column\"><div class=\"fusion-separator fusion-full-width-sep\" style=\"align-self: center;margin-left: auto;margin-right: auto;margin-top:25px;margin-bottom:25px;width:100%;\"><\/div><div class=\"fusion-blog-shortcode fusion-blog-shortcode-2 fusion-blog-archive fusion-blog-layout-grid-wrapper fusion-blog-pagination\"><style type=\"text\/css\">.fusion-blog-shortcode-2 .fusion-blog-layout-grid .fusion-post-grid{padding:20px;}.fusion-blog-shortcode-2 .fusion-posts-container{margin-left: -20px !important; margin-right:-20px !important;}<\/style><div class=\"fusion-posts-container fusion-posts-container-pagination fusion-blog-layout-grid fusion-blog-layout-grid-2 isotope fusion-blog-equal-heights\" data-pages=\"1\" data-grid-col-space=\"40\" style=\"margin: -20px -20px 0;min-height:500px;\"><article id=\"blog-2-post-8299\" class=\"fusion-post-grid post-8299 post type-post status-publish format-standard has-post-thumbnail hentry category-le-coin-des-communautes\">\n<div class=\"fusion-post-wrapper\" style=\"background-color:rgba(255,255,255,0);border:1px solid #119bb5;border-bottom-width:3px;\">\n\n\t\t\t<div class=\"fusion-flexslider flexslider fusion-flexslider-loading fusion-post-slideshow\" style=\"border-color:#119bb5;\">\n\t\t<ul class=\"slides\">\n\t\t\t\n\t\t\t\t\t\t\t\t\t\t\t\t\t\t<li><div  class=\"fusion-image-wrapper\" aria-haspopup=\"true\">\n\t\t\t\t\t\t\t<a href=\"https:\/\/mitocanada.org\/fr\/le-coin-de-la-communaute-avec-hala-abass\/\" aria-label=\"Le coin de la communaut\u00e9 avec Hala Abass\">\n\t\t\t\t\t\t\t<img decoding=\"async\" width=\"1025\" height=\"375\" src=\"https:\/\/mitocanada.org\/wp-content\/uploads\/2024\/08\/Community-Corner-Hala-Abass.png\" class=\"attachment-full size-full wp-post-image\" alt=\"Community Corner with Hala Abass banner\" srcset=\"https:\/\/mitocanada.org\/wp-content\/uploads\/2024\/08\/Community-Corner-Hala-Abass-200x73.png 200w, https:\/\/mitocanada.org\/wp-content\/uploads\/2024\/08\/Community-Corner-Hala-Abass-400x146.png 400w, https:\/\/mitocanada.org\/wp-content\/uploads\/2024\/08\/Community-Corner-Hala-Abass-600x220.png 600w, https:\/\/mitocanada.org\/wp-content\/uploads\/2024\/08\/Community-Corner-Hala-Abass-800x293.png 800w, https:\/\/mitocanada.org\/wp-content\/uploads\/2024\/08\/Community-Corner-Hala-Abass.png 1025w\" sizes=\"(min-width: 2200px) 100vw, (min-width: 712px) 680px, (min-width: 640px) 712px, \" \/>\t\t\t<\/a>\n\t\t\t\t\t\t\t<\/div>\n<\/li>\n\t\t\t\n\t\t\t\n\t\t\t\t\t\t\t\t\t\t\t\t\t\t\t\t\t\t\t\t\t\t\t\t\t\t\t\t\t\t\t\t\t\t\t\t\t\t\t\t\t\t\t\t\t\t\t\t\t\t\t\t\t\t\t\t\t\t\t\t\t\t\t\t\t\t\t\t<\/ul>\n\t<\/div>\n\t<div class=\"fusion-post-content-wrapper\" style=\"padding:30px 25px 25px 25px;\"><div class=\"fusion-post-content post-content\"><h2 class=\"blog-shortcode-post-title entry-title\">Le coin de la communaut\u00e9 avec Hala Abass<\/h2><div class=\"fusion-content-sep sep-none\"><\/div><div class=\"fusion-post-content-container\"><p> Chers membres de la communaut\u00e9 MitoCanada Bonjour ! Je m'appelle Hala Abass. Je suis membre fondatrice de l'Organisation MENA [...]<\/p><\/div><\/div><div class=\"fusion-meta-info\"><div class=\"fusion-alignleft\"><a class=\"fusion-read-more\" href=\"https:\/\/mitocanada.org\/fr\/le-coin-de-la-communaute-avec-hala-abass\/\" aria-label=\"More on Le coin de la communaut\u00e9 avec Hala Abass\">Read More<\/a><\/div><\/div><\/div><div class=\"fusion-clearfix\"><\/div><\/div>\n<\/article>\n<article id=\"blog-2-post-8305\" class=\"fusion-post-grid post-8305 post type-post status-publish format-standard has-post-thumbnail hentry category-le-coin-des-communautes\">\n<div class=\"fusion-post-wrapper\" style=\"background-color:rgba(255,255,255,0);border:1px solid #119bb5;border-bottom-width:3px;\">\n\n\t\t\t<div class=\"fusion-flexslider flexslider fusion-flexslider-loading fusion-post-slideshow\" style=\"border-color:#119bb5;\">\n\t\t<ul class=\"slides\">\n\t\t\t\n\t\t\t\t\t\t\t\t\t\t\t\t\t\t<li><div  class=\"fusion-image-wrapper\" aria-haspopup=\"true\">\n\t\t\t\t\t\t\t<a href=\"https:\/\/mitocanada.org\/fr\/le-coin-de-la-communaute-avec-john-fisher\/\" aria-label=\"Le coin de la communaut\u00e9 avec John Fisher\">\n\t\t\t\t\t\t\t<img decoding=\"async\" width=\"1025\" height=\"375\" src=\"https:\/\/mitocanada.org\/wp-content\/uploads\/2024\/02\/Community-Corner-John-Fisher.png\" class=\"attachment-full size-full wp-post-image\" alt=\"Community Corner with John Fisher banner\" srcset=\"https:\/\/mitocanada.org\/wp-content\/uploads\/2024\/02\/Community-Corner-John-Fisher-200x73.png 200w, https:\/\/mitocanada.org\/wp-content\/uploads\/2024\/02\/Community-Corner-John-Fisher-400x146.png 400w, https:\/\/mitocanada.org\/wp-content\/uploads\/2024\/02\/Community-Corner-John-Fisher-600x220.png 600w, https:\/\/mitocanada.org\/wp-content\/uploads\/2024\/02\/Community-Corner-John-Fisher-800x293.png 800w, https:\/\/mitocanada.org\/wp-content\/uploads\/2024\/02\/Community-Corner-John-Fisher.png 1025w\" sizes=\"(min-width: 2200px) 100vw, (min-width: 712px) 680px, (min-width: 640px) 712px, \" \/>\t\t\t<\/a>\n\t\t\t\t\t\t\t<\/div>\n<\/li>\n\t\t\t\n\t\t\t\n\t\t\t\t\t\t\t\t\t\t\t\t\t\t\t\t\t\t\t\t\t\t\t\t\t\t\t\t\t\t\t\t\t\t\t\t\t\t\t\t\t\t\t\t\t\t\t\t\t\t\t\t\t\t\t\t\t\t\t\t\t\t\t\t\t\t\t\t<\/ul>\n\t<\/div>\n\t<div class=\"fusion-post-content-wrapper\" style=\"padding:30px 25px 25px 25px;\"><div class=\"fusion-post-content post-content\"><h2 class=\"blog-shortcode-post-title entry-title\">Le coin de la communaut\u00e9 avec John Fisher<\/h2><div class=\"fusion-content-sep sep-none\"><\/div><div class=\"fusion-post-content-container\"><p> Chers membres de la communaut\u00e9 MitoCanada Je m'appelle John Fisher et je suis le pr\u00e9sident-directeur g\u00e9n\u00e9ral et l'unique actionnaire [...]<\/p><\/div><\/div><div class=\"fusion-meta-info\"><div class=\"fusion-alignleft\"><a class=\"fusion-read-more\" href=\"https:\/\/mitocanada.org\/fr\/le-coin-de-la-communaute-avec-john-fisher\/\" aria-label=\"More on Le coin de la communaut\u00e9 avec John Fisher\">Read More<\/a><\/div><\/div><\/div><div class=\"fusion-clearfix\"><\/div><\/div>\n<\/article>\n<article id=\"blog-2-post-8314\" class=\"fusion-post-grid post-8314 post type-post status-publish format-standard has-post-thumbnail hentry category-le-coin-des-communautes\">\n<div class=\"fusion-post-wrapper\" style=\"background-color:rgba(255,255,255,0);border:1px solid #119bb5;border-bottom-width:3px;\">\n\n\t\t\t<div class=\"fusion-flexslider flexslider fusion-flexslider-loading fusion-post-slideshow\" style=\"border-color:#119bb5;\">\n\t\t<ul class=\"slides\">\n\t\t\t\n\t\t\t\t\t\t\t\t\t\t\t\t\t\t<li><div  class=\"fusion-image-wrapper\" aria-haspopup=\"true\">\n\t\t\t\t\t\t\t<a href=\"https:\/\/mitocanada.org\/fr\/le-coin-des-communautes-avec-hazel-currie\/\" aria-label=\"Le coin des communaut\u00e9s avec Hazel Currie\">\n\t\t\t\t\t\t\t<img decoding=\"async\" width=\"1025\" height=\"375\" src=\"https:\/\/mitocanada.org\/wp-content\/uploads\/2023\/09\/Community-Corner-Hazel-Currie.png\" class=\"attachment-full size-full wp-post-image\" alt=\"\" srcset=\"https:\/\/mitocanada.org\/wp-content\/uploads\/2023\/09\/Community-Corner-Hazel-Currie-200x73.png 200w, https:\/\/mitocanada.org\/wp-content\/uploads\/2023\/09\/Community-Corner-Hazel-Currie-400x146.png 400w, https:\/\/mitocanada.org\/wp-content\/uploads\/2023\/09\/Community-Corner-Hazel-Currie-600x220.png 600w, https:\/\/mitocanada.org\/wp-content\/uploads\/2023\/09\/Community-Corner-Hazel-Currie-800x293.png 800w, https:\/\/mitocanada.org\/wp-content\/uploads\/2023\/09\/Community-Corner-Hazel-Currie.png 1025w\" sizes=\"(min-width: 2200px) 100vw, (min-width: 712px) 680px, (min-width: 640px) 712px, \" \/>\t\t\t<\/a>\n\t\t\t\t\t\t\t<\/div>\n<\/li>\n\t\t\t\n\t\t\t\n\t\t\t\t\t\t\t\t\t\t\t\t\t\t\t\t\t\t\t\t\t\t\t\t\t\t\t\t\t\t\t\t\t\t\t\t\t\t\t\t\t\t\t\t\t\t\t\t\t\t\t\t\t\t\t\t\t\t\t\t\t\t\t\t\t\t\t\t<\/ul>\n\t<\/div>\n\t<div class=\"fusion-post-content-wrapper\" style=\"padding:30px 25px 25px 25px;\"><div class=\"fusion-post-content post-content\"><h2 class=\"blog-shortcode-post-title entry-title\">Le coin des communaut\u00e9s avec Hazel Currie<\/h2><div class=\"fusion-content-sep sep-none\"><\/div><div class=\"fusion-post-content-container\"><p> \"Je sais que j'ai une MNGIE, mais je refuse d'\u00eatre d\u00e9finie par elle. J'ai entendu \"vous \u00eates tr\u00e8s courageuse\" [...]<\/p><\/div><\/div><div class=\"fusion-meta-info\"><div class=\"fusion-alignleft\"><a class=\"fusion-read-more\" href=\"https:\/\/mitocanada.org\/fr\/le-coin-des-communautes-avec-hazel-currie\/\" aria-label=\"More on Le coin des communaut\u00e9s avec Hazel Currie\">Read More<\/a><\/div><\/div><\/div><div class=\"fusion-clearfix\"><\/div><\/div>\n<\/article>\n<article id=\"blog-2-post-8318\" class=\"fusion-post-grid post-8318 post type-post status-publish format-standard has-post-thumbnail hentry category-le-coin-des-communautes\">\n<div class=\"fusion-post-wrapper\" style=\"background-color:rgba(255,255,255,0);border:1px solid #119bb5;border-bottom-width:3px;\">\n\n\t\t\t<div class=\"fusion-flexslider flexslider fusion-flexslider-loading fusion-post-slideshow\" style=\"border-color:#119bb5;\">\n\t\t<ul class=\"slides\">\n\t\t\t\n\t\t\t\t\t\t\t\t\t\t\t\t\t\t<li><div  class=\"fusion-image-wrapper\" aria-haspopup=\"true\">\n\t\t\t\t\t\t\t<a href=\"https:\/\/mitocanada.org\/fr\/le-coin-des-communautes-avec-keith-meldrum\/\" aria-label=\"Le coin des communaut\u00e9s avec Keith Meldrum\">\n\t\t\t\t\t\t\t<img decoding=\"async\" width=\"1025\" height=\"375\" src=\"https:\/\/mitocanada.org\/wp-content\/uploads\/2023\/07\/Community-Corner-Keith.png\" class=\"attachment-full size-full wp-post-image\" alt=\"\" srcset=\"https:\/\/mitocanada.org\/wp-content\/uploads\/2023\/07\/Community-Corner-Keith-200x73.png 200w, https:\/\/mitocanada.org\/wp-content\/uploads\/2023\/07\/Community-Corner-Keith-400x146.png 400w, https:\/\/mitocanada.org\/wp-content\/uploads\/2023\/07\/Community-Corner-Keith-600x220.png 600w, https:\/\/mitocanada.org\/wp-content\/uploads\/2023\/07\/Community-Corner-Keith-800x293.png 800w, https:\/\/mitocanada.org\/wp-content\/uploads\/2023\/07\/Community-Corner-Keith.png 1025w\" sizes=\"(min-width: 2200px) 100vw, (min-width: 712px) 680px, (min-width: 640px) 712px, \" \/>\t\t\t<\/a>\n\t\t\t\t\t\t\t<\/div>\n<\/li>\n\t\t\t\n\t\t\t\n\t\t\t\t\t\t\t\t\t\t\t\t\t\t\t\t\t\t\t\t\t\t\t\t\t\t\t\t\t\t\t\t\t\t\t\t\t\t\t\t\t\t\t\t\t\t\t\t\t\t\t\t\t\t\t\t\t\t\t\t\t\t\t\t\t\t\t\t<\/ul>\n\t<\/div>\n\t<div class=\"fusion-post-content-wrapper\" style=\"padding:30px 25px 25px 25px;\"><div class=\"fusion-post-content post-content\"><h2 class=\"blog-shortcode-post-title entry-title\">Le coin des communaut\u00e9s avec Keith Meldrum<\/h2><div class=\"fusion-content-sep sep-none\"><\/div><div class=\"fusion-post-content-container\"><p> Les maladies chroniques ne se r\u00e9sument pas \u00e0 des sympt\u00f4mes physiques Apr\u00e8s avoir re\u00e7u un diagnostic de maladie mitochondriale, [...]<\/p><\/div><\/div><div class=\"fusion-meta-info\"><div class=\"fusion-alignleft\"><a class=\"fusion-read-more\" href=\"https:\/\/mitocanada.org\/fr\/le-coin-des-communautes-avec-keith-meldrum\/\" aria-label=\"More on Le coin des communaut\u00e9s avec Keith Meldrum\">Read More<\/a><\/div><\/div><\/div><div class=\"fusion-clearfix\"><\/div><\/div>\n<\/article>\n<article id=\"blog-2-post-8321\" class=\"fusion-post-grid post-8321 post type-post status-publish format-standard has-post-thumbnail hentry category-le-coin-des-communautes\">\n<div class=\"fusion-post-wrapper\" style=\"background-color:rgba(255,255,255,0);border:1px solid #119bb5;border-bottom-width:3px;\">\n\n\t\t\t<div class=\"fusion-flexslider flexslider fusion-flexslider-loading fusion-post-slideshow\" style=\"border-color:#119bb5;\">\n\t\t<ul class=\"slides\">\n\t\t\t\n\t\t\t\t\t\t\t\t\t\t\t\t\t\t<li><div  class=\"fusion-image-wrapper\" aria-haspopup=\"true\">\n\t\t\t\t\t\t\t<a href=\"https:\/\/mitocanada.org\/fr\/le-coin-des-communautes-avec-alyson-maxwell\/\" aria-label=\"Le coin des communaut\u00e9s avec Alyson Maxwell\">\n\t\t\t\t\t\t\t<img decoding=\"async\" width=\"1025\" height=\"375\" src=\"https:\/\/mitocanada.org\/wp-content\/uploads\/2023\/07\/Community-Corner-Alyson.png\" class=\"attachment-full size-full wp-post-image\" alt=\"\" srcset=\"https:\/\/mitocanada.org\/wp-content\/uploads\/2023\/07\/Community-Corner-Alyson-200x73.png 200w, https:\/\/mitocanada.org\/wp-content\/uploads\/2023\/07\/Community-Corner-Alyson-400x146.png 400w, https:\/\/mitocanada.org\/wp-content\/uploads\/2023\/07\/Community-Corner-Alyson-600x220.png 600w, https:\/\/mitocanada.org\/wp-content\/uploads\/2023\/07\/Community-Corner-Alyson-800x293.png 800w, https:\/\/mitocanada.org\/wp-content\/uploads\/2023\/07\/Community-Corner-Alyson.png 1025w\" sizes=\"(min-width: 2200px) 100vw, (min-width: 712px) 680px, (min-width: 640px) 712px, \" \/>\t\t\t<\/a>\n\t\t\t\t\t\t\t<\/div>\n<\/li>\n\t\t\t\n\t\t\t\n\t\t\t\t\t\t\t\t\t\t\t\t\t\t\t\t\t\t\t\t\t\t\t\t\t\t\t\t\t\t\t\t\t\t\t\t\t\t\t\t\t\t\t\t\t\t\t\t\t\t\t\t\t\t\t\t\t\t\t\t\t\t\t\t\t\t\t\t<\/ul>\n\t<\/div>\n\t<div class=\"fusion-post-content-wrapper\" style=\"padding:30px 25px 25px 25px;\"><div class=\"fusion-post-content post-content\"><h2 class=\"blog-shortcode-post-title entry-title\">Le coin des communaut\u00e9s avec Alyson Maxwell<\/h2><div class=\"fusion-content-sep sep-none\"><\/div><div class=\"fusion-post-content-container\"><p> S'adapter et prosp\u00e9rer Le diagnostic de la maladie mitochondriale, bien qu'il ait probablement apport\u00e9 les r\u00e9ponses n\u00e9cessaires, est accablant. [...]<\/p><\/div><\/div><div class=\"fusion-meta-info\"><div class=\"fusion-alignleft\"><a class=\"fusion-read-more\" href=\"https:\/\/mitocanada.org\/fr\/le-coin-des-communautes-avec-alyson-maxwell\/\" aria-label=\"More on Le coin des communaut\u00e9s avec Alyson Maxwell\">Read More<\/a><\/div><\/div><\/div><div class=\"fusion-clearfix\"><\/div><\/div>\n<\/article>\n<div class=\"fusion-clearfix\"><\/div><\/div><\/div><div class=\"fusion-separator fusion-full-width-sep\" style=\"align-self: center;margin-left: auto;margin-right: auto;margin-top:25px;margin-bottom:25px;width:100%;\"><div class=\"fusion-separator-border sep-single sep-solid\" style=\"--awb-height:20px;--awb-amount:20px;border-color:var(--awb-color3);border-top-width:1px;\"><\/div><\/div><\/div><\/div><\/div><\/div><\/p>\n","protected":false},"excerpt":{"rendered":"","protected":false},"author":2,"featured_media":0,"parent":8217,"menu_order":88,"comment_status":"closed","ping_status":"closed","template":"","meta":{"om_disable_all_campaigns":false,"_monsterinsights_skip_tracking":false,"_monsterinsights_sitenote_active":false,"_monsterinsights_sitenote_note":"","_monsterinsights_sitenote_category":0,"_uf_show_specific_survey":0,"_uf_disable_surveys":false,"footnotes":""},"class_list":["post-8229","page","type-page","status-publish","hentry"],"aioseo_notices":[],"_links":{"self":[{"href":"https:\/\/mitocanada.org\/fr\/wp-json\/wp\/v2\/pages\/8229","targetHints":{"allow":["GET"]}}],"collection":[{"href":"https:\/\/mitocanada.org\/fr\/wp-json\/wp\/v2\/pages"}],"about":[{"href":"https:\/\/mitocanada.org\/fr\/wp-json\/wp\/v2\/types\/page"}],"author":[{"embeddable":true,"href":"https:\/\/mitocanada.org\/fr\/wp-json\/wp\/v2\/users\/2"}],"replies":[{"embeddable":true,"href":"https:\/\/mitocanada.org\/fr\/wp-json\/wp\/v2\/comments?post=8229"}],"version-history":[{"count":2,"href":"https:\/\/mitocanada.org\/fr\/wp-json\/wp\/v2\/pages\/8229\/revisions"}],"predecessor-version":[{"id":8231,"href":"https:\/\/mitocanada.org\/fr\/wp-json\/wp\/v2\/pages\/8229\/revisions\/8231"}],"up":[{"embeddable":true,"href":"https:\/\/mitocanada.org\/fr\/wp-json\/wp\/v2\/pages\/8217"}],"wp:attachment":[{"href":"https:\/\/mitocanada.org\/fr\/wp-json\/wp\/v2\/media?parent=8229"}],"curies":[{"name":"wp","href":"https:\/\/api.w.org\/{rel}","templated":true}]}}