{"id":8214,"date":"2024-04-25T17:01:02","date_gmt":"2024-04-25T21:01:02","guid":{"rendered":"https:\/\/mitocanada.org\/acces2\/"},"modified":"2025-05-19T12:46:52","modified_gmt":"2025-05-19T16:46:52","slug":"acces2","status":"publish","type":"page","link":"https:\/\/mitocanada.org\/fr\/acces2\/","title":{"rendered":"Acc\u00e8s2"},"content":{"rendered":"<div class=\"fusion-fullwidth fullwidth-box fusion-builder-row-1 fusion-flex-container nonhundred-percent-fullwidth non-hundred-percent-height-scrolling\" style=\"--awb-border-radius-top-left:0px;--awb-border-radius-top-right:0px;--awb-border-radius-bottom-right:0px;--awb-border-radius-bottom-left:0px;--awb-flex-wrap:wrap;\" ><div class=\"fusion-builder-row fusion-row fusion-flex-align-items-flex-start fusion-flex-content-wrap\" style=\"max-width:1456px;margin-left: calc(-4% \/ 2 );margin-right: calc(-4% \/ 2 );\"><div class=\"fusion-layout-column fusion_builder_column fusion-builder-column-0 fusion_builder_column_1_1 1_1 fusion-flex-column\" style=\"--awb-bg-size:cover;--awb-width-large:100%;--awb-margin-top-large:0px;--awb-spacing-right-large:1.92%;--awb-margin-bottom-large:0px;--awb-spacing-left-large:1.92%;--awb-width-medium:100%;--awb-spacing-right-medium:1.92%;--awb-spacing-left-medium:1.92%;--awb-width-small:100%;--awb-spacing-right-small:1.92%;--awb-spacing-left-small:1.92%;\"><div class=\"fusion-column-wrapper fusion-flex-justify-content-flex-start fusion-content-layout-column\"><div class=\"fusion-text fusion-text-1\" style=\"--awb-text-transform:none;\"><h2>Le programme Access2<\/h2>\n<p>La carte Access 2 est un programme des Timbres de P\u00e2ques con\u00e7u pour am\u00e9liorer l&rsquo;accessibilit\u00e9 et la disponibilit\u00e9 des lieux de divertissement, de culture et de loisirs pour les Canadiens. Actuellement, plus de 100 000 d\u00e9tenteurs de cartes canadiens vivant avec un handicap permanent<img decoding=\"async\" class=\"alignright\" src=\"\" alt=\"Logo d'Access2\" width=\"319\" height=\"149\">ilities b\u00e9n\u00e9ficient de cette initiative, qui leur permet d&rsquo;acc\u00e9der plus facilement \u00e0 plus de 500 lieux participants dans tout le pays. <\/p>\n<p>La carte Acc\u00e8s 2 permet aux personnes ayant un handicap permanent de se rendre plus facilement sur les sites, de communiquer leurs besoins et d&rsquo;\u00eatre accompagn\u00e9es d&rsquo;une personne de confiance. Le programme s&rsquo;engage \u00e0 favoriser l&rsquo;inclusion des personnes handicap\u00e9es sur ces sites et \u00e0 leur offrir la possibilit\u00e9 d&rsquo;explorer une gamme vari\u00e9e de sites uniques \u00e0 travers le Canada. <\/p>\n<\/div><div class=\"fusion-separator fusion-full-width-sep\" style=\"align-self: center;margin-left: auto;margin-right: auto;margin-top:15px;margin-bottom:15px;width:100%;\"><\/div><div class=\"accordian fusion-accordian\" style=\"--awb-border-size:1px;--awb-icon-size:16px;--awb-content-font-size:var(--awb-typography4-font-size);--awb-icon-alignment:left;--awb-hover-color:var(--awb-color2);--awb-border-color:var(--awb-color3);--awb-background-color:var(--awb-color1);--awb-divider-color:var(--awb-color3);--awb-divider-hover-color:var(--awb-color3);--awb-icon-color:#ffffff;--awb-title-color:#000000;--awb-content-color:#000000;--awb-icon-box-color:#119bb5;--awb-toggle-hover-accent-color:#119bb5;--awb-title-font-family:var(--awb-typography1-font-family);--awb-title-font-weight:var(--awb-typography1-font-weight);--awb-title-font-style:var(--awb-typography1-font-style);--awb-title-font-size:20px;--awb-title-letter-spacing:-0.015em;--awb-title-line-height:1.2;--awb-content-font-family:&quot;Montserrat&quot;;--awb-content-font-style:normal;--awb-content-font-weight:400;\"><div class=\"panel-group fusion-toggle-icon-boxed\" id=\"accordion-8214-1\"><div class=\"fusion-panel panel-default panel-ebf7e00f48da7a779 fusion-toggle-has-divider\" style=\"--awb-title-color:#000000;\"><div class=\"panel-heading\"><h4 class=\"panel-title toggle\" id=\"toggle_ebf7e00f48da7a779\"><a aria-expanded=\"false\" aria-controls=\"ebf7e00f48da7a779\" role=\"button\" data-toggle=\"collapse\" data-parent=\"#accordion-8214-1\" data-target=\"#ebf7e00f48da7a779\" href=\"#ebf7e00f48da7a779\"><span class=\"fusion-toggle-icon-wrapper\" aria-hidden=\"true\"><i class=\"fa-fusion-box active-icon awb-icon-minus\" aria-hidden=\"true\"><\/i><i class=\"fa-fusion-box inactive-icon awb-icon-plus\" aria-hidden=\"true\"><\/i><\/span><span class=\"fusion-toggle-heading\">\u00c9ligibilit\u00e9 au programme<\/span><\/a><\/h4><\/div><div id=\"ebf7e00f48da7a779\" class=\"panel-collapse collapse \" aria-labelledby=\"toggle_ebf7e00f48da7a779\"><div class=\"panel-body toggle-content fusion-clearfix\">\n<ol>\n<li>La carte Acc\u00e8s 2 est accessible \u00e0 toute personne, quel que soit son \u00e2ge ou son type de handicap permanent, qui a besoin de l&rsquo;aide d&rsquo;une personne de confiance dans l&rsquo;un des sites participants.<\/li>\n<li>Les demandeurs vivent avec un handicap permanent, d\u00e9fini comme \u00ab\u00a0toute d\u00e9ficience li\u00e9e \u00e0 une limitation physique, mentale, intellectuelle, cognitive, d&rsquo;apprentissage, de communication, sensorielle ou fonctionnelle qui restreint la capacit\u00e9 d&rsquo;une personne \u00e0 fr\u00e9quenter les lieux de r\u00e9union sans assistance suppl\u00e9mentaire\u00a0\u00bb. En outre, le handicap reste pr\u00e9sent chez le demandeur jusqu&rsquo;\u00e0 la fin de sa vie. <\/li>\n<li>Les demandeurs sont des personnes atteintes d&rsquo;un handicap permanent qui ont besoin de l&rsquo;aide d&rsquo;une personne de confiance. La personne de confiance doit \u00eatre \u00e2g\u00e9e de 18 ans ou plus et peut avoir ou non un lien de parent\u00e9 avec le demandeur. \u00c0 moins que le lieu ne l&rsquo;exige, la personne de confiance n&rsquo;a pas besoin d&rsquo;\u00eatre un auxiliaire de vie agr\u00e9\u00e9 (tel qu&rsquo;un assistant de service social).  <\/li>\n<\/ol>\n<\/div><\/div><\/div><\/div><\/div><div class=\"accordian fusion-accordian\" style=\"--awb-border-size:1px;--awb-icon-size:16px;--awb-content-font-size:var(--awb-typography4-font-size);--awb-icon-alignment:left;--awb-hover-color:var(--awb-color2);--awb-border-color:var(--awb-color3);--awb-background-color:var(--awb-color1);--awb-divider-color:var(--awb-color3);--awb-divider-hover-color:var(--awb-color3);--awb-icon-color:#ffffff;--awb-title-color:#000000;--awb-content-color:#000000;--awb-icon-box-color:#119bb5;--awb-toggle-hover-accent-color:#119bb5;--awb-title-font-family:var(--awb-typography1-font-family);--awb-title-font-weight:var(--awb-typography1-font-weight);--awb-title-font-style:var(--awb-typography1-font-style);--awb-title-font-size:20px;--awb-title-letter-spacing:-0.015em;--awb-title-line-height:1.2;--awb-content-font-family:&quot;Montserrat&quot;;--awb-content-font-style:normal;--awb-content-font-weight:400;\"><div class=\"panel-group fusion-toggle-icon-boxed\" id=\"accordion-8214-2\"><div class=\"fusion-panel panel-default panel-9a4288e79384e1dd7 fusion-toggle-has-divider\" style=\"--awb-title-color:#000000;\"><div class=\"panel-heading\"><h4 class=\"panel-title toggle\" id=\"toggle_9a4288e79384e1dd7\"><a aria-expanded=\"false\" aria-controls=\"9a4288e79384e1dd7\" role=\"button\" data-toggle=\"collapse\" data-parent=\"#accordion-8214-2\" data-target=\"#9a4288e79384e1dd7\" href=\"#9a4288e79384e1dd7\"><span class=\"fusion-toggle-icon-wrapper\" aria-hidden=\"true\"><i class=\"fa-fusion-box active-icon awb-icon-minus\" aria-hidden=\"true\"><\/i><i class=\"fa-fusion-box inactive-icon awb-icon-plus\" aria-hidden=\"true\"><\/i><\/span><span class=\"fusion-toggle-heading\">Comment postuler<\/span><\/a><\/h4><\/div><div id=\"9a4288e79384e1dd7\" class=\"panel-collapse collapse \" aria-labelledby=\"toggle_9a4288e79384e1dd7\"><div class=\"panel-body toggle-content fusion-clearfix\">\n<p>La carte Access 2 co\u00fbte 20 dollars pour une carte de 3 ans ou 30 dollars pour une carte de 5 ans. Elle est valable dans les \u00e9tablissements participants et peut \u00eatre renouvel\u00e9e apr\u00e8s son expiration. <\/p>\n<p>Pour devenir membre, il faut remplir une demande d&rsquo;adh\u00e9sion avec des informations personnelles, des informations de paiement ainsi qu&rsquo;une autorisation sign\u00e9e par un professionnel de la sant\u00e9.<\/p>\n<p>Pour demander une carte Access 2, consultez le site <a href=\"https:\/\/access2card.ca\/apply-first-time\/\" target=\"_blank\" rel=\"noopener\">: https:\/\/access2card.ca\/apply-first-time\/<\/a><\/p>\n<p>Pour plus d&rsquo;informations sur les candidatures et les conditions g\u00e9n\u00e9rales, consultez les sites <a href=\"https:\/\/access2card.ca\/eligibility\/\" target=\"_blank\" rel=\"noopener\">https:\/\/access2card.ca\/eligibility\/<\/a> et\/ou <a href=\"https:\/\/access2card.ca\/terms-conditions\/\" target=\"_blank\" rel=\"noopener\">https:\/\/access2card.ca\/terms-conditions\/<\/a>.<\/p>\n<\/div><\/div><\/div><\/div><\/div><div class=\"accordian fusion-accordian\" style=\"--awb-border-size:1px;--awb-icon-size:16px;--awb-content-font-size:var(--awb-typography4-font-size);--awb-icon-alignment:left;--awb-hover-color:var(--awb-color2);--awb-border-color:var(--awb-color3);--awb-background-color:var(--awb-color1);--awb-divider-color:var(--awb-color3);--awb-divider-hover-color:var(--awb-color3);--awb-icon-color:#ffffff;--awb-title-color:#000000;--awb-content-color:#000000;--awb-icon-box-color:#119bb5;--awb-toggle-hover-accent-color:#119bb5;--awb-title-font-family:var(--awb-typography1-font-family);--awb-title-font-weight:var(--awb-typography1-font-weight);--awb-title-font-style:var(--awb-typography1-font-style);--awb-title-font-size:20px;--awb-title-letter-spacing:-0.015em;--awb-title-line-height:1.2;--awb-content-font-family:&quot;Montserrat&quot;;--awb-content-font-style:normal;--awb-content-font-weight:400;\"><div class=\"panel-group fusion-toggle-icon-boxed\" id=\"accordion-8214-3\"><div class=\"fusion-panel panel-default panel-96a450cf3a64e7cb2 fusion-toggle-has-divider\" style=\"--awb-title-color:#000000;\"><div class=\"panel-heading\"><h4 class=\"panel-title toggle\" id=\"toggle_96a450cf3a64e7cb2\"><a aria-expanded=\"false\" aria-controls=\"96a450cf3a64e7cb2\" role=\"button\" data-toggle=\"collapse\" data-parent=\"#accordion-8214-3\" data-target=\"#96a450cf3a64e7cb2\" href=\"#96a450cf3a64e7cb2\"><span class=\"fusion-toggle-icon-wrapper\" aria-hidden=\"true\"><i class=\"fa-fusion-box active-icon awb-icon-minus\" aria-hidden=\"true\"><\/i><i class=\"fa-fusion-box inactive-icon awb-icon-plus\" aria-hidden=\"true\"><\/i><\/span><span class=\"fusion-toggle-heading\">Lieux de r\u00e9union<\/span><\/a><\/h4><\/div><div id=\"96a450cf3a64e7cb2\" class=\"panel-collapse collapse \" aria-labelledby=\"toggle_96a450cf3a64e7cb2\"><div class=\"panel-body toggle-content fusion-clearfix\">\n<p>La carte Acc\u00e8s 2 permet \u00e0 ses d\u00e9tenteurs d&rsquo;acc\u00e9der \u00e0 des centaines de lieux de divertissement, de culture et de loisirs \u00e0 travers le Canada, tels que les cin\u00e9mas Cineplex et les mus\u00e9es provinciaux. Pour obtenir la liste compl\u00e8te des \u00e9tablissements participants dans votre province, visitez le site <a href=\"https:\/\/access2card.ca\/participating-venues\/\" target=\"_blank\" rel=\"noopener\">: https:\/\/access2card.ca\/participating-venues\/<\/a> <\/p>\n<p>Lorsque les titulaires de la carte Acc\u00e8s 2 se rendent dans l&rsquo;un des sites participants, ils doivent d&rsquo;abord pr\u00e9senter leur carte Acc\u00e8s 2 \u00e0 un employ\u00e9. En r\u00e8gle g\u00e9n\u00e9rale, le titulaire de la carte paie le prix d&rsquo;entr\u00e9e normal et re\u00e7oit une entr\u00e9e gratuite ou \u00e0 prix r\u00e9duit (selon le lieu) pour la personne qui l&rsquo;accompagne. <\/p>\n<p>Pour en savoir plus sur la carte Access 2, consultez le site <a href=\"https:\/\/access2card.ca\/\" target=\"_blank\" rel=\"noopener\">: https:\/\/access2card.ca\/<\/a><\/p>\n<p>Pour obtenir des informations de contact, visitez le site <a href=\"https:\/\/access2card.ca\/contact-us\/\" target=\"_blank\" rel=\"noopener\">: https:\/\/access2card.ca\/contact-us\/<\/a><\/p>\n<\/div><\/div><\/div><\/div><\/div><div class=\"fusion-separator fusion-full-width-sep\" style=\"align-self: center;margin-left: auto;margin-right: auto;margin-top:15px;margin-bottom:15px;width:100%;\"><\/div><div style=\"text-align:left;\"><a class=\"fusion-button button-flat fusion-button-default-size button-default fusion-button-default button-1 fusion-button-default-span fusion-button-default-type\" target=\"_blank\" rel=\"noopener noreferrer\" href=\"https:\/\/access2card.ca\/&lt;br \/&gt;\n \"><span class=\"fusion-button-text\">POUR PLUS D&rsquo;INFORMATIONS<\/span><\/a><\/div><\/div><\/div><\/div><\/div>\n","protected":false},"excerpt":{"rendered":"","protected":false},"author":3,"featured_media":0,"parent":0,"menu_order":23,"comment_status":"closed","ping_status":"closed","template":"","meta":{"om_disable_all_campaigns":false,"_monsterinsights_skip_tracking":false,"_monsterinsights_sitenote_active":false,"_monsterinsights_sitenote_note":"","_monsterinsights_sitenote_category":0,"_uf_show_specific_survey":0,"_uf_disable_surveys":false,"footnotes":""},"class_list":["post-8214","page","type-page","status-publish","hentry"],"aioseo_notices":[],"_links":{"self":[{"href":"https:\/\/mitocanada.org\/fr\/wp-json\/wp\/v2\/pages\/8214","targetHints":{"allow":["GET"]}}],"collection":[{"href":"https:\/\/mitocanada.org\/fr\/wp-json\/wp\/v2\/pages"}],"about":[{"href":"https:\/\/mitocanada.org\/fr\/wp-json\/wp\/v2\/types\/page"}],"author":[{"embeddable":true,"href":"https:\/\/mitocanada.org\/fr\/wp-json\/wp\/v2\/users\/3"}],"replies":[{"embeddable":true,"href":"https:\/\/mitocanada.org\/fr\/wp-json\/wp\/v2\/comments?post=8214"}],"version-history":[{"count":4,"href":"https:\/\/mitocanada.org\/fr\/wp-json\/wp\/v2\/pages\/8214\/revisions"}],"predecessor-version":[{"id":11230,"href":"https:\/\/mitocanada.org\/fr\/wp-json\/wp\/v2\/pages\/8214\/revisions\/11230"}],"wp:attachment":[{"href":"https:\/\/mitocanada.org\/fr\/wp-json\/wp\/v2\/media?parent=8214"}],"curies":[{"name":"wp","href":"https:\/\/api.w.org\/{rel}","templated":true}]}}