{"id":8203,"date":"2024-08-15T10:03:13","date_gmt":"2024-08-15T14:03:13","guid":{"rendered":"https:\/\/mitocanada.org\/a-propos-de-nous\/conseil-consultatif-du-president\/"},"modified":"2026-01-11T12:29:04","modified_gmt":"2026-01-11T17:29:04","slug":"conseil-consultatif-du-president","status":"publish","type":"page","link":"https:\/\/mitocanada.org\/fr\/a-propos-de-nous\/conseil-consultatif-du-president\/","title":{"rendered":"Conseil consultatif du pr\u00e9sident"},"content":{"rendered":"<div class=\"fusion-fullwidth fullwidth-box fusion-builder-row-1 fusion-flex-container nonhundred-percent-fullwidth non-hundred-percent-height-scrolling\" style=\"--awb-border-radius-top-left:0px;--awb-border-radius-top-right:0px;--awb-border-radius-bottom-right:0px;--awb-border-radius-bottom-left:0px;--awb-flex-wrap:wrap;\" ><div class=\"fusion-builder-row fusion-row fusion-flex-align-items-flex-start fusion-flex-content-wrap\" style=\"max-width:1456px;margin-left: calc(-4% \/ 2 );margin-right: calc(-4% \/ 2 );\"><div class=\"fusion-layout-column fusion_builder_column fusion-builder-column-0 fusion_builder_column_1_1 1_1 fusion-flex-column\" style=\"--awb-bg-size:cover;--awb-width-large:100%;--awb-margin-top-large:0px;--awb-spacing-right-large:1.92%;--awb-margin-bottom-large:20px;--awb-spacing-left-large:1.92%;--awb-width-medium:100%;--awb-order-medium:0;--awb-spacing-right-medium:1.92%;--awb-spacing-left-medium:1.92%;--awb-width-small:100%;--awb-order-small:0;--awb-spacing-right-small:1.92%;--awb-spacing-left-small:1.92%;\"><div class=\"fusion-column-wrapper fusion-column-has-shadow fusion-flex-justify-content-flex-start fusion-content-layout-column\"><div class=\"fusion-text fusion-text-1\"><p style=\"text-align: left;\">Le <strong data-start=\"99\" data-end=\"137\">Conseil consultatif du pr\u00e9sident (CCP)<\/strong> est un groupe d\u00e9vou\u00e9 d&rsquo;anciens membres du conseil d&rsquo;administration de MitoCanada qui fournissent des conseils strat\u00e9giques et du mentorat au pr\u00e9sident. Se r\u00e9unissant \u00e0 la demande du pr\u00e9sident, le CCP offre des connaissances historiques, un soutien et des points de vue sur des questions cl\u00e9s ayant un impact sur l&rsquo;organisation. Ce conseil joue un r\u00f4le essentiel en assurant la continuit\u00e9, en tirant parti de l&rsquo;exp\u00e9rience des dirigeants ant\u00e9rieurs pour renforcer la mission de MitoCanada, tout en fonctionnant dans le cadre des r\u00e8glements de l&rsquo;organisation et des politiques du conseil d&rsquo;administration.<\/p>\n<\/div><\/div><\/div><div class=\"fusion-layout-column fusion_builder_column fusion-builder-column-1 fusion_builder_column_1_4 1_4 fusion-flex-column\" style=\"--awb-overflow:hidden;--awb-bg-size:cover;--awb-border-radius:14px 14px 14px 14px;--awb-width-large:25%;--awb-margin-top-large:0px;--awb-spacing-right-large:2.56%;--awb-margin-bottom-large:0px;--awb-spacing-left-large:7.68%;--awb-width-medium:25%;--awb-order-medium:0;--awb-spacing-right-medium:2.56%;--awb-spacing-left-medium:7.68%;--awb-width-small:100%;--awb-order-small:0;--awb-spacing-right-small:1.92%;--awb-spacing-left-small:1.92%;\" data-motion-effects=\"[{&quot;type&quot;:&quot;&quot;,&quot;scroll_type&quot;:&quot;transition&quot;,&quot;scroll_direction&quot;:&quot;up&quot;,&quot;transition_speed&quot;:&quot;1&quot;,&quot;fade_type&quot;:&quot;in&quot;,&quot;scale_type&quot;:&quot;up&quot;,&quot;initial_scale&quot;:&quot;1&quot;,&quot;max_scale&quot;:&quot;1.5&quot;,&quot;min_scale&quot;:&quot;0.5&quot;,&quot;initial_rotate&quot;:&quot;0&quot;,&quot;end_rotate&quot;:&quot;30&quot;,&quot;initial_blur&quot;:&quot;0&quot;,&quot;end_blur&quot;:&quot;3&quot;,&quot;start_element&quot;:&quot;top&quot;,&quot;start_viewport&quot;:&quot;bottom&quot;,&quot;end_element&quot;:&quot;bottom&quot;,&quot;end_viewport&quot;:&quot;top&quot;,&quot;mouse_effect&quot;:&quot;track&quot;,&quot;mouse_effect_direction&quot;:&quot;opposite&quot;,&quot;mouse_effect_speed&quot;:&quot;2&quot;,&quot;infinite_animation&quot;:&quot;float&quot;,&quot;infinite_animation_speed&quot;:&quot;2&quot;}]\" data-scroll-devices=\"small-visibility,medium-visibility,large-visibility\"><div class=\"fusion-column-wrapper fusion-column-has-shadow fusion-flex-justify-content-flex-start fusion-content-layout-column\"><div class=\"fusion-image-element \" style=\"--awb-caption-title-font-family:var(--h2_typography-font-family);--awb-caption-title-font-weight:var(--h2_typography-font-weight);--awb-caption-title-font-style:var(--h2_typography-font-style);--awb-caption-title-size:var(--h2_typography-font-size);--awb-caption-title-transform:var(--h2_typography-text-transform);--awb-caption-title-line-height:var(--h2_typography-line-height);--awb-caption-title-letter-spacing:var(--h2_typography-letter-spacing);\"><span class=\" fusion-imageframe imageframe-none imageframe-1 hover-type-none\"><img decoding=\"async\" width=\"1080\" height=\"1080\" alt=\"Portrait de Blaine Penny\" title=\"Blaine Penny\" src=\"https:\/\/mitocanada.org\/wp-content\/uploads\/2025\/02\/Blaine-Penny.png\" class=\"img-responsive wp-image-9584\" srcset=\"https:\/\/mitocanada.org\/wp-content\/uploads\/2025\/02\/Blaine-Penny-200x200.png 200w, https:\/\/mitocanada.org\/wp-content\/uploads\/2025\/02\/Blaine-Penny-400x400.png 400w, https:\/\/mitocanada.org\/wp-content\/uploads\/2025\/02\/Blaine-Penny-600x600.png 600w, https:\/\/mitocanada.org\/wp-content\/uploads\/2025\/02\/Blaine-Penny-800x800.png 800w, https:\/\/mitocanada.org\/wp-content\/uploads\/2025\/02\/Blaine-Penny.png 1080w\" sizes=\"(max-width: 640px) 100vw, 400px\" \/><\/span><\/div><div class=\"fusion-separator fusion-full-width-sep\" style=\"align-self: center;margin-left: auto;margin-right: auto;margin-top:10px;width:100%;\"><\/div><\/div><\/div><div class=\"fusion-layout-column fusion_builder_column fusion-builder-column-2 fusion_builder_column_3_4 3_4 fusion-flex-column\" style=\"--awb-bg-size:cover;--awb-width-large:75%;--awb-margin-top-large:0px;--awb-spacing-right-large:2.56%;--awb-margin-bottom-large:0px;--awb-spacing-left-large:4.2666666666667%;--awb-width-medium:75%;--awb-spacing-right-medium:2.56%;--awb-spacing-left-medium:4.2666666666667%;--awb-width-small:100%;--awb-spacing-right-small:1.92%;--awb-spacing-left-small:1.92%;\"><div class=\"fusion-column-wrapper fusion-flex-justify-content-flex-start fusion-content-layout-column\"><div class=\"fusion-text fusion-text-2\"><h3 style=\"margin-top: 0px;\">Blaine Penny, cofondateur et conseiller<\/h3>\n<p>L&rsquo;engagement de Blaine envers MitoCanada est l\u00e9gendaire. Cofondateur de MitoCanada, il a pr\u00e9sid\u00e9 le conseil d&rsquo;administration de 2009 \u00e0 2015, a \u00e9t\u00e9 pr\u00e9sident et chef de la direction de 2018 \u00e0 2020 et a si\u00e9g\u00e9 au conseil d&rsquo;administration de 2020 \u00e0 2024. En 2008, Evan, le fils de Blaine, a subi une l\u00e9sion c\u00e9r\u00e9brale inexpliqu\u00e9e et est pass\u00e9 d&rsquo;un gar\u00e7on de 4 ans typique et en bonne sant\u00e9 \u00e0 un quadripl\u00e9gique spastique qui ne parle pas et qui est nourri par sonde en raison d&rsquo;une maladie mitochondriale. Blaine a consacr\u00e9 des milliers d&rsquo;heures \u00e0 la sensibilisation et \u00e0 la collecte de fonds pour la recherche sur les maladies mitochondriales et \u00e0 la cr\u00e9ation d&rsquo;une communaut\u00e9 Mito reliant les patients, les scientifiques, les cliniciens et l&rsquo;industrie.   <\/p>\n<p>En dehors de MitoCanada, Blaine a pass\u00e9 plus d&rsquo;une d\u00e9cennie \u00e0 occuper divers postes de direction dans les secteurs de la sant\u00e9, de la technologie et de l&rsquo;ing\u00e9nierie. Blaine est le PDG de Lumiio, une entreprise mondiale de sant\u00e9 num\u00e9rique qui acc\u00e9l\u00e8re les r\u00e9sultats en mati\u00e8re de sant\u00e9 gr\u00e2ce aux donn\u00e9es et \u00e0 la technologie.<\/p>\n<\/div><\/div><\/div><div class=\"fusion-layout-column fusion_builder_column fusion-builder-column-3 fusion_builder_column_1_1 1_1 fusion-flex-column\" style=\"--awb-bg-size:cover;--awb-width-large:100%;--awb-margin-top-large:0px;--awb-spacing-right-large:1.92%;--awb-margin-bottom-large:20px;--awb-spacing-left-large:1.92%;--awb-width-medium:100%;--awb-order-medium:0;--awb-spacing-right-medium:1.92%;--awb-spacing-left-medium:1.92%;--awb-width-small:100%;--awb-order-small:0;--awb-spacing-right-small:1.92%;--awb-spacing-left-small:1.92%;\"><div class=\"fusion-column-wrapper fusion-column-has-shadow fusion-flex-justify-content-flex-start fusion-content-layout-column\"><div class=\"fusion-separator fusion-full-width-sep\" style=\"align-self: center;margin-left: auto;margin-right: auto;margin-top:25px;margin-bottom:25px;width:100%;\"><div class=\"fusion-separator-border sep-single sep-solid\" style=\"--awb-height:20px;--awb-amount:20px;border-color:var(--awb-color3);border-top-width:1px;\"><\/div><\/div><\/div><\/div><div class=\"fusion-layout-column fusion_builder_column fusion-builder-column-4 fusion_builder_column_1_4 1_4 fusion-flex-column\" style=\"--awb-overflow:hidden;--awb-bg-size:cover;--awb-border-radius:14px 14px 14px 14px;--awb-width-large:25%;--awb-margin-top-large:0px;--awb-spacing-right-large:2.56%;--awb-margin-bottom-large:0px;--awb-spacing-left-large:7.68%;--awb-width-medium:25%;--awb-order-medium:0;--awb-spacing-right-medium:2.56%;--awb-spacing-left-medium:7.68%;--awb-width-small:100%;--awb-order-small:0;--awb-spacing-right-small:1.92%;--awb-spacing-left-small:1.92%;\" data-motion-effects=\"[{&quot;type&quot;:&quot;&quot;,&quot;scroll_type&quot;:&quot;transition&quot;,&quot;scroll_direction&quot;:&quot;up&quot;,&quot;transition_speed&quot;:&quot;1&quot;,&quot;fade_type&quot;:&quot;in&quot;,&quot;scale_type&quot;:&quot;up&quot;,&quot;initial_scale&quot;:&quot;1&quot;,&quot;max_scale&quot;:&quot;1.5&quot;,&quot;min_scale&quot;:&quot;0.5&quot;,&quot;initial_rotate&quot;:&quot;0&quot;,&quot;end_rotate&quot;:&quot;30&quot;,&quot;initial_blur&quot;:&quot;0&quot;,&quot;end_blur&quot;:&quot;3&quot;,&quot;start_element&quot;:&quot;top&quot;,&quot;start_viewport&quot;:&quot;bottom&quot;,&quot;end_element&quot;:&quot;bottom&quot;,&quot;end_viewport&quot;:&quot;top&quot;,&quot;mouse_effect&quot;:&quot;track&quot;,&quot;mouse_effect_direction&quot;:&quot;opposite&quot;,&quot;mouse_effect_speed&quot;:&quot;2&quot;,&quot;infinite_animation&quot;:&quot;float&quot;,&quot;infinite_animation_speed&quot;:&quot;2&quot;}]\" data-scroll-devices=\"small-visibility,medium-visibility,large-visibility\"><div class=\"fusion-column-wrapper fusion-column-has-shadow fusion-flex-justify-content-flex-start fusion-content-layout-column\"><div class=\"fusion-image-element \" style=\"--awb-caption-title-font-family:var(--h2_typography-font-family);--awb-caption-title-font-weight:var(--h2_typography-font-weight);--awb-caption-title-font-style:var(--h2_typography-font-style);--awb-caption-title-size:var(--h2_typography-font-size);--awb-caption-title-transform:var(--h2_typography-text-transform);--awb-caption-title-line-height:var(--h2_typography-line-height);--awb-caption-title-letter-spacing:var(--h2_typography-letter-spacing);\"><span class=\" fusion-imageframe imageframe-none imageframe-2 hover-type-none\"><img decoding=\"async\" width=\"1080\" height=\"1080\" alt=\"Portrait de Steen Hendry\" title=\"Steen Hendry\" src=\"https:\/\/mitocanada.org\/wp-content\/uploads\/2025\/02\/Steen-Hendry.png\" class=\"img-responsive wp-image-9586\" srcset=\"https:\/\/mitocanada.org\/wp-content\/uploads\/2025\/02\/Steen-Hendry-200x200.png 200w, https:\/\/mitocanada.org\/wp-content\/uploads\/2025\/02\/Steen-Hendry-400x400.png 400w, https:\/\/mitocanada.org\/wp-content\/uploads\/2025\/02\/Steen-Hendry-600x600.png 600w, https:\/\/mitocanada.org\/wp-content\/uploads\/2025\/02\/Steen-Hendry-800x800.png 800w, https:\/\/mitocanada.org\/wp-content\/uploads\/2025\/02\/Steen-Hendry.png 1080w\" sizes=\"(max-width: 640px) 100vw, 400px\" \/><\/span><\/div><\/div><\/div><div class=\"fusion-layout-column fusion_builder_column fusion-builder-column-5 fusion_builder_column_3_4 3_4 fusion-flex-column\" style=\"--awb-bg-size:cover;--awb-width-large:75%;--awb-margin-top-large:0px;--awb-spacing-right-large:2.56%;--awb-margin-bottom-large:0px;--awb-spacing-left-large:4.2666666666667%;--awb-width-medium:75%;--awb-spacing-right-medium:2.56%;--awb-spacing-left-medium:4.2666666666667%;--awb-width-small:100%;--awb-spacing-right-small:1.92%;--awb-spacing-left-small:1.92%;\"><div class=\"fusion-column-wrapper fusion-flex-justify-content-flex-start fusion-content-layout-column\"><div class=\"fusion-text fusion-text-3\"><h3 style=\"margin-top: 0px;\">Steen Hendry, Conseiller<\/h3>\n<div>\n<p>Steen est dipl\u00f4m\u00e9 de l&rsquo;Universit\u00e9 de Lethbridge en 2010, avec une licence en gestion, sp\u00e9cialis\u00e9e en finance. Au cours de ses dix ann\u00e9es pass\u00e9es chez Enbridge, Steen a occup\u00e9 divers postes dans les domaines du commerce, du d\u00e9veloppement des affaires, des op\u00e9rations et de la finance. Il est actuellement directeur des finances pour l&rsquo;Europe chez Enbridge.  <\/p>\n<p>En dehors de son travail, Steen se consacre au soutien des autres. Il a rejoint le conseil d&rsquo;administration de MitoCanada en 2022. Au cours de son mandat, Steen a \u00e9t\u00e9 tr\u00e9sorier du conseil et membre du comit\u00e9 de d\u00e9veloppement de MitoCanada. Steen est \u00e9galement mentor pour la Scholars Academy de l&rsquo;Universit\u00e9 de Calgary et ambassadeur du club de course We Run the World.   <\/p>\n<\/div>\n<\/div><\/div><\/div><div class=\"fusion-layout-column fusion_builder_column fusion-builder-column-6 fusion_builder_column_1_1 1_1 fusion-flex-column\" style=\"--awb-bg-size:cover;--awb-width-large:100%;--awb-margin-top-large:0px;--awb-spacing-right-large:1.92%;--awb-margin-bottom-large:20px;--awb-spacing-left-large:1.92%;--awb-width-medium:100%;--awb-order-medium:0;--awb-spacing-right-medium:1.92%;--awb-spacing-left-medium:1.92%;--awb-width-small:100%;--awb-order-small:0;--awb-spacing-right-small:1.92%;--awb-spacing-left-small:1.92%;\"><div class=\"fusion-column-wrapper fusion-column-has-shadow fusion-flex-justify-content-flex-start fusion-content-layout-column\"><div class=\"fusion-separator fusion-full-width-sep\" style=\"align-self: center;margin-left: auto;margin-right: auto;margin-top:25px;margin-bottom:25px;width:100%;\"><div class=\"fusion-separator-border sep-single sep-solid\" style=\"--awb-height:20px;--awb-amount:20px;border-color:var(--awb-color3);border-top-width:1px;\"><\/div><\/div><\/div><\/div><div class=\"fusion-layout-column fusion_builder_column fusion-builder-column-7 fusion_builder_column_1_4 1_4 fusion-flex-column\" style=\"--awb-overflow:hidden;--awb-bg-size:cover;--awb-border-radius:14px 14px 14px 14px;--awb-width-large:25%;--awb-margin-top-large:0px;--awb-spacing-right-large:2.56%;--awb-margin-bottom-large:0px;--awb-spacing-left-large:7.68%;--awb-width-medium:25%;--awb-order-medium:0;--awb-spacing-right-medium:2.56%;--awb-spacing-left-medium:7.68%;--awb-width-small:100%;--awb-order-small:0;--awb-spacing-right-small:1.92%;--awb-spacing-left-small:1.92%;\" data-motion-effects=\"[{&quot;type&quot;:&quot;&quot;,&quot;scroll_type&quot;:&quot;transition&quot;,&quot;scroll_direction&quot;:&quot;up&quot;,&quot;transition_speed&quot;:&quot;1&quot;,&quot;fade_type&quot;:&quot;in&quot;,&quot;scale_type&quot;:&quot;up&quot;,&quot;initial_scale&quot;:&quot;1&quot;,&quot;max_scale&quot;:&quot;1.5&quot;,&quot;min_scale&quot;:&quot;0.5&quot;,&quot;initial_rotate&quot;:&quot;0&quot;,&quot;end_rotate&quot;:&quot;30&quot;,&quot;initial_blur&quot;:&quot;0&quot;,&quot;end_blur&quot;:&quot;3&quot;,&quot;start_element&quot;:&quot;top&quot;,&quot;start_viewport&quot;:&quot;bottom&quot;,&quot;end_element&quot;:&quot;bottom&quot;,&quot;end_viewport&quot;:&quot;top&quot;,&quot;mouse_effect&quot;:&quot;track&quot;,&quot;mouse_effect_direction&quot;:&quot;opposite&quot;,&quot;mouse_effect_speed&quot;:&quot;2&quot;,&quot;infinite_animation&quot;:&quot;float&quot;,&quot;infinite_animation_speed&quot;:&quot;2&quot;}]\" data-scroll-devices=\"small-visibility,medium-visibility,large-visibility\"><div class=\"fusion-column-wrapper fusion-column-has-shadow fusion-flex-justify-content-flex-start fusion-content-layout-column\"><div class=\"fusion-image-element \" style=\"--awb-caption-title-font-family:var(--h2_typography-font-family);--awb-caption-title-font-weight:var(--h2_typography-font-weight);--awb-caption-title-font-style:var(--h2_typography-font-style);--awb-caption-title-size:var(--h2_typography-font-size);--awb-caption-title-transform:var(--h2_typography-text-transform);--awb-caption-title-line-height:var(--h2_typography-line-height);--awb-caption-title-letter-spacing:var(--h2_typography-letter-spacing);\"><span class=\" fusion-imageframe imageframe-none imageframe-3 hover-type-none\"><img decoding=\"async\" width=\"453\" height=\"464\" alt=\"Portrait de Steen Hendry\" title=\"Sean Messing\" src=\"https:\/\/mitocanada.org\/wp-content\/uploads\/2024\/06\/Sean-Messing-e1717464005150.png\" class=\"img-responsive wp-image-7557\" srcset=\"https:\/\/mitocanada.org\/wp-content\/uploads\/2024\/06\/Sean-Messing-e1717464005150-200x205.png 200w, https:\/\/mitocanada.org\/wp-content\/uploads\/2024\/06\/Sean-Messing-e1717464005150-400x410.png 400w, https:\/\/mitocanada.org\/wp-content\/uploads\/2024\/06\/Sean-Messing-e1717464005150.png 453w\" sizes=\"(max-width: 640px) 100vw, 400px\" \/><\/span><\/div><\/div><\/div><div class=\"fusion-layout-column fusion_builder_column fusion-builder-column-8 fusion_builder_column_3_4 3_4 fusion-flex-column\" style=\"--awb-bg-size:cover;--awb-width-large:75%;--awb-margin-top-large:0px;--awb-spacing-right-large:2.56%;--awb-margin-bottom-large:0px;--awb-spacing-left-large:4.2666666666667%;--awb-width-medium:75%;--awb-spacing-right-medium:2.56%;--awb-spacing-left-medium:4.2666666666667%;--awb-width-small:100%;--awb-spacing-right-small:1.92%;--awb-spacing-left-small:1.92%;\"><div class=\"fusion-column-wrapper fusion-flex-justify-content-flex-start fusion-content-layout-column\"><div class=\"fusion-text fusion-text-4\"><h3>Sean Messing, ancien pr\u00e9sident et directeur<\/h3>\n<p>Sean est conseiller principal en gestion des avoirs pour Gestion priv\u00e9e de patrimoine CIBC Wood Gundy. Il est titulaire d&rsquo;un baccalaur\u00e9at en sciences de l&rsquo;Universit\u00e9 de la Colombie-Britannique et du titre de gestionnaire de placements agr\u00e9\u00e9 (CIMMD). Depuis 1995, Sean offre une gestion de patrimoine r\u00e9fl\u00e9chie \u00e0 travers de multiples cycles de march\u00e9 avec une \u00e9quipe de conseillers respect\u00e9s.   <\/p>\n<p>Sean est convaincu que tout le monde est concern\u00e9 par les trillions de minuscules mitochondries qui alimentent nos vies. Il s&rsquo;est engag\u00e9 dans le travail de MitoCanada pour sensibiliser le public, soutenir les d\u00e9couvertes r\u00e9volutionnaires, attirer l&rsquo;attention du gouvernement et, plus important encore, soutenir et sauver des vies. Sean soutient MitoCanada depuis longtemps et sa passion pour la fondation est motiv\u00e9e par la n\u00e9cessit\u00e9 de mettre en place des strat\u00e9gies visant \u00e0 prot\u00e9ger les mitochondries saines et par le d\u00e9sir d&rsquo;\u00eatre pr\u00e9sent lorsqu&rsquo;un rem\u00e8de \u00e0 la maladie mitochondriale sera d\u00e9couvert.  <\/p>\n<p>En plus d&rsquo;aimer son travail, les personnes avec lesquelles il travaille et d&rsquo;\u00eatre profond\u00e9ment attach\u00e9 \u00e0 sa famille, Sean aime courir des marathons, faire du ski de fond et faire du b\u00e9n\u00e9volat au sein de la communaut\u00e9.<\/p>\n<\/div><\/div><\/div><\/div><\/div>\n","protected":false},"excerpt":{"rendered":"","protected":false},"author":3,"featured_media":0,"parent":8182,"menu_order":4,"comment_status":"closed","ping_status":"closed","template":"","meta":{"om_disable_all_campaigns":false,"_monsterinsights_skip_tracking":false,"_monsterinsights_sitenote_active":false,"_monsterinsights_sitenote_note":"","_monsterinsights_sitenote_category":0,"_uf_show_specific_survey":0,"_uf_disable_surveys":false,"footnotes":""},"class_list":["post-8203","page","type-page","status-publish","hentry"],"aioseo_notices":[],"_links":{"self":[{"href":"https:\/\/mitocanada.org\/fr\/wp-json\/wp\/v2\/pages\/8203","targetHints":{"allow":["GET"]}}],"collection":[{"href":"https:\/\/mitocanada.org\/fr\/wp-json\/wp\/v2\/pages"}],"about":[{"href":"https:\/\/mitocanada.org\/fr\/wp-json\/wp\/v2\/types\/page"}],"author":[{"embeddable":true,"href":"https:\/\/mitocanada.org\/fr\/wp-json\/wp\/v2\/users\/3"}],"replies":[{"embeddable":true,"href":"https:\/\/mitocanada.org\/fr\/wp-json\/wp\/v2\/comments?post=8203"}],"version-history":[{"count":20,"href":"https:\/\/mitocanada.org\/fr\/wp-json\/wp\/v2\/pages\/8203\/revisions"}],"predecessor-version":[{"id":13668,"href":"https:\/\/mitocanada.org\/fr\/wp-json\/wp\/v2\/pages\/8203\/revisions\/13668"}],"up":[{"embeddable":true,"href":"https:\/\/mitocanada.org\/fr\/wp-json\/wp\/v2\/pages\/8182"}],"wp:attachment":[{"href":"https:\/\/mitocanada.org\/fr\/wp-json\/wp\/v2\/media?parent=8203"}],"curies":[{"name":"wp","href":"https:\/\/api.w.org\/{rel}","templated":true}]}}