{"id":8161,"date":"2022-11-17T15:43:18","date_gmt":"2022-11-17T20:43:18","guid":{"rendered":"https:\/\/mitocanada.org\/soutien\/dons-a-honorer\/"},"modified":"2024-12-05T16:54:03","modified_gmt":"2024-12-05T21:54:03","slug":"dons-a-honorer","status":"publish","type":"page","link":"https:\/\/mitocanada.org\/fr\/soutien\/dons-a-honorer\/","title":{"rendered":"Dons \u00e0 honorer"},"content":{"rendered":"<div class=\"fusion-fullwidth fullwidth-box fusion-builder-row-1 fusion-flex-container nonhundred-percent-fullwidth non-hundred-percent-height-scrolling\" style=\"--awb-border-radius-top-left:0px;--awb-border-radius-top-right:0px;--awb-border-radius-bottom-right:0px;--awb-border-radius-bottom-left:0px;--awb-flex-wrap:wrap;\" ><div class=\"fusion-builder-row fusion-row fusion-flex-align-items-flex-start fusion-flex-content-wrap\" style=\"max-width:1456px;margin-left: calc(-4% \/ 2 );margin-right: calc(-4% \/ 2 );\"><div class=\"fusion-layout-column fusion_builder_column fusion-builder-column-0 fusion_builder_column_1_1 1_1 fusion-flex-column\" style=\"--awb-bg-size:cover;--awb-width-large:100%;--awb-margin-top-large:0px;--awb-spacing-right-large:1.92%;--awb-margin-bottom-large:0px;--awb-spacing-left-large:1.92%;--awb-width-medium:100%;--awb-spacing-right-medium:1.92%;--awb-spacing-left-medium:1.92%;--awb-width-small:100%;--awb-spacing-right-small:1.92%;--awb-spacing-left-small:1.92%;\"><div class=\"fusion-column-wrapper fusion-flex-justify-content-flex-start fusion-content-layout-column\"><div class=\"fusion-text fusion-text-1\"><h2>Dons \u00e0 honorer<\/h2>\n<div>Rendez hommage \u00e0 une personne qui vous est ch\u00e8re en faisant un don \u00e0 MitoCanada \u00e0 l&rsquo;occasion d&rsquo;une f\u00eate, d&rsquo;un anniversaire, d&rsquo;une remise de dipl\u00f4me ou d&rsquo;une occasion sp\u00e9ciale en son nom. Votre don, d\u00e9di\u00e9 \u00e0 cette personne sp\u00e9ciale, l&rsquo;honore. Votre don permet \u00e9galement de soutenir les personnes atteintes d&rsquo;une maladie mitochondriale, de financer des recherches qui changent la vie et d&rsquo;aider MitoCanada \u00e0 cr\u00e9er un monde o\u00f9 toutes les vies sont aliment\u00e9es par des mitochondries en sant\u00e9. Personnalisez le cadeau en ajoutant une de nos cartes \u00e9lectroniques avec un message personnalis\u00e9 ou envoyez votre propre message. Nous vous ferons parvenir un re\u00e7u fiscal pour le montant total.    <\/div>\n<\/div><div class=\"fusion-separator fusion-full-width-sep\" style=\"align-self: center;margin-left: auto;margin-right: auto;margin-top:25px;width:100%;\"><\/div><script id=\"ch_cdn_embed\" type=\"text\/javascript\" src=\"https:\/\/www.canadahelps.org\/secure\/js\/cdf_embed.2.js\" charSet=\"utf-8\" data-language=\"en\" data-page-id=\"77831\" data-root-url=\"https:\/\/www.canadahelps.org\" data-formtype=\"2\" data-cfasync=\"false\"><\/script><\/div><\/div><\/div><\/div>\n","protected":false},"excerpt":{"rendered":"","protected":false},"author":1,"featured_media":0,"parent":8103,"menu_order":73,"comment_status":"closed","ping_status":"closed","template":"","meta":{"om_disable_all_campaigns":false,"_monsterinsights_skip_tracking":false,"_monsterinsights_sitenote_active":false,"_monsterinsights_sitenote_note":"","_monsterinsights_sitenote_category":0,"_uf_show_specific_survey":0,"_uf_disable_surveys":false,"footnotes":""},"class_list":["post-8161","page","type-page","status-publish","hentry"],"aioseo_notices":[],"_links":{"self":[{"href":"https:\/\/mitocanada.org\/fr\/wp-json\/wp\/v2\/pages\/8161","targetHints":{"allow":["GET"]}}],"collection":[{"href":"https:\/\/mitocanada.org\/fr\/wp-json\/wp\/v2\/pages"}],"about":[{"href":"https:\/\/mitocanada.org\/fr\/wp-json\/wp\/v2\/types\/page"}],"author":[{"embeddable":true,"href":"https:\/\/mitocanada.org\/fr\/wp-json\/wp\/v2\/users\/1"}],"replies":[{"embeddable":true,"href":"https:\/\/mitocanada.org\/fr\/wp-json\/wp\/v2\/comments?post=8161"}],"version-history":[{"count":2,"href":"https:\/\/mitocanada.org\/fr\/wp-json\/wp\/v2\/pages\/8161\/revisions"}],"predecessor-version":[{"id":8163,"href":"https:\/\/mitocanada.org\/fr\/wp-json\/wp\/v2\/pages\/8161\/revisions\/8163"}],"up":[{"embeddable":true,"href":"https:\/\/mitocanada.org\/fr\/wp-json\/wp\/v2\/pages\/8103"}],"wp:attachment":[{"href":"https:\/\/mitocanada.org\/fr\/wp-json\/wp\/v2\/media?parent=8161"}],"curies":[{"name":"wp","href":"https:\/\/api.w.org\/{rel}","templated":true}]}}