{"id":8147,"date":"2022-05-02T14:48:03","date_gmt":"2022-05-02T18:48:03","guid":{"rendered":"https:\/\/mitocanada.org\/soutien\/ressources-provinciales-et-nationales-pour-les-patients\/ressources-pour-les-patients-et-les-aidants-yukon\/"},"modified":"2024-12-05T16:53:04","modified_gmt":"2024-12-05T21:53:04","slug":"ressources-pour-les-patients-et-les-aidants-yukon","status":"publish","type":"page","link":"https:\/\/mitocanada.org\/fr\/soutien\/ressources-provinciales-et-nationales-pour-les-patients\/ressources-pour-les-patients-et-les-aidants-yukon\/","title":{"rendered":"Ressources pour les patients et les aidants &#8211; Yukon"},"content":{"rendered":"<div class=\"fusion-fullwidth fullwidth-box fusion-builder-row-1 fusion-flex-container nonhundred-percent-fullwidth non-hundred-percent-height-scrolling\" style=\"--awb-border-radius-top-left:0px;--awb-border-radius-top-right:0px;--awb-border-radius-bottom-right:0px;--awb-border-radius-bottom-left:0px;--awb-flex-wrap:wrap;\" ><div class=\"fusion-builder-row fusion-row fusion-flex-align-items-flex-start fusion-flex-content-wrap\" style=\"max-width:1456px;margin-left: calc(-4% \/ 2 );margin-right: calc(-4% \/ 2 );\"><div class=\"fusion-layout-column fusion_builder_column fusion-builder-column-0 fusion_builder_column_1_1 1_1 fusion-flex-column\" style=\"--awb-bg-size:cover;--awb-width-large:100%;--awb-margin-top-large:0px;--awb-spacing-right-large:1.92%;--awb-margin-bottom-large:0px;--awb-spacing-left-large:1.92%;--awb-width-medium:100%;--awb-spacing-right-medium:1.92%;--awb-spacing-left-medium:1.92%;--awb-width-small:100%;--awb-spacing-right-small:1.92%;--awb-spacing-left-small:1.92%;\"><div class=\"fusion-column-wrapper fusion-flex-justify-content-flex-start fusion-content-layout-column\"><div class=\"fusion-text fusion-text-1\"><div class=\"wpb_text_column wpb_content_element vc_custom_1562720931186\">\n<div class=\"wpb_wrapper\">\n<div class=\"wpb_text_column wpb_content_element vc_custom_1562720851600\">\n<div class=\"wpb_wrapper\">\n<div class=\"wpb_text_column wpb_content_element vc_custom_1562720776547\">\n<div class=\"wpb_wrapper\">\n<div class=\"wpb_text_column wpb_content_element vc_custom_1562720650367\">\n<div class=\"wpb_wrapper\">\n<div class=\"wpb_text_column wpb_content_element vc_custom_1562720570165\">\n<div class=\"wpb_wrapper\">\n<div class=\"wpb_text_column wpb_content_element vc_custom_1562720508122\">\n<div class=\"wpb_wrapper\">\n<div class=\"wpb_text_column wpb_content_element vc_custom_1562720417773\">\n<div class=\"wpb_wrapper\">\n<div class=\"wpb_text_column wpb_content_element vc_custom_1562720337409\">\n<div class=\"wpb_wrapper\">\n<div class=\"wpb_text_column wpb_content_element vc_custom_1562720108310\">\n<div class=\"wpb_wrapper\">\n<div class=\"wpb_text_column wpb_content_element vc_custom_1562721066614\">\n<div class=\"wpb_wrapper\">\n<p>Nous avons dress\u00e9 une liste de programmes de soutien nationaux et r\u00e9gionaux et de fondations dans tout le Canada pour aider les patients atteints de maladie mitochondriale et les soignants \u00e0 trouver des informations et des services.<\/p>\n<p>Vous trouverez ci-dessous une liste de ressources pour le Yukon.<\/p>\n<\/div>\n<\/div>\n<\/div>\n<\/div>\n<\/div>\n<\/div>\n<\/div>\n<\/div>\n<\/div>\n<\/div>\n<\/div>\n<\/div>\n<\/div>\n<\/div>\n<\/div>\n<\/div>\n<\/div>\n<\/div>\n<\/div>\n<\/div>\n<\/div><div class=\"accordian fusion-accordian\" style=\"--awb-border-size:1px;--awb-icon-size:16px;--awb-content-font-size:var(--awb-typography4-font-size);--awb-icon-alignment:left;--awb-hover-color:var(--awb-color2);--awb-border-color:var(--awb-color3);--awb-background-color:var(--awb-color1);--awb-divider-color:var(--awb-color3);--awb-divider-hover-color:var(--awb-color3);--awb-icon-color:#ffffff;--awb-title-color:#000000;--awb-content-color:#000000;--awb-icon-box-color:#119bb5;--awb-toggle-hover-accent-color:#119bb5;--awb-title-font-family:var(--awb-typography1-font-family);--awb-title-font-weight:var(--awb-typography1-font-weight);--awb-title-font-style:var(--awb-typography1-font-style);--awb-title-font-size:20px;--awb-title-letter-spacing:-0.015em;--awb-title-line-height:1.2;--awb-content-font-family:&quot;Montserrat&quot;;--awb-content-font-style:normal;--awb-content-font-weight:400;\"><div class=\"panel-group fusion-toggle-icon-boxed\" id=\"accordion-8147-1\"><div class=\"fusion-panel panel-default panel-d83cfd1e8cbeccf14 fusion-toggle-has-divider\" style=\"--awb-title-color:#000000;\"><div class=\"panel-heading\"><h4 class=\"panel-title toggle\" id=\"toggle_d83cfd1e8cbeccf14\"><a aria-expanded=\"false\" aria-controls=\"d83cfd1e8cbeccf14\" role=\"button\" data-toggle=\"collapse\" data-parent=\"#accordion-8147-1\" data-target=\"#d83cfd1e8cbeccf14\" href=\"#d83cfd1e8cbeccf14\"><span class=\"fusion-toggle-icon-wrapper\" aria-hidden=\"true\"><i class=\"fa-fusion-box active-icon awb-icon-minus\" aria-hidden=\"true\"><\/i><i class=\"fa-fusion-box inactive-icon awb-icon-plus\" aria-hidden=\"true\"><\/i><\/span><span class=\"fusion-toggle-heading\">Soutien financier<\/span><\/a><\/h4><\/div><div id=\"d83cfd1e8cbeccf14\" class=\"panel-collapse collapse \" aria-labelledby=\"toggle_d83cfd1e8cbeccf14\"><div class=\"panel-body toggle-content fusion-clearfix\">\n<div class=\"wpb_text_column wpb_content_element vc_custom_1562720108310\">\n<div class=\"wpb_wrapper\">\n<div class=\"wpb_text_column wpb_content_element vc_custom_1562870768026\">\n<div class=\"wpb_wrapper\">\n<p><a href=\"https:\/\/www.innovicares.ca\/en\" target=\"_blank\" rel=\"noopener\">InnoviCares<\/a> &#8211; La carte <em>innoviCares<\/em> est une carte d&rsquo;\u00e9pargne sur ordonnance gratuite offerte \u00e0 tous les r\u00e9sidents canadiens et financ\u00e9e par les fabricants de produits pharmaceutiques participants.<\/p>\n<p><a href=\"http:\/\/www.hss.gov.yk.ca\/disabilities_children.php\" target=\"_blank\" rel=\"noopener\">Soutien aux familles d&rsquo;enfants handicap\u00e9s<\/a><\/p>\n<p><a href=\"http:\/\/www.hss.gov.yk.ca\/\" target=\"_blank\" rel=\"noopener\">Services de pr\u00e9vention et de soutien \u00e0 la petite enfance<\/a><\/p>\n<p><a href=\"http:\/\/www.hss.gov.yk.ca\/\" target=\"_blank\" rel=\"noopener\">Adult Community Services <\/a>(revenus, conseils, etc.) <a href=\"https:\/\/yukon.ca\/en\/apply-allowance-supplement-your-social-assistance\" target=\"_blank\" rel=\"noopener\">Yukon Supplementary Allowance (allocation suppl\u00e9mentaire du Yukon) &#8211; <\/a>Aide sociale suppl\u00e9mentaire. <a href=\"http:\/\/www.hss.gov.yk.ca\/chronicdisease.php\" target=\"_blank\" rel=\"noopener\">Chronic Disease and Disability Benefits Program &#8211;<\/a> Pour les personnes atteintes d&rsquo;une maladie chronique ou d&rsquo;une incapacit\u00e9 fonctionnelle grave.<\/p>\n<\/div>\n<\/div>\n<\/div>\n<\/div>\n<\/div><\/div><\/div><div class=\"fusion-panel panel-default panel-6c2eebdf2ae6825fa fusion-toggle-has-divider\" style=\"--awb-title-color:#000000;\"><div class=\"panel-heading\"><h4 class=\"panel-title toggle\" id=\"toggle_6c2eebdf2ae6825fa\"><a aria-expanded=\"false\" aria-controls=\"6c2eebdf2ae6825fa\" role=\"button\" data-toggle=\"collapse\" data-parent=\"#accordion-8147-1\" data-target=\"#6c2eebdf2ae6825fa\" href=\"#6c2eebdf2ae6825fa\"><span class=\"fusion-toggle-icon-wrapper\" aria-hidden=\"true\"><i class=\"fa-fusion-box active-icon awb-icon-minus\" aria-hidden=\"true\"><\/i><i class=\"fa-fusion-box inactive-icon awb-icon-plus\" aria-hidden=\"true\"><\/i><\/span><span class=\"fusion-toggle-heading\">Soutien \u00e9motionnel<\/span><\/a><\/h4><\/div><div id=\"6c2eebdf2ae6825fa\" class=\"panel-collapse collapse \" aria-labelledby=\"toggle_6c2eebdf2ae6825fa\"><div class=\"panel-body toggle-content fusion-clearfix\">\n<div class=\"wpb_text_column wpb_content_element vc_custom_1562720108310\">\n<div class=\"wpb_wrapper\">\n<div class=\"wpb_text_column wpb_content_element vc_custom_1562870768026\">\n<div class=\"wpb_wrapper\">\n<p>Veuillez consulter les listes des <a href=\"https:\/\/mitocanada.org\/support\/provincial-canadian-and-global-patient-resources\/patient-and-caregiver-resources-national-programs\/\" target=\"_blank\" rel=\"noopener\">programmes nationaux<\/a> et des <a href=\"https:\/\/mitocanada.org\/support\/provincial-canadian-and-global-patient-resources\/patient-and-caregiver-resources-national-foundations\/\" target=\"_blank\" rel=\"noopener\">fondations nationales<\/a>.<\/p>\n<\/div>\n<\/div>\n<\/div>\n<\/div>\n<div class=\"wpb_text_column wpb_content_element vc_custom_1562720124853\">\n<div class=\"wpb_wrapper\"><\/div>\n<\/div>\n<\/div><\/div><\/div><div class=\"fusion-panel panel-default panel-581a6971a186a040c fusion-toggle-has-divider\" style=\"--awb-title-color:#000000;\"><div class=\"panel-heading\"><h4 class=\"panel-title toggle\" id=\"toggle_581a6971a186a040c\"><a aria-expanded=\"false\" aria-controls=\"581a6971a186a040c\" role=\"button\" data-toggle=\"collapse\" data-parent=\"#accordion-8147-1\" data-target=\"#581a6971a186a040c\" href=\"#581a6971a186a040c\"><span class=\"fusion-toggle-icon-wrapper\" aria-hidden=\"true\"><i class=\"fa-fusion-box active-icon awb-icon-minus\" aria-hidden=\"true\"><\/i><i class=\"fa-fusion-box inactive-icon awb-icon-plus\" aria-hidden=\"true\"><\/i><\/span><span class=\"fusion-toggle-heading\">Soutien physique<\/span><\/a><\/h4><\/div><div id=\"581a6971a186a040c\" class=\"panel-collapse collapse \" aria-labelledby=\"toggle_581a6971a186a040c\"><div class=\"panel-body toggle-content fusion-clearfix\">\n<p><a href=\"http:\/\/www.hss.gov.yk.ca\/homecare.php\" target=\"_blank\" rel=\"noopener\">Yukon Home Care Program <\/a>&#8211; Ce service territorial travaille en \u00e9troite collaboration avec d&rsquo;autres minist\u00e8res, les gouvernements des Premi\u00e8res nations, les \u00e9tablissements m\u00e9dicaux et les partenaires communautaires.<\/p>\n<\/div><\/div><\/div><div class=\"fusion-panel panel-default panel-6dd9444b45678a428 fusion-toggle-has-divider\" style=\"--awb-title-color:#000000;\"><div class=\"panel-heading\"><h4 class=\"panel-title toggle\" id=\"toggle_6dd9444b45678a428\"><a aria-expanded=\"false\" aria-controls=\"6dd9444b45678a428\" role=\"button\" data-toggle=\"collapse\" data-parent=\"#accordion-8147-1\" data-target=\"#6dd9444b45678a428\" href=\"#6dd9444b45678a428\"><span class=\"fusion-toggle-icon-wrapper\" aria-hidden=\"true\"><i class=\"fa-fusion-box active-icon awb-icon-minus\" aria-hidden=\"true\"><\/i><i class=\"fa-fusion-box inactive-icon awb-icon-plus\" aria-hidden=\"true\"><\/i><\/span><span class=\"fusion-toggle-heading\">Soutien social<\/span><\/a><\/h4><\/div><div id=\"6dd9444b45678a428\" class=\"panel-collapse collapse \" aria-labelledby=\"toggle_6dd9444b45678a428\"><div class=\"panel-body toggle-content fusion-clearfix\">\n<p><a href=\"http:\/\/www.education.gov.yk.ca\/disability-supports.html\" target=\"_blank\" rel=\"noopener\">Student Grant for Students with Permanent Disabilities<\/a><\/p>\n<p><a href=\"https:\/\/yukon.ca\/en\/doing-business\/funding-and-support-business\/apply-funding-community-projects-and-events\" target=\"_blank\" rel=\"noopener\">Community Development Fund <\/a>&#8211; Financement de projets, d&rsquo;\u00e9v\u00e9nements et d&rsquo;initiatives qui apportent des avantages \u00e9conomiques et sociaux durables et \u00e0 long terme aux communaut\u00e9s du Yukon.<\/p>\n<p><a href=\"https:\/\/www.inclusionyukon.org\/\" target=\"_blank\" rel=\"noopener\">Inclusion Yukon <\/a>&#8211; D\u00e9di\u00e9 \u00e0 l&rsquo;inclusion de toutes les personnes vivant au Yukon, dans tous les domaines de la vie.<\/p>\n<\/div><\/div><\/div><div class=\"fusion-panel panel-default panel-2c05bd3280b72c157 fusion-toggle-has-divider\" style=\"--awb-title-color:#000000;\"><div class=\"panel-heading\"><h4 class=\"panel-title toggle\" id=\"toggle_2c05bd3280b72c157\"><a aria-expanded=\"false\" aria-controls=\"2c05bd3280b72c157\" role=\"button\" data-toggle=\"collapse\" data-parent=\"#accordion-8147-1\" data-target=\"#2c05bd3280b72c157\" href=\"#2c05bd3280b72c157\"><span class=\"fusion-toggle-icon-wrapper\" aria-hidden=\"true\"><i class=\"fa-fusion-box active-icon awb-icon-minus\" aria-hidden=\"true\"><\/i><i class=\"fa-fusion-box inactive-icon awb-icon-plus\" aria-hidden=\"true\"><\/i><\/span><span class=\"fusion-toggle-heading\">Soutien informatif<\/span><\/a><\/h4><\/div><div id=\"2c05bd3280b72c157\" class=\"panel-collapse collapse \" aria-labelledby=\"toggle_2c05bd3280b72c157\"><div class=\"panel-body toggle-content fusion-clearfix\">\n<p><a href=\"https:\/\/canchild.ca\/en\/research-in-practice\/current-studies\/parenting-matters-the-biopsychosocial-context-of-parenting-children-with-neurodevelopmental-disorders-in-canada\/yukon\" target=\"_blank\" rel=\"noopener\">Ressources d&rsquo;information de CanChild sur les politiques en mati\u00e8re de handicap<\/a><\/p>\n<\/div><\/div><\/div><\/div><\/div><\/div><\/div><\/div><\/div>\n","protected":false},"excerpt":{"rendered":"","protected":false},"author":1,"featured_media":0,"parent":7849,"menu_order":83,"comment_status":"closed","ping_status":"closed","template":"","meta":{"om_disable_all_campaigns":false,"_monsterinsights_skip_tracking":false,"_monsterinsights_sitenote_active":false,"_monsterinsights_sitenote_note":"","_monsterinsights_sitenote_category":0,"_uf_show_specific_survey":0,"_uf_disable_surveys":false,"footnotes":""},"class_list":["post-8147","page","type-page","status-publish","hentry"],"aioseo_notices":[],"_links":{"self":[{"href":"https:\/\/mitocanada.org\/fr\/wp-json\/wp\/v2\/pages\/8147","targetHints":{"allow":["GET"]}}],"collection":[{"href":"https:\/\/mitocanada.org\/fr\/wp-json\/wp\/v2\/pages"}],"about":[{"href":"https:\/\/mitocanada.org\/fr\/wp-json\/wp\/v2\/types\/page"}],"author":[{"embeddable":true,"href":"https:\/\/mitocanada.org\/fr\/wp-json\/wp\/v2\/users\/1"}],"replies":[{"embeddable":true,"href":"https:\/\/mitocanada.org\/fr\/wp-json\/wp\/v2\/comments?post=8147"}],"version-history":[{"count":2,"href":"https:\/\/mitocanada.org\/fr\/wp-json\/wp\/v2\/pages\/8147\/revisions"}],"predecessor-version":[{"id":8149,"href":"https:\/\/mitocanada.org\/fr\/wp-json\/wp\/v2\/pages\/8147\/revisions\/8149"}],"up":[{"embeddable":true,"href":"https:\/\/mitocanada.org\/fr\/wp-json\/wp\/v2\/pages\/7849"}],"wp:attachment":[{"href":"https:\/\/mitocanada.org\/fr\/wp-json\/wp\/v2\/media?parent=8147"}],"curies":[{"name":"wp","href":"https:\/\/api.w.org\/{rel}","templated":true}]}}