{"id":8144,"date":"2022-05-02T14:45:52","date_gmt":"2022-05-02T18:45:52","guid":{"rendered":"https:\/\/mitocanada.org\/soutien\/ressources-provinciales-et-nationales-pour-les-patients\/ressources-pour-les-patients-et-les-soignants-colombie-britannique\/"},"modified":"2024-12-05T16:52:53","modified_gmt":"2024-12-05T21:52:53","slug":"ressources-pour-les-patients-et-les-soignants-colombie-britannique","status":"publish","type":"page","link":"https:\/\/mitocanada.org\/fr\/soutien\/ressources-provinciales-et-nationales-pour-les-patients\/ressources-pour-les-patients-et-les-soignants-colombie-britannique\/","title":{"rendered":"Ressources pour les patients et les soignants &#8211; Colombie-Britannique"},"content":{"rendered":"<div class=\"fusion-fullwidth fullwidth-box fusion-builder-row-1 fusion-flex-container nonhundred-percent-fullwidth non-hundred-percent-height-scrolling\" style=\"--awb-border-radius-top-left:0px;--awb-border-radius-top-right:0px;--awb-border-radius-bottom-right:0px;--awb-border-radius-bottom-left:0px;--awb-flex-wrap:wrap;\" ><div class=\"fusion-builder-row fusion-row fusion-flex-align-items-flex-start fusion-flex-content-wrap\" style=\"max-width:1456px;margin-left: calc(-4% \/ 2 );margin-right: calc(-4% \/ 2 );\"><div class=\"fusion-layout-column fusion_builder_column fusion-builder-column-0 fusion_builder_column_1_1 1_1 fusion-flex-column\" style=\"--awb-bg-size:cover;--awb-width-large:100%;--awb-margin-top-large:0px;--awb-spacing-right-large:1.92%;--awb-margin-bottom-large:0px;--awb-spacing-left-large:1.92%;--awb-width-medium:100%;--awb-spacing-right-medium:1.92%;--awb-spacing-left-medium:1.92%;--awb-width-small:100%;--awb-spacing-right-small:1.92%;--awb-spacing-left-small:1.92%;\"><div class=\"fusion-column-wrapper fusion-flex-justify-content-flex-start fusion-content-layout-column\"><div class=\"fusion-text fusion-text-1\"><div class=\"wpb_text_column wpb_content_element vc_custom_1562720931186\">\n<div class=\"wpb_wrapper\">\n<div class=\"wpb_text_column wpb_content_element vc_custom_1562720851600\">\n<div class=\"wpb_wrapper\">\n<div class=\"wpb_text_column wpb_content_element vc_custom_1562720776547\">\n<div class=\"wpb_wrapper\">\n<div class=\"wpb_text_column wpb_content_element vc_custom_1562720650367\">\n<div class=\"wpb_wrapper\">\n<div class=\"wpb_text_column wpb_content_element vc_custom_1562720570165\">\n<div class=\"wpb_wrapper\">\n<div class=\"wpb_text_column wpb_content_element vc_custom_1562720508122\">\n<div class=\"wpb_wrapper\">\n<div class=\"wpb_text_column wpb_content_element vc_custom_1562720417773\">\n<div class=\"wpb_wrapper\">\n<div class=\"wpb_text_column wpb_content_element vc_custom_1562720337409\">\n<div class=\"wpb_wrapper\">\n<div class=\"wpb_text_column wpb_content_element vc_custom_1562720108310\">\n<div class=\"wpb_wrapper\">\n<p>Nous avons dress\u00e9 une liste de programmes de soutien nationaux et r\u00e9gionaux et de fondations \u00e0 travers le Canada pour aider les patients atteints de maladie mitochondriale et les soignants \u00e0 trouver de l&rsquo;information et des services.  <strong>Vous trouverez ci-dessous une liste de ressources pour la Colombie-Britannique.  <\/strong><\/p>\n<\/div>\n<\/div>\n<\/div>\n<\/div>\n<\/div>\n<\/div>\n<\/div>\n<\/div>\n<\/div>\n<\/div>\n<\/div>\n<\/div>\n<\/div>\n<\/div>\n<\/div>\n<\/div>\n<\/div>\n<\/div>\n<\/div><div class=\"accordian fusion-accordian\" style=\"--awb-border-size:1px;--awb-icon-size:16px;--awb-content-font-size:var(--awb-typography4-font-size);--awb-icon-alignment:left;--awb-hover-color:var(--awb-color2);--awb-border-color:var(--awb-color3);--awb-background-color:var(--awb-color1);--awb-divider-color:var(--awb-color3);--awb-divider-hover-color:var(--awb-color3);--awb-icon-color:#ffffff;--awb-title-color:#000000;--awb-content-color:#000000;--awb-icon-box-color:#119bb5;--awb-toggle-hover-accent-color:#119bb5;--awb-title-font-family:var(--awb-typography1-font-family);--awb-title-font-weight:var(--awb-typography1-font-weight);--awb-title-font-style:var(--awb-typography1-font-style);--awb-title-font-size:20px;--awb-title-letter-spacing:-0.015em;--awb-title-line-height:1.2;--awb-content-font-family:&quot;Montserrat&quot;;--awb-content-font-style:normal;--awb-content-font-weight:400;\"><div class=\"panel-group fusion-toggle-icon-boxed\" id=\"accordion-8144-1\"><div class=\"fusion-panel panel-default panel-e28fb146356d67e51 fusion-toggle-has-divider\" style=\"--awb-title-color:#000000;\"><div class=\"panel-heading\"><h4 class=\"panel-title toggle\" id=\"toggle_e28fb146356d67e51\"><a aria-expanded=\"false\" aria-controls=\"e28fb146356d67e51\" role=\"button\" data-toggle=\"collapse\" data-parent=\"#accordion-8144-1\" data-target=\"#e28fb146356d67e51\" href=\"#e28fb146356d67e51\"><span class=\"fusion-toggle-icon-wrapper\" aria-hidden=\"true\"><i class=\"fa-fusion-box active-icon awb-icon-minus\" aria-hidden=\"true\"><\/i><i class=\"fa-fusion-box inactive-icon awb-icon-plus\" aria-hidden=\"true\"><\/i><\/span><span class=\"fusion-toggle-heading\">Soutien financier<\/span><\/a><\/h4><\/div><div id=\"e28fb146356d67e51\" class=\"panel-collapse collapse \" aria-labelledby=\"toggle_e28fb146356d67e51\"><div class=\"panel-body toggle-content fusion-clearfix\">\n<p><a href=\"https:\/\/www.innovicares.ca\/en\" target=\"_blank\" rel=\"noopener\">InnoviCares<\/a> &#8211; La carte <em>innoviCares<\/em> est une carte d&rsquo;\u00e9pargne sur ordonnance gratuite disponible pour tous les r\u00e9sidents canadiens et financ\u00e9e par les fabricants de produits pharmaceutiques participants. <a href=\"https:\/\/www.fnha.ca\/benefits\" target=\"_blank\" rel=\"noopener\">First Nations Health Authority (FNHA<\/a> ) &#8211; Programme de prestations de sant\u00e9 qui couvre les soins dentaires, les fournitures et \u00e9quipements m\u00e9dicaux, le transport m\u00e9dical, la sant\u00e9 mentale, la pharmacie et la vision. <a href=\"https:\/\/www2.gov.bc.ca\/gov\/content\/health\/managing-your-health\/child-behaviour-development\/support-needs\/complex-health-needs\/at-home-program\/medical-benefits\" target=\"_blank\" rel=\"noopener\">Medical Benefits for Children and Teens with Complex Health Needs (prestations m\u00e9dicales pour les enfants et les adolescents ayant des besoins de sant\u00e9 complexes <\/a>) &#8211; Fournit une gamme d&rsquo;articles, d&rsquo;\u00e9quipements et de services m\u00e9dicaux pour les enfants et les adolescents \u00e9ligibles qui devraient rester \u00e0 l&rsquo;h\u00f4pital s&rsquo;ils n&rsquo;avaient pas ces prestations. <a href=\"https:\/\/www2.gov.bc.ca\/gov\/content\/taxes\/property-taxes\/annual-property-tax\/defer-taxes\" target=\"_blank\" rel=\"noopener\">Property Tax Deferment Process (processus de report de l&rsquo;imp\u00f4t foncier<\/a> ) &#8211; Admissible si vous \u00eates une personne handicap\u00e9e, ce processus permet aux propri\u00e9taires admissibles de la Colombie-Britannique de reporter l&rsquo;imp\u00f4t foncier de l&rsquo;ann\u00e9e en cours.<\/p>\n<\/div><\/div><\/div><div class=\"fusion-panel panel-default panel-b2d472d12757458e0 fusion-toggle-has-divider\" style=\"--awb-title-color:#000000;\"><div class=\"panel-heading\"><h4 class=\"panel-title toggle\" id=\"toggle_b2d472d12757458e0\"><a aria-expanded=\"false\" aria-controls=\"b2d472d12757458e0\" role=\"button\" data-toggle=\"collapse\" data-parent=\"#accordion-8144-1\" data-target=\"#b2d472d12757458e0\" href=\"#b2d472d12757458e0\"><span class=\"fusion-toggle-icon-wrapper\" aria-hidden=\"true\"><i class=\"fa-fusion-box active-icon awb-icon-minus\" aria-hidden=\"true\"><\/i><i class=\"fa-fusion-box inactive-icon awb-icon-plus\" aria-hidden=\"true\"><\/i><\/span><span class=\"fusion-toggle-heading\">Soutien \u00e9motionnel<\/span><\/a><\/h4><\/div><div id=\"b2d472d12757458e0\" class=\"panel-collapse collapse \" aria-labelledby=\"toggle_b2d472d12757458e0\"><div class=\"panel-body toggle-content fusion-clearfix\">\n<p>Veuillez consulter les listes des <a href=\"https:\/\/mitocanada.org\/support\/provincial-canadian-and-global-patient-resources\/patient-and-caregiver-resources-national-programs\/\" target=\"_blank\" rel=\"noopener\">programmes nationaux<\/a> et des <a href=\"https:\/\/mitocanada.org\/support\/provincial-canadian-and-global-patient-resources\/patient-and-caregiver-resources-national-foundations\/\" target=\"_blank\" rel=\"noopener\">fondations nationales<\/a>.<\/p>\n<\/div><\/div><\/div><div class=\"fusion-panel panel-default panel-58b289ea6ed45fcba fusion-toggle-has-divider\" style=\"--awb-title-color:#000000;\"><div class=\"panel-heading\"><h4 class=\"panel-title toggle\" id=\"toggle_58b289ea6ed45fcba\"><a aria-expanded=\"false\" aria-controls=\"58b289ea6ed45fcba\" role=\"button\" data-toggle=\"collapse\" data-parent=\"#accordion-8144-1\" data-target=\"#58b289ea6ed45fcba\" href=\"#58b289ea6ed45fcba\"><span class=\"fusion-toggle-icon-wrapper\" aria-hidden=\"true\"><i class=\"fa-fusion-box active-icon awb-icon-minus\" aria-hidden=\"true\"><\/i><i class=\"fa-fusion-box inactive-icon awb-icon-plus\" aria-hidden=\"true\"><\/i><\/span><span class=\"fusion-toggle-heading\">Soutien physique<\/span><\/a><\/h4><\/div><div id=\"58b289ea6ed45fcba\" class=\"panel-collapse collapse \" aria-labelledby=\"toggle_58b289ea6ed45fcba\"><div class=\"panel-body toggle-content fusion-clearfix\">\n<p><a href=\"https:\/\/www2.gov.bc.ca\/gov\/content\/health\/managing-your-health\/child-behaviour-development\/support-needs\/complex-health-needs\/at-home-program\" target=\"_blank\" rel=\"noopener\">The At Home Program<\/a> &#8211; Soutien aux enfants et adolescents ayant des besoins de sant\u00e9 complexes.<\/p>\n<p><a href=\"https:\/\/www.canuckplace.org\/\" target=\"_blank\" rel=\"noopener\">Canuck Place Children&rsquo;s Hospice <\/a>&#8211; Soins palliatifs p\u00e9diatriques sp\u00e9cialis\u00e9s pour les enfants et les familles.<\/p>\n<p><a href=\"http:\/\/www.bcchildrens.ca\/our-services\/sunny-hill-health-centre\/about\" target=\"_blank\" rel=\"noopener\">Sunny Hills Health Centre<\/a> &#8211; Services sp\u00e9cialis\u00e9s de d\u00e9veloppement et de r\u00e9adaptation.<\/p>\n<\/div><\/div><\/div><div class=\"fusion-panel panel-default panel-5095c3f673ff0d496 fusion-toggle-has-divider\" style=\"--awb-title-color:#000000;\"><div class=\"panel-heading\"><h4 class=\"panel-title toggle\" id=\"toggle_5095c3f673ff0d496\"><a aria-expanded=\"false\" aria-controls=\"5095c3f673ff0d496\" role=\"button\" data-toggle=\"collapse\" data-parent=\"#accordion-8144-1\" data-target=\"#5095c3f673ff0d496\" href=\"#5095c3f673ff0d496\"><span class=\"fusion-toggle-icon-wrapper\" aria-hidden=\"true\"><i class=\"fa-fusion-box active-icon awb-icon-minus\" aria-hidden=\"true\"><\/i><i class=\"fa-fusion-box inactive-icon awb-icon-plus\" aria-hidden=\"true\"><\/i><\/span><span class=\"fusion-toggle-heading\">Soutien social<\/span><\/a><\/h4><\/div><div id=\"5095c3f673ff0d496\" class=\"panel-collapse collapse \" aria-labelledby=\"toggle_5095c3f673ff0d496\"><div class=\"panel-body toggle-content fusion-clearfix\">\n<p><a href=\"https:\/\/www2.gov.bc.ca\/assets\/gov\/family-and-social-supports\/children-teens-with-special-needs\/sat_and_saet_info_sheet.pdf\" target=\"_blank\" rel=\"noopener\">School-Aged Therapy Program (SAT)<\/a> &#8211; Fournit des services d&rsquo;ergoth\u00e9rapie (OT) et de physioth\u00e9rapie (PT) aux enfants d&rsquo;\u00e2ge scolaire.<\/p>\n<p><a href=\"https:\/\/www2.gov.bc.ca\/assets\/gov\/family-and-social-supports\/children-teens-with-special-needs\/sat_and_saet_info_sheet.pdf\" target=\"_blank\" rel=\"noopener\">School- Aged Extended Therapies Benefit (SAET)<\/a> &#8211; Le programme \u00e0 domicile aide les parents \u00e0 prendre en charge une partie des co\u00fbts li\u00e9s \u00e0 la prise en charge d&rsquo;un enfant gravement handicap\u00e9 \u00e0 la maison gr\u00e2ce \u00e0 une gamme de soutiens et de services de sant\u00e9.<\/p>\n<\/div><\/div><\/div><div class=\"fusion-panel panel-default panel-4c416d8fc4fb07eef fusion-toggle-has-divider\" style=\"--awb-title-color:#000000;\"><div class=\"panel-heading\"><h4 class=\"panel-title toggle\" id=\"toggle_4c416d8fc4fb07eef\"><a aria-expanded=\"false\" aria-controls=\"4c416d8fc4fb07eef\" role=\"button\" data-toggle=\"collapse\" data-parent=\"#accordion-8144-1\" data-target=\"#4c416d8fc4fb07eef\" href=\"#4c416d8fc4fb07eef\"><span class=\"fusion-toggle-icon-wrapper\" aria-hidden=\"true\"><i class=\"fa-fusion-box active-icon awb-icon-minus\" aria-hidden=\"true\"><\/i><i class=\"fa-fusion-box inactive-icon awb-icon-plus\" aria-hidden=\"true\"><\/i><\/span><span class=\"fusion-toggle-heading\">Soutien informatif<\/span><\/a><\/h4><\/div><div id=\"4c416d8fc4fb07eef\" class=\"panel-collapse collapse \" aria-labelledby=\"toggle_4c416d8fc4fb07eef\"><div class=\"panel-body toggle-content fusion-clearfix\">\n<p><a href=\"https:\/\/www.healthlinkbc.ca\/health-topics\" target=\"_blank\" rel=\"noopener\">HealthLink BC <\/a>&#8211; Des sujets de sant\u00e9 faciles \u00e0 comprendre sur presque tous les sujets, de l&rsquo;acn\u00e9 \u00e0 la carence en zinc.<\/p>\n<p><a href=\"http:\/\/www.bcchildrens.ca\/health-professionals\/clinical-resources\/mental-health\/metabolic-complications\" target=\"_blank\" rel=\"noopener\">BC Children&rsquo;s Hospital Metabolic Informational Resources<\/a><\/p>\n<p><a href=\"https:\/\/www2.gov.bc.ca\/gov\/content\/family-social-supports\/services-for-people-with-disabilities\/supports-services\" target=\"_blank\" rel=\"noopener\">Government List of Supports and Services <\/a>&#8211; Programmes et services disponibles pour les r\u00e9sidents de la Colombie-Britannique vivant avec un handicap.<\/p>\n<\/div><\/div><\/div><\/div><\/div><\/div><\/div><\/div><\/div>\n","protected":false},"excerpt":{"rendered":"","protected":false},"author":1,"featured_media":0,"parent":7849,"menu_order":81,"comment_status":"closed","ping_status":"closed","template":"","meta":{"om_disable_all_campaigns":false,"_monsterinsights_skip_tracking":false,"_monsterinsights_sitenote_active":false,"_monsterinsights_sitenote_note":"","_monsterinsights_sitenote_category":0,"_uf_show_specific_survey":0,"_uf_disable_surveys":false,"footnotes":""},"class_list":["post-8144","page","type-page","status-publish","hentry"],"aioseo_notices":[],"_links":{"self":[{"href":"https:\/\/mitocanada.org\/fr\/wp-json\/wp\/v2\/pages\/8144","targetHints":{"allow":["GET"]}}],"collection":[{"href":"https:\/\/mitocanada.org\/fr\/wp-json\/wp\/v2\/pages"}],"about":[{"href":"https:\/\/mitocanada.org\/fr\/wp-json\/wp\/v2\/types\/page"}],"author":[{"embeddable":true,"href":"https:\/\/mitocanada.org\/fr\/wp-json\/wp\/v2\/users\/1"}],"replies":[{"embeddable":true,"href":"https:\/\/mitocanada.org\/fr\/wp-json\/wp\/v2\/comments?post=8144"}],"version-history":[{"count":2,"href":"https:\/\/mitocanada.org\/fr\/wp-json\/wp\/v2\/pages\/8144\/revisions"}],"predecessor-version":[{"id":8146,"href":"https:\/\/mitocanada.org\/fr\/wp-json\/wp\/v2\/pages\/8144\/revisions\/8146"}],"up":[{"embeddable":true,"href":"https:\/\/mitocanada.org\/fr\/wp-json\/wp\/v2\/pages\/7849"}],"wp:attachment":[{"href":"https:\/\/mitocanada.org\/fr\/wp-json\/wp\/v2\/media?parent=8144"}],"curies":[{"name":"wp","href":"https:\/\/api.w.org\/{rel}","templated":true}]}}