{"id":8138,"date":"2022-05-02T14:41:00","date_gmt":"2022-05-02T18:41:00","guid":{"rendered":"https:\/\/mitocanada.org\/soutien\/ressources-provinciales-et-nationales-pour-les-patients\/ressources-pour-les-patients-et-les-soignants-saskatchewan\/"},"modified":"2024-12-05T16:52:27","modified_gmt":"2024-12-05T21:52:27","slug":"ressources-pour-les-patients-et-les-soignants-saskatchewan","status":"publish","type":"page","link":"https:\/\/mitocanada.org\/fr\/soutien\/ressources-provinciales-et-nationales-pour-les-patients\/ressources-pour-les-patients-et-les-soignants-saskatchewan\/","title":{"rendered":"Ressources pour les patients et les soignants &#8211; Saskatchewan"},"content":{"rendered":"<div class=\"fusion-fullwidth fullwidth-box fusion-builder-row-1 fusion-flex-container nonhundred-percent-fullwidth non-hundred-percent-height-scrolling\" style=\"--awb-border-radius-top-left:0px;--awb-border-radius-top-right:0px;--awb-border-radius-bottom-right:0px;--awb-border-radius-bottom-left:0px;--awb-flex-wrap:wrap;\" ><div class=\"fusion-builder-row fusion-row fusion-flex-align-items-flex-start fusion-flex-content-wrap\" style=\"max-width:1456px;margin-left: calc(-4% \/ 2 );margin-right: calc(-4% \/ 2 );\"><div class=\"fusion-layout-column fusion_builder_column fusion-builder-column-0 fusion_builder_column_1_1 1_1 fusion-flex-column\" style=\"--awb-bg-size:cover;--awb-width-large:100%;--awb-margin-top-large:0px;--awb-spacing-right-large:1.92%;--awb-margin-bottom-large:0px;--awb-spacing-left-large:1.92%;--awb-width-medium:100%;--awb-spacing-right-medium:1.92%;--awb-spacing-left-medium:1.92%;--awb-width-small:100%;--awb-spacing-right-small:1.92%;--awb-spacing-left-small:1.92%;\"><div class=\"fusion-column-wrapper fusion-flex-justify-content-flex-start fusion-content-layout-column\"><div class=\"fusion-text fusion-text-1\"><div class=\"wpb_text_column wpb_content_element vc_custom_1562720931186\">\n<div class=\"wpb_wrapper\">\n<div class=\"wpb_text_column wpb_content_element vc_custom_1562720851600\">\n<div class=\"wpb_wrapper\">\n<div class=\"wpb_text_column wpb_content_element vc_custom_1562720776547\">\n<div class=\"wpb_wrapper\">\n<div class=\"wpb_text_column wpb_content_element vc_custom_1562720650367\">\n<div class=\"wpb_wrapper\">\n<div class=\"wpb_text_column wpb_content_element vc_custom_1562720570165\">\n<div class=\"wpb_wrapper\">\n<div class=\"wpb_text_column wpb_content_element vc_custom_1562720508122\">\n<div class=\"wpb_wrapper\">\n<div class=\"wpb_text_column wpb_content_element vc_custom_1562720417773\">\n<div class=\"wpb_wrapper\">\n<p>Nous avons dress\u00e9 une liste de programmes de soutien nationaux et r\u00e9gionaux et de fondations \u00e0 travers le Canada pour aider les patients atteints de maladie mitochondriale et les soignants \u00e0 trouver des informations et des services.<\/p>\n<p>Vous trouverez ci-dessous une liste de ressources pour la Saskatchewan.<\/p>\n<\/div>\n<\/div>\n<\/div>\n<\/div>\n<div class=\"wpb_text_column wpb_content_element vc_custom_1562867335270\">\n<div class=\"wpb_wrapper\"><\/div>\n<\/div>\n<\/div>\n<\/div>\n<\/div>\n<\/div>\n<\/div>\n<\/div>\n<\/div>\n<\/div>\n<\/div>\n<\/div>\n<\/div><div class=\"accordian fusion-accordian\" style=\"--awb-border-size:1px;--awb-icon-size:16px;--awb-content-font-size:var(--awb-typography4-font-size);--awb-icon-alignment:left;--awb-hover-color:var(--awb-color2);--awb-border-color:var(--awb-color3);--awb-background-color:var(--awb-color1);--awb-divider-color:var(--awb-color3);--awb-divider-hover-color:var(--awb-color3);--awb-icon-color:#ffffff;--awb-title-color:#000000;--awb-content-color:#000000;--awb-icon-box-color:#119bb5;--awb-toggle-hover-accent-color:#119bb5;--awb-title-font-family:var(--awb-typography1-font-family);--awb-title-font-weight:var(--awb-typography1-font-weight);--awb-title-font-style:var(--awb-typography1-font-style);--awb-title-font-size:20px;--awb-title-letter-spacing:-0.015em;--awb-title-line-height:1.2;--awb-content-font-family:&quot;Montserrat&quot;;--awb-content-font-style:normal;--awb-content-font-weight:400;\"><div class=\"panel-group fusion-toggle-icon-boxed\" id=\"accordion-8138-1\"><div class=\"fusion-panel panel-default panel-dd1f313cc7d88bf5e fusion-toggle-has-divider\" style=\"--awb-title-color:#000000;\"><div class=\"panel-heading\"><h4 class=\"panel-title toggle\" id=\"toggle_dd1f313cc7d88bf5e\"><a aria-expanded=\"false\" aria-controls=\"dd1f313cc7d88bf5e\" role=\"button\" data-toggle=\"collapse\" data-parent=\"#accordion-8138-1\" data-target=\"#dd1f313cc7d88bf5e\" href=\"#dd1f313cc7d88bf5e\"><span class=\"fusion-toggle-icon-wrapper\" aria-hidden=\"true\"><i class=\"fa-fusion-box active-icon awb-icon-minus\" aria-hidden=\"true\"><\/i><i class=\"fa-fusion-box inactive-icon awb-icon-plus\" aria-hidden=\"true\"><\/i><\/span><span class=\"fusion-toggle-heading\">Soutien financier<\/span><\/a><\/h4><\/div><div id=\"dd1f313cc7d88bf5e\" class=\"panel-collapse collapse \" aria-labelledby=\"toggle_dd1f313cc7d88bf5e\"><div class=\"panel-body toggle-content fusion-clearfix\">\n<p><a href=\"https:\/\/www.innovicares.ca\/en\" target=\"_blank\" rel=\"noopener\">InnoviCares<\/a> &#8211; La carte <em>innoviCares<\/em> est une carte d&rsquo;\u00e9pargne sur ordonnance gratuite offerte \u00e0 tous les r\u00e9sidents canadiens et financ\u00e9e par les fabricants de produits pharmaceutiques participants. <a href=\"https:\/\/www.saskatchewan.ca\/residents\/health\/prescription-drug-plans-and-health-coverage\/extended-benefits-and-drug-plan\/family-health-benefits\" target=\"_blank\" rel=\"noopener\">Family Health Benefits (prestations familiales de<\/a> sant\u00e9) &#8211; Une gamme de prestations de sant\u00e9 disponibles pour les familles de travailleurs \u00e0 faible revenu qui r\u00e9pondent aux normes d&rsquo;un test de revenu ou qui re\u00e7oivent le Saskatchewan Employment Supplement (suppl\u00e9ment \u00e0 l&#8217;emploi de la Saskatchewan). <a href=\"https:\/\/www.saskatchewan.ca\/residents\/family-and-social-support\/financial-help\/income-support-for-working-families-or-parents\" target=\"_blank\" rel=\"noopener\">Saskatchewan Employment Incentive (SEI)<\/a> &#8211; Offre aux familles de travailleurs \u00e0 faible revenu une prestation financi\u00e8re mensuelle, des prestations de sant\u00e9 suppl\u00e9mentaires, l&rsquo;acc\u00e8s \u00e0 des cartes de bus \u00e0 prix r\u00e9duit (le cas \u00e9ch\u00e9ant), des liens avec des aides \u00e0 l&#8217;emploi par l&rsquo;interm\u00e9diaire du minist\u00e8re de l&rsquo;immigration et de la formation professionnelle et l&rsquo;acc\u00e8s \u00e0 la Saskatchewan Housing Benefit par l&rsquo;interm\u00e9diaire de la Saskatchewan Housing Corporation. <a href=\"https:\/\/www.saskatchewan.ca\/residents\/health\/prescription-drug-plans-and-health-coverage\/extended-benefits-and-drug-plan\/drug-cost-assistance\" target=\"_blank\" rel=\"noopener\">Drug Cost Assistance (assistance pour le co\u00fbt des m\u00e9dicaments<\/a> ) &#8211; Programme bas\u00e9 sur le revenu qui aide les r\u00e9sidents \u00e0 payer leurs frais de m\u00e9dicaments en fonction de leur revenu. <a href=\"https:\/\/www.saskatchewan.ca\/residents\/health\/prescription-drug-plans-and-health-coverage\/extended-benefits-and-drug-plan\/supplementary-health-benefits\" target=\"_blank\" rel=\"noopener\">Supplementary Health Benefits <\/a>&#8211; Nombre de services et de produits de sant\u00e9 qui s&rsquo;ajoutent aux prestations de sant\u00e9 universelles. <a href=\"https:\/\/www.saskatchewan.ca\/residents\/health\/accessing-health-care-services\/health-services-for-people-with-disabilities\/sail\" target=\"_blank\" rel=\"noopener\">Saskatchewan Aids to Independent Living Program (SAIL<\/a> ) &#8211; Ce programme aide les personnes souffrant d&rsquo;un handicap physique \u00e0 mener une vie plus active et plus ind\u00e9pendante. Il aide \u00e9galement les personnes \u00e0 g\u00e9rer certaines maladies chroniques. <a href=\"https:\/\/www.saskatchewan.ca\/residents\/health\/accessing-health-care-services\/care-at-home-and-outside-the-hospital\/individualized-funding-for-home-care\" target=\"_blank\" rel=\"noopener\">Individualized Funding for Home Care (financement individualis\u00e9 des soins \u00e0 domicile <\/a>) &#8211; Aide les personnes qui ont besoin de soins aigus, palliatifs et de soutien \u00e0 rester ind\u00e9pendantes \u00e0 domicile. Il permet \u00e9galement de r\u00e9duire le nombre d&rsquo;hospitalisations inutiles et la dur\u00e9e des s\u00e9jours \u00e0 l&rsquo;h\u00f4pital. <a href=\"https:\/\/www.saskatchewan.ca\/residents\/housing-and-renting\/home-repairs-and-renovations\/adapt-a-home-for-a-person-with-a-disability\" target=\"_blank\" rel=\"noopener\">Home Repair Program &#8211;<\/a>Adaptation for Independence (rendre la maison plus accessible aux personnes souffrant d&rsquo;un handicap li\u00e9 au logement) <a href=\"https:\/\/www.saskatchewan.ca\/residents\/family-and-social-support\/people-with-disabilities\/income-support-for-people-with-disabilities\" target=\"_blank\" rel=\"noopener\">Saskatchewan Assured Income for Disability (SAID<\/a> ) &#8211; Un programme de soutien au revenu pour les personnes souffrant d&rsquo;un handicap important et durable. Il offre aux personnes un acc\u00e8s \u00e0 un soutien du revenu \u00e0 long terme, un plus grand choix de services et les aide \u00e0 participer \u00e0 la vie de leur communaut\u00e9.<\/p>\n<\/div><\/div><\/div><div class=\"fusion-panel panel-default panel-fa753899e1caf05a9 fusion-toggle-has-divider\" style=\"--awb-title-color:#000000;\"><div class=\"panel-heading\"><h4 class=\"panel-title toggle\" id=\"toggle_fa753899e1caf05a9\"><a aria-expanded=\"false\" aria-controls=\"fa753899e1caf05a9\" role=\"button\" data-toggle=\"collapse\" data-parent=\"#accordion-8138-1\" data-target=\"#fa753899e1caf05a9\" href=\"#fa753899e1caf05a9\"><span class=\"fusion-toggle-icon-wrapper\" aria-hidden=\"true\"><i class=\"fa-fusion-box active-icon awb-icon-minus\" aria-hidden=\"true\"><\/i><i class=\"fa-fusion-box inactive-icon awb-icon-plus\" aria-hidden=\"true\"><\/i><\/span><span class=\"fusion-toggle-heading\">Soutien \u00e9motionnel<\/span><\/a><\/h4><\/div><div id=\"fa753899e1caf05a9\" class=\"panel-collapse collapse \" aria-labelledby=\"toggle_fa753899e1caf05a9\"><div class=\"panel-body toggle-content fusion-clearfix\">\n<p>Veuillez consulter les listes des <a href=\"https:\/\/mitocanada.org\/support\/provincial-canadian-and-global-patient-resources\/patient-and-caregiver-resources-national-programs\/\" target=\"_blank\" rel=\"noopener\">programmes nationaux<\/a> et des <a href=\"https:\/\/mitocanada.org\/support\/provincial-canadian-and-global-patient-resources\/patient-and-caregiver-resources-national-foundations\/\" target=\"_blank\" rel=\"noopener\">fondations nationales<\/a>.<\/p>\n<\/div><\/div><\/div><div class=\"fusion-panel panel-default panel-07c0b7d870d67a517 fusion-toggle-has-divider\" style=\"--awb-title-color:#000000;\"><div class=\"panel-heading\"><h4 class=\"panel-title toggle\" id=\"toggle_07c0b7d870d67a517\"><a aria-expanded=\"false\" aria-controls=\"07c0b7d870d67a517\" role=\"button\" data-toggle=\"collapse\" data-parent=\"#accordion-8138-1\" data-target=\"#07c0b7d870d67a517\" href=\"#07c0b7d870d67a517\"><span class=\"fusion-toggle-icon-wrapper\" aria-hidden=\"true\"><i class=\"fa-fusion-box active-icon awb-icon-minus\" aria-hidden=\"true\"><\/i><i class=\"fa-fusion-box inactive-icon awb-icon-plus\" aria-hidden=\"true\"><\/i><\/span><span class=\"fusion-toggle-heading\">Soutien physique<\/span><\/a><\/h4><\/div><div id=\"07c0b7d870d67a517\" class=\"panel-collapse collapse \" aria-labelledby=\"toggle_07c0b7d870d67a517\"><div class=\"panel-body toggle-content fusion-clearfix\">\n<p>Veuillez consulter les listes des <a href=\"https:\/\/mitocanada.org\/support\/provincial-canadian-and-global-patient-resources\/patient-and-caregiver-resources-national-programs\/\" target=\"_blank\" rel=\"noopener\">programmes nationaux<\/a> et des <a href=\"https:\/\/mitocanada.org\/support\/provincial-canadian-and-global-patient-resources\/patient-and-caregiver-resources-national-foundations\/\" target=\"_blank\" rel=\"noopener\">fondations nationales<\/a>.<\/p>\n<\/div><\/div><\/div><div class=\"fusion-panel panel-default panel-cce9221b0c7019b1c fusion-toggle-has-divider\" style=\"--awb-title-color:#000000;\"><div class=\"panel-heading\"><h4 class=\"panel-title toggle\" id=\"toggle_cce9221b0c7019b1c\"><a aria-expanded=\"false\" aria-controls=\"cce9221b0c7019b1c\" role=\"button\" data-toggle=\"collapse\" data-parent=\"#accordion-8138-1\" data-target=\"#cce9221b0c7019b1c\" href=\"#cce9221b0c7019b1c\"><span class=\"fusion-toggle-icon-wrapper\" aria-hidden=\"true\"><i class=\"fa-fusion-box active-icon awb-icon-minus\" aria-hidden=\"true\"><\/i><i class=\"fa-fusion-box inactive-icon awb-icon-plus\" aria-hidden=\"true\"><\/i><\/span><span class=\"fusion-toggle-heading\">Soutien social<\/span><\/a><\/h4><\/div><div id=\"cce9221b0c7019b1c\" class=\"panel-collapse collapse \" aria-labelledby=\"toggle_cce9221b0c7019b1c\"><div class=\"panel-body toggle-content fusion-clearfix\">\n<p><a href=\"https:\/\/www.saskatoonhealthregion.ca\/locations_services\/Services\/Alvin-Buckwold\/Pages\/Resources.aspx\" target=\"_blank\" rel=\"noopener\">Alvin Buckwold Child Development Program Family Resources Journal<\/a> &#8211; Mod\u00e8le pour le suivi des sympt\u00f4mes des patients.<\/p>\n<\/div><\/div><\/div><div class=\"fusion-panel panel-default panel-e0f10034083afdfda fusion-toggle-has-divider\" style=\"--awb-title-color:#000000;\"><div class=\"panel-heading\"><h4 class=\"panel-title toggle\" id=\"toggle_e0f10034083afdfda\"><a aria-expanded=\"false\" aria-controls=\"e0f10034083afdfda\" role=\"button\" data-toggle=\"collapse\" data-parent=\"#accordion-8138-1\" data-target=\"#e0f10034083afdfda\" href=\"#e0f10034083afdfda\"><span class=\"fusion-toggle-icon-wrapper\" aria-hidden=\"true\"><i class=\"fa-fusion-box active-icon awb-icon-minus\" aria-hidden=\"true\"><\/i><i class=\"fa-fusion-box inactive-icon awb-icon-plus\" aria-hidden=\"true\"><\/i><\/span><span class=\"fusion-toggle-heading\">Soutien informatif<\/span><\/a><\/h4><\/div><div id=\"e0f10034083afdfda\" class=\"panel-collapse collapse \" aria-labelledby=\"toggle_e0f10034083afdfda\"><div class=\"panel-body toggle-content fusion-clearfix\">\n<p><a href=\"https:\/\/www.saskatchewan.ca\/residents\/health\/accessing-health-care-services\/healthline\">HealthLine 8-1-1 <\/a>&#8211; Appelez pour obtenir des conseils professionnels en mati\u00e8re de sant\u00e9 ou de sant\u00e9 mentale et de toxicomanie, de l&rsquo;\u00e9ducation et du soutien.<\/p>\n<p><a href=\"https:\/\/www.saskatchewan.ca\/government\/government-structure\/boards-commissions-and-agencies\/office-of-disability-issues\">Office of Disability Issues <\/a>&#8211; Assure le leadership et la coordination de la politique en mati\u00e8re de handicap entre les minist\u00e8res, la communaut\u00e9 des personnes handicap\u00e9es et le public afin de faire de la Saskatchewan une province plus inclusive.<\/p>\n<p><a href=\"https:\/\/www.saskatoonhealthregion.ca\/locations_services\/Services\/Medical-Genetics\/Pages\/Resources-Patient-FAQs.aspx\">Royal University Hospital Medical Genetics Patient FAQ<\/a><\/p>\n<p><a href=\"https:\/\/www.saskatoonhealthregion.ca\/locations_services\/Services\/Medical-Genetics\/Pages\/Resources.aspx\">Royal University Hospital Medical Genetics General Information (en anglais)<\/a><\/p>\n<\/div><\/div><\/div><\/div><\/div><\/div><\/div><\/div><\/div>\n","protected":false},"excerpt":{"rendered":"","protected":false},"author":1,"featured_media":0,"parent":7849,"menu_order":78,"comment_status":"closed","ping_status":"closed","template":"","meta":{"om_disable_all_campaigns":false,"_monsterinsights_skip_tracking":false,"_monsterinsights_sitenote_active":false,"_monsterinsights_sitenote_note":"","_monsterinsights_sitenote_category":0,"_uf_show_specific_survey":0,"_uf_disable_surveys":false,"footnotes":""},"class_list":["post-8138","page","type-page","status-publish","hentry"],"aioseo_notices":[],"_links":{"self":[{"href":"https:\/\/mitocanada.org\/fr\/wp-json\/wp\/v2\/pages\/8138","targetHints":{"allow":["GET"]}}],"collection":[{"href":"https:\/\/mitocanada.org\/fr\/wp-json\/wp\/v2\/pages"}],"about":[{"href":"https:\/\/mitocanada.org\/fr\/wp-json\/wp\/v2\/types\/page"}],"author":[{"embeddable":true,"href":"https:\/\/mitocanada.org\/fr\/wp-json\/wp\/v2\/users\/1"}],"replies":[{"embeddable":true,"href":"https:\/\/mitocanada.org\/fr\/wp-json\/wp\/v2\/comments?post=8138"}],"version-history":[{"count":2,"href":"https:\/\/mitocanada.org\/fr\/wp-json\/wp\/v2\/pages\/8138\/revisions"}],"predecessor-version":[{"id":8140,"href":"https:\/\/mitocanada.org\/fr\/wp-json\/wp\/v2\/pages\/8138\/revisions\/8140"}],"up":[{"embeddable":true,"href":"https:\/\/mitocanada.org\/fr\/wp-json\/wp\/v2\/pages\/7849"}],"wp:attachment":[{"href":"https:\/\/mitocanada.org\/fr\/wp-json\/wp\/v2\/media?parent=8138"}],"curies":[{"name":"wp","href":"https:\/\/api.w.org\/{rel}","templated":true}]}}