{"id":8135,"date":"2022-05-02T14:37:43","date_gmt":"2022-05-02T18:37:43","guid":{"rendered":"https:\/\/mitocanada.org\/soutien\/ressources-provinciales-et-nationales-pour-les-patients\/ressources-pour-les-patients-et-les-soignants-manitoba\/"},"modified":"2024-12-05T16:52:14","modified_gmt":"2024-12-05T21:52:14","slug":"ressources-pour-les-patients-et-les-soignants-manitoba","status":"publish","type":"page","link":"https:\/\/mitocanada.org\/fr\/soutien\/ressources-provinciales-et-nationales-pour-les-patients\/ressources-pour-les-patients-et-les-soignants-manitoba\/","title":{"rendered":"Ressources pour les patients et les soignants &#8211; Manitoba"},"content":{"rendered":"<div class=\"fusion-fullwidth fullwidth-box fusion-builder-row-1 fusion-flex-container nonhundred-percent-fullwidth non-hundred-percent-height-scrolling\" style=\"--awb-border-radius-top-left:0px;--awb-border-radius-top-right:0px;--awb-border-radius-bottom-right:0px;--awb-border-radius-bottom-left:0px;--awb-flex-wrap:wrap;\" ><div class=\"fusion-builder-row fusion-row fusion-flex-align-items-flex-start fusion-flex-content-wrap\" style=\"max-width:1456px;margin-left: calc(-4% \/ 2 );margin-right: calc(-4% \/ 2 );\"><div class=\"fusion-layout-column fusion_builder_column fusion-builder-column-0 fusion_builder_column_1_1 1_1 fusion-flex-column\" style=\"--awb-bg-size:cover;--awb-width-large:100%;--awb-margin-top-large:0px;--awb-spacing-right-large:1.92%;--awb-margin-bottom-large:0px;--awb-spacing-left-large:1.92%;--awb-width-medium:100%;--awb-spacing-right-medium:1.92%;--awb-spacing-left-medium:1.92%;--awb-width-small:100%;--awb-spacing-right-small:1.92%;--awb-spacing-left-small:1.92%;\"><div class=\"fusion-column-wrapper fusion-flex-justify-content-flex-start fusion-content-layout-column\"><div class=\"fusion-text fusion-text-1\"><div class=\"wpb_text_column wpb_content_element vc_custom_1562720931186\">\n<div class=\"wpb_wrapper\">\n<div class=\"wpb_text_column wpb_content_element vc_custom_1562720851600\">\n<div class=\"wpb_wrapper\">\n<div class=\"wpb_text_column wpb_content_element vc_custom_1562720776547\">\n<div class=\"wpb_wrapper\">\n<div class=\"wpb_text_column wpb_content_element vc_custom_1562720650367\">\n<div class=\"wpb_wrapper\">\n<div class=\"wpb_text_column wpb_content_element vc_custom_1562720570165\">\n<div class=\"wpb_wrapper\">\n<div class=\"wpb_text_column wpb_content_element vc_custom_1562720508122\">\n<div class=\"wpb_wrapper\">\n<p>Nous avons dress\u00e9 une liste de programmes de soutien nationaux et r\u00e9gionaux et de fondations dans tout le Canada pour aider les patients atteints de maladie mitochondriale et les soignants \u00e0 trouver des informations et des services.<\/p>\n<p>Vous trouverez ci-dessous une liste de ressources pour le Manitoba.<\/p>\n<\/div>\n<\/div>\n<\/div>\n<\/div>\n<\/div>\n<\/div>\n<\/div>\n<\/div>\n<\/div>\n<\/div>\n<\/div>\n<\/div>\n<\/div><div class=\"accordian fusion-accordian\" style=\"--awb-border-size:1px;--awb-icon-size:16px;--awb-content-font-size:var(--awb-typography4-font-size);--awb-icon-alignment:left;--awb-hover-color:var(--awb-color2);--awb-border-color:var(--awb-color3);--awb-background-color:var(--awb-color1);--awb-divider-color:var(--awb-color3);--awb-divider-hover-color:var(--awb-color3);--awb-icon-color:#ffffff;--awb-title-color:#000000;--awb-content-color:#000000;--awb-icon-box-color:#119bb5;--awb-toggle-hover-accent-color:#119bb5;--awb-title-font-family:var(--awb-typography1-font-family);--awb-title-font-weight:var(--awb-typography1-font-weight);--awb-title-font-style:var(--awb-typography1-font-style);--awb-title-font-size:20px;--awb-title-letter-spacing:-0.015em;--awb-title-line-height:1.2;--awb-content-font-family:&quot;Montserrat&quot;;--awb-content-font-style:normal;--awb-content-font-weight:400;\"><div class=\"panel-group fusion-toggle-icon-boxed\" id=\"accordion-8135-1\"><div class=\"fusion-panel panel-default panel-d967a17a31e79ed87 fusion-toggle-has-divider\" style=\"--awb-title-color:#000000;\"><div class=\"panel-heading\"><h4 class=\"panel-title toggle\" id=\"toggle_d967a17a31e79ed87\"><a aria-expanded=\"false\" aria-controls=\"d967a17a31e79ed87\" role=\"button\" data-toggle=\"collapse\" data-parent=\"#accordion-8135-1\" data-target=\"#d967a17a31e79ed87\" href=\"#d967a17a31e79ed87\"><span class=\"fusion-toggle-icon-wrapper\" aria-hidden=\"true\"><i class=\"fa-fusion-box active-icon awb-icon-minus\" aria-hidden=\"true\"><\/i><i class=\"fa-fusion-box inactive-icon awb-icon-plus\" aria-hidden=\"true\"><\/i><\/span><span class=\"fusion-toggle-heading\">Soutien financier<\/span><\/a><\/h4><\/div><div id=\"d967a17a31e79ed87\" class=\"panel-collapse collapse \" aria-labelledby=\"toggle_d967a17a31e79ed87\"><div class=\"panel-body toggle-content fusion-clearfix\">\n<p><a href=\"https:\/\/www.innovicares.ca\/en\" target=\"_blank\" rel=\"noopener\">InnoviCares<\/a> &#8211; La carte <em>innoviCares<\/em> est une carte d&rsquo;\u00e9pargne sur ordonnance gratuite offerte \u00e0 tous les r\u00e9sidents canadiens et financ\u00e9e par les fabricants de produits pharmaceutiques participants. <a href=\"https:\/\/www.gov.mb.ca\/fs\/eia\/eia_disability.html\" target=\"_blank\" rel=\"noopener\">Employment and Income Assistance (EIA<\/a>) &#8211; Aide financi\u00e8re aux Manitobains qui n&rsquo;ont pas d&rsquo;autre moyen de subvenir \u00e0 leurs besoins ou \u00e0 ceux de leur famille. Pour les personnes qui sont en mesure de travailler, l&rsquo;EIA les aide \u00e0 retrouver du travail en leur fournissant des aides \u00e0 l&#8217;emploi. Les b\u00e9n\u00e9ficiaires de l&rsquo;EIA re\u00e7oivent \u00e9galement une aide au loyer s&rsquo;ils ont besoin d&rsquo;une aide pour leurs frais de logement et de services publics. <a href=\"https:\/\/www.gov.mb.ca\/fs\/cds\/index.html\" target=\"_blank\" rel=\"noopener\">Children&rsquo;s disABILITY services <\/a>&#8211; Aide les familles qui \u00e9l\u00e8vent un ou plusieurs enfants souffrant de troubles du d\u00e9veloppement et de handicaps physiques, afin de r\u00e9pondre \u00e0 certains de leurs besoins suppl\u00e9mentaires. <a href=\"https:\/\/www.gov.mb.ca\/fs\/dhsu\/index.html\" target=\"_blank\" rel=\"noopener\">Disability and Health Supports Unit (unit\u00e9 d&rsquo;aide aux personnes handicap\u00e9es et \u00e0 la sant\u00e9<\/a> ) &#8211; Offre un guichet unique rationalis\u00e9 pour aider les clients \u00e9ligibles \u00e0 acc\u00e9der \u00e0 ces aides li\u00e9es au handicap et \u00e0 la sant\u00e9 d&rsquo;une mani\u00e8re coh\u00e9rente, \u00e9quitable et efficace (fournit une aide financi\u00e8re suppl\u00e9mentaire).<\/p>\n<p><a href=\"https:\/\/www.gov.mb.ca\/fs\/childcare\/families\/childcare_subsidies.html\" target=\"_blank\" rel=\"noopener\">Subventions pour la garde d&rsquo;enfants<\/a><\/p>\n<p><a href=\"https:\/\/www.gov.mb.ca\/fs\/eia\/mcb.html\" target=\"_blank\" rel=\"noopener\">Prestation manitobaine pour enfants<\/a> &#8211; Cette prestation mensuelle est vers\u00e9e aux Manitobains \u00e0 faible revenu qui ont des enfants \u00e0 charge. Elle offre \u00e9galement aux parents une aide suppl\u00e9mentaire pour couvrir une partie des co\u00fbts des lunettes de prescription pour leurs enfants. Les familles \u00e0 faible revenu peuvent b\u00e9n\u00e9ficier d&rsquo;une aide allant jusqu&rsquo;\u00e0 35 dollars par mois et par enfant.<\/p>\n<\/div><\/div><\/div><div class=\"fusion-panel panel-default panel-54c10c3f68980b388 fusion-toggle-has-divider\" style=\"--awb-title-color:#000000;\"><div class=\"panel-heading\"><h4 class=\"panel-title toggle\" id=\"toggle_54c10c3f68980b388\"><a aria-expanded=\"false\" aria-controls=\"54c10c3f68980b388\" role=\"button\" data-toggle=\"collapse\" data-parent=\"#accordion-8135-1\" data-target=\"#54c10c3f68980b388\" href=\"#54c10c3f68980b388\"><span class=\"fusion-toggle-icon-wrapper\" aria-hidden=\"true\"><i class=\"fa-fusion-box active-icon awb-icon-minus\" aria-hidden=\"true\"><\/i><i class=\"fa-fusion-box inactive-icon awb-icon-plus\" aria-hidden=\"true\"><\/i><\/span><span class=\"fusion-toggle-heading\">Soutien \u00e9motionnel<\/span><\/a><\/h4><\/div><div id=\"54c10c3f68980b388\" class=\"panel-collapse collapse \" aria-labelledby=\"toggle_54c10c3f68980b388\"><div class=\"panel-body toggle-content fusion-clearfix\">\n<p>Veuillez consulter les listes des <a href=\"https:\/\/mitocanada.org\/mitolife\/patient-caregiver_resources-national-programs\" target=\"_blank\" rel=\"noopener\">programmes nationaux<\/a> et des <a href=\"https:\/\/mitocanada.org\/mitolife\/patient-caregiver_resources-national-foundations\" target=\"_blank\" rel=\"noopener\">fondations nationales<\/a>.<\/p>\n<\/div><\/div><\/div><div class=\"fusion-panel panel-default panel-78afa7402046da5da fusion-toggle-has-divider\" style=\"--awb-title-color:#000000;\"><div class=\"panel-heading\"><h4 class=\"panel-title toggle\" id=\"toggle_78afa7402046da5da\"><a aria-expanded=\"false\" aria-controls=\"78afa7402046da5da\" role=\"button\" data-toggle=\"collapse\" data-parent=\"#accordion-8135-1\" data-target=\"#78afa7402046da5da\" href=\"#78afa7402046da5da\"><span class=\"fusion-toggle-icon-wrapper\" aria-hidden=\"true\"><i class=\"fa-fusion-box active-icon awb-icon-minus\" aria-hidden=\"true\"><\/i><i class=\"fa-fusion-box inactive-icon awb-icon-plus\" aria-hidden=\"true\"><\/i><\/span><span class=\"fusion-toggle-heading\">Soutien physique<\/span><\/a><\/h4><\/div><div id=\"78afa7402046da5da\" class=\"panel-collapse collapse \" aria-labelledby=\"toggle_78afa7402046da5da\"><div class=\"panel-body toggle-content fusion-clearfix\">\n<p><a href=\"https:\/\/www.gov.mb.ca\/fs\/mdc\/index.html\" target=\"_blank\" rel=\"noopener\">Manitoba Developmental Centre <\/a>&#8211; \u00c9tablissement de soins r\u00e9sidentiels agr\u00e9\u00e9 pour les adultes souffrant d&rsquo;un handicap intellectuel. Sa mission est d&rsquo;aider les r\u00e9sidents \u00e0 atteindre l&rsquo;ind\u00e9pendance, une sant\u00e9 optimale, une activit\u00e9 significative, un d\u00e9veloppement personnel et une participation \u00e0 la vie de la communaut\u00e9.<\/p>\n<\/div><\/div><\/div><div class=\"fusion-panel panel-default panel-8e1b125c1478da605 fusion-toggle-has-divider\" style=\"--awb-title-color:#000000;\"><div class=\"panel-heading\"><h4 class=\"panel-title toggle\" id=\"toggle_8e1b125c1478da605\"><a aria-expanded=\"false\" aria-controls=\"8e1b125c1478da605\" role=\"button\" data-toggle=\"collapse\" data-parent=\"#accordion-8135-1\" data-target=\"#8e1b125c1478da605\" href=\"#8e1b125c1478da605\"><span class=\"fusion-toggle-icon-wrapper\" aria-hidden=\"true\"><i class=\"fa-fusion-box active-icon awb-icon-minus\" aria-hidden=\"true\"><\/i><i class=\"fa-fusion-box inactive-icon awb-icon-plus\" aria-hidden=\"true\"><\/i><\/span><span class=\"fusion-toggle-heading\">Soutien social<\/span><\/a><\/h4><\/div><div id=\"8e1b125c1478da605\" class=\"panel-collapse collapse \" aria-labelledby=\"toggle_8e1b125c1478da605\"><div class=\"panel-body toggle-content fusion-clearfix\">\n<p><a href=\"https:\/\/www.gov.mb.ca\/fs\/clds\/index.html\" target=\"_blank\" rel=\"noopener\">Community Living disABILITY Services <\/a>&#8211; Aide les adultes ayant une d\u00e9ficience intellectuelle au Manitoba \u00e0 mener une vie agr\u00e9able et satisfaisante au sein de leur communaut\u00e9.<\/p>\n<\/div><\/div><\/div><div class=\"fusion-panel panel-default panel-fcc635e98b981749e fusion-toggle-has-divider\" style=\"--awb-title-color:#000000;\"><div class=\"panel-heading\"><h4 class=\"panel-title toggle\" id=\"toggle_fcc635e98b981749e\"><a aria-expanded=\"false\" aria-controls=\"fcc635e98b981749e\" role=\"button\" data-toggle=\"collapse\" data-parent=\"#accordion-8135-1\" data-target=\"#fcc635e98b981749e\" href=\"#fcc635e98b981749e\"><span class=\"fusion-toggle-icon-wrapper\" aria-hidden=\"true\"><i class=\"fa-fusion-box active-icon awb-icon-minus\" aria-hidden=\"true\"><\/i><i class=\"fa-fusion-box inactive-icon awb-icon-plus\" aria-hidden=\"true\"><\/i><\/span><span class=\"fusion-toggle-heading\">Soutien informatif<\/span><\/a><\/h4><\/div><div id=\"fcc635e98b981749e\" class=\"panel-collapse collapse \" aria-labelledby=\"toggle_fcc635e98b981749e\"><div class=\"panel-body toggle-content fusion-clearfix\">\n<p><a href=\"https:\/\/www.gov.mb.ca\/dio\/index.html\" target=\"_blank\" rel=\"noopener\">Disabilities Issues Office (DIO) <\/a>&#8211; Ce bureau est charg\u00e9 d&rsquo;\u00e9laborer et de mener des activit\u00e9s d&rsquo;\u00e9ducation du public afin de mieux faire conna\u00eetre la loi sur l&rsquo;accessibilit\u00e9 pour les Manitobains.<\/p>\n<p><a href=\"https:\/\/www.gov.mb.ca\/fs\/financial_benefits.html\" target=\"_blank\" rel=\"noopener\">List of Financial Benefits and Assistance for Province of Manitoba <\/a>&#8211; Un certain nombre de programmes de prestations financi\u00e8res, de subventions et de suppl\u00e9ments dans toute la province<a href=\"https:\/\/www.gov.mb.ca\/fs\/imd\/index.html\" target=\"_blank\" rel=\"noopener\">. <\/a><\/p>\n<p><a href=\"https:\/\/www.gov.mb.ca\/fs\/imd\/index.html\" target=\"_blank\" rel=\"noopener\">Tool for Finding Information and Services Available <\/a>&#8211; Un outil en ligne pour aider les gens \u00e0 trouver des informations sur les services disponibles pour les personnes handicap\u00e9es au Manitoba.<\/p>\n<\/div><\/div><\/div><\/div><\/div><\/div><\/div><\/div><\/div>\n","protected":false},"excerpt":{"rendered":"","protected":false},"author":1,"featured_media":0,"parent":7849,"menu_order":74,"comment_status":"closed","ping_status":"closed","template":"","meta":{"om_disable_all_campaigns":false,"_monsterinsights_skip_tracking":false,"_monsterinsights_sitenote_active":false,"_monsterinsights_sitenote_note":"","_monsterinsights_sitenote_category":0,"_uf_show_specific_survey":0,"_uf_disable_surveys":false,"footnotes":""},"class_list":["post-8135","page","type-page","status-publish","hentry"],"aioseo_notices":[],"_links":{"self":[{"href":"https:\/\/mitocanada.org\/fr\/wp-json\/wp\/v2\/pages\/8135","targetHints":{"allow":["GET"]}}],"collection":[{"href":"https:\/\/mitocanada.org\/fr\/wp-json\/wp\/v2\/pages"}],"about":[{"href":"https:\/\/mitocanada.org\/fr\/wp-json\/wp\/v2\/types\/page"}],"author":[{"embeddable":true,"href":"https:\/\/mitocanada.org\/fr\/wp-json\/wp\/v2\/users\/1"}],"replies":[{"embeddable":true,"href":"https:\/\/mitocanada.org\/fr\/wp-json\/wp\/v2\/comments?post=8135"}],"version-history":[{"count":2,"href":"https:\/\/mitocanada.org\/fr\/wp-json\/wp\/v2\/pages\/8135\/revisions"}],"predecessor-version":[{"id":8137,"href":"https:\/\/mitocanada.org\/fr\/wp-json\/wp\/v2\/pages\/8135\/revisions\/8137"}],"up":[{"embeddable":true,"href":"https:\/\/mitocanada.org\/fr\/wp-json\/wp\/v2\/pages\/7849"}],"wp:attachment":[{"href":"https:\/\/mitocanada.org\/fr\/wp-json\/wp\/v2\/media?parent=8135"}],"curies":[{"name":"wp","href":"https:\/\/api.w.org\/{rel}","templated":true}]}}