{"id":8127,"date":"2022-05-02T14:32:01","date_gmt":"2022-05-02T18:32:01","guid":{"rendered":"https:\/\/mitocanada.org\/soutien\/ressources-provinciales-et-nationales-pour-les-patients\/ressources-pour-les-patients-et-les-aidants-quebec\/"},"modified":"2024-12-05T16:51:58","modified_gmt":"2024-12-05T21:51:58","slug":"ressources-pour-les-patients-et-les-aidants-quebec","status":"publish","type":"page","link":"https:\/\/mitocanada.org\/fr\/soutien\/ressources-provinciales-et-nationales-pour-les-patients\/ressources-pour-les-patients-et-les-aidants-quebec\/","title":{"rendered":"Ressources pour les patients et les aidants &#8211; Qu\u00e9bec"},"content":{"rendered":"<div class=\"fusion-fullwidth fullwidth-box fusion-builder-row-1 fusion-flex-container nonhundred-percent-fullwidth non-hundred-percent-height-scrolling\" style=\"--awb-border-radius-top-left:0px;--awb-border-radius-top-right:0px;--awb-border-radius-bottom-right:0px;--awb-border-radius-bottom-left:0px;--awb-flex-wrap:wrap;\" ><div class=\"fusion-builder-row fusion-row fusion-flex-align-items-flex-start fusion-flex-content-wrap\" style=\"max-width:1456px;margin-left: calc(-4% \/ 2 );margin-right: calc(-4% \/ 2 );\"><div class=\"fusion-layout-column fusion_builder_column fusion-builder-column-0 fusion_builder_column_1_1 1_1 fusion-flex-column\" style=\"--awb-bg-size:cover;--awb-width-large:100%;--awb-margin-top-large:0px;--awb-spacing-right-large:1.92%;--awb-margin-bottom-large:0px;--awb-spacing-left-large:1.92%;--awb-width-medium:100%;--awb-spacing-right-medium:1.92%;--awb-spacing-left-medium:1.92%;--awb-width-small:100%;--awb-spacing-right-small:1.92%;--awb-spacing-left-small:1.92%;\"><div class=\"fusion-column-wrapper fusion-flex-justify-content-flex-start fusion-content-layout-column\"><div class=\"fusion-text fusion-text-1\"><div class=\"wpb_text_column wpb_content_element vc_custom_1562720931186\">\n<div class=\"wpb_wrapper\">\n<div class=\"wpb_text_column wpb_content_element vc_custom_1562720851600\">\n<div class=\"wpb_wrapper\">\n<div class=\"wpb_text_column wpb_content_element vc_custom_1562720776547\">\n<div class=\"wpb_wrapper\">\n<div class=\"wpb_text_column wpb_content_element vc_custom_1562720650367\">\n<div class=\"wpb_wrapper\">\n<p>Nous avons dress\u00e9 une liste de programmes de soutien nationaux et r\u00e9gionaux et de fondations \u00e0 travers le Canada pour aider les patients atteints de maladie mitochondriale et les soignants \u00e0 trouver des informations et des services.<\/p>\n<p>Vous trouverez ci-dessous une liste de ressources pour le Qu\u00e9bec.<\/p>\n<\/div>\n<\/div>\n<\/div>\n<\/div>\n<div class=\"wpb_text_column wpb_content_element vc_custom_1562869095779\">\n<div class=\"wpb_wrapper\"><\/div>\n<\/div>\n<\/div>\n<\/div>\n<\/div>\n<\/div>\n<\/div><div class=\"accordian fusion-accordian\" style=\"--awb-border-size:1px;--awb-icon-size:16px;--awb-content-font-size:var(--awb-typography4-font-size);--awb-icon-alignment:left;--awb-hover-color:var(--awb-color2);--awb-border-color:var(--awb-color3);--awb-background-color:var(--awb-color1);--awb-divider-color:var(--awb-color3);--awb-divider-hover-color:var(--awb-color3);--awb-icon-color:#ffffff;--awb-title-color:#000000;--awb-content-color:#000000;--awb-icon-box-color:#119bb5;--awb-toggle-hover-accent-color:#119bb5;--awb-title-font-family:var(--awb-typography1-font-family);--awb-title-font-weight:var(--awb-typography1-font-weight);--awb-title-font-style:var(--awb-typography1-font-style);--awb-title-font-size:20px;--awb-title-letter-spacing:-0.015em;--awb-title-line-height:1.2;--awb-content-font-family:&quot;Montserrat&quot;;--awb-content-font-style:normal;--awb-content-font-weight:400;\"><div class=\"panel-group fusion-toggle-icon-boxed\" id=\"accordion-8127-1\"><div class=\"fusion-panel panel-default panel-0c00b2490ae602d3e fusion-toggle-has-divider\" style=\"--awb-title-color:#000000;\"><div class=\"panel-heading\"><h4 class=\"panel-title toggle\" id=\"toggle_0c00b2490ae602d3e\"><a aria-expanded=\"false\" aria-controls=\"0c00b2490ae602d3e\" role=\"button\" data-toggle=\"collapse\" data-parent=\"#accordion-8127-1\" data-target=\"#0c00b2490ae602d3e\" href=\"#0c00b2490ae602d3e\"><span class=\"fusion-toggle-icon-wrapper\" aria-hidden=\"true\"><i class=\"fa-fusion-box active-icon awb-icon-minus\" aria-hidden=\"true\"><\/i><i class=\"fa-fusion-box inactive-icon awb-icon-plus\" aria-hidden=\"true\"><\/i><\/span><span class=\"fusion-toggle-heading\">Soutien financier<\/span><\/a><\/h4><\/div><div id=\"0c00b2490ae602d3e\" class=\"panel-collapse collapse \" aria-labelledby=\"toggle_0c00b2490ae602d3e\"><div class=\"panel-body toggle-content fusion-clearfix\">\n<p><a href=\"https:\/\/www.innovicares.ca\/en\" target=\"_blank\" rel=\"noopener\">InnoviCares<\/a> &#8211; La carte <em>innoviCares<\/em> est une carte d&rsquo;\u00e9pargne sur ordonnance gratuite offerte \u00e0 tous les r\u00e9sidents canadiens et financ\u00e9e par les fabricants de produits pharmaceutiques participants. <a href=\"http:\/\/www.ramq.gouv.qc.ca\/en\/citizens\/aid-programs\/domestic-help\/Pages\/domestic-help.aspx\" target=\"_blank\" rel=\"noopener\">Programme d&rsquo;aide financi\u00e8re pour les services d&rsquo;aide domestique <\/a>&#8211; Ce programme pr\u00e9voit une r\u00e9duction du taux horaire factur\u00e9 pour les services d&rsquo;aide domestique par les entreprises d&rsquo;\u00e9conomie sociale. Ces services comprennent l&rsquo;entretien m\u00e9nager, le blanchissage, la pr\u00e9paration des repas et l&rsquo;accompagnement lors des courses.<\/p>\n<\/div><\/div><\/div><div class=\"fusion-panel panel-default panel-0df25c94850f28231 fusion-toggle-has-divider\" style=\"--awb-title-color:#000000;\"><div class=\"panel-heading\"><h4 class=\"panel-title toggle\" id=\"toggle_0df25c94850f28231\"><a aria-expanded=\"false\" aria-controls=\"0df25c94850f28231\" role=\"button\" data-toggle=\"collapse\" data-parent=\"#accordion-8127-1\" data-target=\"#0df25c94850f28231\" href=\"#0df25c94850f28231\"><span class=\"fusion-toggle-icon-wrapper\" aria-hidden=\"true\"><i class=\"fa-fusion-box active-icon awb-icon-minus\" aria-hidden=\"true\"><\/i><i class=\"fa-fusion-box inactive-icon awb-icon-plus\" aria-hidden=\"true\"><\/i><\/span><span class=\"fusion-toggle-heading\">Soutien \u00e9motionnel<\/span><\/a><\/h4><\/div><div id=\"0df25c94850f28231\" class=\"panel-collapse collapse \" aria-labelledby=\"toggle_0df25c94850f28231\"><div class=\"panel-body toggle-content fusion-clearfix\">\n<p>Veuillez consulter les listes des <a href=\"https:\/\/mitocanada.org\/support\/provincial-canadian-and-global-patient-resources\/patient-and-caregiver-resources-national-programs\/\" target=\"_blank\" rel=\"noopener\">programmes nationaux<\/a> et des <a href=\"https:\/\/mitocanada.org\/support\/provincial-canadian-and-global-patient-resources\/patient-and-caregiver-resources-national-foundations\/\" target=\"_blank\" rel=\"noopener\">fondations nationales<\/a>.<\/p>\n<\/div><\/div><\/div><div class=\"fusion-panel panel-default panel-c39fb04c2f163ce12 fusion-toggle-has-divider\" style=\"--awb-title-color:#000000;\"><div class=\"panel-heading\"><h4 class=\"panel-title toggle\" id=\"toggle_c39fb04c2f163ce12\"><a aria-expanded=\"false\" aria-controls=\"c39fb04c2f163ce12\" role=\"button\" data-toggle=\"collapse\" data-parent=\"#accordion-8127-1\" data-target=\"#c39fb04c2f163ce12\" href=\"#c39fb04c2f163ce12\"><span class=\"fusion-toggle-icon-wrapper\" aria-hidden=\"true\"><i class=\"fa-fusion-box active-icon awb-icon-minus\" aria-hidden=\"true\"><\/i><i class=\"fa-fusion-box inactive-icon awb-icon-plus\" aria-hidden=\"true\"><\/i><\/span><span class=\"fusion-toggle-heading\">Soutien physique<\/span><\/a><\/h4><\/div><div id=\"c39fb04c2f163ce12\" class=\"panel-collapse collapse \" aria-labelledby=\"toggle_c39fb04c2f163ce12\"><div class=\"panel-body toggle-content fusion-clearfix\">\n<p><a href=\"https:\/\/www.thechildren.com\/private-home-care-assistance-resources\" target=\"_blank\" rel=\"noopener\">Ressources pour l&rsquo;aide aux soins \u00e0 domicile priv\u00e9s <\/a>&#8211; Fournit une liste de num\u00e9ros de t\u00e9l\u00e9phone et de sites web pour l&rsquo;aide aux soins \u00e0 domicile priv\u00e9s.<\/p>\n<\/div><\/div><\/div><div class=\"fusion-panel panel-default panel-cba2548dc687e86a5 fusion-toggle-has-divider\" style=\"--awb-title-color:#000000;\"><div class=\"panel-heading\"><h4 class=\"panel-title toggle\" id=\"toggle_cba2548dc687e86a5\"><a aria-expanded=\"false\" aria-controls=\"cba2548dc687e86a5\" role=\"button\" data-toggle=\"collapse\" data-parent=\"#accordion-8127-1\" data-target=\"#cba2548dc687e86a5\" href=\"#cba2548dc687e86a5\"><span class=\"fusion-toggle-icon-wrapper\" aria-hidden=\"true\"><i class=\"fa-fusion-box active-icon awb-icon-minus\" aria-hidden=\"true\"><\/i><i class=\"fa-fusion-box inactive-icon awb-icon-plus\" aria-hidden=\"true\"><\/i><\/span><span class=\"fusion-toggle-heading\">Soutien social<\/span><\/a><\/h4><\/div><div id=\"cba2548dc687e86a5\" class=\"panel-collapse collapse \" aria-labelledby=\"toggle_cba2548dc687e86a5\"><div class=\"panel-body toggle-content fusion-clearfix\">\n<p><a href=\"https:\/\/www.thechildren.com\/community-resources-aboriginalfirst-nations-people\" target=\"_blank\" rel=\"noopener\">Ressources communautaires pour les peuples autochtones du Qu\u00e9bec et du Nunavut <\/a>&#8211; Fournit une liste de num\u00e9ros de t\u00e9l\u00e9phone et de sites Web d&rsquo;organisations pour les ressources communautaires des peuples autochtones du Qu\u00e9bec et du Nunavut.<\/p>\n<p><a href=\"https:\/\/www.curateur.gouv.qc.ca\/cura\/fr\/\" target=\"_blank\" rel=\"noopener\">Repr\u00e9sentation juridique pour les patients au Qu\u00e9bec<\/a><\/p>\n<\/div><\/div><\/div><div class=\"fusion-panel panel-default panel-9ea4159884b6e1090 fusion-toggle-has-divider\" style=\"--awb-title-color:#000000;\"><div class=\"panel-heading\"><h4 class=\"panel-title toggle\" id=\"toggle_9ea4159884b6e1090\"><a aria-expanded=\"false\" aria-controls=\"9ea4159884b6e1090\" role=\"button\" data-toggle=\"collapse\" data-parent=\"#accordion-8127-1\" data-target=\"#9ea4159884b6e1090\" href=\"#9ea4159884b6e1090\"><span class=\"fusion-toggle-icon-wrapper\" aria-hidden=\"true\"><i class=\"fa-fusion-box active-icon awb-icon-minus\" aria-hidden=\"true\"><\/i><i class=\"fa-fusion-box inactive-icon awb-icon-plus\" aria-hidden=\"true\"><\/i><\/span><span class=\"fusion-toggle-heading\">Soutien informatif<\/span><\/a><\/h4><\/div><div id=\"9ea4159884b6e1090\" class=\"panel-collapse collapse \" aria-labelledby=\"toggle_9ea4159884b6e1090\"><div class=\"panel-body toggle-content fusion-clearfix\">\n<p><a href=\"https:\/\/rqmo.org\/\" target=\"_blank\" rel=\"noopener\">(RQMO)<\/a> Regroupement Qu\u00e9b\u00e9cois des Maladies Orphelines<\/p>\n<\/div><\/div><\/div><\/div><\/div><\/div><\/div><\/div><\/div>\n","protected":false},"excerpt":{"rendered":"","protected":false},"author":1,"featured_media":0,"parent":7849,"menu_order":60,"comment_status":"closed","ping_status":"closed","template":"","meta":{"om_disable_all_campaigns":false,"_monsterinsights_skip_tracking":false,"_monsterinsights_sitenote_active":false,"_monsterinsights_sitenote_note":"","_monsterinsights_sitenote_category":0,"_uf_show_specific_survey":0,"_uf_disable_surveys":false,"footnotes":""},"class_list":["post-8127","page","type-page","status-publish","hentry"],"aioseo_notices":[],"_links":{"self":[{"href":"https:\/\/mitocanada.org\/fr\/wp-json\/wp\/v2\/pages\/8127","targetHints":{"allow":["GET"]}}],"collection":[{"href":"https:\/\/mitocanada.org\/fr\/wp-json\/wp\/v2\/pages"}],"about":[{"href":"https:\/\/mitocanada.org\/fr\/wp-json\/wp\/v2\/types\/page"}],"author":[{"embeddable":true,"href":"https:\/\/mitocanada.org\/fr\/wp-json\/wp\/v2\/users\/1"}],"replies":[{"embeddable":true,"href":"https:\/\/mitocanada.org\/fr\/wp-json\/wp\/v2\/comments?post=8127"}],"version-history":[{"count":1,"href":"https:\/\/mitocanada.org\/fr\/wp-json\/wp\/v2\/pages\/8127\/revisions"}],"predecessor-version":[{"id":8130,"href":"https:\/\/mitocanada.org\/fr\/wp-json\/wp\/v2\/pages\/8127\/revisions\/8130"}],"up":[{"embeddable":true,"href":"https:\/\/mitocanada.org\/fr\/wp-json\/wp\/v2\/pages\/7849"}],"wp:attachment":[{"href":"https:\/\/mitocanada.org\/fr\/wp-json\/wp\/v2\/media?parent=8127"}],"curies":[{"name":"wp","href":"https:\/\/api.w.org\/{rel}","templated":true}]}}