{"id":8124,"date":"2022-05-02T14:34:17","date_gmt":"2022-05-02T18:34:17","guid":{"rendered":"https:\/\/mitocanada.org\/soutien\/ressources-provinciales-et-nationales-pour-les-patients\/ressources-pour-les-patients-et-les-soignants-ontario\/"},"modified":"2024-12-05T16:51:58","modified_gmt":"2024-12-05T21:51:58","slug":"ressources-pour-les-patients-et-les-soignants-ontario","status":"publish","type":"page","link":"https:\/\/mitocanada.org\/fr\/soutien\/ressources-provinciales-et-nationales-pour-les-patients\/ressources-pour-les-patients-et-les-soignants-ontario\/","title":{"rendered":"Ressources pour les patients et les soignants &#8211; Ontario"},"content":{"rendered":"<div class=\"fusion-fullwidth fullwidth-box fusion-builder-row-1 fusion-flex-container nonhundred-percent-fullwidth non-hundred-percent-height-scrolling\" style=\"--awb-border-radius-top-left:0px;--awb-border-radius-top-right:0px;--awb-border-radius-bottom-right:0px;--awb-border-radius-bottom-left:0px;--awb-flex-wrap:wrap;\" ><div class=\"fusion-builder-row fusion-row fusion-flex-align-items-flex-start fusion-flex-content-wrap\" style=\"max-width:1456px;margin-left: calc(-4% \/ 2 );margin-right: calc(-4% \/ 2 );\"><div class=\"fusion-layout-column fusion_builder_column fusion-builder-column-0 fusion_builder_column_1_1 1_1 fusion-flex-column\" style=\"--awb-bg-size:cover;--awb-width-large:100%;--awb-margin-top-large:0px;--awb-spacing-right-large:1.92%;--awb-margin-bottom-large:0px;--awb-spacing-left-large:1.92%;--awb-width-medium:100%;--awb-spacing-right-medium:1.92%;--awb-spacing-left-medium:1.92%;--awb-width-small:100%;--awb-spacing-right-small:1.92%;--awb-spacing-left-small:1.92%;\"><div class=\"fusion-column-wrapper fusion-flex-justify-content-flex-start fusion-content-layout-column\"><div class=\"fusion-text fusion-text-1\"><div class=\"wpb_text_column wpb_content_element vc_custom_1562720931186\">\n<div class=\"wpb_wrapper\">\n<div class=\"wpb_text_column wpb_content_element vc_custom_1562720851600\">\n<div class=\"wpb_wrapper\">\n<div class=\"wpb_text_column wpb_content_element vc_custom_1562720776547\">\n<div class=\"wpb_wrapper\">\n<div class=\"wpb_text_column wpb_content_element vc_custom_1562720650367\">\n<div class=\"wpb_wrapper\">\n<div class=\"wpb_text_column wpb_content_element vc_custom_1562720570165\">\n<div class=\"wpb_wrapper\">\n<p>Nous avons dress\u00e9 une liste de programmes de soutien nationaux et r\u00e9gionaux et de fondations dans tout le Canada pour aider les patients atteints de maladie mitochondriale et les soignants \u00e0 trouver des informations et des services.<\/p>\n<p>Vous trouverez ci-dessous une liste de ressources pour l&rsquo;Ontario.<\/p>\n<\/div>\n<\/div>\n<div class=\"wpb_text_column wpb_content_element vc_custom_1562868036213\"><\/div>\n<\/div>\n<\/div>\n<\/div>\n<\/div>\n<\/div>\n<\/div>\n<\/div>\n<\/div>\n<\/div><div class=\"accordian fusion-accordian\" style=\"--awb-border-size:1px;--awb-icon-size:16px;--awb-content-font-size:var(--awb-typography4-font-size);--awb-icon-alignment:left;--awb-hover-color:var(--awb-color2);--awb-border-color:var(--awb-color3);--awb-background-color:var(--awb-color1);--awb-divider-color:var(--awb-color3);--awb-divider-hover-color:var(--awb-color3);--awb-icon-color:#ffffff;--awb-title-color:#000000;--awb-content-color:#000000;--awb-icon-box-color:#119bb5;--awb-toggle-hover-accent-color:#119bb5;--awb-title-font-family:var(--awb-typography1-font-family);--awb-title-font-weight:var(--awb-typography1-font-weight);--awb-title-font-style:var(--awb-typography1-font-style);--awb-title-font-size:20px;--awb-title-letter-spacing:-0.015em;--awb-title-line-height:1.2;--awb-content-font-family:&quot;Montserrat&quot;;--awb-content-font-style:normal;--awb-content-font-weight:400;\"><div class=\"panel-group fusion-toggle-icon-boxed\" id=\"accordion-8124-1\"><div class=\"fusion-panel panel-default panel-96694c2554a289657 fusion-toggle-has-divider\" style=\"--awb-title-color:#000000;\"><div class=\"panel-heading\"><h4 class=\"panel-title toggle\" id=\"toggle_96694c2554a289657\"><a aria-expanded=\"false\" aria-controls=\"96694c2554a289657\" role=\"button\" data-toggle=\"collapse\" data-parent=\"#accordion-8124-1\" data-target=\"#96694c2554a289657\" href=\"#96694c2554a289657\"><span class=\"fusion-toggle-icon-wrapper\" aria-hidden=\"true\"><i class=\"fa-fusion-box active-icon awb-icon-minus\" aria-hidden=\"true\"><\/i><i class=\"fa-fusion-box inactive-icon awb-icon-plus\" aria-hidden=\"true\"><\/i><\/span><span class=\"fusion-toggle-heading\">Soutien financier<\/span><\/a><\/h4><\/div><div id=\"96694c2554a289657\" class=\"panel-collapse collapse \" aria-labelledby=\"toggle_96694c2554a289657\"><div class=\"panel-body toggle-content fusion-clearfix\">\n<p><a href=\"https:\/\/www.innovicares.ca\/en\" target=\"_blank\" rel=\"noopener\">InnoviCares<\/a> &#8211; La carte <em>innoviCares<\/em> est une carte d&rsquo;\u00e9pargne sur ordonnance gratuite offerte \u00e0 tous les r\u00e9sidents canadiens et financ\u00e9e par les fabricants de produits pharmaceutiques participants.<\/p>\n<p><a href=\"https:\/\/www.ontario.ca\/page\/assistive-devices-program\/\" target=\"_blank\" rel=\"noopener\">Programme d&rsquo;appareils et accessoires fonctionnels<\/a> &#8211; Le programme d&rsquo;<a href=\"https:\/\/www.ontario.ca\/page\/assistive-devices-program\/\" target=\"_blank\" rel=\"noopener\">appareils et accessoires fonctionnels<\/a> aide les personnes souffrant d&rsquo;un handicap physique de longue dur\u00e9e \u00e0 payer des \u00e9quipements personnalis\u00e9s, comme des fauteuils roulants et des appareils auditifs.<\/p>\n<p><a href=\"https:\/\/www.mcss.gov.on.ca\/en\/mcss\/programs\/social\/odsp\/\" target=\"_blank\" rel=\"noopener\">POSPH<\/a> &#8211; Le Programme ontarien de soutien aux personnes handicap\u00e9es vous offre de l&rsquo;argent pour vous aider, ainsi que les membres admissibles de votre famille, \u00e0 assumer les frais de subsistance, y compris la nourriture et le loyer ; les prestations de sant\u00e9, y compris les m\u00e9dicaments sur ordonnance et les soins de la vue ; et le soutien \u00e0 l&#8217;emploi pour vous aider \u00e0 trouver et \u00e0 conserver un emploi ou \u00e0 progresser dans votre carri\u00e8re.<\/p>\n<\/div><\/div><\/div><div class=\"fusion-panel panel-default panel-7a563af70b46083bb fusion-toggle-has-divider\" style=\"--awb-title-color:#000000;\"><div class=\"panel-heading\"><h4 class=\"panel-title toggle\" id=\"toggle_7a563af70b46083bb\"><a aria-expanded=\"false\" aria-controls=\"7a563af70b46083bb\" role=\"button\" data-toggle=\"collapse\" data-parent=\"#accordion-8124-1\" data-target=\"#7a563af70b46083bb\" href=\"#7a563af70b46083bb\"><span class=\"fusion-toggle-icon-wrapper\" aria-hidden=\"true\"><i class=\"fa-fusion-box active-icon awb-icon-minus\" aria-hidden=\"true\"><\/i><i class=\"fa-fusion-box inactive-icon awb-icon-plus\" aria-hidden=\"true\"><\/i><\/span><span class=\"fusion-toggle-heading\">Soutien \u00e9motionnel<\/span><\/a><\/h4><\/div><div id=\"7a563af70b46083bb\" class=\"panel-collapse collapse \" aria-labelledby=\"toggle_7a563af70b46083bb\"><div class=\"panel-body toggle-content fusion-clearfix\">\n<p><a href=\"http:\/\/www.sickkids.ca\/patient-family-resources\/child-family-centred-care\/spiritual-care\/index.html\" target=\"_blank\" rel=\"noopener\">Spiritual &amp; Religious Care Department at Sick Kids<\/a> &#8211; Le CIEFCC travaille avec les patients, les familles et le personnel pour am\u00e9liorer la prestation de soins centr\u00e9s sur les besoins des patients et de leurs familles.<\/p>\n<p><a href=\"https:\/\/youthlink.ca\/know-us\/introducing\/\" target=\"_blank\" rel=\"noopener\">YouthLink<\/a> &#8211; Fournit des conseils \u00e9motionnels pour divers probl\u00e8mes.<\/p>\n<\/div><\/div><\/div><div class=\"fusion-panel panel-default panel-a3dcd2193b5db9aac fusion-toggle-has-divider\" style=\"--awb-title-color:#000000;\"><div class=\"panel-heading\"><h4 class=\"panel-title toggle\" id=\"toggle_a3dcd2193b5db9aac\"><a aria-expanded=\"false\" aria-controls=\"a3dcd2193b5db9aac\" role=\"button\" data-toggle=\"collapse\" data-parent=\"#accordion-8124-1\" data-target=\"#a3dcd2193b5db9aac\" href=\"#a3dcd2193b5db9aac\"><span class=\"fusion-toggle-icon-wrapper\" aria-hidden=\"true\"><i class=\"fa-fusion-box active-icon awb-icon-minus\" aria-hidden=\"true\"><\/i><i class=\"fa-fusion-box inactive-icon awb-icon-plus\" aria-hidden=\"true\"><\/i><\/span><span class=\"fusion-toggle-heading\">Soutien physique<\/span><\/a><\/h4><\/div><div id=\"a3dcd2193b5db9aac\" class=\"panel-collapse collapse \" aria-labelledby=\"toggle_a3dcd2193b5db9aac\"><div class=\"panel-body toggle-content fusion-clearfix\">\n<p><a href=\"https:\/\/www.dfontario.ca\">Direct Funding, Self-Managed Attendant Services of Ontario (financement direct, services d&rsquo;auxiliaires autog\u00e9r\u00e9s de l&rsquo;Ontario<\/a> ) &#8211; permet aux personnes handicap\u00e9es physiques d&rsquo;autog\u00e9rer leurs services d&rsquo;auxiliaires. Ce programme fournit des ressources financi\u00e8res aux participants admissibles, leur permettant d&#8217;embaucher et de superviser leurs propres pr\u00e9pos\u00e9s aux services de soutien \u00e0 la personne ou auxiliaires, qui les aident \u00e0 accomplir les activit\u00e9s de la vie quotidienne. <\/p>\n<p><a href=\"https:\/\/homecareontario.ca\/home-care-services\/how-to-get-home-care-in-ontario\/\" target=\"_blank\" rel=\"noopener\">Liste des fournisseurs de soins \u00e0 domicile de l&rsquo;Ontario<\/a><\/p>\n<p>CarePoint <a href=\"https:\/\/mitocanada.org\/carepoint\/\" target=\"_blank\" rel=\"noopener\">Health Ontario<\/a> &#8211; CarePoint Health est constitu\u00e9 d&rsquo;une \u00e9quipe collaborative de m\u00e9decins de soins primaires et de professionnels de la sant\u00e9 qui se consacrent \u00e0 l&rsquo;am\u00e9lioration de la sant\u00e9 et du bien-\u00eatre de Mississauga et des communaut\u00e9s avoisinantes. Ils mettent en relation les prestataires de soins primaires et les patients avec une vari\u00e9t\u00e9 de programmes et de ressources, con\u00e7us pour r\u00e9pondre aux besoins individuels, quelle que soit la capacit\u00e9 financi\u00e8re.<\/p>\n<\/div><\/div><\/div><div class=\"fusion-panel panel-default panel-368e6315bef60e87c fusion-toggle-has-divider\" style=\"--awb-title-color:#000000;\"><div class=\"panel-heading\"><h4 class=\"panel-title toggle\" id=\"toggle_368e6315bef60e87c\"><a aria-expanded=\"false\" aria-controls=\"368e6315bef60e87c\" role=\"button\" data-toggle=\"collapse\" data-parent=\"#accordion-8124-1\" data-target=\"#368e6315bef60e87c\" href=\"#368e6315bef60e87c\"><span class=\"fusion-toggle-icon-wrapper\" aria-hidden=\"true\"><i class=\"fa-fusion-box active-icon awb-icon-minus\" aria-hidden=\"true\"><\/i><i class=\"fa-fusion-box inactive-icon awb-icon-plus\" aria-hidden=\"true\"><\/i><\/span><span class=\"fusion-toggle-heading\">Soutien social<\/span><\/a><\/h4><\/div><div id=\"368e6315bef60e87c\" class=\"panel-collapse collapse \" aria-labelledby=\"toggle_368e6315bef60e87c\"><div class=\"panel-body toggle-content fusion-clearfix\">\n<p><a href=\"https:\/\/www.sickkids.ca\/en\/patients-visitors\/care-philosophy\/\" target=\"_blank\" rel=\"noopener\">Sick Kids Family Resource Program<\/a> &#8211; CIEFCC Care travaille avec les patients, les familles et le personnel pour faire progresser la prestation de soins centr\u00e9s sur les besoins des patients et de leurs familles.<\/p>\n<p><a href=\"http:\/\/www.sickkids.ca\/patient-family-resources\/child-family-centred-care\/pro-bono-law\/Pro-Bono-Law.html\" target=\"_blank\" rel=\"noopener\">Pro Bono Law Ontario at Sick Kids<\/a> &#8211; Aide les familles \u00e0 revenu faible ou moyen \u00e0 faire face aux d\u00e9fis juridiques ayant un impact sur la sant\u00e9 des patients et la capacit\u00e9 de la famille \u00e0 s&rsquo;occuper des enfants.<\/p>\n<\/div><\/div><\/div><div class=\"fusion-panel panel-default panel-0854757506aae4799 fusion-toggle-has-divider\" style=\"--awb-title-color:#000000;\"><div class=\"panel-heading\"><h4 class=\"panel-title toggle\" id=\"toggle_0854757506aae4799\"><a aria-expanded=\"false\" aria-controls=\"0854757506aae4799\" role=\"button\" data-toggle=\"collapse\" data-parent=\"#accordion-8124-1\" data-target=\"#0854757506aae4799\" href=\"#0854757506aae4799\"><span class=\"fusion-toggle-icon-wrapper\" aria-hidden=\"true\"><i class=\"fa-fusion-box active-icon awb-icon-minus\" aria-hidden=\"true\"><\/i><i class=\"fa-fusion-box inactive-icon awb-icon-plus\" aria-hidden=\"true\"><\/i><\/span><span class=\"fusion-toggle-heading\">Soutien informatif<\/span><\/a><\/h4><\/div><div id=\"0854757506aae4799\" class=\"panel-collapse collapse \" aria-labelledby=\"toggle_0854757506aae4799\"><div class=\"panel-body toggle-content fusion-clearfix\">\n<p><a href=\"https:\/\/www.ontario.ca\/page\/get-medical-advice-telehealth-ontario\" target=\"_blank\" rel=\"noopener\">T\u00e9l\u00e9sant\u00e9 Ontario<\/a> (1-866-797-0000) &#8211; Acc\u00e9dez \u00e0 des soins s\u00fbrs et de haute qualit\u00e9 et \u00e9vitez les visites inutiles aux urgences. Ce service est un moyen facile d&rsquo;acc\u00e9der aux soins dont vous ou vos proches avez besoin, mais il ne remplace pas votre autre point de contact avec votre fournisseur de soins de sant\u00e9. En cas d&rsquo;urgence m\u00e9dicale, composez imm\u00e9diatement le 911. <a href=\"https:\/\/www.ontario.ca\/page\/take-your-medication-safely\" target=\"_blank\" rel=\"noopener\">MedsCheck<\/a> &#8211; Discutez avec votre pharmacien pour obtenir des informations sur vos m\u00e9dicaments d&rsquo;ordonnance. <a href=\"https:\/\/www.ontario.ca\/page\/home-community-care\" target=\"_blank\" rel=\"noopener\">Informations sur les soins \u00e0 domicile et communautaires<\/a> &#8211; Les services de soins \u00e0 domicile et communautaires s&rsquo;adressent aux personnes de tous \u00e2ges qui ont besoin de soins \u00e0 domicile, \u00e0 l&rsquo;\u00e9cole ou dans la communaut\u00e9. <a href=\"https:\/\/www.ontario.ca\/page\/your-health\" target=\"_blank\" rel=\"noopener\">Outil de recherche des services de sant\u00e9<\/a> &#8211; Trouvez les services de sant\u00e9 dont vous avez besoin, au moment et \u00e0 l&rsquo;endroit o\u00f9 vous en avez besoin. <a href=\"https:\/\/www.uhn.ca\/PatientsFamilies\/Health_Information\/Patient_Family_Education\" target=\"_blank\" rel=\"noopener\">Patient Education and Engagement at the University Health Network<\/a> &#8211; Le service Patient Education and Engagement a pour mission de vous fournir les documents et les ressources dont vous avez besoin pour prendre des d\u00e9cisions \u00e9clair\u00e9es en mati\u00e8re de sant\u00e9. <a href=\"https:\/\/ken.childrenshealthcarecanada.ca\/xwiki\/wiki\/navigatorresources\/view\/Employment+and+Education\/Kaitlin+Atkinson+Family+Resource+Library+at+CHEO+\" target=\"_blank\" rel=\"noopener\">The Kaitlin Atkinson Family Resource Library<\/a> &#8211; Fournit des documents sur la sant\u00e9 des enfants, les maladies et les blessures, ainsi que sur l&rsquo;art d&rsquo;\u00eatre parent. <a href=\"http:\/\/www.cheo.on.ca\/en\/financialcoveragemedicationsontario\" target=\"_blank\" rel=\"noopener\">Aide financi\u00e8re pour les m\u00e9dicaments en Ontario<\/a> &#8211; H\u00f4pital pour enfants pour les m\u00e9dicaments en Ontario <a href=\"http:\/\/www.cheo.on.ca\/en\/financialtipsspecialneeds\" target=\"_blank\" rel=\"noopener\">Conseils financiers pour les parents d&rsquo;enfants ayant des besoins sp\u00e9ciaux<\/a> &#8211; Les enfants et les jeunes ayant des besoins sp\u00e9ciaux ont des probl\u00e8mes m\u00e9dicaux, \u00e9motionnels, d\u00e9veloppementaux, mentaux ou comportementaux qui n\u00e9cessitent une aide et un soutien continus. L&rsquo;Ontario dispose d&rsquo;un certain nombre de programmes provinciaux et le gouvernement f\u00e9d\u00e9ral offre diverses d\u00e9ductions fiscales, cr\u00e9dits et prestations pour aider les familles et les personnes qui s&rsquo;occupent d&rsquo;enfants et de jeunes ayant des besoins particuliers. Cette fiche d&rsquo;information pr\u00e9sente les principales sources d&rsquo;aide financi\u00e8re et fournit quelques informations fiscales. <a href=\"https:\/\/www.centraleasthealthline.ca\/listCategories.aspx?id=10014\" target=\"_blank\" rel=\"noopener\">Moteur de recherche<\/a> &#8211; Offre un r\u00e9pertoire de services qui soutiennent les personnes vivant avec un handicap intellectuel ou physique ; pour les familles et les soignants ainsi que pour les individus.<\/p>\n<\/div><\/div><\/div><\/div><\/div><\/div><\/div><\/div><\/div>\n","protected":false},"excerpt":{"rendered":"","protected":false},"author":1,"featured_media":0,"parent":7849,"menu_order":66,"comment_status":"closed","ping_status":"closed","template":"","meta":{"om_disable_all_campaigns":false,"_monsterinsights_skip_tracking":false,"_monsterinsights_sitenote_active":false,"_monsterinsights_sitenote_note":"","_monsterinsights_sitenote_category":0,"_uf_show_specific_survey":0,"_uf_disable_surveys":false,"footnotes":""},"class_list":["post-8124","page","type-page","status-publish","hentry"],"aioseo_notices":[],"_links":{"self":[{"href":"https:\/\/mitocanada.org\/fr\/wp-json\/wp\/v2\/pages\/8124","targetHints":{"allow":["GET"]}}],"collection":[{"href":"https:\/\/mitocanada.org\/fr\/wp-json\/wp\/v2\/pages"}],"about":[{"href":"https:\/\/mitocanada.org\/fr\/wp-json\/wp\/v2\/types\/page"}],"author":[{"embeddable":true,"href":"https:\/\/mitocanada.org\/fr\/wp-json\/wp\/v2\/users\/1"}],"replies":[{"embeddable":true,"href":"https:\/\/mitocanada.org\/fr\/wp-json\/wp\/v2\/comments?post=8124"}],"version-history":[{"count":6,"href":"https:\/\/mitocanada.org\/fr\/wp-json\/wp\/v2\/pages\/8124\/revisions"}],"predecessor-version":[{"id":8133,"href":"https:\/\/mitocanada.org\/fr\/wp-json\/wp\/v2\/pages\/8124\/revisions\/8133"}],"up":[{"embeddable":true,"href":"https:\/\/mitocanada.org\/fr\/wp-json\/wp\/v2\/pages\/7849"}],"wp:attachment":[{"href":"https:\/\/mitocanada.org\/fr\/wp-json\/wp\/v2\/media?parent=8124"}],"curies":[{"name":"wp","href":"https:\/\/api.w.org\/{rel}","templated":true}]}}