{"id":8121,"date":"2022-05-02T14:19:50","date_gmt":"2022-05-02T18:19:50","guid":{"rendered":"https:\/\/mitocanada.org\/soutien\/ressources-provinciales-et-nationales-pour-les-patients\/ressources-pour-les-patients-et-les-aidants-nouvelle-ecosse\/"},"modified":"2024-12-05T16:51:23","modified_gmt":"2024-12-05T21:51:23","slug":"ressources-pour-les-patients-et-les-aidants-nouvelle-ecosse","status":"publish","type":"page","link":"https:\/\/mitocanada.org\/fr\/soutien\/ressources-provinciales-et-nationales-pour-les-patients\/ressources-pour-les-patients-et-les-aidants-nouvelle-ecosse\/","title":{"rendered":"Ressources pour les patients et les aidants &#8211; Nouvelle-\u00c9cosse"},"content":{"rendered":"<div class=\"fusion-fullwidth fullwidth-box fusion-builder-row-1 fusion-flex-container nonhundred-percent-fullwidth non-hundred-percent-height-scrolling\" style=\"--awb-border-radius-top-left:0px;--awb-border-radius-top-right:0px;--awb-border-radius-bottom-right:0px;--awb-border-radius-bottom-left:0px;--awb-flex-wrap:wrap;\" ><div class=\"fusion-builder-row fusion-row fusion-flex-align-items-flex-start fusion-flex-content-wrap\" style=\"max-width:1456px;margin-left: calc(-4% \/ 2 );margin-right: calc(-4% \/ 2 );\"><div class=\"fusion-layout-column fusion_builder_column fusion-builder-column-0 fusion_builder_column_1_1 1_1 fusion-flex-column\" style=\"--awb-bg-size:cover;--awb-width-large:100%;--awb-margin-top-large:0px;--awb-spacing-right-large:1.92%;--awb-margin-bottom-large:0px;--awb-spacing-left-large:1.92%;--awb-width-medium:100%;--awb-spacing-right-medium:1.92%;--awb-spacing-left-medium:1.92%;--awb-width-small:100%;--awb-spacing-right-small:1.92%;--awb-spacing-left-small:1.92%;\"><div class=\"fusion-column-wrapper fusion-flex-justify-content-flex-start fusion-content-layout-column\"><div class=\"fusion-text fusion-text-1\"><div class=\"wpb_text_column wpb_content_element vc_custom_1562720931186\">\n<div class=\"wpb_wrapper\">\n<div class=\"wpb_text_column wpb_content_element vc_custom_1562720851600\">\n<div class=\"wpb_wrapper\">\n<p>Nous avons dress\u00e9 une liste de programmes de soutien nationaux et r\u00e9gionaux et de fondations dans tout le Canada pour aider les patients atteints de maladie mitochondriale et les soignants \u00e0 trouver des informations et des services.<\/p>\n<p>Vous trouverez ci-dessous une liste de ressources pour la Nouvelle-\u00c9cosse.<\/p>\n<\/div>\n<\/div>\n<\/div>\n<\/div>\n<\/div><div class=\"accordian fusion-accordian\" style=\"--awb-border-size:1px;--awb-icon-size:16px;--awb-content-font-size:var(--awb-typography4-font-size);--awb-icon-alignment:left;--awb-hover-color:var(--awb-color2);--awb-border-color:var(--awb-color3);--awb-background-color:var(--awb-color1);--awb-divider-color:var(--awb-color3);--awb-divider-hover-color:var(--awb-color3);--awb-icon-color:#ffffff;--awb-title-color:#000000;--awb-content-color:#000000;--awb-icon-box-color:#119bb5;--awb-toggle-hover-accent-color:#119bb5;--awb-title-font-family:var(--awb-typography1-font-family);--awb-title-font-weight:var(--awb-typography1-font-weight);--awb-title-font-style:var(--awb-typography1-font-style);--awb-title-font-size:20px;--awb-title-letter-spacing:-0.015em;--awb-title-line-height:1.2;--awb-content-font-family:&quot;Montserrat&quot;;--awb-content-font-style:normal;--awb-content-font-weight:400;\"><div class=\"panel-group fusion-toggle-icon-boxed\" id=\"accordion-8121-1\"><div class=\"fusion-panel panel-default panel-b526e40d5029a902a fusion-toggle-has-divider\" style=\"--awb-title-color:#000000;\"><div class=\"panel-heading\"><h4 class=\"panel-title toggle\" id=\"toggle_b526e40d5029a902a\"><a aria-expanded=\"false\" aria-controls=\"b526e40d5029a902a\" role=\"button\" data-toggle=\"collapse\" data-parent=\"#accordion-8121-1\" data-target=\"#b526e40d5029a902a\" href=\"#b526e40d5029a902a\"><span class=\"fusion-toggle-icon-wrapper\" aria-hidden=\"true\"><i class=\"fa-fusion-box active-icon awb-icon-minus\" aria-hidden=\"true\"><\/i><i class=\"fa-fusion-box inactive-icon awb-icon-plus\" aria-hidden=\"true\"><\/i><\/span><span class=\"fusion-toggle-heading\">Soutien financier<\/span><\/a><\/h4><\/div><div id=\"b526e40d5029a902a\" class=\"panel-collapse collapse \" aria-labelledby=\"toggle_b526e40d5029a902a\"><div class=\"panel-body toggle-content fusion-clearfix\">\n<p><a href=\"https:\/\/www.innovicares.ca\/en\" target=\"_blank\" rel=\"noopener\">InnoviCares<\/a> &#8211; La carte InnoviCares est une carte d&rsquo;\u00e9pargne sur ordonnance gratuite offerte \u00e0 tous les r\u00e9sidents canadiens et financ\u00e9e par les fabricants de produits pharmaceutiques participants.<\/p>\n<div class=\"wpb_text_column wpb_content_element vc_custom_1562720931186\">\n<div class=\"wpb_wrapper\">\n<div class=\"wpb_text_column wpb_content_element vc_custom_1562869473820\">\n<div class=\"wpb_wrapper\">\n<p><a href=\"https:\/\/novascotia.ca\/dhw\/ccs\/health-equipment.asp\" target=\"_blank\" rel=\"noopener\">Health Equipment Loan Program\/Community Bed Loan Program <\/a>(HELP) &#8211; Fournit des lits de type hospitalier aux N\u00e9o-\u00c9cossais admissibles qui ont besoin de lits sp\u00e9cialis\u00e9s \u00e0 domicile. Les lits pr\u00eat\u00e9s sont livr\u00e9s et assembl\u00e9s au domicile du client par la Croix-Rouge canadienne &#8211; r\u00e9gion de la Nouvelle-\u00c9cosse. <a href=\"https:\/\/novascotia.ca\/coms\/disabilities\/SPDProgramPolicy.html\">Disability Support Program <\/a>(DSP) ( <a href=\"https:\/\/novascotia.ca\/coms\/disabilities\/SPDProgramPolicy.html\">Programme de soutien aux personnes handicap\u00e9es <\/a>) &#8211; Fournit un soutien aux personnes ayant une d\u00e9ficience intellectuelle\/physique et\/ou une maladie mentale de longue dur\u00e9e. La politique comprend des informations sur le programme, l&rsquo;\u00e9ligibilit\u00e9 financi\u00e8re et les besoins de base et sp\u00e9ciaux. <a href=\"https:\/\/novascotia.ca\/coms\/disabilities\/DirectFamilySupportForChildren.html\" target=\"_blank\" rel=\"noopener\">Direct Family Support for Children (DFSC) et Enhanced Family Support for Children (EFSC) <\/a>&#8211; Fournissent des fonds pour permettre aux familles de soutenir leur enfant handicap\u00e9 \u00e0 la maison. DFSC et EFSC financent l&rsquo;achat de services de r\u00e9pit pour aider les aidants familiaux \u00e0 faire des pauses programm\u00e9es. <a href=\"https:\/\/novascotia.ca\/coms\/disabilities\/FlexProgram.html\" target=\"_blank\" rel=\"noopener\">Flex Program &#8211;<\/a>Soutien aux participants qui vivent de mani\u00e8re ind\u00e9pendante avec l&rsquo;aide de leur famille ou de leur r\u00e9seau de soutien. <a href=\"https:\/\/cch.novascotia.ca\/investing-our-future\/community-funding-and-awards\/community-access-ability-program\" target=\"_blank\" rel=\"noopener\">Community ACCESS-Ability Program (Programme d&rsquo;accessibilit\u00e9 communautaire) &#8211;<\/a>Fournit des subventions pour des projets visant \u00e0 am\u00e9liorer l&rsquo;accessibilit\u00e9. <\/p>\n<\/div>\n<\/div>\n<\/div>\n<\/div>\n<\/div><\/div><\/div><div class=\"fusion-panel panel-default panel-d496647ee72b4c4b6 fusion-toggle-has-divider\" style=\"--awb-title-color:#000000;\"><div class=\"panel-heading\"><h4 class=\"panel-title toggle\" id=\"toggle_d496647ee72b4c4b6\"><a aria-expanded=\"false\" aria-controls=\"d496647ee72b4c4b6\" role=\"button\" data-toggle=\"collapse\" data-parent=\"#accordion-8121-1\" data-target=\"#d496647ee72b4c4b6\" href=\"#d496647ee72b4c4b6\"><span class=\"fusion-toggle-icon-wrapper\" aria-hidden=\"true\"><i class=\"fa-fusion-box active-icon awb-icon-minus\" aria-hidden=\"true\"><\/i><i class=\"fa-fusion-box inactive-icon awb-icon-plus\" aria-hidden=\"true\"><\/i><\/span><span class=\"fusion-toggle-heading\">Soutien \u00e9motionnel<\/span><\/a><\/h4><\/div><div id=\"d496647ee72b4c4b6\" class=\"panel-collapse collapse \" aria-labelledby=\"toggle_d496647ee72b4c4b6\"><div class=\"panel-body toggle-content fusion-clearfix\">\n<div class=\"wpb_text_column wpb_content_element vc_custom_1562720931186\">\n<div class=\"wpb_wrapper\">\n<div class=\"wpb_text_column wpb_content_element vc_custom_1562869473820\">\n<div class=\"wpb_wrapper\">\n<p>Veuillez consulter les listes des <a href=\"https:\/\/mitocanada.org\/support\/provincial-canadian-and-global-patient-resources\/patient-and-caregiver-resources-national-programs\/\" target=\"_blank\" rel=\"noopener\">programmes nationaux<\/a> et des <a href=\"https:\/\/mitocanada.org\/support\/provincial-canadian-and-global-patient-resources\/patient-and-caregiver-resources-national-foundations\/\" target=\"_blank\" rel=\"noopener\">fondations nationales<\/a>.<\/p>\n<\/div>\n<\/div>\n<\/div>\n<\/div>\n<\/div><\/div><\/div><div class=\"fusion-panel panel-default panel-cf9222e3c32db53f2 fusion-toggle-has-divider\" style=\"--awb-title-color:#000000;\"><div class=\"panel-heading\"><h4 class=\"panel-title toggle\" id=\"toggle_cf9222e3c32db53f2\"><a aria-expanded=\"false\" aria-controls=\"cf9222e3c32db53f2\" role=\"button\" data-toggle=\"collapse\" data-parent=\"#accordion-8121-1\" data-target=\"#cf9222e3c32db53f2\" href=\"#cf9222e3c32db53f2\"><span class=\"fusion-toggle-icon-wrapper\" aria-hidden=\"true\"><i class=\"fa-fusion-box active-icon awb-icon-minus\" aria-hidden=\"true\"><\/i><i class=\"fa-fusion-box inactive-icon awb-icon-plus\" aria-hidden=\"true\"><\/i><\/span><span class=\"fusion-toggle-heading\">Soutien physique<\/span><\/a><\/h4><\/div><div id=\"cf9222e3c32db53f2\" class=\"panel-collapse collapse \" aria-labelledby=\"toggle_cf9222e3c32db53f2\"><div class=\"panel-body toggle-content fusion-clearfix\">\n<div class=\"wpb_text_column wpb_content_element vc_custom_1562720931186\">\n<div class=\"wpb_wrapper\">\n<div class=\"wpb_text_column wpb_content_element vc_custom_1562869473820\">\n<div class=\"wpb_wrapper\">\n<p><a href=\"https:\/\/novascotia.ca\/dhw\/ccs\/\" target=\"_blank\" rel=\"noopener\">Soins continus <\/a>&#8211; Fournis aux personnes \u00e9ligibles qui ont besoin de soins \u00e0 l&rsquo;ext\u00e9rieur de l&rsquo;h\u00f4pital, \u00e0 leur domicile et dans leur communaut\u00e9. Les soins peuvent \u00eatre dispens\u00e9s \u00e0 long ou \u00e0 court terme <a href=\"https:\/\/novascotia.ca\/dhw\/ccs\/home-care.asp\" target=\"_blank\" rel=\"noopener\">. Soins \u00e0 domicile <\/a>&#8211; Disponibles pour tous les N\u00e9o-\u00c9cossais qui ont besoin d&rsquo;aide pour les soins \u00e0 leur domicile et dans leur communaut\u00e9. Les services de soins \u00e0 domicile compl\u00e8tent l&rsquo;aide que les personnes re\u00e7oivent d\u00e9j\u00e0 de leur famille, de leurs amis ou de leur communaut\u00e9, en leur permettant de rester aussi ind\u00e9pendantes que possible en restant chez elles et dans leur communaut\u00e9. <a href=\"https:\/\/novascotia.ca\/coms\/disabilities\/AlternativeFamilySupport.html\" target=\"_blank\" rel=\"noopener\">Alternative Family Support Program (AFS<\/a>) &#8211; Soutien aux personnes vivant avec un handicap dans un foyer familial priv\u00e9 agr\u00e9\u00e9, soutien et supervision. <a href=\"https:\/\/novascotia.ca\/coms\/disabilities\/HomesForSpecialCare.html\" target=\"_blank\" rel=\"noopener\">Licensed Homes for Special Care<\/a> &#8211; Le Disability Support Program<abbr title=\"Programme d'aide aux personnes handicap\u00e9es\">(DSP) (<\/abbr>programme de soutien aux personnes handicap\u00e9es) offre un continuum d&rsquo;options de soutien r\u00e9sidentiel aux personnes handicap\u00e9es. L&rsquo;objectif est de cr\u00e9er une gamme de programmes r\u00e9sidentiels qui peuvent soutenir les personnes \u00e0 diff\u00e9rents stades de leur d\u00e9veloppement et de leur ind\u00e9pendance. <\/p>\n<\/div>\n<\/div>\n<\/div>\n<\/div>\n<\/div><\/div><\/div><div class=\"fusion-panel panel-default panel-e5b38d2beb0367f3e fusion-toggle-has-divider\" style=\"--awb-title-color:#000000;\"><div class=\"panel-heading\"><h4 class=\"panel-title toggle\" id=\"toggle_e5b38d2beb0367f3e\"><a aria-expanded=\"false\" aria-controls=\"e5b38d2beb0367f3e\" role=\"button\" data-toggle=\"collapse\" data-parent=\"#accordion-8121-1\" data-target=\"#e5b38d2beb0367f3e\" href=\"#e5b38d2beb0367f3e\"><span class=\"fusion-toggle-icon-wrapper\" aria-hidden=\"true\"><i class=\"fa-fusion-box active-icon awb-icon-minus\" aria-hidden=\"true\"><\/i><i class=\"fa-fusion-box inactive-icon awb-icon-plus\" aria-hidden=\"true\"><\/i><\/span><span class=\"fusion-toggle-heading\">Soutien social<\/span><\/a><\/h4><\/div><div id=\"e5b38d2beb0367f3e\" class=\"panel-collapse collapse \" aria-labelledby=\"toggle_e5b38d2beb0367f3e\"><div class=\"panel-body toggle-content fusion-clearfix\">\n<div class=\"wpb_text_column wpb_content_element vc_custom_1562720931186\">\n<div class=\"wpb_wrapper\">\n<div class=\"wpb_text_column wpb_content_element vc_custom_1562869473820\">\n<div class=\"wpb_wrapper\">\n<p><a href=\"https:\/\/novascotia.ca\/coms\/disabilities\/AdultServiceCentres.html\" target=\"_blank\" rel=\"noopener\">Adult Service Centres (centres de services pour adultes) &#8211;<\/a>Fournit un soutien professionnel aux adultes handicap\u00e9s.<\/p>\n<\/div>\n<\/div>\n<\/div>\n<\/div>\n<\/div><\/div><\/div><div class=\"fusion-panel panel-default panel-6043f957d777544c2 fusion-toggle-has-divider\" style=\"--awb-title-color:#000000;\"><div class=\"panel-heading\"><h4 class=\"panel-title toggle\" id=\"toggle_6043f957d777544c2\"><a aria-expanded=\"false\" aria-controls=\"6043f957d777544c2\" role=\"button\" data-toggle=\"collapse\" data-parent=\"#accordion-8121-1\" data-target=\"#6043f957d777544c2\" href=\"#6043f957d777544c2\"><span class=\"fusion-toggle-icon-wrapper\" aria-hidden=\"true\"><i class=\"fa-fusion-box active-icon awb-icon-minus\" aria-hidden=\"true\"><\/i><i class=\"fa-fusion-box inactive-icon awb-icon-plus\" aria-hidden=\"true\"><\/i><\/span><span class=\"fusion-toggle-heading\">Soutien informatif<\/span><\/a><\/h4><\/div><div id=\"6043f957d777544c2\" class=\"panel-collapse collapse \" aria-labelledby=\"toggle_6043f957d777544c2\"><div class=\"panel-body toggle-content fusion-clearfix\">\n<div class=\"wpb_text_column wpb_content_element vc_custom_1562720931186\">\n<div class=\"wpb_wrapper\">\n<div class=\"wpb_text_column wpb_content_element vc_custom_1562869473820\">\n<div class=\"wpb_wrapper\">\n<p><a href=\"https:\/\/811.novascotia.ca\/\" target=\"_blank\" rel=\"noopener\">811 Informational Health Advice<\/a> (866-770-7763) &#8211; Permet de parler 24 heures sur 24 \u00e0 une infirmi\u00e8re dipl\u00f4m\u00e9e qui fournit des informations sur les services de la r\u00e9gion ou des informations g\u00e9n\u00e9rales sur les probl\u00e8mes de sant\u00e9.<\/p>\n<\/div>\n<\/div>\n<\/div>\n<\/div>\n<div class=\"wpb_text_column wpb_content_element vc_custom_1562870058320\">\n<div class=\"wpb_wrapper\"><\/div>\n<\/div>\n<\/div><\/div><\/div><\/div><\/div><\/div><\/div><\/div><\/div>\n","protected":false},"excerpt":{"rendered":"","protected":false},"author":1,"featured_media":0,"parent":7849,"menu_order":47,"comment_status":"closed","ping_status":"closed","template":"","meta":{"om_disable_all_campaigns":false,"_monsterinsights_skip_tracking":false,"_monsterinsights_sitenote_active":false,"_monsterinsights_sitenote_note":"","_monsterinsights_sitenote_category":0,"_uf_show_specific_survey":0,"_uf_disable_surveys":false,"footnotes":""},"class_list":["post-8121","page","type-page","status-publish","hentry"],"aioseo_notices":[],"_links":{"self":[{"href":"https:\/\/mitocanada.org\/fr\/wp-json\/wp\/v2\/pages\/8121","targetHints":{"allow":["GET"]}}],"collection":[{"href":"https:\/\/mitocanada.org\/fr\/wp-json\/wp\/v2\/pages"}],"about":[{"href":"https:\/\/mitocanada.org\/fr\/wp-json\/wp\/v2\/types\/page"}],"author":[{"embeddable":true,"href":"https:\/\/mitocanada.org\/fr\/wp-json\/wp\/v2\/users\/1"}],"replies":[{"embeddable":true,"href":"https:\/\/mitocanada.org\/fr\/wp-json\/wp\/v2\/comments?post=8121"}],"version-history":[{"count":2,"href":"https:\/\/mitocanada.org\/fr\/wp-json\/wp\/v2\/pages\/8121\/revisions"}],"predecessor-version":[{"id":8123,"href":"https:\/\/mitocanada.org\/fr\/wp-json\/wp\/v2\/pages\/8121\/revisions\/8123"}],"up":[{"embeddable":true,"href":"https:\/\/mitocanada.org\/fr\/wp-json\/wp\/v2\/pages\/7849"}],"wp:attachment":[{"href":"https:\/\/mitocanada.org\/fr\/wp-json\/wp\/v2\/media?parent=8121"}],"curies":[{"name":"wp","href":"https:\/\/api.w.org\/{rel}","templated":true}]}}