{"id":8118,"date":"2022-05-02T14:16:29","date_gmt":"2022-05-02T18:16:29","guid":{"rendered":"https:\/\/mitocanada.org\/soutien\/ressources-provinciales-et-nationales-pour-les-patients\/ressources-pour-les-patients-et-les-soignants-ile-du-prince-edouard\/"},"modified":"2024-12-05T16:51:03","modified_gmt":"2024-12-05T21:51:03","slug":"ressources-pour-les-patients-et-les-soignants-ile-du-prince-edouard","status":"publish","type":"page","link":"https:\/\/mitocanada.org\/fr\/soutien\/ressources-provinciales-et-nationales-pour-les-patients\/ressources-pour-les-patients-et-les-soignants-ile-du-prince-edouard\/","title":{"rendered":"Ressources pour les patients et les soignants &#8211; \u00cele-du-Prince-\u00c9douard"},"content":{"rendered":"<div class=\"fusion-fullwidth fullwidth-box fusion-builder-row-1 fusion-flex-container nonhundred-percent-fullwidth non-hundred-percent-height-scrolling\" style=\"--awb-border-radius-top-left:0px;--awb-border-radius-top-right:0px;--awb-border-radius-bottom-right:0px;--awb-border-radius-bottom-left:0px;--awb-flex-wrap:wrap;\" ><div class=\"fusion-builder-row fusion-row fusion-flex-align-items-flex-start fusion-flex-content-wrap\" style=\"max-width:1456px;margin-left: calc(-4% \/ 2 );margin-right: calc(-4% \/ 2 );\"><div class=\"fusion-layout-column fusion_builder_column fusion-builder-column-0 fusion_builder_column_1_1 1_1 fusion-flex-column\" style=\"--awb-bg-size:cover;--awb-width-large:100%;--awb-margin-top-large:0px;--awb-spacing-right-large:1.92%;--awb-margin-bottom-large:0px;--awb-spacing-left-large:1.92%;--awb-width-medium:100%;--awb-spacing-right-medium:1.92%;--awb-spacing-left-medium:1.92%;--awb-width-small:100%;--awb-spacing-right-small:1.92%;--awb-spacing-left-small:1.92%;\"><div class=\"fusion-column-wrapper fusion-flex-justify-content-flex-start fusion-content-layout-column\"><div class=\"fusion-text fusion-text-1\"><div class=\"wpb_text_column wpb_content_element vc_custom_1562720931186\">\n<div class=\"wpb_wrapper\">\n<p>Nous avons dress\u00e9 une liste de programmes de soutien nationaux et r\u00e9gionaux et de fondations dans tout le Canada pour aider les patients atteints de maladie mitochondriale et les soignants \u00e0 trouver des informations et des services.<\/p>\n<p>Vous trouverez ci-dessous une liste de ressources pour l&rsquo;\u00cele-du-Prince-\u00c9douard.<\/p>\n<\/div>\n<\/div>\n<\/div><div class=\"accordian fusion-accordian\" style=\"--awb-border-size:1px;--awb-icon-size:16px;--awb-content-font-size:var(--awb-typography4-font-size);--awb-icon-alignment:left;--awb-hover-color:var(--awb-color2);--awb-border-color:var(--awb-color3);--awb-background-color:var(--awb-color1);--awb-divider-color:var(--awb-color3);--awb-divider-hover-color:var(--awb-color3);--awb-icon-color:#ffffff;--awb-title-color:#000000;--awb-content-color:#000000;--awb-icon-box-color:#119bb5;--awb-toggle-hover-accent-color:#119bb5;--awb-title-font-family:var(--awb-typography1-font-family);--awb-title-font-weight:var(--awb-typography1-font-weight);--awb-title-font-style:var(--awb-typography1-font-style);--awb-title-font-size:20px;--awb-title-letter-spacing:-0.015em;--awb-title-line-height:1.2;--awb-content-font-family:&quot;Montserrat&quot;;--awb-content-font-style:normal;--awb-content-font-weight:400;\"><div class=\"panel-group fusion-toggle-icon-boxed\" id=\"accordion-8118-1\"><div class=\"fusion-panel panel-default panel-5abbf2da24099fb42 fusion-toggle-has-divider\" style=\"--awb-title-color:#000000;\"><div class=\"panel-heading\"><h4 class=\"panel-title toggle\" id=\"toggle_5abbf2da24099fb42\"><a aria-expanded=\"false\" aria-controls=\"5abbf2da24099fb42\" role=\"button\" data-toggle=\"collapse\" data-parent=\"#accordion-8118-1\" data-target=\"#5abbf2da24099fb42\" href=\"#5abbf2da24099fb42\"><span class=\"fusion-toggle-icon-wrapper\" aria-hidden=\"true\"><i class=\"fa-fusion-box active-icon awb-icon-minus\" aria-hidden=\"true\"><\/i><i class=\"fa-fusion-box inactive-icon awb-icon-plus\" aria-hidden=\"true\"><\/i><\/span><span class=\"fusion-toggle-heading\">Soutien financier<\/span><\/a><\/h4><\/div><div id=\"5abbf2da24099fb42\" class=\"panel-collapse collapse \" aria-labelledby=\"toggle_5abbf2da24099fb42\"><div class=\"panel-body toggle-content fusion-clearfix\">\n<p><a href=\"https:\/\/www.innovicares.ca\/en\" target=\"_blank\" rel=\"noopener\">InnoviCares<\/a> &#8211; La carte innoviCares est une carte d&rsquo;\u00e9pargne sur ordonnance gratuite offerte \u00e0 tous les r\u00e9sidents canadiens et financ\u00e9e par les fabricants de produits pharmaceutiques participants. <a href=\"https:\/\/www.princeedwardisland.ca\/en\/service\/pei-home-renovation-programs\" target=\"_blank\" rel=\"noopener\">PEI Home Renovation Programs (programmes de r\u00e9novation domiciliaire de l&rsquo;\u00ce.-P.-\u00c9.) <\/a>&#8211; Fournit une aide financi\u00e8re aux propri\u00e9taires de maison. <a href=\"https:\/\/www.princeedwardisland.ca\/en\/information\/family-and-human-services\/social-assistance-program\" target=\"_blank\" rel=\"noopener\">Programme d&rsquo;aide sociale <\/a>( 1-877-569-0546) &#8211; Aide les personnes \u00e0 payer leurs besoins de base (nourriture, v\u00eatements, logement) lorsqu&rsquo;elles n&rsquo;ont pas assez d&rsquo;argent. En fonction des besoins financiers, les personnes peuvent \u00e9galement recevoir des paiements pour la garde d&rsquo;enfants, les m\u00e9dicaments et d&rsquo;autres \u00e9l\u00e9ments essentiels de la vie. <a href=\"https:\/\/www.princeedwardisland.ca\/en\/information\/social-development-and-seniors\/help-for-child-care-expenses\" target=\"_blank\" rel=\"noopener\">Child Care Subsidy Program <\/a>&#8211; Aide les habitants de l&rsquo;\u00eele \u00e0 payer les frais de garde d&rsquo;enfants et de services de garderie pour les enfants jusqu&rsquo;\u00e0 l&rsquo;\u00e2ge de 12 ans inclus.<\/p>\n<\/div><\/div><\/div><div class=\"fusion-panel panel-default panel-dbb42a9f687a5c877 fusion-toggle-has-divider\" style=\"--awb-title-color:#000000;\"><div class=\"panel-heading\"><h4 class=\"panel-title toggle\" id=\"toggle_dbb42a9f687a5c877\"><a aria-expanded=\"false\" aria-controls=\"dbb42a9f687a5c877\" role=\"button\" data-toggle=\"collapse\" data-parent=\"#accordion-8118-1\" data-target=\"#dbb42a9f687a5c877\" href=\"#dbb42a9f687a5c877\"><span class=\"fusion-toggle-icon-wrapper\" aria-hidden=\"true\"><i class=\"fa-fusion-box active-icon awb-icon-minus\" aria-hidden=\"true\"><\/i><i class=\"fa-fusion-box inactive-icon awb-icon-plus\" aria-hidden=\"true\"><\/i><\/span><span class=\"fusion-toggle-heading\">Soutien \u00e9motionnel<\/span><\/a><\/h4><\/div><div id=\"dbb42a9f687a5c877\" class=\"panel-collapse collapse \" aria-labelledby=\"toggle_dbb42a9f687a5c877\"><div class=\"panel-body toggle-content fusion-clearfix\">\n<p>Veuillez consulter les listes des <a href=\"https:\/\/mitocanada.org\/support\/provincial-canadian-and-global-patient-resources\/patient-and-caregiver-resources-national-programs\/\" target=\"_blank\" rel=\"noopener\">programmes nationaux<\/a> et des <a href=\"https:\/\/mitocanada.org\/support\/provincial-canadian-and-global-patient-resources\/patient-and-caregiver-resources-national-foundations\/\" target=\"_blank\" rel=\"noopener\">fondations nationales<\/a>.<\/p>\n<\/div><\/div><\/div><div class=\"fusion-panel panel-default panel-fa2032ea6fa2a491d fusion-toggle-has-divider\" style=\"--awb-title-color:#000000;\"><div class=\"panel-heading\"><h4 class=\"panel-title toggle\" id=\"toggle_fa2032ea6fa2a491d\"><a aria-expanded=\"false\" aria-controls=\"fa2032ea6fa2a491d\" role=\"button\" data-toggle=\"collapse\" data-parent=\"#accordion-8118-1\" data-target=\"#fa2032ea6fa2a491d\" href=\"#fa2032ea6fa2a491d\"><span class=\"fusion-toggle-icon-wrapper\" aria-hidden=\"true\"><i class=\"fa-fusion-box active-icon awb-icon-minus\" aria-hidden=\"true\"><\/i><i class=\"fa-fusion-box inactive-icon awb-icon-plus\" aria-hidden=\"true\"><\/i><\/span><span class=\"fusion-toggle-heading\">Soutien physique<\/span><\/a><\/h4><\/div><div id=\"fa2032ea6fa2a491d\" class=\"panel-collapse collapse \" aria-labelledby=\"toggle_fa2032ea6fa2a491d\"><div class=\"panel-body toggle-content fusion-clearfix\">\n<p><a href=\"https:\/\/www.princeedwardisland.ca\/en\/information\/health-pei\/home-care-program\" target=\"_blank\" rel=\"noopener\">PEI Home Care Program (Programme de soins \u00e0 domicile de l&rsquo;\u00cele-du-Prince-\u00c9douard <\/a>) &#8211; Ce programme aide les personnes et leurs soignants \u00e0 rester chez eux en toute s\u00e9curit\u00e9, en conservant leur ind\u00e9pendance et leur qualit\u00e9 de vie, le plus longtemps possible.<\/p>\n<\/div><\/div><\/div><div class=\"fusion-panel panel-default panel-8c5258a9f4dc04f4a fusion-toggle-has-divider\" style=\"--awb-title-color:#000000;\"><div class=\"panel-heading\"><h4 class=\"panel-title toggle\" id=\"toggle_8c5258a9f4dc04f4a\"><a aria-expanded=\"false\" aria-controls=\"8c5258a9f4dc04f4a\" role=\"button\" data-toggle=\"collapse\" data-parent=\"#accordion-8118-1\" data-target=\"#8c5258a9f4dc04f4a\" href=\"#8c5258a9f4dc04f4a\"><span class=\"fusion-toggle-icon-wrapper\" aria-hidden=\"true\"><i class=\"fa-fusion-box active-icon awb-icon-minus\" aria-hidden=\"true\"><\/i><i class=\"fa-fusion-box inactive-icon awb-icon-plus\" aria-hidden=\"true\"><\/i><\/span><span class=\"fusion-toggle-heading\">Soutien social<\/span><\/a><\/h4><\/div><div id=\"8c5258a9f4dc04f4a\" class=\"panel-collapse collapse \" aria-labelledby=\"toggle_8c5258a9f4dc04f4a\"><div class=\"panel-body toggle-content fusion-clearfix\">\n<p><a href=\"https:\/\/www.princeedwardisland.ca\/en\/information\/family-and-human-services\/accessability-supports\" target=\"_blank\" rel=\"noopener\">AccessAbility Supports <\/a>&#8211; Se concentre sur l&rsquo;autonomisation des personnes vivant avec un handicap afin qu&rsquo;elles aient acc\u00e8s aux outils dont elles ont besoin pour atteindre leur plein potentiel et contribuer \u00e0 la soci\u00e9t\u00e9 de la mani\u00e8re la plus compl\u00e8te possible. <a href=\"https:\/\/www.princeedwardisland.ca\/en\/information\/education-early-learning-and-culture\/family-resource-centres\" target=\"_blank\" rel=\"noopener\">Family Resources Centre Locations <\/a>&#8211; Offre des programmes et des ressources pour les enfants et les familles. Il s&rsquo;agit notamment de groupes d&rsquo;\u00e9ducation et de soutien pour les parents, de ressources pour les parents, de programmes de nutrition pr\u00e9natale, de haltes-jeux, de biblioth\u00e8ques de pr\u00eat de jouets et d&rsquo;activit\u00e9s de sensibilisation pour les petites communaut\u00e9s de l&rsquo;\u00eele. Il y a huit (8) centres de ressources familiales \u00e0 l&rsquo;\u00cele-du-Prince-\u00c9douard.<\/p>\n<p><a href=\"https:\/\/www.youtube.com\/watch?v=pay6vuLQP4E\" target=\"_blank\" rel=\"noopener\">Promouvoir l&rsquo;inclusion des personnes handicap\u00e9es Pr\u00e9sentation publique<\/a><\/p>\n<p><a href=\"https:\/\/www.princeedwardisland.ca\/en\/publication\/resources-grandparents-parenting-grandchildren\" target=\"_blank\" rel=\"noopener\">Resources for Grandparents Parenting Grandchildren <\/a>&#8211; Le document de ressources <em>Raising a Second Generation <\/em>comprend des informations sur les services juridiques, financiers et de soutien disponibles dans les communaut\u00e9s de l&rsquo;\u00cele-du-Prince-\u00c9douard qui pourraient \u00eatre utiles.<\/p>\n<\/div><\/div><\/div><div class=\"fusion-panel panel-default panel-4ead2cbf9f3b20ca1 fusion-toggle-has-divider\" style=\"--awb-title-color:#000000;\"><div class=\"panel-heading\"><h4 class=\"panel-title toggle\" id=\"toggle_4ead2cbf9f3b20ca1\"><a aria-expanded=\"false\" aria-controls=\"4ead2cbf9f3b20ca1\" role=\"button\" data-toggle=\"collapse\" data-parent=\"#accordion-8118-1\" data-target=\"#4ead2cbf9f3b20ca1\" href=\"#4ead2cbf9f3b20ca1\"><span class=\"fusion-toggle-icon-wrapper\" aria-hidden=\"true\"><i class=\"fa-fusion-box active-icon awb-icon-minus\" aria-hidden=\"true\"><\/i><i class=\"fa-fusion-box inactive-icon awb-icon-plus\" aria-hidden=\"true\"><\/i><\/span><span class=\"fusion-toggle-heading\">Soutien informatif<\/span><\/a><\/h4><\/div><div id=\"4ead2cbf9f3b20ca1\" class=\"panel-collapse collapse \" aria-labelledby=\"toggle_4ead2cbf9f3b20ca1\"><div class=\"panel-body toggle-content fusion-clearfix\">\n<p><a href=\"https:\/\/www.princeedwardisland.ca\/en\/information\/social-development-and-housing\/federal-and-provincial-benefits-residents\" target=\"_blank\" rel=\"noopener\">Informations sur les prestations f\u00e9d\u00e9rales et provinciales pour les r\u00e9sidents de l&rsquo;\u00ce.-P.-\u00c9.<\/a><\/p>\n<p><a href=\"https:\/\/www.princeedwardisland.ca\/en\/information\/family-and-human-services\/general-family-and-human-services-department-policies\" target=\"_blank\" rel=\"noopener\">Politiques g\u00e9n\u00e9rales du minist\u00e8re de la Famille et des Services sociaux<\/a><\/p>\n<\/div><\/div><\/div><\/div><\/div><\/div><\/div><\/div><\/div>\n","protected":false},"excerpt":{"rendered":"","protected":false},"author":1,"featured_media":0,"parent":7849,"menu_order":40,"comment_status":"closed","ping_status":"closed","template":"","meta":{"om_disable_all_campaigns":false,"_monsterinsights_skip_tracking":false,"_monsterinsights_sitenote_active":false,"_monsterinsights_sitenote_note":"","_monsterinsights_sitenote_category":0,"_uf_show_specific_survey":0,"_uf_disable_surveys":false,"footnotes":""},"class_list":["post-8118","page","type-page","status-publish","hentry"],"aioseo_notices":[],"_links":{"self":[{"href":"https:\/\/mitocanada.org\/fr\/wp-json\/wp\/v2\/pages\/8118","targetHints":{"allow":["GET"]}}],"collection":[{"href":"https:\/\/mitocanada.org\/fr\/wp-json\/wp\/v2\/pages"}],"about":[{"href":"https:\/\/mitocanada.org\/fr\/wp-json\/wp\/v2\/types\/page"}],"author":[{"embeddable":true,"href":"https:\/\/mitocanada.org\/fr\/wp-json\/wp\/v2\/users\/1"}],"replies":[{"embeddable":true,"href":"https:\/\/mitocanada.org\/fr\/wp-json\/wp\/v2\/comments?post=8118"}],"version-history":[{"count":2,"href":"https:\/\/mitocanada.org\/fr\/wp-json\/wp\/v2\/pages\/8118\/revisions"}],"predecessor-version":[{"id":8120,"href":"https:\/\/mitocanada.org\/fr\/wp-json\/wp\/v2\/pages\/8118\/revisions\/8120"}],"up":[{"embeddable":true,"href":"https:\/\/mitocanada.org\/fr\/wp-json\/wp\/v2\/pages\/7849"}],"wp:attachment":[{"href":"https:\/\/mitocanada.org\/fr\/wp-json\/wp\/v2\/media?parent=8118"}],"curies":[{"name":"wp","href":"https:\/\/api.w.org\/{rel}","templated":true}]}}