{"id":8115,"date":"2022-05-02T13:52:49","date_gmt":"2022-05-02T17:52:49","guid":{"rendered":"https:\/\/mitocanada.org\/soutien\/ressources-provinciales-et-nationales-pour-les-patients\/ressources-pour-les-patients-et-les-soignants-terre-neuve-et-labrador\/"},"modified":"2024-12-05T16:50:47","modified_gmt":"2024-12-05T21:50:47","slug":"ressources-pour-les-patients-et-les-soignants-terre-neuve-et-labrador","status":"publish","type":"page","link":"https:\/\/mitocanada.org\/fr\/soutien\/ressources-provinciales-et-nationales-pour-les-patients\/ressources-pour-les-patients-et-les-soignants-terre-neuve-et-labrador\/","title":{"rendered":"Ressources pour les patients et les soignants &#8211; Terre-Neuve-et-Labrador"},"content":{"rendered":"<div class=\"fusion-fullwidth fullwidth-box fusion-builder-row-1 fusion-flex-container nonhundred-percent-fullwidth non-hundred-percent-height-scrolling\" style=\"--awb-border-radius-top-left:0px;--awb-border-radius-top-right:0px;--awb-border-radius-bottom-right:0px;--awb-border-radius-bottom-left:0px;--awb-flex-wrap:wrap;\" ><div class=\"fusion-builder-row fusion-row fusion-flex-align-items-flex-start fusion-flex-content-wrap\" style=\"max-width:1456px;margin-left: calc(-4% \/ 2 );margin-right: calc(-4% \/ 2 );\"><div class=\"fusion-layout-column fusion_builder_column fusion-builder-column-0 fusion_builder_column_1_1 1_1 fusion-flex-column\" style=\"--awb-bg-size:cover;--awb-width-large:100%;--awb-margin-top-large:0px;--awb-spacing-right-large:1.92%;--awb-margin-bottom-large:0px;--awb-spacing-left-large:1.92%;--awb-width-medium:100%;--awb-spacing-right-medium:1.92%;--awb-spacing-left-medium:1.92%;--awb-width-small:100%;--awb-spacing-right-small:1.92%;--awb-spacing-left-small:1.92%;\"><div class=\"fusion-column-wrapper fusion-flex-justify-content-flex-start fusion-content-layout-column\"><div class=\"fusion-text fusion-text-1\"><p>Nous avons dress\u00e9 une liste de programmes de soutien nationaux et r\u00e9gionaux et de fondations dans tout le Canada pour aider les patients atteints de maladie mitochondriale et les soignants \u00e0 trouver des informations et des services.<\/p>\n<p>Vous trouverez ci-dessous une liste de ressources pour Terre-Neuve-et-Labrador.<\/p>\n<\/div><div class=\"accordian fusion-accordian\" style=\"--awb-border-size:1px;--awb-icon-size:16px;--awb-content-font-size:var(--awb-typography4-font-size);--awb-icon-alignment:left;--awb-hover-color:var(--awb-color2);--awb-border-color:var(--awb-color3);--awb-background-color:var(--awb-color1);--awb-divider-color:var(--awb-color3);--awb-divider-hover-color:var(--awb-color3);--awb-icon-color:#ffffff;--awb-title-color:#000000;--awb-content-color:#000000;--awb-icon-box-color:#119bb5;--awb-toggle-hover-accent-color:#119bb5;--awb-title-font-family:var(--awb-typography1-font-family);--awb-title-font-weight:var(--awb-typography1-font-weight);--awb-title-font-style:var(--awb-typography1-font-style);--awb-title-font-size:20px;--awb-title-letter-spacing:-0.015em;--awb-title-line-height:1.2;--awb-content-font-family:&quot;Montserrat&quot;;--awb-content-font-style:normal;--awb-content-font-weight:400;\"><div class=\"panel-group fusion-toggle-icon-boxed\" id=\"accordion-8115-1\"><div class=\"fusion-panel panel-default panel-04fa5130a3246ee15 fusion-toggle-has-divider\" style=\"--awb-title-color:#000000;\"><div class=\"panel-heading\"><h4 class=\"panel-title toggle\" id=\"toggle_04fa5130a3246ee15\"><a aria-expanded=\"false\" aria-controls=\"04fa5130a3246ee15\" role=\"button\" data-toggle=\"collapse\" data-parent=\"#accordion-8115-1\" data-target=\"#04fa5130a3246ee15\" href=\"#04fa5130a3246ee15\"><span class=\"fusion-toggle-icon-wrapper\" aria-hidden=\"true\"><i class=\"fa-fusion-box active-icon awb-icon-minus\" aria-hidden=\"true\"><\/i><i class=\"fa-fusion-box inactive-icon awb-icon-plus\" aria-hidden=\"true\"><\/i><\/span><span class=\"fusion-toggle-heading\">Soutien financier<\/span><\/a><\/h4><\/div><div id=\"04fa5130a3246ee15\" class=\"panel-collapse collapse \" aria-labelledby=\"toggle_04fa5130a3246ee15\"><div class=\"panel-body toggle-content fusion-clearfix\">\n<p><a href=\"https:\/\/www.innovicares.ca\/en\" target=\"_blank\" rel=\"noopener\">InnoviCares<\/a> &#8211; La carte innoviCares est une carte d&rsquo;\u00e9pargne sur ordonnance gratuite offerte \u00e0 tous les r\u00e9sidents canadiens et financ\u00e9e par les fabricants de produits pharmaceutiques participants. Les <a href=\"https:\/\/www.gov.nl.ca\/hcs\/\" target=\"_blank\" rel=\"noopener\">services de sant\u00e9 et communautaires de<\/a> Terre-Neuve-et-Labrador :<\/p>\n<ul>\n<li><a href=\"https:\/\/www.cssd.gov.nl.ca\/grants\/\" target=\"_blank\" rel=\"noopener\">Subventions pour l&rsquo;enfance, les personnes \u00e2g\u00e9es et le d\u00e9veloppement social<\/a><\/li>\n<li><a href=\"https:\/\/www.aesl.gov.nl.ca\/income-support\/\" target=\"_blank\" rel=\"noopener\">Aide au revenu<\/a><\/li>\n<li><a href=\"https:\/\/www.health.gov.nl.ca\/health\/personsdisabilities\/fundingprograms_hcs.html\" target=\"_blank\" rel=\"noopener\">Programmes de sant\u00e9 et d&rsquo;aide communautaire pour les personnes handicap\u00e9es<\/a><\/li>\n<li><a href=\"https:\/\/www.health.gov.nl.ca\/health\/personsdisabilities\/fundingprograms_other.html\" target=\"_blank\" rel=\"noopener\">Programmes de logement et de transport<\/a><\/li>\n<\/ul>\n<\/div><\/div><\/div><div class=\"fusion-panel panel-default panel-39a7ee8e324f38513 fusion-toggle-has-divider\" style=\"--awb-title-color:#000000;\"><div class=\"panel-heading\"><h4 class=\"panel-title toggle\" id=\"toggle_39a7ee8e324f38513\"><a aria-expanded=\"false\" aria-controls=\"39a7ee8e324f38513\" role=\"button\" data-toggle=\"collapse\" data-parent=\"#accordion-8115-1\" data-target=\"#39a7ee8e324f38513\" href=\"#39a7ee8e324f38513\"><span class=\"fusion-toggle-icon-wrapper\" aria-hidden=\"true\"><i class=\"fa-fusion-box active-icon awb-icon-minus\" aria-hidden=\"true\"><\/i><i class=\"fa-fusion-box inactive-icon awb-icon-plus\" aria-hidden=\"true\"><\/i><\/span><span class=\"fusion-toggle-heading\">Soutien \u00e9motionnel<\/span><\/a><\/h4><\/div><div id=\"39a7ee8e324f38513\" class=\"panel-collapse collapse \" aria-labelledby=\"toggle_39a7ee8e324f38513\"><div class=\"panel-body toggle-content fusion-clearfix\">\n<p>Veuillez consulter les listes des <a href=\"https:\/\/mitocanada.org\/support\/provincial-canadian-and-global-patient-resources\/patient-and-caregiver-resources-national-programs\/\">programmes nationaux<\/a> et des <a href=\"https:\/\/mitocanada.org\/support\/provincial-canadian-and-global-patient-resources\/patient-and-caregiver-resources-national-foundations\/\">fondations nationales<\/a>.<\/p>\n<\/div><\/div><\/div><div class=\"fusion-panel panel-default panel-b3fded6668d7531bc fusion-toggle-has-divider\" style=\"--awb-title-color:#000000;\"><div class=\"panel-heading\"><h4 class=\"panel-title toggle\" id=\"toggle_b3fded6668d7531bc\"><a aria-expanded=\"false\" aria-controls=\"b3fded6668d7531bc\" role=\"button\" data-toggle=\"collapse\" data-parent=\"#accordion-8115-1\" data-target=\"#b3fded6668d7531bc\" href=\"#b3fded6668d7531bc\"><span class=\"fusion-toggle-icon-wrapper\" aria-hidden=\"true\"><i class=\"fa-fusion-box active-icon awb-icon-minus\" aria-hidden=\"true\"><\/i><i class=\"fa-fusion-box inactive-icon awb-icon-plus\" aria-hidden=\"true\"><\/i><\/span><span class=\"fusion-toggle-heading\">Soutien physique<\/span><\/a><\/h4><\/div><div id=\"b3fded6668d7531bc\" class=\"panel-collapse collapse \" aria-labelledby=\"toggle_b3fded6668d7531bc\"><div class=\"panel-body toggle-content fusion-clearfix\">\n<p><a href=\"https:\/\/www.health.gov.nl.ca\/health\/personsdisabilities\/pdf\/home_support_program_client_handbook.pdf\" target=\"_blank\" rel=\"noopener\">Provincial Home Support Program (Programme provincial de soutien \u00e0 domicile <\/a>) &#8211; Ce programme aide les personnes \u00e0 vivre de fa\u00e7on autonome dans leur maison le plus longtemps possible et leur fournit une assistance pour les activit\u00e9s de la vie quotidienne.<\/p>\n<div class=\"page\" title=\"Page 2\">\n<div class=\"section\">\n<div class=\"layoutArea\"><\/div>\n<\/div>\n<\/div>\n<\/div><\/div><\/div><div class=\"fusion-panel panel-default panel-cf1f4b1d7cbea5ca9 fusion-toggle-has-divider\" style=\"--awb-title-color:#000000;\"><div class=\"panel-heading\"><h4 class=\"panel-title toggle\" id=\"toggle_cf1f4b1d7cbea5ca9\"><a aria-expanded=\"false\" aria-controls=\"cf1f4b1d7cbea5ca9\" role=\"button\" data-toggle=\"collapse\" data-parent=\"#accordion-8115-1\" data-target=\"#cf1f4b1d7cbea5ca9\" href=\"#cf1f4b1d7cbea5ca9\"><span class=\"fusion-toggle-icon-wrapper\" aria-hidden=\"true\"><i class=\"fa-fusion-box active-icon awb-icon-minus\" aria-hidden=\"true\"><\/i><i class=\"fa-fusion-box inactive-icon awb-icon-plus\" aria-hidden=\"true\"><\/i><\/span><span class=\"fusion-toggle-heading\">Soutien social<\/span><\/a><\/h4><\/div><div id=\"cf1f4b1d7cbea5ca9\" class=\"panel-collapse collapse \" aria-labelledby=\"toggle_cf1f4b1d7cbea5ca9\"><div class=\"panel-body toggle-content fusion-clearfix\">\n<p>Veuillez consulter les listes des <a href=\"https:\/\/mitocanada.org\/support\/provincial-canadian-and-global-patient-resources\/patient-and-caregiver-resources-national-programs\/\" target=\"_blank\" rel=\"noopener\">programmes nationaux<\/a> et des <a href=\"https:\/\/mitocanada.org\/support\/provincial-canadian-and-global-patient-resources\/patient-and-caregiver-resources-national-foundations\/\" target=\"_blank\" rel=\"noopener\">fondations nationales<\/a>.<\/p>\n<\/div><\/div><\/div><div class=\"fusion-panel panel-default panel-840af0a58e422404e fusion-toggle-has-divider\" style=\"--awb-title-color:#000000;\"><div class=\"panel-heading\"><h4 class=\"panel-title toggle\" id=\"toggle_840af0a58e422404e\"><a aria-expanded=\"false\" aria-controls=\"840af0a58e422404e\" role=\"button\" data-toggle=\"collapse\" data-parent=\"#accordion-8115-1\" data-target=\"#840af0a58e422404e\" href=\"#840af0a58e422404e\"><span class=\"fusion-toggle-icon-wrapper\" aria-hidden=\"true\"><i class=\"fa-fusion-box active-icon awb-icon-minus\" aria-hidden=\"true\"><\/i><i class=\"fa-fusion-box inactive-icon awb-icon-plus\" aria-hidden=\"true\"><\/i><\/span><span class=\"fusion-toggle-heading\">Soutien informatif<\/span><\/a><\/h4><\/div><div id=\"840af0a58e422404e\" class=\"panel-collapse collapse \" aria-labelledby=\"toggle_840af0a58e422404e\"><div class=\"panel-body toggle-content fusion-clearfix\">\n<p><a href=\"https:\/\/www.health.gov.nl.ca\/health\/findhealthservices\/in_your_community.html\" target=\"_blank\" rel=\"noopener\">Outil de recherche sur la sant\u00e9 et les services communautaires<\/a><\/p>\n<p><a href=\"https:\/\/www.cssd.gov.nl.ca\/disabilities\/strategy.html\" target=\"_blank\" rel=\"noopener\">Strat\u00e9gie provinciale pour l&rsquo;inclusion des personnes handicap\u00e9es<\/a><\/p>\n<\/div><\/div><\/div><\/div><\/div><\/div><\/div><\/div><\/div>\n","protected":false},"excerpt":{"rendered":"","protected":false},"author":1,"featured_media":0,"parent":7849,"menu_order":32,"comment_status":"closed","ping_status":"closed","template":"","meta":{"om_disable_all_campaigns":false,"_monsterinsights_skip_tracking":false,"_monsterinsights_sitenote_active":false,"_monsterinsights_sitenote_note":"","_monsterinsights_sitenote_category":0,"_uf_show_specific_survey":0,"_uf_disable_surveys":false,"footnotes":""},"class_list":["post-8115","page","type-page","status-publish","hentry"],"aioseo_notices":[],"_links":{"self":[{"href":"https:\/\/mitocanada.org\/fr\/wp-json\/wp\/v2\/pages\/8115","targetHints":{"allow":["GET"]}}],"collection":[{"href":"https:\/\/mitocanada.org\/fr\/wp-json\/wp\/v2\/pages"}],"about":[{"href":"https:\/\/mitocanada.org\/fr\/wp-json\/wp\/v2\/types\/page"}],"author":[{"embeddable":true,"href":"https:\/\/mitocanada.org\/fr\/wp-json\/wp\/v2\/users\/1"}],"replies":[{"embeddable":true,"href":"https:\/\/mitocanada.org\/fr\/wp-json\/wp\/v2\/comments?post=8115"}],"version-history":[{"count":2,"href":"https:\/\/mitocanada.org\/fr\/wp-json\/wp\/v2\/pages\/8115\/revisions"}],"predecessor-version":[{"id":8117,"href":"https:\/\/mitocanada.org\/fr\/wp-json\/wp\/v2\/pages\/8115\/revisions\/8117"}],"up":[{"embeddable":true,"href":"https:\/\/mitocanada.org\/fr\/wp-json\/wp\/v2\/pages\/7849"}],"wp:attachment":[{"href":"https:\/\/mitocanada.org\/fr\/wp-json\/wp\/v2\/media?parent=8115"}],"curies":[{"name":"wp","href":"https:\/\/api.w.org\/{rel}","templated":true}]}}