{"id":8112,"date":"2022-05-02T14:10:05","date_gmt":"2022-05-02T18:10:05","guid":{"rendered":"https:\/\/mitocanada.org\/soutien\/ressources-provinciales-et-nationales-pour-les-patients\/ressources-pour-les-patients-et-les-soignants-fondations-nationales\/"},"modified":"2024-12-05T16:50:33","modified_gmt":"2024-12-05T21:50:33","slug":"ressources-pour-les-patients-et-les-soignants-fondations-nationales","status":"publish","type":"page","link":"https:\/\/mitocanada.org\/fr\/soutien\/ressources-provinciales-et-nationales-pour-les-patients\/ressources-pour-les-patients-et-les-soignants-fondations-nationales\/","title":{"rendered":"Ressources pour les patients et les soignants &#8211; Fondations nationales"},"content":{"rendered":"<div class=\"fusion-fullwidth fullwidth-box fusion-builder-row-1 fusion-flex-container nonhundred-percent-fullwidth non-hundred-percent-height-scrolling\" style=\"--awb-border-radius-top-left:0px;--awb-border-radius-top-right:0px;--awb-border-radius-bottom-right:0px;--awb-border-radius-bottom-left:0px;--awb-flex-wrap:wrap;\" ><div class=\"fusion-builder-row fusion-row fusion-flex-align-items-flex-start fusion-flex-content-wrap\" style=\"max-width:1456px;margin-left: calc(-4% \/ 2 );margin-right: calc(-4% \/ 2 );\"><div class=\"fusion-layout-column fusion_builder_column fusion-builder-column-0 fusion_builder_column_1_1 1_1 fusion-flex-column\" style=\"--awb-bg-size:cover;--awb-width-large:100%;--awb-margin-top-large:0px;--awb-spacing-right-large:1.92%;--awb-margin-bottom-large:0px;--awb-spacing-left-large:1.92%;--awb-width-medium:100%;--awb-spacing-right-medium:1.92%;--awb-spacing-left-medium:1.92%;--awb-width-small:100%;--awb-spacing-right-small:1.92%;--awb-spacing-left-small:1.92%;\"><div class=\"fusion-column-wrapper fusion-flex-justify-content-flex-start fusion-content-layout-column\"><div class=\"fusion-text fusion-text-1\"><div class=\"wpb_text_column wpb_content_element vc_custom_1562720276490\">\n<div class=\"wpb_wrapper\">\n<p>Nous avons dress\u00e9 une liste des fondations nationales du Canada qui aident les patients atteints de maladies mitochondriales et les soignants \u00e0 trouver des informations et des services.<\/p>\n<\/div>\n<\/div>\n<\/div><div class=\"accordian fusion-accordian\" style=\"--awb-border-size:1px;--awb-icon-size:16px;--awb-content-font-size:var(--awb-typography4-font-size);--awb-icon-alignment:left;--awb-hover-color:var(--awb-color2);--awb-border-color:var(--awb-color3);--awb-background-color:var(--awb-color1);--awb-divider-color:var(--awb-color3);--awb-divider-hover-color:var(--awb-color3);--awb-icon-color:#ffffff;--awb-title-color:#000000;--awb-content-color:#000000;--awb-icon-box-color:#119bb5;--awb-toggle-hover-accent-color:#119bb5;--awb-title-font-family:var(--awb-typography1-font-family);--awb-title-font-weight:var(--awb-typography1-font-weight);--awb-title-font-style:var(--awb-typography1-font-style);--awb-title-font-size:20px;--awb-title-letter-spacing:-0.015em;--awb-title-line-height:1.2;--awb-content-font-family:&quot;Montserrat&quot;;--awb-content-font-style:normal;--awb-content-font-weight:400;\"><div class=\"panel-group fusion-toggle-icon-boxed\" id=\"accordion-8112-1\"><div class=\"fusion-panel panel-default panel-4c730bfd03ed83575 fusion-toggle-has-divider\" style=\"--awb-title-color:#000000;\"><div class=\"panel-heading\"><h4 class=\"panel-title toggle\" id=\"toggle_4c730bfd03ed83575\"><a aria-expanded=\"false\" aria-controls=\"4c730bfd03ed83575\" role=\"button\" data-toggle=\"collapse\" data-parent=\"#accordion-8112-1\" data-target=\"#4c730bfd03ed83575\" href=\"#4c730bfd03ed83575\"><span class=\"fusion-toggle-icon-wrapper\" aria-hidden=\"true\"><i class=\"fa-fusion-box active-icon awb-icon-minus\" aria-hidden=\"true\"><\/i><i class=\"fa-fusion-box inactive-icon awb-icon-plus\" aria-hidden=\"true\"><\/i><\/span><span class=\"fusion-toggle-heading\">National Rare Disease and Disorders Foundations <\/span><\/a><\/h4><\/div><div id=\"4c730bfd03ed83575\" class=\"panel-collapse collapse \" aria-labelledby=\"toggle_4c730bfd03ed83575\"><div class=\"panel-body toggle-content fusion-clearfix\">\n<p><a href=\"https:\/\/www.raredisorders.ca\/\" target=\"_blank\" rel=\"noopener\">Canadian Organization for Rare Disorders (CORD<\/a> ) &#8211; CORD est le r\u00e9seau national canadien des organisations repr\u00e9sentant toutes les personnes atteintes de maladies rares.<\/p>\n<\/div><\/div><\/div><div class=\"fusion-panel panel-default panel-5d793b306ac6841cb fusion-toggle-has-divider\" style=\"--awb-title-color:#000000;\"><div class=\"panel-heading\"><h4 class=\"panel-title toggle\" id=\"toggle_5d793b306ac6841cb\"><a aria-expanded=\"false\" aria-controls=\"5d793b306ac6841cb\" role=\"button\" data-toggle=\"collapse\" data-parent=\"#accordion-8112-1\" data-target=\"#5d793b306ac6841cb\" href=\"#5d793b306ac6841cb\"><span class=\"fusion-toggle-icon-wrapper\" aria-hidden=\"true\"><i class=\"fa-fusion-box active-icon awb-icon-minus\" aria-hidden=\"true\"><\/i><i class=\"fa-fusion-box inactive-icon awb-icon-plus\" aria-hidden=\"true\"><\/i><\/span><span class=\"fusion-toggle-heading\">G\u00e9n\u00e9tique<\/span><\/a><\/h4><\/div><div id=\"5d793b306ac6841cb\" class=\"panel-collapse collapse \" aria-labelledby=\"toggle_5d793b306ac6841cb\"><div class=\"panel-body toggle-content fusion-clearfix\">\n<p><a href=\"https:\/\/geneticseducation.ca\/\" target=\"_blank\" rel=\"noopener\">Genetics Education Canada &#8211; Knowledge Organization (GECKO<\/a> ) &#8211; Formation \u00e0 la g\u00e9n\u00e9tique et \u00e0 la g\u00e9nomique pour les professionnels de la sant\u00e9 non sp\u00e9cialistes de la g\u00e9n\u00e9tique.<\/p>\n<p><a href=\"https:\/\/www.cagc-accg.ca\/\" target=\"_blank\" rel=\"noopener\">Canadian Association of Genetic Counsellors (CAGC<\/a> ) &#8211; Promeut des normes de pratique, facilite et soutient la croissance professionnelle et sensibilise le public \u00e0 la profession de conseiller en g\u00e9n\u00e9tique au Canada.<\/p>\n<\/div><\/div><\/div><div class=\"fusion-panel panel-default panel-1ed0b41805756c456 fusion-toggle-has-divider\" style=\"--awb-title-color:#000000;\"><div class=\"panel-heading\"><h4 class=\"panel-title toggle\" id=\"toggle_1ed0b41805756c456\"><a aria-expanded=\"false\" aria-controls=\"1ed0b41805756c456\" role=\"button\" data-toggle=\"collapse\" data-parent=\"#accordion-8112-1\" data-target=\"#1ed0b41805756c456\" href=\"#1ed0b41805756c456\"><span class=\"fusion-toggle-icon-wrapper\" aria-hidden=\"true\"><i class=\"fa-fusion-box active-icon awb-icon-minus\" aria-hidden=\"true\"><\/i><i class=\"fa-fusion-box inactive-icon awb-icon-plus\" aria-hidden=\"true\"><\/i><\/span><span class=\"fusion-toggle-heading\">Special Needs Support Foundations <\/span><\/a><\/h4><\/div><div id=\"1ed0b41805756c456\" class=\"panel-collapse collapse \" aria-labelledby=\"toggle_1ed0b41805756c456\"><div class=\"panel-body toggle-content fusion-clearfix\">\n<p><a href=\"http:\/\/www.snis.ca\/\" target=\"_blank\" rel=\"noopener\">Special Needs Information Service Online<\/a><a href=\"https:\/\/www.snis.ca\" target=\"_blank\" rel=\"noopener\"> (SNIS)<\/a> &#8211; R\u00e9pertoire d&rsquo;agences de services et de programmes pour les enfants ayant des besoins particuliers.<\/p>\n<p> SMILE &#8211; Soutient les jeunes handicap\u00e9s et leurs familles par le biais de programmes.<\/p>\n<\/div><\/div><\/div><div class=\"fusion-panel panel-default panel-e8e51af6d9b3bf28a fusion-toggle-has-divider\" style=\"--awb-title-color:#000000;\"><div class=\"panel-heading\"><h4 class=\"panel-title toggle\" id=\"toggle_e8e51af6d9b3bf28a\"><a aria-expanded=\"false\" aria-controls=\"e8e51af6d9b3bf28a\" role=\"button\" data-toggle=\"collapse\" data-parent=\"#accordion-8112-1\" data-target=\"#e8e51af6d9b3bf28a\" href=\"#e8e51af6d9b3bf28a\"><span class=\"fusion-toggle-icon-wrapper\" aria-hidden=\"true\"><i class=\"fa-fusion-box active-icon awb-icon-minus\" aria-hidden=\"true\"><\/i><i class=\"fa-fusion-box inactive-icon awb-icon-plus\" aria-hidden=\"true\"><\/i><\/span><span class=\"fusion-toggle-heading\">Plaidoyer et questions juridiques<\/span><\/a><\/h4><\/div><div id=\"e8e51af6d9b3bf28a\" class=\"panel-collapse collapse \" aria-labelledby=\"toggle_e8e51af6d9b3bf28a\"><div class=\"panel-body toggle-content fusion-clearfix\">\n<p><a href=\"http:\/\/archdisabilitylaw.ca\/sitemap\/\" target=\"_blank\" rel=\"noopener\">ARCH Disability Law Centre<\/a> &#8211; Clinique juridique sp\u00e9cialis\u00e9e dans la d\u00e9fense des droits des personnes handicap\u00e9es.<\/p>\n<p><a href=\"https:\/\/www.cfpdp.com\/\" target=\"_blank\" rel=\"noopener\">The Canadian Foundation for Physically Disabled Persons (CFPDP)<\/a> &#8211; CFPDP aide les personnes souffrant de handicaps physiques \u00e0 vivre pleinement leur vie et \u00e0 mieux faire conna\u00eetre leurs r\u00e9alisations et leurs contributions \u00e0 la soci\u00e9t\u00e9.<\/p>\n<\/div><\/div><\/div><div class=\"fusion-panel panel-default panel-6c42f2e0cb417a40b fusion-toggle-has-divider\" style=\"--awb-title-color:#000000;\"><div class=\"panel-heading\"><h4 class=\"panel-title toggle\" id=\"toggle_6c42f2e0cb417a40b\"><a aria-expanded=\"false\" aria-controls=\"6c42f2e0cb417a40b\" role=\"button\" data-toggle=\"collapse\" data-parent=\"#accordion-8112-1\" data-target=\"#6c42f2e0cb417a40b\" href=\"#6c42f2e0cb417a40b\"><span class=\"fusion-toggle-icon-wrapper\" aria-hidden=\"true\"><i class=\"fa-fusion-box active-icon awb-icon-minus\" aria-hidden=\"true\"><\/i><i class=\"fa-fusion-box inactive-icon awb-icon-plus\" aria-hidden=\"true\"><\/i><\/span><span class=\"fusion-toggle-heading\">La r\u00e9alisation des v\u0153ux<\/span><\/a><\/h4><\/div><div id=\"6c42f2e0cb417a40b\" class=\"panel-collapse collapse \" aria-labelledby=\"toggle_6c42f2e0cb417a40b\"><div class=\"panel-body toggle-content fusion-clearfix\">\n<p><a href=\"http:\/\/www.sunshine.ca\/\" target=\"_blank\" rel=\"noopener\">Soleil &#8211; R\u00eaves d&rsquo;enfants<\/a><\/p>\n<p><a href=\"https:\/\/www.starlight.org\/\" target=\"_blank\" rel=\"noopener\">Fondation Starlight pour l&rsquo;enfance<\/a><\/p>\n<p><a href=\"https:\/\/makeawish.ca\/\" target=\"_blank\" rel=\"noopener\">Fondation Make-A-Wish<\/a><\/p>\n<p><a href=\"https:\/\/www.childrenswish.ca\/\" target=\"_blank\" rel=\"noopener\">Fondation Children&rsquo;s WIsh<\/a><\/p>\n<\/div><\/div><\/div><\/div><\/div><\/div><\/div><\/div><\/div>\n","protected":false},"excerpt":{"rendered":"","protected":false},"author":1,"featured_media":0,"parent":7849,"menu_order":1,"comment_status":"closed","ping_status":"closed","template":"","meta":{"om_disable_all_campaigns":false,"_monsterinsights_skip_tracking":false,"_monsterinsights_sitenote_active":false,"_monsterinsights_sitenote_note":"","_monsterinsights_sitenote_category":0,"_uf_show_specific_survey":0,"_uf_disable_surveys":false,"footnotes":""},"class_list":["post-8112","page","type-page","status-publish","hentry"],"aioseo_notices":[],"_links":{"self":[{"href":"https:\/\/mitocanada.org\/fr\/wp-json\/wp\/v2\/pages\/8112","targetHints":{"allow":["GET"]}}],"collection":[{"href":"https:\/\/mitocanada.org\/fr\/wp-json\/wp\/v2\/pages"}],"about":[{"href":"https:\/\/mitocanada.org\/fr\/wp-json\/wp\/v2\/types\/page"}],"author":[{"embeddable":true,"href":"https:\/\/mitocanada.org\/fr\/wp-json\/wp\/v2\/users\/1"}],"replies":[{"embeddable":true,"href":"https:\/\/mitocanada.org\/fr\/wp-json\/wp\/v2\/comments?post=8112"}],"version-history":[{"count":2,"href":"https:\/\/mitocanada.org\/fr\/wp-json\/wp\/v2\/pages\/8112\/revisions"}],"predecessor-version":[{"id":8114,"href":"https:\/\/mitocanada.org\/fr\/wp-json\/wp\/v2\/pages\/8112\/revisions\/8114"}],"up":[{"embeddable":true,"href":"https:\/\/mitocanada.org\/fr\/wp-json\/wp\/v2\/pages\/7849"}],"wp:attachment":[{"href":"https:\/\/mitocanada.org\/fr\/wp-json\/wp\/v2\/media?parent=8112"}],"curies":[{"name":"wp","href":"https:\/\/api.w.org\/{rel}","templated":true}]}}