{"id":8107,"date":"2022-03-10T14:31:03","date_gmt":"2022-03-10T19:31:03","guid":{"rendered":"https:\/\/mitocanada.org\/soutien\/vivre-avec-mito-guide-pour-les-patients-nouvellement-diagnostiques\/"},"modified":"2025-05-18T13:09:17","modified_gmt":"2025-05-18T17:09:17","slug":"vivre-avec-mito-guide-pour-les-patients-nouvellement-diagnostiques","status":"publish","type":"page","link":"https:\/\/mitocanada.org\/fr\/soutien\/vivre-avec-mito-guide-pour-les-patients-nouvellement-diagnostiques\/","title":{"rendered":"Vivre avec Mito &#8211; Guide pour les patients nouvellement diagnostiqu\u00e9s"},"content":{"rendered":"<div class=\"fusion-fullwidth fullwidth-box fusion-builder-row-1 fusion-flex-container nonhundred-percent-fullwidth non-hundred-percent-height-scrolling\" style=\"--awb-border-radius-top-left:0px;--awb-border-radius-top-right:0px;--awb-border-radius-bottom-right:0px;--awb-border-radius-bottom-left:0px;--awb-flex-wrap:wrap;\" ><div class=\"fusion-builder-row fusion-row fusion-flex-align-items-flex-start fusion-flex-content-wrap\" style=\"max-width:1456px;margin-left: calc(-4% \/ 2 );margin-right: calc(-4% \/ 2 );\"><div class=\"fusion-layout-column fusion_builder_column fusion-builder-column-0 fusion_builder_column_1_1 1_1 fusion-flex-column\" style=\"--awb-bg-size:cover;--awb-width-large:100%;--awb-margin-top-large:0px;--awb-spacing-right-large:1.92%;--awb-margin-bottom-large:0px;--awb-spacing-left-large:1.92%;--awb-width-medium:100%;--awb-spacing-right-medium:1.92%;--awb-spacing-left-medium:1.92%;--awb-width-small:100%;--awb-spacing-right-small:1.92%;--awb-spacing-left-small:1.92%;\"><div class=\"fusion-column-wrapper fusion-flex-justify-content-flex-start fusion-content-layout-column\"><div class=\"fusion-text fusion-text-1\"><p><img decoding=\"async\" class=\"alignright wp-image-5810\" src=\"https:\/\/mitocanada.org\/wp-content\/uploads\/2024\/06\/Jonathan-Fleisch-3-e1719456359577.png\" alt=\"Jonathan et sa femme posent et sourient dans leur cuisine\" width=\"375\" height=\"253\" srcset=\"https:\/\/mitocanada.org\/wp-content\/uploads\/2024\/06\/Jonathan-Fleisch-3-e1719456359577-200x135.png 200w, https:\/\/mitocanada.org\/wp-content\/uploads\/2024\/06\/Jonathan-Fleisch-3-e1719456359577-300x202.png 300w, https:\/\/mitocanada.org\/wp-content\/uploads\/2024\/06\/Jonathan-Fleisch-3-e1719456359577-400x270.png 400w, https:\/\/mitocanada.org\/wp-content\/uploads\/2024\/06\/Jonathan-Fleisch-3-e1719456359577-600x405.png 600w, https:\/\/mitocanada.org\/wp-content\/uploads\/2024\/06\/Jonathan-Fleisch-3-e1719456359577.png 618w\" sizes=\"(max-width: 375px) 100vw, 375px\" \/>Le diagnostic d&rsquo;une maladie chronique est d\u00e9vastateur. Le diagnostic d&rsquo;une maladie rare comme la mitose peut \u00eatre accablant. S&rsquo;adapter \u00e0 la vie avec une maladie mito peut \u00eatre d\u00e9routant et frustrant. Les patients, leur famille et les soignants ont beaucoup \u00e0 apprendre. MitoCanada est l\u00e0 pour vous aider.    <\/p>\n<p>En vous armant d&rsquo;informations pratiques, vous aurez les meilleures chances de vivre pleinement votre vie. MitoCanada a fait \u00e9quipe avec le Mitochondrial Care Network (MCN) pour \u00e9laborer un guide qui vous aidera \u00e0 comprendre ce que signifie un diagnostic de maladie mitochondriale, o\u00f9 trouver le soutien dont vous aurez besoin dans les premiers jours et tout au long de votre vie, comment maximiser votre sant\u00e9 tout au long de votre parcours mitotique et comment \u00eatre un patient responsable qui peut d\u00e9fendre de fa\u00e7on responsable les soins que vous voudrez et dont vous aurez besoin \u00e0 l&rsquo;avenir, \u00e0 partir d&rsquo;une position d&rsquo;information.<\/p>\n<\/div><div class=\"fusion-text fusion-text-2\"><p>Le MCN est une collaboration entre les m\u00e9decins mitochondriaux de la Mitochondrial Medicine Society et de nombreux groupes de d\u00e9fense des patients. Le r\u00e9seau a \u00e9t\u00e9 cr\u00e9\u00e9 pour am\u00e9liorer la qualit\u00e9 des soins prodigu\u00e9s aux patients atteints de maladies mitochondriales et pour mettre en \u0153uvre les meilleures pratiques et les normes de soins en m\u00e9decine mitochondriale. <\/p>\n<p>Donnez de l&rsquo;\u00e9nergie \u00e0 votre voyage dans le domaine de la mitose en explorant Living with Mito !<\/p>\n<\/div><div class=\"fusion-separator fusion-full-width-sep\" style=\"align-self: center;margin-left: auto;margin-right: auto;margin-top:20px;width:100%;\"><\/div><div ><a class=\"fusion-button button-flat fusion-button-default-size button-default fusion-button-default button-1 fusion-button-default-span fusion-button-default-type\" target=\"_self\" href=\"https:\/\/mitocanada.org\/fr\/explorer-la-maladie-mitochondriale-un-guide-du-diagnostic-a-la-prise-en-charge\/\"><span class=\"fusion-button-text\">Ressources sur la maladie mitochondriale<\/span><\/a><\/div><\/div><\/div><\/div><\/div>\n","protected":false},"excerpt":{"rendered":"","protected":false},"author":1,"featured_media":0,"parent":8103,"menu_order":0,"comment_status":"closed","ping_status":"closed","template":"","meta":{"om_disable_all_campaigns":false,"_monsterinsights_skip_tracking":false,"_monsterinsights_sitenote_active":false,"_monsterinsights_sitenote_note":"","_monsterinsights_sitenote_category":0,"_uf_show_specific_survey":0,"_uf_disable_surveys":false,"footnotes":""},"class_list":["post-8107","page","type-page","status-publish","hentry"],"aioseo_notices":[],"_links":{"self":[{"href":"https:\/\/mitocanada.org\/fr\/wp-json\/wp\/v2\/pages\/8107","targetHints":{"allow":["GET"]}}],"collection":[{"href":"https:\/\/mitocanada.org\/fr\/wp-json\/wp\/v2\/pages"}],"about":[{"href":"https:\/\/mitocanada.org\/fr\/wp-json\/wp\/v2\/types\/page"}],"author":[{"embeddable":true,"href":"https:\/\/mitocanada.org\/fr\/wp-json\/wp\/v2\/users\/1"}],"replies":[{"embeddable":true,"href":"https:\/\/mitocanada.org\/fr\/wp-json\/wp\/v2\/comments?post=8107"}],"version-history":[{"count":5,"href":"https:\/\/mitocanada.org\/fr\/wp-json\/wp\/v2\/pages\/8107\/revisions"}],"predecessor-version":[{"id":11046,"href":"https:\/\/mitocanada.org\/fr\/wp-json\/wp\/v2\/pages\/8107\/revisions\/11046"}],"up":[{"embeddable":true,"href":"https:\/\/mitocanada.org\/fr\/wp-json\/wp\/v2\/pages\/8103"}],"wp:attachment":[{"href":"https:\/\/mitocanada.org\/fr\/wp-json\/wp\/v2\/media?parent=8107"}],"curies":[{"name":"wp","href":"https:\/\/api.w.org\/{rel}","templated":true}]}}