{"id":8080,"date":"2023-09-20T14:22:33","date_gmt":"2023-09-20T18:22:33","guid":{"rendered":"https:\/\/mitocanada.org\/medicaments-et-maladie-mitochondriale-primaire\/"},"modified":"2025-05-19T00:12:29","modified_gmt":"2025-05-19T04:12:29","slug":"medicaments-et-maladie-mitochondriale-primaire","status":"publish","type":"page","link":"https:\/\/mitocanada.org\/fr\/medicaments-et-maladie-mitochondriale-primaire\/","title":{"rendered":"M\u00e9dicaments et maladie mitochondriale primaire"},"content":{"rendered":"<p><div class=\"fusion-fullwidth fullwidth-box fusion-builder-row-1 fusion-flex-container nonhundred-percent-fullwidth non-hundred-percent-height-scrolling\" style=\"--awb-border-radius-top-left:0px;--awb-border-radius-top-right:0px;--awb-border-radius-bottom-right:0px;--awb-border-radius-bottom-left:0px;--awb-flex-wrap:wrap;\" ><div class=\"fusion-builder-row fusion-row fusion-flex-align-items-flex-start fusion-flex-content-wrap\" style=\"max-width:1456px;margin-left: calc(-4% \/ 2 );margin-right: calc(-4% \/ 2 );\"><div class=\"fusion-layout-column fusion_builder_column fusion-builder-column-0 fusion_builder_column_1_1 1_1 fusion-flex-column\" style=\"--awb-bg-size:cover;--awb-width-large:100%;--awb-margin-top-large:0px;--awb-spacing-right-large:1.92%;--awb-margin-bottom-large:20px;--awb-spacing-left-large:1.92%;--awb-width-medium:100%;--awb-order-medium:0;--awb-spacing-right-medium:1.92%;--awb-spacing-left-medium:1.92%;--awb-width-small:100%;--awb-order-small:0;--awb-spacing-right-small:1.92%;--awb-spacing-left-small:1.92%;\"><div class=\"fusion-column-wrapper fusion-column-has-shadow fusion-flex-justify-content-flex-start fusion-content-layout-column\"><div class=\"fusion-text fusion-text-1\"><div class=\"page\" title=\"Page 1\">\n<div class=\"section\">\n<div class=\"layoutArea\">\n<div class=\"column\">\n<h2>Utilisation de m\u00e9dicaments dans le cadre de la PMD : ce qui est s\u00fbr et quand faire preuve de prudence<\/h2>\n<div class=\"page\" title=\"Page 1\">\n<div class=\"section\">\n<div class=\"layoutArea\">\n<div class=\"column\">\n<div class=\"page\" title=\"Page 12\">\n<div class=\"layoutArea\">\n<div class=\"column\">\n<p>Historiquement, on pensait que les patients souffrant de maladies mitochondriales devaient \u00e9viter de nombreux m\u00e9dicaments car ils pouvaient avoir un impact sur la fonction mitochondriale. Cependant, nous savons aujourd&rsquo;hui que de nombreux m\u00e9dicaments sont bien tol\u00e9r\u00e9s lorsqu&rsquo;ils sont pris dans le cadre d&rsquo;un traitement de routine. <\/p>\n<p>Il est important de se rappeler que des effets secondaires peuvent survenir avec n&rsquo;importe quel m\u00e9dicament chez n&rsquo;importe quel patient. Il est donc essentiel de suivre les conseils de votre fournisseur de soins de sant\u00e9 et de lire les informations sur le m\u00e9dicament. <\/p>\n<p><span dir=\"ltr\">En 2019, l&rsquo;article<a href=\"https:\/\/onlinelibrary.wiley.com\/doi\/epdf\/10.1002\/jimd.12196\" target=\"_blank\" rel=\"noopener\">\u00ab\u00a0Safety of drug use in patients with a primary mitochondrial disease : An international Delphi-based consensus<\/a>\u00a0\u00bb a \u00e9t\u00e9 publi\u00e9. <\/span><span dir=\"ltr\">Ce document de consensus mis \u00e0 jour<\/span><span dir=\"ltr\"> \u00e9tablit de nouvelles lignes directrices pour une utilisation s\u00fbre des m\u00e9dicaments <\/span> <span dir=\"ltr\">chez les patients atteints d&rsquo;une maladie mitochondriale primaire. Des m\u00e9dicaments sp\u00e9cifiques, des groupes de m\u00e9dicaments et des   <\/span><span dir=\"ltr\">Les conditions cliniques ou g\u00e9n\u00e9tiques sont d\u00e9crites s\u00e9par\u00e9ment dans le document.<\/span><span dir=\"ltr\">.<\/span><\/p>\n<p>\u00c0 partir de cet article, l&rsquo;International Mito Patients Association (IMP) a cr\u00e9\u00e9 un document<a href=\"https:\/\/mitocanada.org\/wp-content\/uploads\/2023\/09\/Mito-Medicine-from-IMP.pdf\" target=\"_blank\" rel=\"noopener\">intitul\u00e9 \u00ab\u00a0List of Medicines to be Used with Caution\u00a0\u00bb (Liste des m\u00e9dicaments \u00e0 utiliser avec pr\u00e9caution<\/a>), qui comprend deux tableaux. Le tableau 1 est une \u00ab\u00a0Liste de m\u00e9dicaments \u00e9tudi\u00e9s et consid\u00e9r\u00e9s comme s\u00fbrs \u00e0 utiliser\u00a0\u00bb, et le tableau 2 est une \u00ab\u00a0Attention concernant la prescription de m\u00e9dicaments chez les patients atteints d&rsquo;une maladie mitochondriale\u00a0\u00bb<\/p>\n<\/div>\n<\/div>\n<\/div>\n<\/div>\n<\/div>\n<\/div>\n<\/div>\n<\/div>\n<\/div>\n<\/div>\n<\/div>\n<\/div><div class=\"fusion-separator fusion-full-width-sep\" style=\"align-self: center;margin-left: auto;margin-right: auto;margin-top:15px;margin-bottom:15px;width:100%;\"><\/div><\/div><\/div><\/div><\/div><div class=\"fusion-fullwidth fullwidth-box fusion-builder-row-2 fusion-flex-container has-pattern-background has-mask-background nonhundred-percent-fullwidth non-hundred-percent-height-scrolling\" style=\"--awb-border-radius-top-left:0px;--awb-border-radius-top-right:0px;--awb-border-radius-bottom-right:0px;--awb-border-radius-bottom-left:0px;--awb-flex-wrap:wrap;\" ><div class=\"fusion-builder-row fusion-row fusion-flex-align-items-flex-start fusion-flex-content-wrap\" style=\"max-width:1456px;margin-left: calc(-4% \/ 2 );margin-right: calc(-4% \/ 2 );\"><div class=\"fusion-layout-column fusion_builder_column fusion-builder-column-1 fusion_builder_column_1_1 1_1 fusion-flex-column\" style=\"--awb-bg-size:cover;--awb-width-large:100%;--awb-margin-top-large:0px;--awb-spacing-right-large:1.92%;--awb-margin-bottom-large:20px;--awb-spacing-left-large:1.92%;--awb-width-medium:100%;--awb-order-medium:0;--awb-spacing-right-medium:1.92%;--awb-spacing-left-medium:1.92%;--awb-width-small:100%;--awb-order-small:0;--awb-spacing-right-small:1.92%;--awb-spacing-left-small:1.92%;\"><div class=\"fusion-column-wrapper fusion-column-has-shadow fusion-flex-justify-content-flex-start fusion-content-layout-column\">\n<div class=\"table-1\">\n<p>Tableau 1. Liste des m\u00e9dicaments dont l&rsquo;utilisation est consid\u00e9r\u00e9e comme s\u00fbre <\/p>\n<table width=\"100%\">\n<thead>\n<tr>\n<th align=\"left\">Cat\u00e9gorie<\/th>\n<th align=\"left\">Nom g\u00e9n\u00e9rique<\/th>\n<\/tr>\n<\/thead>\n<tbody>\n<tr>\n<td align=\"left\">Inhibiteurs de l&rsquo;ECA<\/td>\n<td align=\"left\">Captopril, p\u00e9rindopril, \u00e9nalapril, lisinopril<\/td>\n<\/tr>\n<tr>\n<td align=\"left\">Analg\u00e9siques &#8211; Antipyr\u00e9tiques<\/td>\n<td align=\"left\">ac\u00e9taminoph\u00e8ne (parac\u00e9tamol), salicyl\u00e9s<\/td>\n<\/tr>\n<tr>\n<td align=\"left\">Anesth\u00e9siques<\/td>\n<td align=\"left\">artisan, bupivaca\u00efne, lidoca\u00efne, halothane, isoflurane, s\u00e9voflurane, barbituriques, fentanyl, k\u00e9tamine, midazolam \/ benzodiaz\u00e9pine, propofol<\/td>\n<\/tr>\n<tr>\n<td align=\"left\">Antiarythmiques<\/td>\n<td align=\"left\">amiodarone, b\u00eata-bloquants<\/td>\n<\/tr>\n<tr>\n<td align=\"left\">Antibiotiques<\/td>\n<td align=\"left\">ceftriaxone, chloramph\u00e9nicol, lin\u00e9zolide, quinolones, t\u00e9tracylines<\/td>\n<\/tr>\n<tr>\n<td align=\"left\">M\u00e9dicaments antidiab\u00e9tiques<\/td>\n<td align=\"left\">biguanides (metformine), thiazolidinedione (glitazones)<\/td>\n<\/tr>\n<tr>\n<td align=\"left\">M\u00e9dicaments anti\u00e9pileptiques<\/td>\n<td align=\"left\">barbituriques, carbamaz\u00e9pine, gabapentine, levetriacetam, oxcarbaz\u00e9pine, p\u00e9rampanel, ph\u00e9nyto\u00efne, rufinamide, stiripentol, topiramate<\/td>\n<\/tr>\n<tr>\n<td align=\"left\">Antipsychotiques \/ neuroleptiques \/ antid\u00e9presseurs<\/td>\n<td align=\"left\">amitriptyline, amoxapine, chlorpromazine, clozapine, fluox\u00e9tine, fluph\u00e9nazine, halop\u00e9ridol, qu\u00e9tiapine, risp\u00e9ridone<\/td>\n<\/tr>\n<tr>\n<td align=\"left\">M\u00e9dicaments antir\u00e9troviraux<\/td>\n<td align=\"left\">par exemple zidovudine, abacavir<\/td>\n<\/tr>\n<tr>\n<td align=\"left\">Bisphosphonates<\/td>\n<td align=\"left\">p. ex. pamidronate, alendronate<\/td>\n<\/tr>\n<tr>\n<td align=\"left\">Cannabidiol<\/td>\n<td align=\"left\"><\/td>\n<\/tr>\n<tr>\n<td align=\"left\">Chimioth\u00e9rapie<\/td>\n<td align=\"left\">ex : carboplatine, doxorubicine, ifosfamide<\/td>\n<\/tr>\n<tr>\n<td align=\"left\">\u00c9thanol<\/td>\n<td align=\"left\"><\/td>\n<\/tr>\n<tr>\n<td align=\"left\">Fibrate m\u00e9dicaments<\/td>\n<td align=\"left\">clofibrate, ciprofibrate<\/td>\n<\/tr>\n<tr>\n<td align=\"left\">Immunoth\u00e9rapie<\/td>\n<td align=\"left\">interf\u00e9rons<\/td>\n<\/tr>\n<tr>\n<td align=\"left\">AINS<\/td>\n<td align=\"left\">ex : diciof\u00e9nac, indom\u00e9thacine, naprox\u00e8ne<\/td>\n<\/tr>\n<tr>\n<td align=\"left\">Statines<\/td>\n<td align=\"left\">ceftriaxone, chloramph\u00e9nicol, lin\u00e9zolide, quinolones, t\u00e9tracylines<\/td>\n<\/tr>\n<tr>\n<td align=\"left\">St\u00e9ro\u00efdes<\/td>\n<td align=\"left\">par exemple hydrocortisone, dexam\u00e9thone, prednisone<\/td>\n<\/tr>\n<\/tbody>\n<\/table>\n<\/div>\n<div class=\"fusion-separator fusion-full-width-sep\" style=\"align-self: center;margin-left: auto;margin-right: auto;margin-top:25px;margin-bottom:25px;width:100%;\"><\/div><\/div><\/div><\/div><\/div><div class=\"fusion-fullwidth fullwidth-box fusion-builder-row-3 fusion-flex-container has-pattern-background has-mask-background nonhundred-percent-fullwidth non-hundred-percent-height-scrolling\" style=\"--awb-border-radius-top-left:0px;--awb-border-radius-top-right:0px;--awb-border-radius-bottom-right:0px;--awb-border-radius-bottom-left:0px;--awb-flex-wrap:wrap;\" ><div class=\"fusion-builder-row fusion-row fusion-flex-align-items-flex-start fusion-flex-content-wrap\" style=\"max-width:1456px;margin-left: calc(-4% \/ 2 );margin-right: calc(-4% \/ 2 );\"><div class=\"fusion-layout-column fusion_builder_column fusion-builder-column-2 fusion_builder_column_1_1 1_1 fusion-flex-column\" style=\"--awb-bg-size:cover;--awb-width-large:100%;--awb-margin-top-large:0px;--awb-spacing-right-large:1.92%;--awb-margin-bottom-large:20px;--awb-spacing-left-large:1.92%;--awb-width-medium:100%;--awb-order-medium:0;--awb-spacing-right-medium:1.92%;--awb-spacing-left-medium:1.92%;--awb-width-small:100%;--awb-order-small:0;--awb-spacing-right-small:1.92%;--awb-spacing-left-small:1.92%;\"><div class=\"fusion-column-wrapper fusion-column-has-shadow fusion-flex-justify-content-flex-start fusion-content-layout-column\">\n<div class=\"table-1\">\n<p>Tableau 2. Liste des m\u00e9dicaments avec pr\u00e9cautions <\/p>\n<table width=\"100%\">\n<thead>\n<tr>\n<th align=\"left\">Cat\u00e9gorie<\/th>\n<th align=\"left\">Points d&rsquo;attention<\/th>\n<\/tr>\n<\/thead>\n<tbody>\n<tr>\n<td align=\"left\">Acide valpro\u00efque (valproate de sodium)<\/td>\n<td align=\"left\">Ne doit \u00eatre utilis\u00e9 que dans des circonstances exceptionnelles. Ne doit absolument pas \u00eatre administr\u00e9 aux patients pr\u00e9sentant des mutations dans un g\u00e8ne appel\u00e9 POLG ou aux patients pr\u00e9sentant des sympt\u00f4mes suspects de maladie POLG. Ne doit pas \u00eatre utilis\u00e9 chez les patients souffrant d&rsquo;une maladie du foie.  <\/td>\n<\/tr>\n<tr>\n<td align=\"left\">Aminoglycosides (antibiotiques)<\/td>\n<td align=\"left\">En cas de mutations sp\u00e9cifiques de l&rsquo;ADN mitochondrial (ARNr 12S), ces antibiotiques peuvent provoquer une perte auditive. Dans les situations d&rsquo;urgence, les ahminoglycosides peuvent \u00eatre utilis\u00e9s, mais les avantages du m\u00e9dicament sont alors plus importants. Si un traitement \u00e0 long terme est n\u00e9cessaire, il convient de rechercher ces mutations et\/ou de passer \u00e0 un autre r\u00e9gime antibiotique.  <\/td>\n<\/tr>\n<tr>\n<td align=\"left\">M\u00e9dicaments bloquants neuromusculaires (utilis\u00e9s pour l&rsquo;anesth\u00e9sie)<\/td>\n<td align=\"left\">Chez les patients souffrant d&rsquo;une maladie musculaire, il est pr\u00e9f\u00e9rable de ne pas utiliser ces m\u00e9dicaments ou, si n\u00e9cessaire, de les soumettre \u00e0 une surveillance stricte.<\/td>\n<\/tr>\n<tr>\n<td align=\"left\"><strong>Situation sp\u00e9cifique  <\/strong><\/td>\n<td align=\"left\"><\/td>\n<\/tr>\n<tr>\n<td align=\"left\">Anesth\u00e9sie g\u00e9n\u00e9rale et chirurgie<\/td>\n<td align=\"left\">La p\u00e9riode de je\u00fbne avant l&rsquo;op\u00e9ration doit \u00eatre aussi courte que possible. Lors d&rsquo;une anesth\u00e9sie prolong\u00e9e, l&rsquo;apport hydrique et calorique doit \u00eatre assur\u00e9 par une perfusion de glucose, sauf si le patient suit un r\u00e9gime c\u00e9tog\u00e8ne. <\/td>\n<\/tr>\n<tr>\n<td align=\"left\">Dur\u00e9e du traitement<\/td>\n<td align=\"left\">Des effets secondaires peuvent appara\u00eetre lorsque le m\u00e9dicament est utilis\u00e9 pendant une p\u00e9riode prolong\u00e9e. Il convient d&rsquo;\u00e9valuer pour chaque patient si la n\u00e9cessit\u00e9 d&rsquo;un traitement \u00e0 long terme l&#8217;emporte sur les effets secondaires possibles. <\/td>\n<\/tr>\n<tr>\n<td align=\"left\">Insuffisance r\u00e9nale<\/td>\n<td align=\"left\">Les reins \u00e9liminent certains m\u00e9dicaments du sang. Si les reins ne fonctionnent pas correctement, une trop grande quantit\u00e9 de m\u00e9dicaments reste dans le sang. Cela peut entra\u00eener davantage d&rsquo;effets secondaires. La posologie et\/ou la fr\u00e9quence d&rsquo;administration doivent \u00eatre adapt\u00e9es pour ces m\u00e9dicaments.   <\/td>\n<\/tr>\n<tr>\n<td align=\"left\">Taux \u00e9lev\u00e9 d&rsquo;acide lactique dans le sang<\/td>\n<td align=\"left\">Les patients atteints d&rsquo;une maladie mitochondriale peuvent pr\u00e9senter une augmentation de l&rsquo;acidit\u00e9 sanguine en raison d&rsquo;un taux \u00e9lev\u00e9 d&rsquo;acide lactique. Dans ce cas, il est pr\u00e9f\u00e9rable de ne pas utiliser de m\u00e9dicaments susceptibles d&rsquo;acidifier le sang ou, si n\u00e9cessaire, de surveiller r\u00e9guli\u00e8rement les valeurs sanguines. <\/td>\n<\/tr>\n<\/tbody>\n<\/table>\n<\/div>\n<\/div><\/div><\/div><\/div><\/p>\n","protected":false},"excerpt":{"rendered":"","protected":false},"author":3,"featured_media":0,"parent":0,"menu_order":0,"comment_status":"closed","ping_status":"closed","template":"","meta":{"om_disable_all_campaigns":false,"_monsterinsights_skip_tracking":false,"_monsterinsights_sitenote_active":false,"_monsterinsights_sitenote_note":"","_monsterinsights_sitenote_category":0,"_uf_show_specific_survey":0,"_uf_disable_surveys":false,"footnotes":""},"class_list":["post-8080","page","type-page","status-publish","hentry"],"aioseo_notices":[],"_links":{"self":[{"href":"https:\/\/mitocanada.org\/fr\/wp-json\/wp\/v2\/pages\/8080","targetHints":{"allow":["GET"]}}],"collection":[{"href":"https:\/\/mitocanada.org\/fr\/wp-json\/wp\/v2\/pages"}],"about":[{"href":"https:\/\/mitocanada.org\/fr\/wp-json\/wp\/v2\/types\/page"}],"author":[{"embeddable":true,"href":"https:\/\/mitocanada.org\/fr\/wp-json\/wp\/v2\/users\/3"}],"replies":[{"embeddable":true,"href":"https:\/\/mitocanada.org\/fr\/wp-json\/wp\/v2\/comments?post=8080"}],"version-history":[{"count":10,"href":"https:\/\/mitocanada.org\/fr\/wp-json\/wp\/v2\/pages\/8080\/revisions"}],"predecessor-version":[{"id":11143,"href":"https:\/\/mitocanada.org\/fr\/wp-json\/wp\/v2\/pages\/8080\/revisions\/11143"}],"wp:attachment":[{"href":"https:\/\/mitocanada.org\/fr\/wp-json\/wp\/v2\/media?parent=8080"}],"curies":[{"name":"wp","href":"https:\/\/api.w.org\/{rel}","templated":true}]}}