{"id":8012,"date":"2024-09-19T12:46:59","date_gmt":"2024-09-19T16:46:59","guid":{"rendered":"https:\/\/mitocanada.org\/essais-cliniques-dans-le-domaine-des-maladies-rares\/"},"modified":"2025-12-08T08:53:26","modified_gmt":"2025-12-08T13:53:26","slug":"essais-cliniques-dans-le-domaine-des-maladies-rares","status":"publish","type":"page","link":"https:\/\/mitocanada.org\/fr\/recherche-et-actualites\/essais-cliniques-dans-le-domaine-des-maladies-rares\/","title":{"rendered":"Comprendre les essais cliniques dans le domaine des maladies rares"},"content":{"rendered":"<p><div class=\"fusion-fullwidth fullwidth-box fusion-builder-row-1 fusion-flex-container nonhundred-percent-fullwidth non-hundred-percent-height-scrolling\" style=\"--awb-border-radius-top-left:0px;--awb-border-radius-top-right:0px;--awb-border-radius-bottom-right:0px;--awb-border-radius-bottom-left:0px;--awb-flex-wrap:wrap;\" ><div class=\"fusion-builder-row fusion-row fusion-flex-align-items-flex-start fusion-flex-content-wrap\" style=\"max-width:1456px;margin-left: calc(-4% \/ 2 );margin-right: calc(-4% \/ 2 );\"><div class=\"fusion-layout-column fusion_builder_column fusion-builder-column-0 fusion_builder_column_1_1 1_1 fusion-flex-column\" style=\"--awb-bg-size:cover;--awb-width-large:100%;--awb-margin-top-large:0px;--awb-spacing-right-large:1.92%;--awb-margin-bottom-large:0px;--awb-spacing-left-large:1.92%;--awb-width-medium:100%;--awb-spacing-right-medium:1.92%;--awb-spacing-left-medium:1.92%;--awb-width-small:100%;--awb-spacing-right-small:1.92%;--awb-spacing-left-small:1.92%;\"><div class=\"fusion-column-wrapper fusion-flex-justify-content-flex-start fusion-content-layout-column\"><div class=\"fusion-text fusion-text-1\" style=\"--awb-text-transform:none;\"><h2>Les essais cliniques sont essentiels pour faire progresser les connaissances m\u00e9dicales et mettre au point de nouveaux traitements, en particulier pour les maladies rares pour lesquelles les options peuvent \u00eatre limit\u00e9es.<\/h2>\n<\/div><\/div><\/div><\/div><\/div><div class=\"fusion-fullwidth fullwidth-box fusion-builder-row-2 fusion-flex-container nonhundred-percent-fullwidth non-hundred-percent-height-scrolling\" style=\"--awb-border-radius-top-left:0px;--awb-border-radius-top-right:0px;--awb-border-radius-bottom-right:0px;--awb-border-radius-bottom-left:0px;--awb-margin-top:25px;--awb-flex-wrap:wrap;\" ><div class=\"fusion-builder-row fusion-row fusion-flex-align-items-flex-start fusion-flex-content-wrap\" style=\"max-width:1456px;margin-left: calc(-4% \/ 2 );margin-right: calc(-4% \/ 2 );\"><div class=\"fusion-layout-column fusion_builder_column fusion-builder-column-1 fusion_builder_column_1_1 1_1 fusion-flex-column\" style=\"--awb-bg-size:cover;--awb-width-large:100%;--awb-margin-top-large:0px;--awb-spacing-right-large:1.92%;--awb-margin-bottom-large:20px;--awb-spacing-left-large:1.92%;--awb-width-medium:100%;--awb-order-medium:0;--awb-spacing-right-medium:1.92%;--awb-spacing-left-medium:1.92%;--awb-width-small:100%;--awb-order-small:0;--awb-spacing-right-small:1.92%;--awb-spacing-left-small:1.92%;\"><div class=\"fusion-column-wrapper fusion-column-has-shadow fusion-flex-justify-content-flex-start fusion-content-layout-column\"><div class=\"fusion-text fusion-text-2\" style=\"--awb-text-transform:none;\"><div class=\"page\" title=\"Page 1\">\n<div class=\"section\">\n<div class=\"layoutArea\">\n<div class=\"column\">\n<p>MitoCanada believes in the power of research. Clinical trials are studies conducted to acquire important data. They are essential to the discovery and advancement of medicine and medical knowledge.<\/p>\n<p>When you share your real-life experiences by participating in a clinical trial, you are supporting the process of developing medicines that have the potential to impact patient care and quality of life. Participation in a clinical trial is voluntary and can offer many benefits, but there may also be risks. When deciding whether to join a clinical trial, it is important to be informed so you can make the best possible decision for you.<\/p>\n<\/div>\n<\/div>\n<\/div>\n<\/div>\n<p style=\"font-weight: 400;\">The following information aims to educate patients and their families about clinical trials, the importance of participation, and what to expect when considering joining a trial.<\/p>\n<p style=\"font-weight: 400;\">Phases of Clinical Trials<\/p>\n<ol>\n<li style=\"font-weight: 400;\">Phase I: Tests the safety and dosage of a new treatment in a small group of healthy volunteers or patients.<\/li>\n<li style=\"font-weight: 400;\">Phase II: Focuses on the efficacy and side effects of the treatment in a larger group of patients.<\/li>\n<li style=\"font-weight: 400;\">Phase III: Compares the new treatment to the standard treatment in a large group of patients to confirm its effectiveness and monitor side effects.<\/li>\n<li style=\"font-weight: 400;\">Phase IV: Conducted after a treatment is approved to gather additional information on its long-term effects and safety.<\/li>\n<\/ol>\n<\/div><div class=\"fusion-separator fusion-full-width-sep\" style=\"align-self: center;margin-left: auto;margin-right: auto;margin-top:25px;margin-bottom:25px;width:100%;\"><\/div><div class=\"accordian fusion-accordian\" style=\"--awb-border-size:1px;--awb-icon-size:16px;--awb-content-font-size:var(--awb-typography4-font-size);--awb-icon-alignment:left;--awb-hover-color:var(--awb-color2);--awb-border-color:var(--awb-color3);--awb-background-color:var(--awb-color1);--awb-divider-color:var(--awb-color3);--awb-divider-hover-color:var(--awb-color3);--awb-icon-color:#ffffff;--awb-title-color:#000000;--awb-content-color:#000000;--awb-icon-box-color:#119bb5;--awb-toggle-hover-accent-color:#119bb5;--awb-title-font-family:var(--awb-typography1-font-family);--awb-title-font-weight:var(--awb-typography1-font-weight);--awb-title-font-style:var(--awb-typography1-font-style);--awb-title-font-size:20px;--awb-title-letter-spacing:-0.015em;--awb-title-line-height:1.2;--awb-content-font-family:&quot;Montserrat&quot;;--awb-content-font-style:normal;--awb-content-font-weight:400;\"><div class=\"panel-group fusion-toggle-icon-boxed\" id=\"accordion-8012-1\"><div class=\"fusion-panel panel-default panel-f8126d21e00c51531 fusion-toggle-has-divider\" style=\"--awb-title-color:#000000;\"><div class=\"panel-heading\"><h4 class=\"panel-title toggle\" id=\"toggle_f8126d21e00c51531\"><a aria-expanded=\"false\" aria-controls=\"f8126d21e00c51531\" role=\"button\" data-toggle=\"collapse\" data-parent=\"#accordion-8012-1\" data-target=\"#f8126d21e00c51531\" href=\"#f8126d21e00c51531\"><span class=\"fusion-toggle-icon-wrapper\" aria-hidden=\"true\"><i class=\"fa-fusion-box active-icon awb-icon-minus\" aria-hidden=\"true\"><\/i><i class=\"fa-fusion-box inactive-icon awb-icon-plus\" aria-hidden=\"true\"><\/i><\/span><span class=\"fusion-toggle-heading\">Pourquoi les essais cliniques sont-ils importants pour les patients atteints de maladies rares ?<\/span><\/a><\/h4><\/div><div id=\"f8126d21e00c51531\" class=\"panel-collapse collapse \" aria-labelledby=\"toggle_f8126d21e00c51531\"><div class=\"panel-body toggle-content fusion-clearfix\">\n<ol>\n<li style=\"font-weight: 400;\">Acc\u00e8s \u00e0 de nouveaux traitements : Les essais cliniques peuvent donner acc\u00e8s \u00e0 des th\u00e9rapies de pointe qui ne sont pas encore disponibles pour le public.<\/li>\n<li style=\"font-weight: 400;\">Faire progresser les connaissances m\u00e9dicales : La participation aide les chercheurs \u00e0 mieux comprendre les maladies rares, ce qui peut permettre d&rsquo;am\u00e9liorer les traitements et les m\u00e9thodes de diagnostic.<\/li>\n<li style=\"font-weight: 400;\">Contribuer aux traitements futurs : Votre participation peut aider les futurs patients en contribuant au d\u00e9veloppement de nouvelles th\u00e9rapies et en am\u00e9liorant la compr\u00e9hension de la maladie.<\/li>\n<\/ol>\n<\/div><\/div><\/div><div class=\"fusion-panel panel-default panel-ba79af2362b5d4551 fusion-toggle-has-divider\" style=\"--awb-title-color:#000000;\"><div class=\"panel-heading\"><h4 class=\"panel-title toggle\" id=\"toggle_ba79af2362b5d4551\"><a aria-expanded=\"false\" aria-controls=\"ba79af2362b5d4551\" role=\"button\" data-toggle=\"collapse\" data-parent=\"#accordion-8012-1\" data-target=\"#ba79af2362b5d4551\" href=\"#ba79af2362b5d4551\"><span class=\"fusion-toggle-icon-wrapper\" aria-hidden=\"true\"><i class=\"fa-fusion-box active-icon awb-icon-minus\" aria-hidden=\"true\"><\/i><i class=\"fa-fusion-box inactive-icon awb-icon-plus\" aria-hidden=\"true\"><\/i><\/span><span class=\"fusion-toggle-heading\">Avantages et risques de la participation<\/span><\/a><\/h4><\/div><div id=\"ba79af2362b5d4551\" class=\"panel-collapse collapse \" aria-labelledby=\"toggle_ba79af2362b5d4551\"><div class=\"panel-body toggle-content fusion-clearfix\">\n<p style=\"font-weight: 400;\">Avantages<\/p>\n<ol>\n<li style=\"font-weight: 400;\">Acc\u00e8s \u00e0 de nouveaux traitements : Vous pourriez recevoir un traitement plus efficace que les options actuelles.<\/li>\n<li style=\"font-weight: 400;\">Une surveillance \u00e9troite : Les participants re\u00e7oivent souvent des soins m\u00e9dicaux plus fr\u00e9quents et plus complets.<\/li>\n<li style=\"font-weight: 400;\">Aider les autres : Contribuer \u00e0 la recherche scientifique peut \u00eatre b\u00e9n\u00e9fique pour les futurs patients atteints de la m\u00eame maladie.<\/li>\n<\/ol>\n<p style=\"font-weight: 400;\">Risques<\/p>\n<ol>\n<li style=\"font-weight: 400;\">Effets secondaires : Les nouveaux traitements peuvent avoir des effets secondaires inconnus.<\/li>\n<li style=\"font-weight: 400;\">Inefficacit\u00e9 : Le traitement peut ne pas \u00eatre efficace pour votre maladie.<\/li>\n<li style=\"font-weight: 400;\">Engagement : La participation peut n\u00e9cessiter du temps, des d\u00e9placements et des visites m\u00e9dicales fr\u00e9quentes.<\/li>\n<\/ol>\n<\/div><\/div><\/div><div class=\"fusion-panel panel-default panel-17600df4a96898bb4 fusion-toggle-has-divider\" style=\"--awb-title-color:#000000;\"><div class=\"panel-heading\"><h4 class=\"panel-title toggle\" id=\"toggle_17600df4a96898bb4\"><a aria-expanded=\"false\" aria-controls=\"17600df4a96898bb4\" role=\"button\" data-toggle=\"collapse\" data-parent=\"#accordion-8012-1\" data-target=\"#17600df4a96898bb4\" href=\"#17600df4a96898bb4\"><span class=\"fusion-toggle-icon-wrapper\" aria-hidden=\"true\"><i class=\"fa-fusion-box active-icon awb-icon-minus\" aria-hidden=\"true\"><\/i><i class=\"fa-fusion-box inactive-icon awb-icon-plus\" aria-hidden=\"true\"><\/i><\/span><span class=\"fusion-toggle-heading\">Comment trouver des essais cliniques<\/span><\/a><\/h4><\/div><div id=\"17600df4a96898bb4\" class=\"panel-collapse collapse \" aria-labelledby=\"toggle_17600df4a96898bb4\"><div class=\"panel-body toggle-content fusion-clearfix\">\n<ol>\n<li style=\"font-weight: 400;\">ClinicalTrials.gov : Une base de donn\u00e9es compl\u00e8te d&rsquo;\u00e9tudes cliniques priv\u00e9es et publiques men\u00e9es dans le monde entier.<\/li>\n<li style=\"font-weight: 400;\">Groupes de d\u00e9fense des patients : Des organisations comme MitoCanada disposent souvent d&rsquo;informations sur les essais en cours et peuvent aider \u00e0 mettre les patients en contact avec les chercheurs.<\/li>\n<li style=\"font-weight: 400;\">Votre fournisseur de soins de sant\u00e9 : Les m\u00e9decins et les sp\u00e9cialistes peuvent \u00eatre au courant des essais cliniques concernant votre maladie.<\/li>\n<\/ol>\n<\/div><\/div><\/div><div class=\"fusion-panel panel-default panel-eccfb94494d1c1cc9 fusion-toggle-has-divider\" style=\"--awb-title-color:#000000;\"><div class=\"panel-heading\"><h4 class=\"panel-title toggle\" id=\"toggle_eccfb94494d1c1cc9\"><a aria-expanded=\"false\" aria-controls=\"eccfb94494d1c1cc9\" role=\"button\" data-toggle=\"collapse\" data-parent=\"#accordion-8012-1\" data-target=\"#eccfb94494d1c1cc9\" href=\"#eccfb94494d1c1cc9\"><span class=\"fusion-toggle-icon-wrapper\" aria-hidden=\"true\"><i class=\"fa-fusion-box active-icon awb-icon-minus\" aria-hidden=\"true\"><\/i><i class=\"fa-fusion-box inactive-icon awb-icon-plus\" aria-hidden=\"true\"><\/i><\/span><span class=\"fusion-toggle-heading\">Questions \u00e0 poser avant de participer \u00e0 un essai clinique<\/span><\/a><\/h4><\/div><div id=\"eccfb94494d1c1cc9\" class=\"panel-collapse collapse \" aria-labelledby=\"toggle_eccfb94494d1c1cc9\"><div class=\"panel-body toggle-content fusion-clearfix\">\n<ol>\n<li style=\"font-weight: 400;\">Quel est l&rsquo;objectif de l&rsquo;\u00e9tude ?<\/li>\n<li style=\"font-weight: 400;\">Quels traitements ou interventions recevrai-je ?<\/li>\n<li style=\"font-weight: 400;\">Quels sont les avantages et les risques potentiels ?<\/li>\n<li style=\"font-weight: 400;\">Quelle est la dur\u00e9e du proc\u00e8s ?<\/li>\n<li style=\"font-weight: 400;\">Quel est le type de soins de suivi ?<\/li>\n<li style=\"font-weight: 400;\">Quel sera l&rsquo;impact du proc\u00e8s sur ma vie quotidienne ?<\/li>\n<li style=\"font-weight: 400;\">Y a-t-il des frais \u00e0 pr\u00e9voir ou serai-je indemnis\u00e9 ?<\/li>\n<\/ol>\n<\/div><\/div><\/div><div class=\"fusion-panel panel-default panel-82681d02d1a01c390 fusion-toggle-has-divider\" style=\"--awb-title-color:#000000;\"><div class=\"panel-heading\"><h4 class=\"panel-title toggle\" id=\"toggle_82681d02d1a01c390\"><a aria-expanded=\"false\" aria-controls=\"82681d02d1a01c390\" role=\"button\" data-toggle=\"collapse\" data-parent=\"#accordion-8012-1\" data-target=\"#82681d02d1a01c390\" href=\"#82681d02d1a01c390\"><span class=\"fusion-toggle-icon-wrapper\" aria-hidden=\"true\"><i class=\"fa-fusion-box active-icon awb-icon-minus\" aria-hidden=\"true\"><\/i><i class=\"fa-fusion-box inactive-icon awb-icon-plus\" aria-hidden=\"true\"><\/i><\/span><span class=\"fusion-toggle-heading\">Consentement \u00e9clair\u00e9<\/span><\/a><\/h4><\/div><div id=\"82681d02d1a01c390\" class=\"panel-collapse collapse \" aria-labelledby=\"toggle_82681d02d1a01c390\"><div class=\"panel-body toggle-content fusion-clearfix\">\n<p style=\"font-weight: 400;\">Avant de participer \u00e0 un essai clinique, vous serez soumis \u00e0 un processus de consentement \u00e9clair\u00e9. Vous recevrez des informations d\u00e9taill\u00e9es sur l&rsquo;\u00e9tude, vous comprendrez les risques et les avantages potentiels et vous aurez la possibilit\u00e9 de poser des questions. La participation est volontaire et vous pouvez vous retirer de l&rsquo;essai \u00e0 tout moment.<\/p>\n<\/div><\/div><\/div><div class=\"fusion-panel panel-default panel-fac93ba25b607caaa fusion-toggle-has-divider\" style=\"--awb-title-color:#000000;\"><div class=\"panel-heading\"><h4 class=\"panel-title toggle\" id=\"toggle_fac93ba25b607caaa\"><a aria-expanded=\"false\" aria-controls=\"fac93ba25b607caaa\" role=\"button\" data-toggle=\"collapse\" data-parent=\"#accordion-8012-1\" data-target=\"#fac93ba25b607caaa\" href=\"#fac93ba25b607caaa\"><span class=\"fusion-toggle-icon-wrapper\" aria-hidden=\"true\"><i class=\"fa-fusion-box active-icon awb-icon-minus\" aria-hidden=\"true\"><\/i><i class=\"fa-fusion-box inactive-icon awb-icon-plus\" aria-hidden=\"true\"><\/i><\/span><span class=\"fusion-toggle-heading\">Votre r\u00f4le en tant que participant<\/span><\/a><\/h4><\/div><div id=\"fac93ba25b607caaa\" class=\"panel-collapse collapse \" aria-labelledby=\"toggle_fac93ba25b607caaa\"><div class=\"panel-body toggle-content fusion-clearfix\">\n<ol>\n<li style=\"font-weight: 400;\">-Suivre les instructions : Respecter le plan de traitement et se rendre \u00e0 tous les rendez-vous pr\u00e9vus.<\/li>\n<li style=\"font-weight: 400;\">-Signalez les effets secondaires : Communiquez tout changement dans votre \u00e9tat de sant\u00e9 \u00e0 l&rsquo;\u00e9quipe de recherche.<\/li>\n<li style=\"font-weight: 400;\">-Restez inform\u00e9 : Tenez-vous au courant de l&rsquo;\u00e9volution du proc\u00e8s et de toute nouvelle information.<\/li>\n<\/ol>\n<\/div><\/div><\/div><\/div><\/div><div class=\"fusion-separator fusion-full-width-sep\" style=\"align-self: center;margin-left: auto;margin-right: auto;margin-top:25px;margin-bottom:25px;width:100%;\"><\/div><div class=\"fusion-text fusion-text-3\" style=\"--awb-text-transform:none;\"><p style=\"font-weight: 400;\">Participer \u00e0 des essais cliniques est une d\u00e9cision personnelle qui peut avoir un impact significatif sur votre sant\u00e9 et sur l&rsquo;avenir du traitement des maladies rares. En comprenant le processus, les avantages et les risques, vous pourrez choisir en toute connaissance de cause de participer ou non \u00e0 un essai clinique. N&rsquo;oubliez pas que votre participation est une contribution pr\u00e9cieuse \u00e0 la recherche m\u00e9dicale et \u00e0 la lutte contre les maladies rares.<\/p>\n<p style=\"font-weight: 400;\">Pour obtenir de plus amples renseignements ou du soutien, vous pouvez communiquer avec des groupes de d\u00e9fense des droits des patients comme MitoCanada ou discuter des options avec votre fournisseur de soins de sant\u00e9.<\/p>\n<\/div><div class=\"fusion-separator fusion-full-width-sep\" style=\"align-self: center;margin-left: auto;margin-right: auto;margin-top:25px;margin-bottom:25px;width:100%;\"><\/div><div ><a class=\"fusion-button button-flat fusion-button-default-size button-default fusion-button-default button-1 fusion-button-default-span fusion-button-default-type\" target=\"_blank\" rel=\"noopener noreferrer\" href=\"https:\/\/mitocanada.org\/wp-content\/uploads\/2025\/01\/Comprendre-les-pistes-cliniques-dans-le-guide-des-maladies-rares.pdf\"><span class=\"fusion-button-text\">Comprendre les pistes cliniques dans le guide des maladies rares<\/span><\/a><\/div><\/div><\/div><\/div><\/div><\/p>\n","protected":false},"excerpt":{"rendered":"","protected":false},"author":3,"featured_media":0,"parent":8178,"menu_order":0,"comment_status":"closed","ping_status":"closed","template":"","meta":{"om_disable_all_campaigns":false,"_monsterinsights_skip_tracking":false,"_monsterinsights_sitenote_active":false,"_monsterinsights_sitenote_note":"","_monsterinsights_sitenote_category":0,"_uf_show_specific_survey":0,"_uf_disable_surveys":false,"footnotes":""},"class_list":["post-8012","page","type-page","status-publish","hentry"],"aioseo_notices":[],"_links":{"self":[{"href":"https:\/\/mitocanada.org\/fr\/wp-json\/wp\/v2\/pages\/8012","targetHints":{"allow":["GET"]}}],"collection":[{"href":"https:\/\/mitocanada.org\/fr\/wp-json\/wp\/v2\/pages"}],"about":[{"href":"https:\/\/mitocanada.org\/fr\/wp-json\/wp\/v2\/types\/page"}],"author":[{"embeddable":true,"href":"https:\/\/mitocanada.org\/fr\/wp-json\/wp\/v2\/users\/3"}],"replies":[{"embeddable":true,"href":"https:\/\/mitocanada.org\/fr\/wp-json\/wp\/v2\/comments?post=8012"}],"version-history":[{"count":15,"href":"https:\/\/mitocanada.org\/fr\/wp-json\/wp\/v2\/pages\/8012\/revisions"}],"predecessor-version":[{"id":13432,"href":"https:\/\/mitocanada.org\/fr\/wp-json\/wp\/v2\/pages\/8012\/revisions\/13432"}],"up":[{"embeddable":true,"href":"https:\/\/mitocanada.org\/fr\/wp-json\/wp\/v2\/pages\/8178"}],"wp:attachment":[{"href":"https:\/\/mitocanada.org\/fr\/wp-json\/wp\/v2\/media?parent=8012"}],"curies":[{"name":"wp","href":"https:\/\/api.w.org\/{rel}","templated":true}]}}