{"id":8003,"date":"2023-10-30T11:51:16","date_gmt":"2023-10-30T15:51:16","guid":{"rendered":"https:\/\/mitocanada.org\/quest-ce-que-le-transfert-mitochondrial\/"},"modified":"2026-01-15T09:42:25","modified_gmt":"2026-01-15T14:42:25","slug":"quest-ce-que-le-transfert-mitochondrial","status":"publish","type":"page","link":"https:\/\/mitocanada.org\/fr\/quest-ce-que-le-transfert-mitochondrial\/","title":{"rendered":"Qu&rsquo;est-ce que la transplantation mitochondriale ?"},"content":{"rendered":"<div class=\"fusion-fullwidth fullwidth-box fusion-builder-row-1 fusion-flex-container nonhundred-percent-fullwidth non-hundred-percent-height-scrolling\" style=\"--awb-border-radius-top-left:0px;--awb-border-radius-top-right:0px;--awb-border-radius-bottom-right:0px;--awb-border-radius-bottom-left:0px;--awb-flex-wrap:wrap;\" ><div class=\"fusion-builder-row fusion-row fusion-flex-align-items-flex-start fusion-flex-content-wrap\" style=\"max-width:1456px;margin-left: calc(-4% \/ 2 );margin-right: calc(-4% \/ 2 );\"><div class=\"fusion-layout-column fusion_builder_column fusion-builder-column-0 fusion_builder_column_1_1 1_1 fusion-flex-column\" style=\"--awb-bg-size:cover;--awb-width-large:100%;--awb-margin-top-large:0px;--awb-spacing-right-large:1.92%;--awb-margin-bottom-large:0px;--awb-spacing-left-large:1.92%;--awb-width-medium:100%;--awb-spacing-right-medium:1.92%;--awb-spacing-left-medium:1.92%;--awb-width-small:100%;--awb-spacing-right-small:1.92%;--awb-spacing-left-small:1.92%;\"><div class=\"fusion-column-wrapper fusion-flex-justify-content-flex-start fusion-content-layout-column\"><div class=\"fusion-text fusion-text-1\" style=\"--awb-text-transform:none;\"><h2><b>Transplantation de mitochondries<\/b><\/h2>\n<p><img decoding=\"async\" class=\"alignright wp-image-5476\" src=\"https:\/\/mitocanada.org\/wp-content\/uploads\/2024\/06\/Mitochondrial-Transfer-e1717435150726.png\" alt=\"Image Mitrix pour le transfert de mitochondries\" width=\"393\" height=\"264\" srcset=\"https:\/\/mitocanada.org\/wp-content\/uploads\/2024\/06\/Mitochondrial-Transfer-e1717435150726-200x134.png 200w, https:\/\/mitocanada.org\/wp-content\/uploads\/2024\/06\/Mitochondrial-Transfer-e1717435150726-300x201.png 300w, https:\/\/mitocanada.org\/wp-content\/uploads\/2024\/06\/Mitochondrial-Transfer-e1717435150726-400x268.png 400w, https:\/\/mitocanada.org\/wp-content\/uploads\/2024\/06\/Mitochondrial-Transfer-e1717435150726-600x403.png 600w, https:\/\/mitocanada.org\/wp-content\/uploads\/2024\/06\/Mitochondrial-Transfer-e1717435150726.png 617w\" sizes=\"(max-width: 393px) 100vw, 393px\" \/><\/p>\n<p>Depuis une dizaine d&rsquo;ann\u00e9es, les scientifiques ont d\u00e9couvert, gr\u00e2ce \u00e0 des \u00e9tudes <i>in vitro<\/i> (tubes \u00e0 essai et bo\u00eetes de culture) et <i>in vivo<\/i> (\u00e0 l&rsquo;int\u00e9rieur d&rsquo;organismes vivants), que les mitochondries peuvent \u00eatre transf\u00e9r\u00e9es d&rsquo;une cellule \u00e0 l&rsquo;autre, d&rsquo;un tissu \u00e0 l&rsquo;autre et d&rsquo;un animal \u00e0 l&rsquo;autre. Les scientifiques esp\u00e8rent appliquer ces m\u00e9thodes \u00e0 la fois aux maladies mitochondriales primaires et aux dysfonctionnements mitochondriaux acquis dans les maladies li\u00e9es \u00e0 l&rsquo;\u00e2ge telles que la maladie de Parkinson et la d\u00e9mence, y compris la maladie d&rsquo;Alzheimer et les maladies cardiovasculaires. <\/p>\n<p>Bien qu&rsquo;elle soit loin d&rsquo;\u00eatre pr\u00eate pour une utilisation humaine \u00e0 grande \u00e9chelle, la transplantation de mitochondries, \u00e9galement appel\u00e9e transplantation mitochondriale (ou transfert ou transfusion), n\u00e9cessite encore des recherches et des essais importants, mais elle est tr\u00e8s prometteuse en tant qu&rsquo;option th\u00e9rapeutique viable pour de nombreuses personnes, y compris les patients atteints d&rsquo;une maladie mitochondriale primaire.<\/p>\n<\/div><div class=\"accordian fusion-accordian\" style=\"--awb-border-size:1px;--awb-icon-size:16px;--awb-content-font-size:var(--awb-typography4-font-size);--awb-icon-alignment:left;--awb-hover-color:var(--awb-color2);--awb-border-color:var(--awb-color3);--awb-background-color:var(--awb-color1);--awb-divider-color:var(--awb-color3);--awb-divider-hover-color:var(--awb-color3);--awb-icon-color:#ffffff;--awb-title-color:#000000;--awb-content-color:#000000;--awb-icon-box-color:#119bb5;--awb-toggle-hover-accent-color:#119bb5;--awb-title-font-family:var(--awb-typography1-font-family);--awb-title-font-weight:var(--awb-typography1-font-weight);--awb-title-font-style:var(--awb-typography1-font-style);--awb-title-font-size:20px;--awb-title-letter-spacing:-0.015em;--awb-title-line-height:1.2;--awb-content-font-family:&quot;Montserrat&quot;;--awb-content-font-style:normal;--awb-content-font-weight:400;\"><div class=\"panel-group fusion-toggle-icon-boxed\" id=\"accordion-8003-1\"><div class=\"fusion-panel panel-default panel-0faf4b6d7a558c6d6 fusion-toggle-has-divider\" style=\"--awb-title-color:#000000;\"><div class=\"panel-heading\"><h4 class=\"panel-title toggle\" id=\"toggle_0faf4b6d7a558c6d6\"><a class=\"active\" aria-expanded=\"true\" aria-controls=\"0faf4b6d7a558c6d6\" role=\"button\" data-toggle=\"collapse\" data-parent=\"#accordion-8003-1\" data-target=\"#0faf4b6d7a558c6d6\" href=\"#0faf4b6d7a558c6d6\"><span class=\"fusion-toggle-icon-wrapper\" aria-hidden=\"true\"><i class=\"fa-fusion-box active-icon awb-icon-minus\" aria-hidden=\"true\"><\/i><i class=\"fa-fusion-box inactive-icon awb-icon-plus\" aria-hidden=\"true\"><\/i><\/span><span class=\"fusion-toggle-heading\">Comment fonctionne la transplantation de mitochondries ?<\/span><\/a><\/h4><\/div><div id=\"0faf4b6d7a558c6d6\" class=\"panel-collapse collapse in\" aria-labelledby=\"toggle_0faf4b6d7a558c6d6\"><div class=\"panel-body toggle-content fusion-clearfix\">\n<p>La transplantation de mitochondries est un processus complexe ; c&rsquo;est pourquoi nous avons essay\u00e9 de simplifier le processus et de minimiser la terminologie m\u00e9dicale et scientifique pour d\u00e9crire au mieux cette technique. La transplantation de mitochondries commence par le pr\u00e9l\u00e8vement d&rsquo;un \u00e9chantillon de tissu (g\u00e9n\u00e9ralement du tissu musculaire) sur un donneur ou sur une zone du corps o\u00f9 les tissus ne sont pas affect\u00e9s par des l\u00e9sions ou des maladies. Les mitochondries sont isol\u00e9es \u00e0 partir de cet \u00e9chantillon de tissu. Le processus d&rsquo;isolement peut \u00eatre compliqu\u00e9 et doit \u00eatre r\u00e9alis\u00e9 rapidement pour garantir que les mitochondries restent intactes et viables. L&rsquo;isolement et la pr\u00e9paration des mitochondries pour la transplantation peuvent prendre de 2 heures \u00e0 moins de 30 minutes, en fonction du processus utilis\u00e9 et de la quantit\u00e9 de mitochondries n\u00e9cessaires (1).    <\/p>\n<p>Actuellement, le processus d&rsquo;isolement pr\u00e9sente certaines limites. L&rsquo;isolement est limit\u00e9 par un d\u00e9lai \u00e9troit : les mitochondries isol\u00e9es ne peuvent rester actives et conserv\u00e9es dans la glace que pendant 1 \u00e0 2 heures environ. Cela signifie que l&rsquo;isolement et la d\u00e9livrance n\u00e9cessitent un d\u00e9lai court, ce qui exige des interventions chirurgicales rapides et peu co\u00fbteuses en temps (2).  <\/p>\n<p>Une fois isol\u00e9es, les mitochondries peuvent \u00eatre \u00e9valu\u00e9es de plusieurs mani\u00e8res, par exemple en utilisant une combinaison de colorants fluorescents et de sondes qui permettent d&rsquo;\u00e9clairer les mitochondries au microscope. Un dosage de l&rsquo;ATP (l&rsquo;ATP est la mol\u00e9cule porteuse d&rsquo;\u00e9nergie qui alimente les cellules) permet d&rsquo;identifier et d&rsquo;\u00e9valuer les mitochondries viables dans un lot de transfert. Une fois \u00e9valu\u00e9es, les mitochondries viables sont alors pr\u00eates \u00e0 \u00eatre transf\u00e9r\u00e9es, par injection ou perfusion, dans la circulation sanguine ou dans des cellules, tissus ou organes d\u00e9ficients ou endommag\u00e9s (3).<\/p>\n<\/div><\/div><\/div><div class=\"fusion-panel panel-default panel-3e1abb3db862b37bc fusion-toggle-has-divider\" style=\"--awb-title-color:#000000;\"><div class=\"panel-heading\"><h4 class=\"panel-title toggle\" id=\"toggle_3e1abb3db862b37bc\"><a aria-expanded=\"false\" aria-controls=\"3e1abb3db862b37bc\" role=\"button\" data-toggle=\"collapse\" data-parent=\"#accordion-8003-1\" data-target=\"#3e1abb3db862b37bc\" href=\"#3e1abb3db862b37bc\"><span class=\"fusion-toggle-icon-wrapper\" aria-hidden=\"true\"><i class=\"fa-fusion-box active-icon awb-icon-minus\" aria-hidden=\"true\"><\/i><i class=\"fa-fusion-box inactive-icon awb-icon-plus\" aria-hidden=\"true\"><\/i><\/span><span class=\"fusion-toggle-heading\">La transplantation de mitochondries a-t-elle d\u00e9j\u00e0 \u00e9t\u00e9 utilis\u00e9e ?<\/span><\/a><\/h4><\/div><div id=\"3e1abb3db862b37bc\" class=\"panel-collapse collapse \" aria-labelledby=\"toggle_3e1abb3db862b37bc\"><div class=\"panel-body toggle-content fusion-clearfix\">\n<p>Bien que la transplantation mitochondriale n&rsquo;ait pas \u00e9t\u00e9 utilis\u00e9e pour traiter des patients atteints d&rsquo;une maladie mitochondriale primaire, elle est actuellement \u00e9tudi\u00e9e sur des cellules, des animaux (tels que des souris) et des humains. Plus r\u00e9cemment, des \u00e9tudes pr\u00e9cliniques ont \u00e9valu\u00e9 le <a href=\"https:\/\/www.healio.com\/news\/nephrology\/20230807\/study-mitochondrial-transplantation-may-slow-reverse-kidney-damage\">transfert de mitochondries comme une technique permettant de ralentir ou d&rsquo;inverser les l\u00e9sions r\u00e9nales, r\u00e9tiniennes, septiques, c\u00e9r\u00e9brales ou cardiaques<\/a>, pour n&rsquo;en citer que quelques-unes. <\/p>\n<p>La transplantation de mitochondries a \u00e9t\u00e9 et continue d&rsquo;\u00eatre \u00e9tudi\u00e9e chez les patients souffrant d&rsquo;isch\u00e9mie myocardique (absence de flux sanguin vers le c\u0153ur ayant un impact sur le fonctionnement, causant des dommages au muscle cardiaque) et de l\u00e9sions de reperfusion (dysfonctionnement ou mort cellulaire suite au r\u00e9tablissement du flux sanguin vers le tissu endommag\u00e9).<\/p>\n<\/div><\/div><\/div><div class=\"fusion-panel panel-default panel-c4fc266bb86bd8a5b fusion-toggle-has-divider\" style=\"--awb-title-color:#000000;\"><div class=\"panel-heading\"><h4 class=\"panel-title toggle\" id=\"toggle_c4fc266bb86bd8a5b\"><a aria-expanded=\"false\" aria-controls=\"c4fc266bb86bd8a5b\" role=\"button\" data-toggle=\"collapse\" data-parent=\"#accordion-8003-1\" data-target=\"#c4fc266bb86bd8a5b\" href=\"#c4fc266bb86bd8a5b\"><span class=\"fusion-toggle-icon-wrapper\" aria-hidden=\"true\"><i class=\"fa-fusion-box active-icon awb-icon-minus\" aria-hidden=\"true\"><\/i><i class=\"fa-fusion-box inactive-icon awb-icon-plus\" aria-hidden=\"true\"><\/i><\/span><span class=\"fusion-toggle-heading\">La transplantation mitochondriale a-t-elle d\u00e9j\u00e0 \u00e9t\u00e9 utilis\u00e9e pour traiter une personne atteinte d&#039;une maladie mitochondriale primaire ?<\/span><\/a><\/h4><\/div><div id=\"c4fc266bb86bd8a5b\" class=\"panel-collapse collapse \" aria-labelledby=\"toggle_c4fc266bb86bd8a5b\"><div class=\"panel-body toggle-content fusion-clearfix\">\n<p>Pour l&rsquo;instant, la transplantation de mitochondries n&rsquo;a pas \u00e9t\u00e9 utilis\u00e9e pour traiter des personnes atteintes d&rsquo;une maladie mitochondriale primaire. L&rsquo;une des raisons pour lesquelles ces \u00e9tudes sont plus difficiles est qu&rsquo;elles n\u00e9cessitent des mitochondries provenant d&rsquo;un donneur plut\u00f4t que d&rsquo;une r\u00e9gion saine du corps du patient. Peu de travaux ont \u00e9t\u00e9 r\u00e9alis\u00e9s sur les exigences relatives aux donneurs pour la transplantation de mitochondries ; cependant, des \u00e9tudes portant sur des mod\u00e8les de souris ont permis de sp\u00e9culer sur les meilleures approches pour l&rsquo;homme, mais il n&rsquo;existe pas encore de crit\u00e8res clairs.<\/p>\n<\/div><\/div><\/div><div class=\"fusion-panel panel-default panel-d5971570a2cfbed51 fusion-toggle-has-divider\" style=\"--awb-title-color:#000000;\"><div class=\"panel-heading\"><h4 class=\"panel-title toggle\" id=\"toggle_d5971570a2cfbed51\"><a aria-expanded=\"false\" aria-controls=\"d5971570a2cfbed51\" role=\"button\" data-toggle=\"collapse\" data-parent=\"#accordion-8003-1\" data-target=\"#d5971570a2cfbed51\" href=\"#d5971570a2cfbed51\"><span class=\"fusion-toggle-icon-wrapper\" aria-hidden=\"true\"><i class=\"fa-fusion-box active-icon awb-icon-minus\" aria-hidden=\"true\"><\/i><i class=\"fa-fusion-box inactive-icon awb-icon-plus\" aria-hidden=\"true\"><\/i><\/span><span class=\"fusion-toggle-heading\">D&#039;o\u00f9 viennent les mitochondries des donneurs ?<\/span><\/a><\/h4><\/div><div id=\"d5971570a2cfbed51\" class=\"panel-collapse collapse \" aria-labelledby=\"toggle_d5971570a2cfbed51\"><div class=\"panel-body toggle-content fusion-clearfix\">\n<p>Lorsque l&rsquo;on envisage une greffe de mitochondries et que l&rsquo;on recherche des donneurs, il est possible, si certaines parties du corps ne sont pas affect\u00e9es par des tissus endommag\u00e9s ou malades, de pr\u00e9lever un \u00e9chantillon de tissu dans une zone non affect\u00e9e. Les mitochondries sont ensuite isol\u00e9es, \u00e9valu\u00e9es et transf\u00e9r\u00e9es dans les cellules, tissus ou organes endommag\u00e9s ou malades. Dans le cas d&rsquo;une maladie mitochondriale primaire, tous les tissus et organes d&rsquo;un patient contiennent des mitochondries g\u00e9n\u00e9tiquement alt\u00e9r\u00e9es. Pour les patients atteints d&rsquo;une maladie mitochondriale primaire, ces techniques n\u00e9cessiteront probablement des mitochondries provenant d&rsquo;un donneur.<\/p>\n<\/div><\/div><\/div><div class=\"fusion-panel panel-default panel-4325941f837c82294 fusion-toggle-has-divider\" style=\"--awb-title-color:#000000;\"><div class=\"panel-heading\"><h4 class=\"panel-title toggle\" id=\"toggle_4325941f837c82294\"><a aria-expanded=\"false\" aria-controls=\"4325941f837c82294\" role=\"button\" data-toggle=\"collapse\" data-parent=\"#accordion-8003-1\" data-target=\"#4325941f837c82294\" href=\"#4325941f837c82294\"><span class=\"fusion-toggle-icon-wrapper\" aria-hidden=\"true\"><i class=\"fa-fusion-box active-icon awb-icon-minus\" aria-hidden=\"true\"><\/i><i class=\"fa-fusion-box inactive-icon awb-icon-plus\" aria-hidden=\"true\"><\/i><\/span><span class=\"fusion-toggle-heading\">Quels sont les avantages et les risques possibles de la transplantation de mitochondries ?<\/span><\/a><\/h4><\/div><div id=\"4325941f837c82294\" class=\"panel-collapse collapse \" aria-labelledby=\"toggle_4325941f837c82294\"><div class=\"panel-body toggle-content fusion-clearfix\">\n<p>La transplantation mitochondriale a \u00e9t\u00e9 test\u00e9e dans de petites \u00e9tudes. Cependant, d&rsquo;autres \u00e9tudes sont n\u00e9cessaires pour d\u00e9terminer les avantages de la transplantation de mitochondries dans la gestion ou le traitement de la maladie mitochondriale primaire. En ce qui concerne les risques, certaines \u00e9tudes ont montr\u00e9 des r\u00e9actions inflammatoires ind\u00e9sirables \u00e0 la suite d&rsquo;un transfert \u00e0 partir de donneurs non apparent\u00e9s. En raison des complications possibles, il est recommand\u00e9 d&rsquo;envisager un donneur qui fait partie de la famille g\u00e9n\u00e9tiquement proche du patient (4). Cependant, d&rsquo;autres \u00e9tudes ont not\u00e9 que les mitochondries transf\u00e9r\u00e9es ne pr\u00e9sentaient aucune r\u00e9ponse immunitaire, auto-immune ou inflammatoire \u00e9vidente au niveau de l&rsquo;organe ou du syst\u00e8me (5).    <\/p>\n<p>La transplantation de mitochondries a par exemple \u00e9t\u00e9 utilis\u00e9e dans le cas de l\u00e9sions d&rsquo;isch\u00e9mie-reperfusion du myocarde chez des patients p\u00e9diatriques. L&rsquo;isch\u00e9mie myocardique se produit lorsque le flux sanguin vers le muscle cardiaque est insuffisant et que ce dernier ne peut donc pas fonctionner correctement. Lorsque l&rsquo;irrigation sanguine des tissus, des muscles ou des organes est restreinte, l&rsquo;apport d&rsquo;oxyg\u00e8ne est insuffisant, ce qui peut entra\u00eener un dysfonctionnement des cellules tissulaires, voire leur mort (6). Dans la premi\u00e8re application clinique, la transplantation de mitochondries a \u00e9t\u00e9 utilis\u00e9e chez des patients p\u00e9diatriques ayant subi une isch\u00e9mie myocardique avec reperfusion. Des mitochondries ont \u00e9t\u00e9 transf\u00e9r\u00e9es dans les zones affect\u00e9es du c\u0153ur et, apr\u00e8s l&rsquo;intervention, les patients ont pr\u00e9sent\u00e9 des am\u00e9liorations possibles de la fonction cardiaque par rapport \u00e0 des patients similaires qui n&rsquo;avaient pas \u00e9t\u00e9 trait\u00e9s par transplantation mitochondriale (7).    <\/p>\n<p>Les chercheurs ne semblent pas encore conna\u00eetre l&rsquo;\u00e9tendue des risques et des avantages de cette th\u00e9rapie, mais ils esp\u00e8rent que de futurs patients pourront b\u00e9n\u00e9ficier d&rsquo;une transplantation mitochondriale.<\/p>\n<\/div><\/div><\/div><\/div><\/div><div class=\"accordian fusion-accordian\" style=\"--awb-border-size:1px;--awb-icon-size:16px;--awb-content-font-size:var(--awb-typography4-font-size);--awb-icon-alignment:left;--awb-hover-color:var(--awb-color2);--awb-border-color:var(--awb-color3);--awb-background-color:var(--awb-color1);--awb-divider-color:var(--awb-color3);--awb-divider-hover-color:var(--awb-color3);--awb-icon-color:#ffffff;--awb-title-color:#000000;--awb-content-color:#000000;--awb-icon-box-color:#119bb5;--awb-toggle-hover-accent-color:#119bb5;--awb-title-font-family:var(--awb-typography1-font-family);--awb-title-font-weight:var(--awb-typography1-font-weight);--awb-title-font-style:var(--awb-typography1-font-style);--awb-title-font-size:20px;--awb-title-letter-spacing:-0.015em;--awb-title-line-height:1.2;--awb-content-font-family:&quot;Montserrat&quot;;--awb-content-font-style:normal;--awb-content-font-weight:400;\"><div class=\"panel-group fusion-toggle-icon-boxed\" id=\"accordion-8003-2\"><div class=\"fusion-panel panel-default panel-9572b43174d29db05 fusion-toggle-has-divider\" style=\"--awb-title-color:#000000;\"><div class=\"panel-heading\"><h4 class=\"panel-title toggle\" id=\"toggle_9572b43174d29db05\"><a aria-expanded=\"false\" aria-controls=\"9572b43174d29db05\" role=\"button\" data-toggle=\"collapse\" data-parent=\"#accordion-8003-2\" data-target=\"#9572b43174d29db05\" href=\"#9572b43174d29db05\"><span class=\"fusion-toggle-icon-wrapper\" aria-hidden=\"true\"><i class=\"fa-fusion-box active-icon awb-icon-minus\" aria-hidden=\"true\"><\/i><i class=\"fa-fusion-box inactive-icon awb-icon-plus\" aria-hidden=\"true\"><\/i><\/span><span class=\"fusion-toggle-heading\">Citations<\/span><\/a><\/h4><\/div><div id=\"9572b43174d29db05\" class=\"panel-collapse collapse \" aria-labelledby=\"toggle_9572b43174d29db05\"><div class=\"panel-body toggle-content fusion-clearfix\">\n<ol>\n<li style=\"font-weight: 400;\" aria-level=\"1\"><span style=\"font-weight: 400;\">McCully JD, <\/span><a href=\"https:\/\/connects.catalyst.harvard.edu\/Profiles\/profile\/1252056\" target=\"_blank\" rel=\"noopener\"><span style=\"font-weight: 400;\">Del Nido PJ<\/span><\/a><span style=\"font-weight: 400;\">, <\/span><a href=\"https:\/\/connects.catalyst.harvard.edu\/Profiles\/profile\/1239994\" target=\"_blank\" rel=\"noopener\"><span style=\"font-weight: 400;\">Emani SM<\/span><\/a><span style=\"font-weight: 400;\">. Transplantation de mitochondries pour le sauvetage d&rsquo;organes. Mitochondrion. 2022 05 ; 64:27-33. PMID :     <\/span><a href=\"https:\/\/www.ncbi.nlm.nih.gov\/pubmed\/35217248\" target=\"_blank\" rel=\"noopener\"><span style=\"font-weight: 400;\">35217248<\/span><\/a><span style=\"font-weight: 400;\">.<\/span><\/li>\n<li style=\"font-weight: 400;\" aria-level=\"1\"><span style=\"font-weight: 400;\">Tian-Guang Zhang, Chao-yu Miao, Mitochondrial transplantation as a promising therapy for mitochondrial diseases, Acta Pharmaceutica Sinica B, Volume 13, Issue 3, 2023, Pages 1028-1035, ISSN 2211-3835, <\/span><a href=\"https:\/\/doi.org\/10.1016\/j.apsb.2022.10.008\" target=\"_blank\" rel=\"noopener\"><span style=\"font-weight: 400;\">https:\/\/doi.org\/10.1016\/j.apsb.2022.10.008<\/span><\/a><span style=\"font-weight: 400;\">.<\/span><\/li>\n<li style=\"font-weight: 400;\" aria-level=\"1\"><span style=\"font-weight: 400;\">Tian-Guang Zhang, Chao-yu Miao, Mitochondrial transplantation as a promising therapy for mitochondrial diseases, Acta Pharmaceutica Sinica B, Volume 13, Issue 3, 2023, Pages 1028-1035, ISSN 2211-3835, <\/span><a href=\"https:\/\/doi.org\/10.1016\/j.apsb.2022.10.008\" target=\"_blank\" rel=\"noopener\"><span style=\"font-weight: 400;\">https:\/\/doi.org\/10.1016\/j.apsb.2022.10.008<\/span><\/a><span style=\"font-weight: 400;\">.<\/span><\/li>\n<li style=\"font-weight: 400;\" aria-level=\"1\"><span style=\"font-weight: 400;\">Tian-Guang Zhang, Chao-yu Miao, Mitochondrial transplantation as a promising therapy for mitochondrial diseases, Acta Pharmaceutica Sinica B, Volume 13, Issue 3, 2023, Pages 1028-1035, ISSN 2211-3835, <\/span><a href=\"https:\/\/doi.org\/10.1016\/j.apsb.2022.10.008\" target=\"_blank\" rel=\"noopener\"><span style=\"font-weight: 400;\">https:\/\/doi.org\/10.1016\/j.apsb.2022.10.008<\/span><\/a><span style=\"font-weight: 400;\">.<\/span><\/li>\n<li style=\"font-weight: 400;\" aria-level=\"1\"><span style=\"font-weight: 400;\">McCully JD, <\/span><a href=\"https:\/\/connects.catalyst.harvard.edu\/Profiles\/profile\/1252056\" target=\"_blank\" rel=\"noopener\"><span style=\"font-weight: 400;\">Del Nido PJ<\/span><\/a><span style=\"font-weight: 400;\">, <\/span><a href=\"https:\/\/connects.catalyst.harvard.edu\/Profiles\/profile\/1239994\" target=\"_blank\" rel=\"noopener\"><span style=\"font-weight: 400;\">Emani SM<\/span><\/a><span style=\"font-weight: 400;\">. Transplantation de mitochondries pour le sauvetage d&rsquo;organes. Mitochondrion. 2022 05 ; 64:27-33. PMID :     <\/span><a href=\"https:\/\/www.ncbi.nlm.nih.gov\/pubmed\/35217248\" target=\"_blank\" rel=\"noopener\"><span style=\"font-weight: 400;\">35217248<\/span><\/a><span style=\"font-weight: 400;\">.<\/span><\/li>\n<li style=\"font-weight: 400;\" aria-level=\"1\"><span style=\"font-weight: 400;\">Clinique de Cleveland. \u00ab\u00a0Isch\u00e9mie myocardique : Causes, sympt\u00f4mes et traitement\u00a0\u00bb.   <\/span><i><span style=\"font-weight: 400;\">Clinique de Cleveland<\/span><\/i><span style=\"font-weight: 400;\">my.clevelandclinic.org\/health\/diseases\/17848-myocardial-ischemia. <\/span> <\/li>\n<li style=\"font-weight: 400;\" aria-level=\"1\"><span style=\"font-weight: 400;\">A. Guariento, B. Pikarski, A. Ferraro, D. Harrild, D. Zurakowski, P.J. del Nido, J.D. McCully, S.M. Emani. Autologous Mitochondrial Transplantation for Cardiogenic Shock after Ischemia-Reperfusion Injury. J. Thorac. Cardiovasc. Surg. 162 (2021), pp. 992-1001, 10.1016\/j.jtcvs.2020.10.151    <\/span><\/li>\n<\/ol>\n<\/div><\/div><\/div><\/div><\/div><\/div><\/div><\/div><\/div>\n","protected":false},"excerpt":{"rendered":"","protected":false},"author":3,"featured_media":0,"parent":0,"menu_order":64,"comment_status":"closed","ping_status":"closed","template":"","meta":{"om_disable_all_campaigns":false,"_monsterinsights_skip_tracking":false,"_monsterinsights_sitenote_active":false,"_monsterinsights_sitenote_note":"","_monsterinsights_sitenote_category":0,"_uf_show_specific_survey":0,"_uf_disable_surveys":false,"footnotes":""},"class_list":["post-8003","page","type-page","status-publish","hentry"],"aioseo_notices":[],"_links":{"self":[{"href":"https:\/\/mitocanada.org\/fr\/wp-json\/wp\/v2\/pages\/8003","targetHints":{"allow":["GET"]}}],"collection":[{"href":"https:\/\/mitocanada.org\/fr\/wp-json\/wp\/v2\/pages"}],"about":[{"href":"https:\/\/mitocanada.org\/fr\/wp-json\/wp\/v2\/types\/page"}],"author":[{"embeddable":true,"href":"https:\/\/mitocanada.org\/fr\/wp-json\/wp\/v2\/users\/3"}],"replies":[{"embeddable":true,"href":"https:\/\/mitocanada.org\/fr\/wp-json\/wp\/v2\/comments?post=8003"}],"version-history":[{"count":9,"href":"https:\/\/mitocanada.org\/fr\/wp-json\/wp\/v2\/pages\/8003\/revisions"}],"predecessor-version":[{"id":13788,"href":"https:\/\/mitocanada.org\/fr\/wp-json\/wp\/v2\/pages\/8003\/revisions\/13788"}],"wp:attachment":[{"href":"https:\/\/mitocanada.org\/fr\/wp-json\/wp\/v2\/media?parent=8003"}],"curies":[{"name":"wp","href":"https:\/\/api.w.org\/{rel}","templated":true}]}}