{"id":7997,"date":"2024-10-24T09:43:49","date_gmt":"2024-10-24T13:43:49","guid":{"rendered":"https:\/\/mitocanada.org\/a-la-memoire-devan-penny\/"},"modified":"2024-12-05T13:53:58","modified_gmt":"2024-12-05T18:53:58","slug":"a-la-memoire-devan-penny","status":"publish","type":"page","link":"https:\/\/mitocanada.org\/fr\/a-la-memoire-devan-penny\/","title":{"rendered":"A la m\u00e9moire d&rsquo;Evan Penny"},"content":{"rendered":"<div class=\"fusion-fullwidth fullwidth-box fusion-builder-row-1 fusion-flex-container nonhundred-percent-fullwidth non-hundred-percent-height-scrolling\" style=\"--awb-border-radius-top-left:0px;--awb-border-radius-top-right:0px;--awb-border-radius-bottom-right:0px;--awb-border-radius-bottom-left:0px;--awb-flex-wrap:wrap;\" ><div class=\"fusion-builder-row fusion-row fusion-flex-align-items-flex-start fusion-flex-content-wrap\" style=\"max-width:1456px;margin-left: calc(-4% \/ 2 );margin-right: calc(-4% \/ 2 );\"><div class=\"fusion-layout-column fusion_builder_column fusion-builder-column-0 fusion_builder_column_1_1 1_1 fusion-flex-column\" style=\"--awb-bg-size:cover;--awb-width-large:100%;--awb-margin-top-large:0px;--awb-spacing-right-large:1.92%;--awb-margin-bottom-large:0px;--awb-spacing-left-large:1.92%;--awb-width-medium:100%;--awb-spacing-right-medium:1.92%;--awb-spacing-left-medium:1.92%;--awb-width-small:100%;--awb-spacing-right-small:1.92%;--awb-spacing-left-small:1.92%;\"><div class=\"fusion-column-wrapper fusion-flex-justify-content-flex-start fusion-content-layout-column\"><div class=\"fusion-text fusion-text-1\" style=\"--awb-text-transform:none;\"><h2><span style=\"font-weight: 400;\">En souvenir d&rsquo;Evan Penny : Evan Penny, fils du cofondateur de MitoCanada, laisse un h\u00e9ritage de force et d&rsquo;inspiration<\/span><\/h2>\n<p>C&rsquo;est avec une profonde tristesse que nous annon\u00e7ons le d\u00e9c\u00e8s d&rsquo;Evan Penny, le fils bien-aim\u00e9 de Blaine et Sarah Penny, le fr\u00e8re de Julia Penny, et une lumi\u00e8re pour toute la famille de MitoCanada. Le parcours d&rsquo;Evan avec la maladie mitochondriale a commenc\u00e9 soudainement alors qu&rsquo;il n&rsquo;avait que quatre ans, \u00e0 la suite d&rsquo;une appendicectomie de routine qui a entra\u00een\u00e9 une l\u00e9sion c\u00e9r\u00e9brale traumatique. Son diagnostic a entra\u00een\u00e9 d&rsquo;immenses d\u00e9fis, mais il est aussi devenu un puissant catalyseur de changement.  <img decoding=\"async\" class=\" wp-image-6637 alignright\" src=\"https:\/\/mitocanada.org\/wp-content\/uploads\/2024\/10\/circel-frame-Evan.png\" alt=\"\" width=\"298\" height=\"298\" srcset=\"https:\/\/mitocanada.org\/wp-content\/uploads\/2024\/10\/circel-frame-Evan-66x66.png 66w, https:\/\/mitocanada.org\/wp-content\/uploads\/2024\/10\/circel-frame-Evan-150x150.png 150w, https:\/\/mitocanada.org\/wp-content\/uploads\/2024\/10\/circel-frame-Evan-200x200.png 200w, https:\/\/mitocanada.org\/wp-content\/uploads\/2024\/10\/circel-frame-Evan-300x300.png 300w, https:\/\/mitocanada.org\/wp-content\/uploads\/2024\/10\/circel-frame-Evan-400x400.png 400w, https:\/\/mitocanada.org\/wp-content\/uploads\/2024\/10\/circel-frame-Evan.png 500w\" sizes=\"(max-width: 298px) 100vw, 298px\" \/><\/p>\n<p>L&rsquo;histoire d&rsquo;Evan est le c\u0153ur et l&rsquo;inspiration derri\u00e8re la fondation de MitoCanada. \u00c0 travers leur exp\u00e9rience, Blaine et Sarah ont reconnu le besoin critique de soutien, de sensibilisation et de recherche pour la maladie mitochondriale. Leur d\u00e9vouement in\u00e9branlable a permis de mettre en contact d&rsquo;innombrables patients, familles, chercheurs et cliniciens dans le but de trouver un rem\u00e8de. Malgr\u00e9 les difficult\u00e9s rencontr\u00e9es par Evan, sa vie \u00e9tait remplie d&rsquo;amour, de joie et de r\u00e9silience. Il avait le don de trouver le bonheur dans les petits moments, que ce soit en \u00e9coutant sa musique pr\u00e9f\u00e9r\u00e9e, en se baladant avec ses parents lors d&rsquo;une course \u00e0 pied ou d&rsquo;une promenade \u00e0 v\u00e9lo, ou en regardant des films ador\u00e9s comme <em>Frozen<\/em> et <em>Wreck-It Ralph<\/em>. Son sourire contagieux et l&rsquo;\u00e9clat de ses yeux ont illumin\u00e9 tous ceux qui l&rsquo;ont connu. Evan nous a appris ce que signifie vivre pleinement le pr\u00e9sent et trouver la joie m\u00eame dans les circonstances les plus difficiles. Son h\u00e9ritage fera \u00e0 jamais partie de MitoCanada, continuant \u00e0 inspirer notre mission de soutien et d&rsquo;avancement de la recherche pour les Canadiens vivant avec une maladie mitochondriale. Nous pr\u00e9sentons nos plus sinc\u00e8res condol\u00e9ances \u00e0 Blaine, Sarah, Julia et \u00e0 l&rsquo;ensemble des familles Penny et Hurd en cette p\u00e9riode incroyablement difficile. Nous sommes \u00e0 jamais reconnaissants \u00e0 Evan et \u00e0 sa famille pour le r\u00f4le qu&rsquo;ils ont jou\u00e9 dans la cr\u00e9ation d&rsquo;une MitoCommunity forte, et nous honorerons son esprit dans tous les aspects de notre travail. Evan, ta lumi\u00e8re continuera \u00e0 briller \u00e0 travers nous tous, et tu seras toujours dans nos c\u0153urs. Avec nos sinc\u00e8res condol\u00e9ances, la famille MitoCanada<\/p>\n<\/div><div class=\"fusion-separator fusion-full-width-sep\" style=\"align-self: center;margin-left: auto;margin-right: auto;margin-top:10px;width:100%;\"><\/div><div style=\"text-align:center;\"><a class=\"fusion-button button-flat fusion-button-default-size button-default fusion-button-default button-1 fusion-button-default-span fusion-button-default-type\" target=\"_self\" href=\"https:\/\/mitocanada.org\/wp-content\/uploads\/2024\/10\/In-Loving-Memory.pdf\"><span class=\"fusion-button-text\">T\u00e9l\u00e9charger l&rsquo;annonce<\/span><\/a><\/div><\/div><\/div><\/div><\/div>\n","protected":false},"excerpt":{"rendered":"","protected":false},"author":3,"featured_media":0,"parent":0,"menu_order":23,"comment_status":"closed","ping_status":"closed","template":"","meta":{"om_disable_all_campaigns":false,"_monsterinsights_skip_tracking":false,"_monsterinsights_sitenote_active":false,"_monsterinsights_sitenote_note":"","_monsterinsights_sitenote_category":0,"_uf_show_specific_survey":0,"_uf_disable_surveys":false,"footnotes":""},"class_list":["post-7997","page","type-page","status-publish","hentry"],"aioseo_notices":[],"_links":{"self":[{"href":"https:\/\/mitocanada.org\/fr\/wp-json\/wp\/v2\/pages\/7997","targetHints":{"allow":["GET"]}}],"collection":[{"href":"https:\/\/mitocanada.org\/fr\/wp-json\/wp\/v2\/pages"}],"about":[{"href":"https:\/\/mitocanada.org\/fr\/wp-json\/wp\/v2\/types\/page"}],"author":[{"embeddable":true,"href":"https:\/\/mitocanada.org\/fr\/wp-json\/wp\/v2\/users\/3"}],"replies":[{"embeddable":true,"href":"https:\/\/mitocanada.org\/fr\/wp-json\/wp\/v2\/comments?post=7997"}],"version-history":[{"count":2,"href":"https:\/\/mitocanada.org\/fr\/wp-json\/wp\/v2\/pages\/7997\/revisions"}],"predecessor-version":[{"id":7999,"href":"https:\/\/mitocanada.org\/fr\/wp-json\/wp\/v2\/pages\/7997\/revisions\/7999"}],"wp:attachment":[{"href":"https:\/\/mitocanada.org\/fr\/wp-json\/wp\/v2\/media?parent=7997"}],"curies":[{"name":"wp","href":"https:\/\/api.w.org\/{rel}","templated":true}]}}