{"id":7968,"date":"2023-09-09T16:06:01","date_gmt":"2023-09-09T20:06:01","guid":{"rendered":"https:\/\/mitocanada.org\/2024-semaine-mondiale-de-la-maladie-mitochondriale\/"},"modified":"2024-12-06T14:07:50","modified_gmt":"2024-12-06T19:07:50","slug":"2024-semaine-mondiale-de-la-maladie-mitochondriale","status":"publish","type":"page","link":"https:\/\/mitocanada.org\/fr\/participez\/2024-semaine-mondiale-de-la-maladie-mitochondriale\/","title":{"rendered":"2024 Semaine mondiale de la maladie mitochondriale"},"content":{"rendered":"<div class=\"fusion-fullwidth fullwidth-box fusion-builder-row-1 fusion-flex-container has-pattern-background has-mask-background nonhundred-percent-fullwidth non-hundred-percent-height-scrolling\" style=\"--awb-border-radius-top-left:0px;--awb-border-radius-top-right:0px;--awb-border-radius-bottom-right:0px;--awb-border-radius-bottom-left:0px;--awb-flex-wrap:wrap;\" ><div class=\"fusion-builder-row fusion-row fusion-flex-align-items-center fusion-flex-justify-content-center fusion-flex-content-wrap\" style=\"max-width:1456px;margin-left: calc(-4% \/ 2 );margin-right: calc(-4% \/ 2 );\"><div class=\"fusion-layout-column fusion_builder_column fusion-builder-column-0 fusion_builder_column_1_1 1_1 fusion-flex-column\" style=\"--awb-bg-size:cover;--awb-width-large:100%;--awb-margin-top-large:0px;--awb-spacing-right-large:1.92%;--awb-margin-bottom-large:0px;--awb-spacing-left-large:1.92%;--awb-width-medium:100%;--awb-spacing-right-medium:1.92%;--awb-spacing-left-medium:1.92%;--awb-width-small:100%;--awb-spacing-right-small:1.92%;--awb-spacing-left-small:1.92%;\"><div class=\"fusion-column-wrapper fusion-flex-justify-content-flex-start fusion-content-layout-column\"><div class=\"fusion-image-element \" style=\"--awb-caption-title-font-family:var(--h2_typography-font-family);--awb-caption-title-font-weight:var(--h2_typography-font-weight);--awb-caption-title-font-style:var(--h2_typography-font-style);--awb-caption-title-size:var(--h2_typography-font-size);--awb-caption-title-transform:var(--h2_typography-text-transform);--awb-caption-title-line-height:var(--h2_typography-line-height);--awb-caption-title-letter-spacing:var(--h2_typography-letter-spacing);\"><span class=\" fusion-imageframe imageframe-none imageframe-1 hover-type-none\"><a class=\"fusion-no-lightbox\" href=\"https:\/\/www.mitochondrialdiseaseweek.org\" target=\"_blank\" aria-label=\"WMDW Banner 2024\" rel=\"noopener noreferrer\"><img decoding=\"async\" width=\"1025\" height=\"375\" alt=\"World Mitochondrial Disease Week 2024 banner\" src=\"https:\/\/mitocanada.org\/wp-content\/uploads\/2024\/03\/WMDW-Banner-2024.png\" class=\"img-responsive wp-image-7481\" srcset=\"https:\/\/mitocanada.org\/wp-content\/uploads\/2024\/03\/WMDW-Banner-2024-200x73.png 200w, https:\/\/mitocanada.org\/wp-content\/uploads\/2024\/03\/WMDW-Banner-2024-400x146.png 400w, https:\/\/mitocanada.org\/wp-content\/uploads\/2024\/03\/WMDW-Banner-2024-600x220.png 600w, https:\/\/mitocanada.org\/wp-content\/uploads\/2024\/03\/WMDW-Banner-2024-800x293.png 800w, https:\/\/mitocanada.org\/wp-content\/uploads\/2024\/03\/WMDW-Banner-2024.png 1025w\" sizes=\"(max-width: 640px) 100vw, 1025px\" \/><\/a><\/span><\/div><div class=\"fusion-separator fusion-full-width-sep\" style=\"align-self: center;margin-left: auto;margin-right: auto;margin-top:25px;width:100%;\"><\/div><div class=\"fusion-text fusion-text-1\" style=\"--awb-text-transform:none;\"><p><strong>Semaine mondiale de la maladie mitochondriale 20 <\/strong>24<\/p>\n<p>Restez \u00e0 l&rsquo;\u00e9coute de la Semaine mondiale de la maladie mitochondriale 2024 qui a \u00e9t\u00e9 annonc\u00e9e pour se d\u00e9rouler du 16 au 22 septembre 2024.<\/p>\n<p>Si vous avez des questions, n <a href=\"mailto:info@mitocanada.org\">&lsquo;<\/a> h\u00e9sitez pas \u00e0 nous contacter.<\/p>\n<\/div><div class=\"fusion-separator fusion-full-width-sep\" style=\"align-self: center;margin-left: auto;margin-right: auto;margin-top:25px;width:100%;\"><\/div><div style=\"text-align:center;\"><a class=\"fusion-button button-flat fusion-button-default-size button-default fusion-button-default button-1 fusion-button-default-span fusion-button-default-type\" target=\"_self\" href=\"https:\/\/mitocanada.org\/wmdw2023\/\"><span class=\"fusion-button-text\">VOIR NOS EFFORTS POUR 2023 <\/span><\/a><\/div><\/div><\/div><\/div><\/div>\n","protected":false},"excerpt":{"rendered":"","protected":false},"author":3,"featured_media":0,"parent":8171,"menu_order":35,"comment_status":"closed","ping_status":"closed","template":"","meta":{"om_disable_all_campaigns":false,"_monsterinsights_skip_tracking":false,"_monsterinsights_sitenote_active":false,"_monsterinsights_sitenote_note":"","_monsterinsights_sitenote_category":0,"_uf_show_specific_survey":0,"_uf_disable_surveys":false,"footnotes":""},"class_list":["post-7968","page","type-page","status-publish","hentry"],"aioseo_notices":[],"_links":{"self":[{"href":"https:\/\/mitocanada.org\/fr\/wp-json\/wp\/v2\/pages\/7968","targetHints":{"allow":["GET"]}}],"collection":[{"href":"https:\/\/mitocanada.org\/fr\/wp-json\/wp\/v2\/pages"}],"about":[{"href":"https:\/\/mitocanada.org\/fr\/wp-json\/wp\/v2\/types\/page"}],"author":[{"embeddable":true,"href":"https:\/\/mitocanada.org\/fr\/wp-json\/wp\/v2\/users\/3"}],"replies":[{"embeddable":true,"href":"https:\/\/mitocanada.org\/fr\/wp-json\/wp\/v2\/comments?post=7968"}],"version-history":[{"count":3,"href":"https:\/\/mitocanada.org\/fr\/wp-json\/wp\/v2\/pages\/7968\/revisions"}],"predecessor-version":[{"id":7971,"href":"https:\/\/mitocanada.org\/fr\/wp-json\/wp\/v2\/pages\/7968\/revisions\/7971"}],"up":[{"embeddable":true,"href":"https:\/\/mitocanada.org\/fr\/wp-json\/wp\/v2\/pages\/8171"}],"wp:attachment":[{"href":"https:\/\/mitocanada.org\/fr\/wp-json\/wp\/v2\/media?parent=7968"}],"curies":[{"name":"wp","href":"https:\/\/api.w.org\/{rel}","templated":true}]}}