{"id":7920,"date":"2024-10-28T12:45:38","date_gmt":"2024-10-28T16:45:38","guid":{"rendered":"https:\/\/mitocanada.org\/options-de-don\/"},"modified":"2025-01-28T23:13:00","modified_gmt":"2025-01-29T04:13:00","slug":"options-de-don","status":"publish","type":"page","link":"https:\/\/mitocanada.org\/fr\/options-de-don\/","title":{"rendered":"Options de don"},"content":{"rendered":"<div class=\"fusion-fullwidth fullwidth-box fusion-builder-row-1 fusion-flex-container has-pattern-background has-mask-background nonhundred-percent-fullwidth non-hundred-percent-height-scrolling\" style=\"--awb-border-radius-top-left:0px;--awb-border-radius-top-right:0px;--awb-border-radius-bottom-right:0px;--awb-border-radius-bottom-left:0px;--awb-flex-wrap:wrap;\" ><div class=\"fusion-builder-row fusion-row fusion-flex-align-items-flex-start fusion-flex-content-wrap\" style=\"max-width:1456px;margin-left: calc(-4% \/ 2 );margin-right: calc(-4% \/ 2 );\"><div class=\"fusion-layout-column fusion_builder_column fusion-builder-column-0 fusion_builder_column_1_6 1_6 fusion-flex-column\" style=\"--awb-bg-size:cover;--awb-width-large:16.666666666667%;--awb-margin-top-large:0px;--awb-spacing-right-large:11.52%;--awb-margin-bottom-large:20px;--awb-spacing-left-large:11.52%;--awb-width-medium:16.666666666667%;--awb-order-medium:0;--awb-spacing-right-medium:11.52%;--awb-spacing-left-medium:11.52%;--awb-width-small:100%;--awb-order-small:0;--awb-spacing-right-small:1.92%;--awb-spacing-left-small:1.92%;\"><div class=\"fusion-column-wrapper fusion-column-has-shadow fusion-flex-justify-content-flex-start fusion-content-layout-column\"><\/div><\/div><div class=\"fusion-layout-column fusion_builder_column fusion-builder-column-1 fusion_builder_column_1_3 1_3 fusion-flex-column\" style=\"--awb-bg-size:cover;--awb-width-large:33.333333333333%;--awb-margin-top-large:0px;--awb-spacing-right-large:5.76%;--awb-margin-bottom-large:20px;--awb-spacing-left-large:5.76%;--awb-width-medium:33.333333333333%;--awb-order-medium:0;--awb-spacing-right-medium:5.76%;--awb-spacing-left-medium:5.76%;--awb-width-small:100%;--awb-order-small:0;--awb-spacing-right-small:1.92%;--awb-spacing-left-small:1.92%;\" data-motion-effects=\"[{&quot;type&quot;:&quot;&quot;,&quot;scroll_type&quot;:&quot;transition&quot;,&quot;scroll_direction&quot;:&quot;up&quot;,&quot;transition_speed&quot;:&quot;1&quot;,&quot;fade_type&quot;:&quot;in&quot;,&quot;scale_type&quot;:&quot;up&quot;,&quot;initial_scale&quot;:&quot;1&quot;,&quot;max_scale&quot;:&quot;1.5&quot;,&quot;min_scale&quot;:&quot;0.5&quot;,&quot;initial_rotate&quot;:&quot;0&quot;,&quot;end_rotate&quot;:&quot;30&quot;,&quot;initial_blur&quot;:&quot;0&quot;,&quot;end_blur&quot;:&quot;3&quot;,&quot;start_element&quot;:&quot;top&quot;,&quot;start_viewport&quot;:&quot;bottom&quot;,&quot;end_element&quot;:&quot;bottom&quot;,&quot;end_viewport&quot;:&quot;top&quot;,&quot;mouse_effect&quot;:&quot;track&quot;,&quot;mouse_effect_direction&quot;:&quot;opposite&quot;,&quot;mouse_effect_speed&quot;:&quot;2&quot;,&quot;infinite_animation&quot;:&quot;float&quot;,&quot;infinite_animation_speed&quot;:&quot;2&quot;}]\" data-scroll-devices=\"small-visibility,medium-visibility,large-visibility\"><div class=\"fusion-column-wrapper fusion-column-has-shadow fusion-flex-justify-content-flex-start fusion-content-layout-column\"><div class=\"fusion-image-element \" style=\"--awb-caption-title-font-family:var(--h2_typography-font-family);--awb-caption-title-font-weight:var(--h2_typography-font-weight);--awb-caption-title-font-style:var(--h2_typography-font-style);--awb-caption-title-size:var(--h2_typography-font-size);--awb-caption-title-transform:var(--h2_typography-text-transform);--awb-caption-title-line-height:var(--h2_typography-line-height);--awb-caption-title-letter-spacing:var(--h2_typography-letter-spacing);\"><span class=\" fusion-imageframe imageframe-none imageframe-1 hover-type-none\"><a class=\"fusion-no-lightbox\" href=\"https:\/\/mitocanada.org\/fr\/faire-un-don\/\" target=\"_blank\" aria-label=\"MitoCanada Donate\" rel=\"noopener noreferrer\"><img decoding=\"async\" width=\"940\" height=\"788\" src=\"https:\/\/mitocanada.org\/wp-content\/uploads\/2024\/11\/MitoCanada-Donate.png\" alt class=\"img-responsive wp-image-7730\" srcset=\"https:\/\/mitocanada.org\/wp-content\/uploads\/2024\/11\/MitoCanada-Donate-200x168.png 200w, https:\/\/mitocanada.org\/wp-content\/uploads\/2024\/11\/MitoCanada-Donate-400x335.png 400w, https:\/\/mitocanada.org\/wp-content\/uploads\/2024\/11\/MitoCanada-Donate-600x503.png 600w, https:\/\/mitocanada.org\/wp-content\/uploads\/2024\/11\/MitoCanada-Donate-800x671.png 800w, https:\/\/mitocanada.org\/wp-content\/uploads\/2024\/11\/MitoCanada-Donate.png 940w\" sizes=\"(max-width: 640px) 100vw, 600px\" \/><\/a><\/span><\/div><div class=\"fusion-separator fusion-full-width-sep\" style=\"align-self: center;margin-left: auto;margin-right: auto;margin-top:5px;margin-bottom:5px;width:100%;\"><\/div><div class=\"fusion-text fusion-text-1\"><h3 style=\"text-align: center;\">Faites un don \u00e0 MitoCanada d\u00e8s aujourd&rsquo;hui !<\/h3>\n<\/div><div class=\"fusion-separator fusion-full-width-sep\" style=\"align-self: center;margin-left: auto;margin-right: auto;margin-top:15px;margin-bottom:15px;width:100%;\"><\/div><div class=\"fusion-text fusion-text-2\"><p style=\"text-align: center;\">MitoCanada est une organisation caritative nationale. Nous ne recevons aucun financement du gouvernement et nous comptons sur les dons de personnes comme vous pour financer nos programmes de soutien, d&rsquo;\u00e9ducation, de sensibilisation et de recherche. Alors que nous travaillons \u00e0 la cr\u00e9ation d&rsquo;un monde o\u00f9 toutes les vies sont aliment\u00e9es par des mitochondries saines, nous sommes reconnaissants de votre don unique ou mensuel.  <\/p>\n<\/div><div class=\"fusion-separator fusion-full-width-sep\" style=\"align-self: center;margin-left: auto;margin-right: auto;margin-top:17px;margin-bottom:17px;width:100%;\"><\/div><div style=\"text-align:center;\"><a class=\"fusion-button button-flat fusion-button-default-size button-default fusion-button-default button-1 fusion-button-default-span fusion-button-default-type\" target=\"_blank\" rel=\"noopener noreferrer\" href=\"https:\/\/mitocanada.org\/fr\/faire-un-don\/\"><span class=\"fusion-button-text\">Faites un don \u00e0 MitoCanada<\/span><\/a><\/div><\/div><\/div><div class=\"fusion-layout-column fusion_builder_column fusion-builder-column-2 fusion_builder_column_1_3 1_3 fusion-flex-column\" style=\"--awb-bg-size:cover;--awb-width-large:33.333333333333%;--awb-margin-top-large:0px;--awb-spacing-right-large:5.76%;--awb-margin-bottom-large:20px;--awb-spacing-left-large:5.76%;--awb-width-medium:33.333333333333%;--awb-order-medium:0;--awb-spacing-right-medium:5.76%;--awb-spacing-left-medium:5.76%;--awb-width-small:100%;--awb-order-small:0;--awb-spacing-right-small:1.92%;--awb-spacing-left-small:1.92%;\"><div class=\"fusion-column-wrapper fusion-column-has-shadow fusion-flex-justify-content-flex-start fusion-content-layout-column\"><div class=\"fusion-image-element \" style=\"--awb-caption-title-font-family:var(--h2_typography-font-family);--awb-caption-title-font-weight:var(--h2_typography-font-weight);--awb-caption-title-font-style:var(--h2_typography-font-style);--awb-caption-title-size:var(--h2_typography-font-size);--awb-caption-title-transform:var(--h2_typography-text-transform);--awb-caption-title-line-height:var(--h2_typography-line-height);--awb-caption-title-letter-spacing:var(--h2_typography-letter-spacing);\"><span class=\" fusion-imageframe imageframe-none imageframe-2 hover-type-none\"><a class=\"fusion-no-lightbox\" href=\"https:\/\/www.canadahelps.org\/en\/dn\/w\/122521\" target=\"_blank\" aria-label=\"MitoCanada 2024 Holiday Campaign\" rel=\"noopener noreferrer\"><img decoding=\"async\" width=\"940\" height=\"788\" src=\"https:\/\/mitocanada.org\/wp-content\/uploads\/2024\/11\/MitoCanada-2024-Holiday-Campaign.png\" alt class=\"img-responsive wp-image-7731\" srcset=\"https:\/\/mitocanada.org\/wp-content\/uploads\/2024\/11\/MitoCanada-2024-Holiday-Campaign-200x168.png 200w, https:\/\/mitocanada.org\/wp-content\/uploads\/2024\/11\/MitoCanada-2024-Holiday-Campaign-400x335.png 400w, https:\/\/mitocanada.org\/wp-content\/uploads\/2024\/11\/MitoCanada-2024-Holiday-Campaign-600x503.png 600w, https:\/\/mitocanada.org\/wp-content\/uploads\/2024\/11\/MitoCanada-2024-Holiday-Campaign-800x671.png 800w, https:\/\/mitocanada.org\/wp-content\/uploads\/2024\/11\/MitoCanada-2024-Holiday-Campaign.png 940w\" sizes=\"(max-width: 640px) 100vw, 600px\" \/><\/a><\/span><\/div><div class=\"fusion-separator fusion-full-width-sep\" style=\"align-self: center;margin-left: auto;margin-right: auto;margin-top:1px;width:100%;\"><\/div><div class=\"fusion-text fusion-text-3\"><h3 style=\"text-align: center;\">Profitez-en pour faire correspondre votre g\u00e9n\u00e9rosit\u00e9 !<\/h3>\n<p style=\"text-align: center;\">Chaque dollar donn\u00e9 d&rsquo;ici au 5 janvier, jusqu&rsquo;\u00e0 un total de 15 000 $, soutiendra des initiatives vitales telles que la fourniture de programmes d&rsquo;information, d&rsquo;\u00e9ducation et de sensibilisation et le financement de la recherche ax\u00e9e sur les patients. Votre contribution aidera \u00e9galement \u00e0 financer nos 2025 bourses d&rsquo;\u00e9tudes MitoScholarships, qui soutiennent les jeunes Canadiens touch\u00e9s par la maladie de la mitose dans leurs \u00e9tudes postsecondaires. <\/p>\n<\/div><div class=\"fusion-separator fusion-full-width-sep\" style=\"align-self: center;margin-left: auto;margin-right: auto;margin-top:5px;margin-bottom:5px;width:100%;\"><\/div><div style=\"text-align:center;\"><a class=\"fusion-button button-flat fusion-button-default-size button-default fusion-button-default button-2 fusion-button-default-span fusion-button-default-type\" target=\"_blank\" rel=\"noopener noreferrer\" href=\"https:\/\/www.canadahelps.org\/en\/dn\/w\/122521\"><span class=\"fusion-button-text\">Faites un don \u00e0 notre campagne de No\u00ebl<\/span><\/a><\/div><\/div><\/div><div class=\"fusion-layout-column fusion_builder_column fusion-builder-column-3 fusion_builder_column_1_6 1_6 fusion-flex-column\" style=\"--awb-bg-size:cover;--awb-width-large:16.666666666667%;--awb-margin-top-large:0px;--awb-spacing-right-large:11.52%;--awb-margin-bottom-large:20px;--awb-spacing-left-large:11.52%;--awb-width-medium:16.666666666667%;--awb-order-medium:0;--awb-spacing-right-medium:11.52%;--awb-spacing-left-medium:11.52%;--awb-width-small:100%;--awb-order-small:0;--awb-spacing-right-small:1.92%;--awb-spacing-left-small:1.92%;\"><div class=\"fusion-column-wrapper fusion-column-has-shadow fusion-flex-justify-content-flex-start fusion-content-layout-column\"><\/div><\/div><\/div><\/div>\n","protected":false},"excerpt":{"rendered":"","protected":false},"author":1,"featured_media":0,"parent":0,"menu_order":2,"comment_status":"closed","ping_status":"closed","template":"","meta":{"om_disable_all_campaigns":false,"_monsterinsights_skip_tracking":false,"_monsterinsights_sitenote_active":false,"_monsterinsights_sitenote_note":"","_monsterinsights_sitenote_category":0,"_uf_show_specific_survey":0,"_uf_disable_surveys":false,"footnotes":""},"class_list":["post-7920","page","type-page","status-publish","hentry"],"aioseo_notices":[],"_links":{"self":[{"href":"https:\/\/mitocanada.org\/fr\/wp-json\/wp\/v2\/pages\/7920","targetHints":{"allow":["GET"]}}],"collection":[{"href":"https:\/\/mitocanada.org\/fr\/wp-json\/wp\/v2\/pages"}],"about":[{"href":"https:\/\/mitocanada.org\/fr\/wp-json\/wp\/v2\/types\/page"}],"author":[{"embeddable":true,"href":"https:\/\/mitocanada.org\/fr\/wp-json\/wp\/v2\/users\/1"}],"replies":[{"embeddable":true,"href":"https:\/\/mitocanada.org\/fr\/wp-json\/wp\/v2\/comments?post=7920"}],"version-history":[{"count":3,"href":"https:\/\/mitocanada.org\/fr\/wp-json\/wp\/v2\/pages\/7920\/revisions"}],"predecessor-version":[{"id":7923,"href":"https:\/\/mitocanada.org\/fr\/wp-json\/wp\/v2\/pages\/7920\/revisions\/7923"}],"wp:attachment":[{"href":"https:\/\/mitocanada.org\/fr\/wp-json\/wp\/v2\/media?parent=7920"}],"curies":[{"name":"wp","href":"https:\/\/api.w.org\/{rel}","templated":true}]}}