{"id":7916,"date":"2024-07-05T17:27:12","date_gmt":"2024-07-05T21:27:12","guid":{"rendered":"https:\/\/mitocanada.org\/dons-dassurance-vie\/"},"modified":"2025-01-20T21:41:55","modified_gmt":"2025-01-21T02:41:55","slug":"dons-dassurance-vie","status":"publish","type":"page","link":"https:\/\/mitocanada.org\/fr\/dons-dassurance-vie\/","title":{"rendered":"Dons d&rsquo;assurance-vie"},"content":{"rendered":"<div class=\"fusion-fullwidth fullwidth-box fusion-builder-row-1 fusion-flex-container has-pattern-background has-mask-background nonhundred-percent-fullwidth non-hundred-percent-height-scrolling\" style=\"--awb-border-radius-top-left:0px;--awb-border-radius-top-right:0px;--awb-border-radius-bottom-right:0px;--awb-border-radius-bottom-left:0px;--awb-flex-wrap:wrap;\" ><div class=\"fusion-builder-row fusion-row fusion-flex-align-items-flex-start fusion-flex-content-wrap\" style=\"max-width:1456px;margin-left: calc(-4% \/ 2 );margin-right: calc(-4% \/ 2 );\"><div class=\"fusion-layout-column fusion_builder_column fusion-builder-column-0 fusion_builder_column_1_1 1_1 fusion-flex-column\" style=\"--awb-bg-size:cover;--awb-width-large:100%;--awb-margin-top-large:0px;--awb-spacing-right-large:1.92%;--awb-margin-bottom-large:20px;--awb-spacing-left-large:1.92%;--awb-width-medium:100%;--awb-order-medium:0;--awb-spacing-right-medium:1.92%;--awb-spacing-left-medium:1.92%;--awb-width-small:100%;--awb-order-small:0;--awb-spacing-right-small:1.92%;--awb-spacing-left-small:1.92%;\"><div class=\"fusion-column-wrapper fusion-column-has-shadow fusion-flex-justify-content-flex-start fusion-content-layout-column\"><div class=\"fusion-text fusion-text-1\"><p>Vous pouvez d\u00e9signer MitoCanada comme b\u00e9n\u00e9ficiaire de votre police d&rsquo;assurance-vie ou transf\u00e9rer la propri\u00e9t\u00e9 de votre police pour cr\u00e9er un h\u00e9ritage qui garantit que toutes les vies sont aliment\u00e9es par des mitochondries saines.<\/p>\n<\/div><div class=\"fusion-separator fusion-full-width-sep\" style=\"align-self: center;margin-left: auto;margin-right: auto;margin-top:10px;margin-bottom:10px;width:100%;\"><\/div><div class=\"accordian fusion-accordian\" style=\"--awb-border-size:1px;--awb-icon-size:16px;--awb-content-font-size:var(--awb-typography4-font-size);--awb-icon-alignment:left;--awb-hover-color:var(--awb-color2);--awb-border-color:var(--awb-color3);--awb-background-color:var(--awb-color1);--awb-divider-color:var(--awb-color3);--awb-divider-hover-color:var(--awb-color3);--awb-icon-color:#ffffff;--awb-title-color:#000000;--awb-content-color:#000000;--awb-icon-box-color:#119bb5;--awb-toggle-hover-accent-color:#119bb5;--awb-title-font-family:var(--awb-typography1-font-family);--awb-title-font-weight:var(--awb-typography1-font-weight);--awb-title-font-style:var(--awb-typography1-font-style);--awb-title-font-size:20px;--awb-title-letter-spacing:-0.015em;--awb-title-line-height:1.2;--awb-content-font-family:&quot;Montserrat&quot;;--awb-content-font-style:normal;--awb-content-font-weight:400;\"><div class=\"panel-group fusion-toggle-icon-boxed\" id=\"accordion-7916-1\"><div class=\"fusion-panel panel-default panel-70948c944202b1614 fusion-toggle-has-divider\" style=\"--awb-title-color:#000000;\"><div class=\"panel-heading\"><h4 class=\"panel-title toggle\" id=\"toggle_70948c944202b1614\"><a aria-expanded=\"false\" aria-controls=\"70948c944202b1614\" role=\"button\" data-toggle=\"collapse\" data-parent=\"#accordion-7916-1\" data-target=\"#70948c944202b1614\" href=\"#70948c944202b1614\"><span class=\"fusion-toggle-icon-wrapper\" aria-hidden=\"true\"><i class=\"fa-fusion-box active-icon awb-icon-minus\" aria-hidden=\"true\"><\/i><i class=\"fa-fusion-box inactive-icon awb-icon-plus\" aria-hidden=\"true\"><\/i><\/span><span class=\"fusion-toggle-heading\">Vous craignez de ne pas avoir assez d'argent pour pr\u00e9voir un don \u00e0 une \u0153uvre de bienfaisance dans vos plans successoraux ?<\/span><\/a><\/h4><\/div><div id=\"70948c944202b1614\" class=\"panel-collapse collapse \" aria-labelledby=\"toggle_70948c944202b1614\"><div class=\"panel-body toggle-content fusion-clearfix\">\n<p><span style=\"font-weight: 400;\">Parfois, les gens ne savent pas s&rsquo;ils auront assez d&rsquo;argent pour subvenir aux besoins de leurs proches et cr\u00e9er un h\u00e9ritage pour l&rsquo;avenir. Si cela vous pr\u00e9occupe, un don d&rsquo;assurance-vie peut vous aider \u00e0 faire en sorte que vos proches re\u00e7oivent ce que vous souhaitez et \u00e0 r\u00e9aliser vos souhaits en mati\u00e8re de bienfaisance. Le don d&rsquo;une assurance-vie \u00e0 MitoCanada donne lieu \u00e0 un re\u00e7u pour don de bienfaisance qui peut compenser les imp\u00f4ts que vous payez maintenant ou ceux qui seront imput\u00e9s \u00e0 votre succession dans l&rsquo;avenir. Vous pouvez choisir l&rsquo;option qui vous convient le mieux, sachant que, quelle que soit votre d\u00e9cision, vous pr\u00e9serverez une plus grande partie de vos biens pour vos proches. <\/span><\/p>\n<\/div><\/div><\/div><div class=\"fusion-panel panel-default panel-67e0f46bb82b48f05 fusion-toggle-has-divider\" style=\"--awb-title-color:#000000;\"><div class=\"panel-heading\"><h4 class=\"panel-title toggle\" id=\"toggle_67e0f46bb82b48f05\"><a aria-expanded=\"false\" aria-controls=\"67e0f46bb82b48f05\" role=\"button\" data-toggle=\"collapse\" data-parent=\"#accordion-7916-1\" data-target=\"#67e0f46bb82b48f05\" href=\"#67e0f46bb82b48f05\"><span class=\"fusion-toggle-icon-wrapper\" aria-hidden=\"true\"><i class=\"fa-fusion-box active-icon awb-icon-minus\" aria-hidden=\"true\"><\/i><i class=\"fa-fusion-box inactive-icon awb-icon-plus\" aria-hidden=\"true\"><\/i><\/span><span class=\"fusion-toggle-heading\">Comment savoir si un don d'assurance-vie \u00e0 MitoCanada pourrait vous convenir ?<\/span><\/a><\/h4><\/div><div id=\"67e0f46bb82b48f05\" class=\"panel-collapse collapse \" aria-labelledby=\"toggle_67e0f46bb82b48f05\"><div class=\"panel-body toggle-content fusion-clearfix\">\n<p><span style=\"font-weight: 400;\">L&rsquo;assurance-vie est peut-\u00eatre la meilleure solution pour atteindre vos objectifs en mati\u00e8re de dons :<\/span><\/p>\n<ul>\n<li style=\"font-weight: 400;\" aria-level=\"1\"><span style=\"font-weight: 400;\">Vous souhaitez faire un don important tout en effectuant de petits versements mensuels ou annuels.<\/span><\/li>\n<li style=\"font-weight: 400;\" aria-level=\"1\"><span style=\"font-weight: 400;\">Vous souhaitez obtenir imm\u00e9diatement des re\u00e7us de charit\u00e9 pour compenser vos revenus actuels.<\/span><\/li>\n<li style=\"font-weight: 400;\" aria-level=\"1\"><span style=\"font-weight: 400;\">Vous souhaitez prot\u00e9ger une plus grande partie de votre patrimoine pour vos proches. <\/span><\/li>\n<li style=\"font-weight: 400;\" aria-level=\"1\"><span style=\"font-weight: 400;\">Vous souhaitez une option de donation qui soit consid\u00e9r\u00e9e comme distincte de vos autres actifs successoraux.<\/span><\/li>\n<li style=\"font-weight: 400;\" aria-level=\"1\"><span style=\"font-weight: 400;\">Vous souhaitez que la valeur totale de votre don profite \u00e0 la MitoCommunity &#8211; et \u00e9viter que votre don ne soit r\u00e9duit par des frais de gestion de succession, des frais d&rsquo;ex\u00e9cuteur testamentaire ou des honoraires professionnels.<\/span><\/li>\n<\/ul>\n<\/div><\/div><\/div><div class=\"fusion-panel panel-default panel-49feae8122b91987d fusion-toggle-has-divider\" style=\"--awb-title-color:#000000;\"><div class=\"panel-heading\"><h4 class=\"panel-title toggle\" id=\"toggle_49feae8122b91987d\"><a aria-expanded=\"false\" aria-controls=\"49feae8122b91987d\" role=\"button\" data-toggle=\"collapse\" data-parent=\"#accordion-7916-1\" data-target=\"#49feae8122b91987d\" href=\"#49feae8122b91987d\"><span class=\"fusion-toggle-icon-wrapper\" aria-hidden=\"true\"><i class=\"fa-fusion-box active-icon awb-icon-minus\" aria-hidden=\"true\"><\/i><i class=\"fa-fusion-box inactive-icon awb-icon-plus\" aria-hidden=\"true\"><\/i><\/span><span class=\"fusion-toggle-heading\">Comment d\u00e9cidez-vous de la meilleure option ?<\/span><\/a><\/h4><\/div><div id=\"49feae8122b91987d\" class=\"panel-collapse collapse \" aria-labelledby=\"toggle_49feae8122b91987d\"><div class=\"panel-body toggle-content fusion-clearfix\">\n<p><span style=\"font-weight: 400;\">Lorsque vous envisagez de faire don d&rsquo;une assurance-vie \u00e0 MitoCanada, vous avez le choix. Il existe diff\u00e9rents types de polices, ainsi que diff\u00e9rentes options pour faire votre don g\u00e9n\u00e9reux. <\/span><\/p>\n<p><span style=\"font-weight: 400;\">Voici quelques-unes des options possibles :<\/span><\/p>\n<ul>\n<li style=\"font-weight: 400;\" aria-level=\"1\"><span style=\"font-weight: 400;\">Transf\u00e9rer la propri\u00e9t\u00e9 d&rsquo;une police d&rsquo;assurance-vie \u00e0 l&rsquo;organisme de bienfaisance lui-m\u00eame.<\/span><\/li>\n<li style=\"font-weight: 400;\" aria-level=\"1\"><span style=\"font-weight: 400;\">D\u00e9signer une \u0153uvre de bienfaisance comme b\u00e9n\u00e9ficiaire d&rsquo;une police d&rsquo;assurance-vie<\/span><\/li>\n<li style=\"font-weight: 400;\" aria-level=\"1\"><span style=\"font-weight: 400;\">Souscrire une nouvelle police d&rsquo;assurance au nom de l&rsquo;organisation caritative.<\/span><\/li>\n<li style=\"font-weight: 400;\" aria-level=\"1\"><span style=\"font-weight: 400;\">Faire don d&rsquo;une police existante \u00e0 une association caritative<\/span><\/li>\n<\/ul>\n<p><span style=\"font-weight: 400;\">Pour trouver la solution adapt\u00e9e \u00e0 vos objectifs et \u00e0 votre situation, il est important de demander l&rsquo;avis de vos conseillers, tels qu&rsquo;un planificateur financier, un avocat sp\u00e9cialis\u00e9 en droit des successions ou un professionnel de l&rsquo;assurance, et d&rsquo;avoir \u00e9galement un entretien avec nous. <\/span><\/p>\n<p><span style=\"font-weight: 400;\">L&rsquo;assurance-vie est assujettie \u00e0 diverses r\u00e9glementations nationales et provinciales. Il est donc dans l&rsquo;int\u00e9r\u00eat de tous de s&rsquo;assurer que le type de don d&rsquo;assurance-vie que vous envisagez est un don que MitoCanada peut recevoir.<\/span><\/p>\n<\/div><\/div><\/div><div class=\"fusion-panel panel-default panel-dde4875837d45b1b8 fusion-toggle-has-divider\" style=\"--awb-title-color:#000000;\"><div class=\"panel-heading\"><h4 class=\"panel-title toggle\" id=\"toggle_dde4875837d45b1b8\"><a aria-expanded=\"false\" aria-controls=\"dde4875837d45b1b8\" role=\"button\" data-toggle=\"collapse\" data-parent=\"#accordion-7916-1\" data-target=\"#dde4875837d45b1b8\" href=\"#dde4875837d45b1b8\"><span class=\"fusion-toggle-icon-wrapper\" aria-hidden=\"true\"><i class=\"fa-fusion-box active-icon awb-icon-minus\" aria-hidden=\"true\"><\/i><i class=\"fa-fusion-box inactive-icon awb-icon-plus\" aria-hidden=\"true\"><\/i><\/span><span class=\"fusion-toggle-heading\">Nommer correctement MitoCanada comme b\u00e9n\u00e9ficiaire de votre police d'assurance-vie.<\/span><\/a><\/h4><\/div><div id=\"dde4875837d45b1b8\" class=\"panel-collapse collapse \" aria-labelledby=\"toggle_dde4875837d45b1b8\"><div class=\"panel-body toggle-content fusion-clearfix\">\n<p><span style=\"font-weight: 400;\">Si vous d\u00e9cidez de faire un don d&rsquo;assurance-vie, le fait de nommer correctement MitoCanada garantira que votre don sera effectu\u00e9 comme vous l&rsquo;entendez. <\/span><\/p>\n<p><span style=\"font-weight: 400;\">Notre nom l\u00e9gal complet, notre adresse et notre num\u00e9ro d&rsquo;enregistrement d&rsquo;organisme de bienfaisance sont les suivants :<\/span><\/p>\n<p><span style=\"font-weight: 400;\">Nom l\u00e9gal : Fondation MitoCanada <\/span><\/p>\n<p><span style=\"font-weight: 400;\">Adresse : 520 3rd Avenue S.W : <\/span><span style=\"font-weight: 400;\">520 3rd Avenue S.W., Suite 1900 Calgary, AB T2P 0R3<\/span><\/p>\n<p><span style=\"font-weight: 400;\">Num\u00e9ro d&rsquo;enregistrement d&rsquo;organisme de bienfaisance : 81258 666 RR0001<\/span><\/p>\n<\/div><\/div><\/div><div class=\"fusion-panel panel-default panel-cda6ccb8995e8d745 fusion-toggle-has-divider\" style=\"--awb-title-color:#000000;\"><div class=\"panel-heading\"><h4 class=\"panel-title toggle\" id=\"toggle_cda6ccb8995e8d745\"><a aria-expanded=\"false\" aria-controls=\"cda6ccb8995e8d745\" role=\"button\" data-toggle=\"collapse\" data-parent=\"#accordion-7916-1\" data-target=\"#cda6ccb8995e8d745\" href=\"#cda6ccb8995e8d745\"><span class=\"fusion-toggle-icon-wrapper\" aria-hidden=\"true\"><i class=\"fa-fusion-box active-icon awb-icon-minus\" aria-hidden=\"true\"><\/i><i class=\"fa-fusion-box inactive-icon awb-icon-plus\" aria-hidden=\"true\"><\/i><\/span><span class=\"fusion-toggle-heading\">Do you have any other questions? <\/span><\/a><\/h4><\/div><div id=\"cda6ccb8995e8d745\" class=\"panel-collapse collapse \" aria-labelledby=\"toggle_cda6ccb8995e8d745\"><div class=\"panel-body toggle-content fusion-clearfix\">\n<p><span style=\"font-weight: 400;\">Pour de plus amples informations sur la mani\u00e8re dont votre legs peut contribuer \u00e0 financer <\/span><span style=\"font-weight: 400;\">des programmes d&rsquo;\u00e9ducation et de sensibilisation pour les personnes vivant avec ou risquant de d\u00e9velopper une maladie mito et soutenir la recherche transformationnelle ax\u00e9e sur les patients, contactez <\/span><a href=\"mailto:Fundraising@MitoCanada.org\" target=\"_blank\" rel=\"noopener\"><span style=\"font-weight: 400;\">Fundraising@MitoCanada.org<\/span><\/a><span style=\"font-weight: 400;\">.<\/span><\/p>\n<p><span style=\"font-weight: 400;\">N&rsquo;oubliez pas qu&rsquo;obtenir l&rsquo;avis d&rsquo;un conseiller et nous contacter pour discuter des sp\u00e9cificit\u00e9s du don d&rsquo;assurance-vie que vous envisagez est le meilleur moyen de vous assurer que votre legs pourra \u00eatre r\u00e9alis\u00e9 comme vous le souhaitez.<\/span><\/p>\n<\/div><\/div><\/div><div class=\"fusion-panel panel-default panel-9c09973a05322b355 fusion-toggle-has-divider\" style=\"--awb-title-color:#000000;\"><div class=\"panel-heading\"><h4 class=\"panel-title toggle\" id=\"toggle_9c09973a05322b355\"><a aria-expanded=\"false\" aria-controls=\"9c09973a05322b355\" role=\"button\" data-toggle=\"collapse\" data-parent=\"#accordion-7916-1\" data-target=\"#9c09973a05322b355\" href=\"#9c09973a05322b355\"><span class=\"fusion-toggle-icon-wrapper\" aria-hidden=\"true\"><i class=\"fa-fusion-box active-icon awb-icon-minus\" aria-hidden=\"true\"><\/i><i class=\"fa-fusion-box inactive-icon awb-icon-plus\" aria-hidden=\"true\"><\/i><\/span><span class=\"fusion-toggle-heading\">Canada Life Mon cadeau Par<\/span><\/a><\/h4><\/div><div id=\"9c09973a05322b355\" class=\"panel-collapse collapse \" aria-labelledby=\"toggle_9c09973a05322b355\"><div class=\"panel-body toggle-content fusion-clearfix\">\n<p><span style=\"font-weight: 400;\">Le programme Mon don Par de la Canada-Vie a \u00e9t\u00e9 con\u00e7u pour les dons de bienfaisance. <\/span><span style=\"font-weight: 400;\">Il s&rsquo;agit d&rsquo;un produit sur mesure qui vous permet d&rsquo;avoir un impact plus important gr\u00e2ce aux dons caritatifs que vous faites de votre vivant.<\/span><\/p>\n<p><span style=\"font-weight: 400;\">Il s&rsquo;agit d&rsquo;un produit d&rsquo;assurance innovant, premier du genre, <\/span><span style=\"font-weight: 400;\">produit d&rsquo;assurance \u00e0 prime unique<\/span><span style=\"font-weight: 400;\"> qui <\/span><span style=\"font-weight: 400;\">offre la souplesse d&rsquo;un paiement au moment de votre d\u00e9c\u00e8s ou <\/span><span style=\"font-weight: 400;\">peut cr\u00e9er une valeur \u00e0 laquelle MitoCanada peut \u00e9galement avoir acc\u00e8s. <\/span> <span style=\"font-weight: 400;\">de votre vivant. MitoCanada est le propri\u00e9taire et le b\u00e9n\u00e9ficiaire de la police. <\/span><\/p>\n<p><span style=\"font-weight: 400;\">Le montant minimum de la prime unique n\u00e9cessaire pour souscrire une police Mon cadeau Par de la Canada-Vie est de 10 000 $.<\/span><\/p>\n<p><span style=\"font-weight: 400;\">Le guide du conseiller Mon don Par est disponible \u00e0 l&rsquo;adresse suivante : <\/span><a href=\"https:\/\/www.acp.canadalife.com\/content\/dam\/advisors\/documents\/marketing\/insurance\/en_ca\/par\/Canada_Life_My_Par_Gift_advisor_guide.pdf#:~:text=Canada%20Life%20My%20Par%20Gift%20was%20designed%20for,may%20also%20access%20while%20the%20insured%20is%20alive.\" target=\"_blank\" rel=\"noopener\"><span style=\"font-weight: 400;\">Assurance-vie participante Canada-Vie Mon cadeau Par<\/span><\/a><\/p>\n<\/div><\/div><\/div><\/div><\/div><div class=\"fusion-separator fusion-full-width-sep\" style=\"align-self: center;margin-left: auto;margin-right: auto;margin-top:10px;margin-bottom:10px;width:100%;\"><\/div><div class=\"fusion-text fusion-text-2\"><p><span style=\"font-weight: 400;\">Veuillez nous informer de votre don d&rsquo;assurance-vie. Cela nous donnera l&rsquo;occasion de vous remercier et de discuter de ce que vous esp\u00e9rez que votre don permettra d&rsquo;accomplir. <\/span><\/p>\n<p><span style=\"font-weight: 400;\">Nous tenons \u00e9galement \u00e0 vous remercier d&rsquo;\u00eatre une personne qui se soucie tellement de la vie des autres &#8211; m\u00eame des personnes que vous n&rsquo;avez jamais rencontr\u00e9es &#8211; que vous envisagez de les aider de cette mani\u00e8re r\u00e9fl\u00e9chie et compatissante.<\/span><\/p>\n<\/div><\/div><\/div><\/div><\/div>\n","protected":false},"excerpt":{"rendered":"","protected":false},"author":2,"featured_media":0,"parent":0,"menu_order":0,"comment_status":"closed","ping_status":"closed","template":"","meta":{"om_disable_all_campaigns":false,"_monsterinsights_skip_tracking":false,"_monsterinsights_sitenote_active":false,"_monsterinsights_sitenote_note":"","_monsterinsights_sitenote_category":0,"_uf_show_specific_survey":0,"_uf_disable_surveys":false,"footnotes":""},"class_list":["post-7916","page","type-page","status-publish","hentry"],"aioseo_notices":[],"_links":{"self":[{"href":"https:\/\/mitocanada.org\/fr\/wp-json\/wp\/v2\/pages\/7916","targetHints":{"allow":["GET"]}}],"collection":[{"href":"https:\/\/mitocanada.org\/fr\/wp-json\/wp\/v2\/pages"}],"about":[{"href":"https:\/\/mitocanada.org\/fr\/wp-json\/wp\/v2\/types\/page"}],"author":[{"embeddable":true,"href":"https:\/\/mitocanada.org\/fr\/wp-json\/wp\/v2\/users\/2"}],"replies":[{"embeddable":true,"href":"https:\/\/mitocanada.org\/fr\/wp-json\/wp\/v2\/comments?post=7916"}],"version-history":[{"count":4,"href":"https:\/\/mitocanada.org\/fr\/wp-json\/wp\/v2\/pages\/7916\/revisions"}],"predecessor-version":[{"id":9121,"href":"https:\/\/mitocanada.org\/fr\/wp-json\/wp\/v2\/pages\/7916\/revisions\/9121"}],"wp:attachment":[{"href":"https:\/\/mitocanada.org\/fr\/wp-json\/wp\/v2\/media?parent=7916"}],"curies":[{"name":"wp","href":"https:\/\/api.w.org\/{rel}","templated":true}]}}